{"id":102,"date":"2021-08-01T09:31:12","date_gmt":"2021-08-01T07:31:12","guid":{"rendered":"https:\/\/seal.transport-manager.net\/puck\/?page_id=102"},"modified":"2023-04-02T21:15:17","modified_gmt":"2023-04-02T19:15:17","slug":"developpement","status":"publish","type":"page","link":"https:\/\/seal.transport-manager.net\/puck\/developpement\/","title":{"rendered":"D\u00e9veloppement"},"content":{"rendered":"<h4 style=\"text-align: center\"><strong>Recherches en cours\u00a0<\/strong><\/h4>\n<p style=\"text-align: left\">\u00a0 Le wifi sera bient\u00f4t disponible sur l&rsquo;ensemble de notre r\u00e9seau. Soyer attentif d\u00e8s P\u00e2ques. Nos chercheurs vont pas apporter des oeufs mais du r\u00e9seau !<\/p>\n<p style=\"text-align: left\">\u00a0 \u00a0<\/p>\n<p style=\"text-align: left\">\u00a0<\/p>\n<h4 style=\"text-align: center\"><strong>Recherches termin\u00e9es<\/strong><\/h4>\n<p>\u00a0<\/p>\n<p style=\"text-align: left\">Pour cet hivers les chercheurs se sont concentr\u00e9s sur le mobilier urbain. Durant les premiers mois de 2023 les arr\u00eats seront \u00e9quip\u00e9s de borne d&rsquo;achat ainsi que d&rsquo;\u00e9cran d&rsquo;information.\u00a0<\/p>\n<p><img loading=\"lazy\" decoding=\"async\" class=\"size-full wp-image-1230 aligncenter\" src=\"https:\/\/seal.transport-manager.net\/puck\/wp-content\/uploads\/sites\/55\/2023\/01\/ecranarret.png\" alt=\"\" width=\"154\" height=\"120\" \/> <img loading=\"lazy\" decoding=\"async\" class=\"size-full wp-image-1229 aligncenter\" src=\"https:\/\/seal.transport-manager.net\/puck\/wp-content\/uploads\/sites\/55\/2023\/01\/borne.png\" alt=\"\" width=\"118\" height=\"240\" \/><\/p>\n<p style=\"text-align: left\">\u00a0<\/p>\n<p>Nos chercheurs sont actuellement \u00e0 la chasse jusqu&rsquo;au 15 ao\u00fbt de nouveaux validateurs magn\u00e9tiques. Ils seront poser d&rsquo;abord sur les bus BHNS si ceux-ci ne sont pas d\u00e9j\u00e0 \u00e9quip\u00e9s lors de leur achat.\u00a0 \u00a0<\/p>\n<p><img loading=\"lazy\" decoding=\"async\" class=\"size-full wp-image-834 aligncenter\" src=\"https:\/\/seal.transport-manager.net\/puck\/wp-content\/uploads\/sites\/55\/2022\/03\/tmticketmagnet.png\" alt=\"\" width=\"104\" height=\"164\" \/>\u00a0 \u00a0<\/p>\n<p>Nos chercheurs sont actuellement \u00e0 la chasse jusqu&rsquo;au 7 ao\u00fbt des boutons suppl\u00e9mentaire. Nos m\u00e9caniciens s&rsquo;occupent d&rsquo;\u00e9quiper nos v\u00e9hicules de la derni\u00e8re option en stock l&rsquo;annonce visuelle et pour certains de bandeau.\u00a0<\/p>\n<p>La recherche pour les annonces visuelles a d\u00e9but\u00e9 le 1er f\u00e9vrier et durera 30 jours. D\u00e8s que l&rsquo;option sera dans nos ateliers, les v\u00e9hicules BHNS seront progressivement \u00e9quip\u00e9s de cette nouvelle offre d&rsquo;information \u00e0 nos voyageurs\u00a0 \u00a0 \u00a0<\/p>\n<p>En novembre l&rsquo;\u00e9quipe de chercheur sont \u00e0 l&rsquo;aff\u00fbt de l&rsquo;option annonce sonore.\u00a0 Afin que nos voyageurs en particulier les personnes avec un handicape de vue pourront entendre le nom des arr\u00eats.\u00a0 Cet \u00e9quipement sera disponible dans nos ateliers \u00e0 partir de d\u00e9cembre. Les bus BHNS seront \u00e9quip\u00e9s en premier de cette nouvelle offre informations voyageurs. Les bus \u00e9quip\u00e9s de celle-ci auront un pictogramme comme ci-dessous sur la porte chauffeur\u00a0<\/p>\n<p><img loading=\"lazy\" decoding=\"async\" class=\"size-full wp-image-488 aligncenter\" src=\"https:\/\/seal.transport-manager.net\/puck\/wp-content\/uploads\/sites\/55\/2021\/11\/tmoptionsaiv.png\" alt=\"\" width=\"139\" height=\"149\" \/><\/p>\n<p>En \u00e9t\u00e9 nos chercheurs \u00e9taient \u00e0 l&rsquo;aff\u00fbt du pupitre conducteur. Ce syst\u00e8me permet au conducteur de g\u00e9rer les annonces sonores ou visuelles pour une meilleur information de nos voyageurs. Les bus BHNS seront \u00e9quipe de cet outil en premier.\u00a0<\/p>\n<p>Pour am\u00e9liorer le respect de l&rsquo;horaire sur les lignes \u00e0 haut niveau de service, nos chercheurs sont aller voir pour l&rsquo;installation d&rsquo;une balise priorit\u00e9 feu. Cette option est install\u00e9e uniquement sur nos bus BHNS.\u00a0<\/p>\n<p>Nos chercheurs ont d\u00e9but\u00e9s leur travail en allant \u00e0 l&rsquo;aff\u00fbt de l&rsquo;option t\u00e9l\u00e9phone radio. Celle-ci est indispensable pour communiquer entre les v\u00e9hicules et centre de gestion du trafic. Au fil du temps tous nos bus seront \u00e9quip\u00e9s.\u00a0<\/p>\n\n\n<p><\/p>\n","protected":false},"excerpt":{"rendered":"<p>Recherches en cours\u00a0 \u00a0 Le wifi sera bient\u00f4t disponible sur l&rsquo;ensemble de notre r\u00e9seau. Soyer attentif d\u00e8s P\u00e2ques. Nos chercheurs vont pas apporter des oeufs mais du r\u00e9seau ! \u00a0 &#8230; <a title=\"D\u00e9veloppement\" class=\"read-more\" href=\"https:\/\/seal.transport-manager.net\/puck\/developpement\/\" aria-label=\"En savoir plus sur D\u00e9veloppement\">Lire la suite<\/a><\/p>\n","protected":false},"author":55,"featured_media":0,"parent":0,"menu_order":0,"comment_status":"closed","ping_status":"closed","template":"","meta":{"footnotes":""},"class_list":["post-102","page","type-page","status-publish"],"_links":{"self":[{"href":"https:\/\/seal.transport-manager.net\/puck\/wp-json\/wp\/v2\/pages\/102","targetHints":{"allow":["GET"]}}],"collection":[{"href":"https:\/\/seal.transport-manager.net\/puck\/wp-json\/wp\/v2\/pages"}],"about":[{"href":"https:\/\/seal.transport-manager.net\/puck\/wp-json\/wp\/v2\/types\/page"}],"author":[{"embeddable":true,"href":"https:\/\/seal.transport-manager.net\/puck\/wp-json\/wp\/v2\/users\/55"}],"replies":[{"embeddable":true,"href":"https:\/\/seal.transport-manager.net\/puck\/wp-json\/wp\/v2\/comments?post=102"}],"version-history":[{"count":13,"href":"https:\/\/seal.transport-manager.net\/puck\/wp-json\/wp\/v2\/pages\/102\/revisions"}],"predecessor-version":[{"id":1365,"href":"https:\/\/seal.transport-manager.net\/puck\/wp-json\/wp\/v2\/pages\/102\/revisions\/1365"}],"wp:attachment":[{"href":"https:\/\/seal.transport-manager.net\/puck\/wp-json\/wp\/v2\/media?parent=102"}],"curies":[{"name":"wp","href":"https:\/\/api.w.org\/{rel}","templated":true}]}}