{"id":104,"date":"2021-08-01T09:31:28","date_gmt":"2021-08-01T07:31:28","guid":{"rendered":"https:\/\/seal.transport-manager.net\/puck\/?page_id=104"},"modified":"2021-08-01T20:37:39","modified_gmt":"2021-08-01T18:37:39","slug":"presentation","status":"publish","type":"page","link":"https:\/\/seal.transport-manager.net\/puck\/presentation\/","title":{"rendered":"Pr\u00e9sentation"},"content":{"rendered":"\n<p>Notre entreprise a \u00e9t\u00e9 cr\u00e9\u00e9e le 25 d\u00e9cembre 2018. Notre souhait offrir des services de qualit\u00e9 en tenant compte des souhaits de nos clients. <\/p>\n\n\n\n<p>Nous avons plus de 70 v\u00e9hicules pour vous transporter sur les lignes sur le r\u00e9seau TM. Au fil du temps notre entreprise investie dans l&rsquo;\u00e9volution de nos services. <\/p>\n","protected":false},"excerpt":{"rendered":"<p>Notre entreprise a \u00e9t\u00e9 cr\u00e9\u00e9e le 25 d\u00e9cembre 2018. Notre souhait offrir des services de qualit\u00e9 en tenant compte des souhaits de nos clients. Nous avons plus de 70 v\u00e9hicules &#8230; <a title=\"Pr\u00e9sentation\" class=\"read-more\" href=\"https:\/\/seal.transport-manager.net\/puck\/presentation\/\" aria-label=\"En savoir plus sur Pr\u00e9sentation\">Lire la suite<\/a><\/p>\n","protected":false},"author":55,"featured_media":0,"parent":0,"menu_order":0,"comment_status":"closed","ping_status":"closed","template":"","meta":{"footnotes":""},"class_list":["post-104","page","type-page","status-publish"],"_links":{"self":[{"href":"https:\/\/seal.transport-manager.net\/puck\/wp-json\/wp\/v2\/pages\/104","targetHints":{"allow":["GET"]}}],"collection":[{"href":"https:\/\/seal.transport-manager.net\/puck\/wp-json\/wp\/v2\/pages"}],"about":[{"href":"https:\/\/seal.transport-manager.net\/puck\/wp-json\/wp\/v2\/types\/page"}],"author":[{"embeddable":true,"href":"https:\/\/seal.transport-manager.net\/puck\/wp-json\/wp\/v2\/users\/55"}],"replies":[{"embeddable":true,"href":"https:\/\/seal.transport-manager.net\/puck\/wp-json\/wp\/v2\/comments?post=104"}],"version-history":[{"count":2,"href":"https:\/\/seal.transport-manager.net\/puck\/wp-json\/wp\/v2\/pages\/104\/revisions"}],"predecessor-version":[{"id":142,"href":"https:\/\/seal.transport-manager.net\/puck\/wp-json\/wp\/v2\/pages\/104\/revisions\/142"}],"wp:attachment":[{"href":"https:\/\/seal.transport-manager.net\/puck\/wp-json\/wp\/v2\/media?parent=104"}],"curies":[{"name":"wp","href":"https:\/\/api.w.org\/{rel}","templated":true}]}}