{"id":1202,"date":"2022-12-20T19:49:24","date_gmt":"2022-12-20T18:49:24","guid":{"rendered":"https:\/\/seal.transport-manager.net\/puck\/?page_id=1202"},"modified":"2023-02-08T20:10:43","modified_gmt":"2023-02-08T19:10:43","slug":"vdl-midcity","status":"publish","type":"page","link":"https:\/\/seal.transport-manager.net\/puck\/vdl-midcity\/","title":{"rendered":"VDL Midcity"},"content":{"rendered":"\n<div class=\"wp-block-columns is-layout-flex wp-container-core-columns-is-layout-9d6595d7 wp-block-columns-is-layout-flex\">\n<div class=\"wp-block-column is-layout-flow wp-block-column-is-layout-flow\"><\/div>\n\n\n\n<div class=\"wp-block-column is-layout-flow wp-block-column-is-layout-flow\"><\/div>\n\n\n\n<div class=\"wp-block-column is-layout-flow wp-block-column-is-layout-flow\"><\/div>\n<\/div>\n\n\n<figure class=\"wp-block-table\">\n<table class=\"has-fixed-layout\">\n<tbody>\n<tr>\n<td class=\"has-text-align-center\" data-align=\"center\"><strong><span class=\"has-inline-color has-vivid-cyan-blue-color\">MidCity <\/span><\/strong><\/td>\n<td class=\"has-text-align-center\" data-align=\"center\">\u00a0<\/td>\n<\/tr>\n<tr>\n<td class=\"has-text-align-center\" data-align=\"center\">Num\u00e9ro de parc<\/td>\n<td class=\"has-text-align-center\" data-align=\"center\">K 00 00 VDL<\/td>\n<\/tr>\n<tr>\n<td class=\"has-text-align-center\" data-align=\"center\">Motorisation<\/td>\n<td class=\"has-text-align-center\" data-align=\"center\"><img decoding=\"async\" class=\"wp-image-273\" style=\"width: 43px\" src=\"https:\/\/seal.transport-manager.net\/puck\/wp-content\/uploads\/sites\/55\/2021\/08\/tmmotorhybride.png\" alt=\"\" \/>20 L \/ 100 km<\/td>\n<\/tr>\n<tr>\n<td class=\"has-text-align-center\" data-align=\"center\">Nombre de places<\/td>\n<td class=\"has-text-align-center\" data-align=\"center\">20<\/td>\n<\/tr>\n<tr>\n<td class=\"has-text-align-center\" data-align=\"center\">Immatriculation<\/td>\n<td class=\"has-text-align-center\" data-align=\"center\"><img decoding=\"async\" class=\"wp-image-283\" style=\"width: 150px\" src=\"https:\/\/seal.transport-manager.net\/puck\/wp-content\/uploads\/sites\/55\/2021\/08\/tmid15.png\" alt=\"\" \/><img loading=\"lazy\" decoding=\"async\" class=\"alignnone size-full wp-image-1212\" src=\"https:\/\/seal.transport-manager.net\/puck\/wp-content\/uploads\/sites\/55\/2023\/01\/tmid63897.png\" alt=\"\" width=\"258\" height=\"68\" \/><\/td>\n<\/tr>\n<tr>\n<td class=\"has-text-align-center\" data-align=\"center\">Mise en service<\/td>\n<td class=\"has-text-align-center\" data-align=\"center\">31.07.2022<\/td>\n<\/tr>\n<tr>\n<td class=\"has-text-align-center\" data-align=\"center\">Derni\u00e8re r\u00e9vision<\/td>\n<td class=\"has-text-align-center\" data-align=\"center\"><span class=\"has-inline-color has-vivid-red-color\"><strong>aucune<\/strong><\/span><\/td>\n<\/tr>\n<tr>\n<td class=\"has-text-align-center\" data-align=\"center\">Prochain CT<\/td>\n<td class=\"has-text-align-center\" data-align=\"center\"><strong><span style=\"color: #27a64d\">02.08.2023<\/span><\/strong><\/td>\n<\/tr>\n<tr>\n<td class=\"has-text-align-center\" data-align=\"center\">Etat<\/td>\n<td class=\"has-text-align-center\" data-align=\"center\"><span class=\"has-inline-color\" style=\"color: #27a64d\"><strong>en service<\/strong><\/span><\/td>\n<\/tr>\n<tr>\n<td class=\"has-text-align-center\" data-align=\"center\">Girouettes<\/td>\n<td class=\"has-text-align-center\" data-align=\"center\"><img loading=\"lazy\" decoding=\"async\" class=\"alignnone size-full wp-image-284\" src=\"https:\/\/seal.transport-manager.net\/puck\/wp-content\/uploads\/sites\/55\/2021\/08\/tmgirouette2.png\" alt=\"\" width=\"202\" height=\"26\" \/><\/td>\n<\/tr>\n<tr>\n<td class=\"has-text-align-center\" data-align=\"center\">Billettique<\/td>\n<td class=\"has-text-align-center\" data-align=\"center\"><img loading=\"lazy\" decoding=\"async\" width=\"56\" height=\"100\" class=\"wp-image-272\" style=\"width: 56px\" src=\"https:\/\/seal.transport-manager.net\/puck\/wp-content\/uploads\/sites\/55\/2021\/08\/tmobliterateur.png\" alt=\"\" \/><\/td>\n<\/tr>\n<\/tbody>\n<\/table>\n<\/figure>\n<h4 style=\"text-align: center\"><span style=\"color: #000080\"><strong>Options PMR <img loading=\"lazy\" decoding=\"async\" class=\"alignnone size-full wp-image-1133\" src=\"https:\/\/seal.transport-manager.net\/puck\/wp-content\/uploads\/sites\/55\/2022\/11\/handicap.jpg\" alt=\"\" width=\"100\" height=\"74\" \/><\/strong><\/span><\/h4>\n<figure class=\"wp-block-table\">\n<table class=\"has-fixed-layout\">\n<tbody>\n<tr>\n<td>Agenouillement<\/td>\n<td class=\"has-text-align-center\" data-align=\"center\"><span class=\"has-inline-color\" style=\"color: #27a64d\"><strong>Oui<\/strong><\/span><\/td>\n<\/tr>\n<tr>\n<td>Emplacement UFR<\/td>\n<td class=\"has-text-align-center\" data-align=\"center\"><strong><span class=\"has-inline-color\" style=\"color: #27a64d\">Oui<\/span><\/strong><\/td>\n<\/tr>\n<tr>\n<td>Plateforme r\u00e9tractable<\/td>\n<td class=\"has-text-align-center\" data-align=\"center\">Manuel<\/td>\n<\/tr>\n<\/tbody>\n<\/table>\n<\/figure>\n<h4 style=\"text-align: center\"><span style=\"color: #000080\"><strong>Options d&rsquo;usine <img loading=\"lazy\" decoding=\"async\" class=\"alignnone size-full wp-image-1135\" src=\"https:\/\/seal.transport-manager.net\/puck\/wp-content\/uploads\/sites\/55\/2022\/11\/usine.jpg\" alt=\"\" width=\"100\" height=\"99\" \/><\/strong><\/span><\/h4>\n<figure class=\"wp-block-table\">\n<table class=\"has-fixed-layout\">\n<tbody>\n<tr>\n<td>Climatisation<\/td>\n<td class=\"has-text-align-center\" data-align=\"center\"><strong><span class=\"has-inline-color\" style=\"color: #27a64d\">Oui<\/span><\/strong><\/td>\n<\/tr>\n<tr>\n<td>Portes<\/td>\n<td class=\"has-text-align-center\" data-align=\"center\">1 pneumatique<\/td>\n<\/tr>\n<tr>\n<td>Pr\u00e9 c\u00e2blage self service<\/td>\n<td class=\"has-text-align-center\" data-align=\"center\"><span class=\"has-inline-color has-vivid-red-color\"><strong>Non<\/strong><\/span><\/td>\n<\/tr>\n<tr>\n<td>Vitre anti-agression<\/td>\n<td class=\"has-text-align-center\" data-align=\"center\"><strong><span class=\"has-inline-color\" style=\"color: #27a64d\">Oui<\/span><\/strong><\/td>\n<\/tr>\n<tr>\n<td>Vitres teint\u00e9es<\/td>\n<td class=\"has-text-align-center\" data-align=\"center\"><strong><span class=\"has-inline-color\" style=\"color: #27a64d\">Oui<\/span><\/strong><\/td>\n<\/tr>\n<tr>\n<td>Baies basses<\/td>\n<td class=\"has-text-align-center\" data-align=\"center\"><strong><span class=\"has-inline-color has-vivid-red-color\">Non<\/span><\/strong><\/td>\n<\/tr>\n<\/tbody>\n<\/table>\n<\/figure>\n<h4 style=\"text-align: center\"><span style=\"color: #000080\"><strong>Options ateliers <img loading=\"lazy\" decoding=\"async\" class=\"alignnone size-full wp-image-1136\" src=\"https:\/\/seal.transport-manager.net\/puck\/wp-content\/uploads\/sites\/55\/2022\/11\/cle.jpg\" alt=\"\" width=\"100\" height=\"100\" \/><\/strong><\/span><\/h4>\n<figure class=\"wp-block-table\">\n<table class=\"has-fixed-layout\">\n<tbody>\n<tr>\n<td>Balise priorit\u00e9 feu<\/td>\n<td class=\"has-text-align-center\" data-align=\"center\"><span class=\"has-inline-color has-vivid-red-color\"><strong>Non<\/strong><\/span><\/td>\n<\/tr>\n<tr>\n<td>Bouton self-service<\/td>\n<td class=\"has-text-align-center\" data-align=\"center\"><span class=\"has-inline-color has-vivid-red-color\"><strong>Non<\/strong><\/span><\/td>\n<\/tr>\n<tr>\n<td>Bouton arr\u00eats demand\u00e9s suppl\u00e9mentaire<\/td>\n<td class=\"has-text-align-center\" data-align=\"center\"><strong><span style=\"color: #f22424\">Non<\/span><\/strong><\/td>\n<\/tr>\n<tr>\n<td>Cam\u00e9ra de vid\u00e9o-protection<\/td>\n<td class=\"has-text-align-center\" data-align=\"center\"><span style=\"color: #ff0000\"><strong>Non<\/strong><\/span><\/td>\n<\/tr>\n<tr>\n<td>Panneau pub arri\u00e8re<\/td>\n<td class=\"has-text-align-center\" data-align=\"center\"><span style=\"color: #ff0000\"><strong>Non<\/strong><\/span><\/td>\n<\/tr>\n<tr>\n<td>Panneau pub avant<\/td>\n<td class=\"has-text-align-center\" data-align=\"center\"><span style=\"color: #ff0000\"><strong><span class=\"has-inline-color\">Non<\/span><\/strong><\/span><\/td>\n<\/tr>\n<tr>\n<td>Panneau pub lat\u00e9ral<\/td>\n<td class=\"has-text-align-center\" data-align=\"center\"><span style=\"color: #ff0000\"><strong><span class=\"has-inline-color\">Non<\/span><\/strong><\/span><\/td>\n<\/tr>\n<tr>\n<td>Ethylotest anti-d\u00e9marrage<\/td>\n<td class=\"has-text-align-center\" data-align=\"center\"><span class=\"has-inline-color has-vivid-red-color\"><strong>Non<\/strong><\/span><\/td>\n<\/tr>\n<tr>\n<td>Radio FM<\/td>\n<td class=\"has-text-align-center\" data-align=\"center\"><span class=\"has-inline-color has-vivid-red-color\"><strong>Non<\/strong><\/span><\/td>\n<\/tr>\n<tr>\n<td>Wifi<\/td>\n<td class=\"has-text-align-center\" data-align=\"center\"><span class=\"has-inline-color has-vivid-red-color\"><strong>Non<\/strong><\/span><\/td>\n<\/tr>\n<tr>\n<td>Port USB<\/td>\n<td class=\"has-text-align-center\" data-align=\"center\"><span class=\"has-inline-color has-vivid-red-color\"><strong>Non<\/strong><\/span><\/td>\n<\/tr>\n<\/tbody>\n<\/table>\n<\/figure>\n<h4 style=\"text-align: center\"><span style=\"color: #000080\"><strong>Options SAIEV<\/strong><\/span><\/h4>\n<figure class=\"wp-block-table\">\n<table class=\"has-fixed-layout\">\n<tbody>\n<tr>\n<td>Bandeau lumineux<\/td>\n<td class=\"has-text-align-center\" data-align=\"center\"><span class=\"has-inline-color\" style=\"color: #27a64d\"><strong>Oui<\/strong><\/span><\/td>\n<\/tr>\n<tr>\n<td>Ecran TFT<\/td>\n<td class=\"has-text-align-center\" data-align=\"center\"><span class=\"has-inline-color has-vivid-red-color\"><strong>Non<\/strong><\/span><\/td>\n<\/tr>\n<tr>\n<td>Haut-parleur<\/td>\n<td class=\"has-text-align-center\" data-align=\"center\"><span class=\"has-inline-color\" style=\"color: #27a64d\"><strong>Oui<\/strong><\/span><\/td>\n<\/tr>\n<tr>\n<td>Pupitre conducteur<\/td>\n<td class=\"has-text-align-center\" data-align=\"center\"><span class=\"has-inline-color\" style=\"color: #27a64d\"><strong>Oui<\/strong><\/span><\/td>\n<\/tr>\n<tr>\n<td>T\u00e9l\u00e9phone radio<\/td>\n<td class=\"has-text-align-center\" data-align=\"center\"><strong><span class=\"has-inline-color\" style=\"color: #27a64d\">Oui<\/span><\/strong><\/td>\n<\/tr>\n<\/tbody>\n<\/table>\n<\/figure>\n<figure class=\"wp-block-table\">\n<table class=\"has-fixed-layout\">\n<tbody>\n<tr>\n<td class=\"has-text-align-center\" data-align=\"center\"><strong><span class=\"has-inline-color has-vivid-cyan-blue-color\">MidCity<\/span><\/strong><\/td>\n<td class=\"has-text-align-center\" data-align=\"center\">\u00a0<\/td>\n<\/tr>\n<tr>\n<td class=\"has-text-align-center\" data-align=\"center\">Num\u00e9ro de parc<\/td>\n<td class=\"has-text-align-center\" data-align=\"center\">K 60 01 VDL<\/td>\n<\/tr>\n<tr>\n<td class=\"has-text-align-center\" data-align=\"center\">Motorisation<\/td>\n<td class=\"has-text-align-center\" data-align=\"center\"><img decoding=\"async\" class=\"wp-image-273\" style=\"width: 43px\" src=\"https:\/\/seal.transport-manager.net\/puck\/wp-content\/uploads\/sites\/55\/2021\/08\/tmmotorhybride.png\" alt=\"\" \/>20 L \/ 100 km<\/td>\n<\/tr>\n<tr>\n<td class=\"has-text-align-center\" data-align=\"center\">Nombre de places<\/td>\n<td class=\"has-text-align-center\" data-align=\"center\">20<\/td>\n<\/tr>\n<tr>\n<td class=\"has-text-align-center\" data-align=\"center\">Immatriculation<\/td>\n<td class=\"has-text-align-center\" data-align=\"center\"><img decoding=\"async\" class=\"wp-image-283\" style=\"width: 150px\" src=\"https:\/\/seal.transport-manager.net\/puck\/wp-content\/uploads\/sites\/55\/2021\/08\/tmid15.png\" alt=\"\" \/><img loading=\"lazy\" decoding=\"async\" class=\"alignnone size-full wp-image-1220\" src=\"https:\/\/seal.transport-manager.net\/puck\/wp-content\/uploads\/sites\/55\/2023\/01\/tmid63898.png\" alt=\"\" width=\"253\" height=\"65\" \/><\/td>\n<\/tr>\n<tr>\n<td class=\"has-text-align-center\" data-align=\"center\">Mise en service<\/td>\n<td class=\"has-text-align-center\" data-align=\"center\">31.07.2022<\/td>\n<\/tr>\n<tr>\n<td class=\"has-text-align-center\" data-align=\"center\">Derni\u00e8re r\u00e9vision<\/td>\n<td class=\"has-text-align-center\" data-align=\"center\"><span class=\"has-inline-color has-vivid-red-color\"><strong>aucune<\/strong><\/span><\/td>\n<\/tr>\n<tr>\n<td class=\"has-text-align-center\" data-align=\"center\">Prochain CT<\/td>\n<td class=\"has-text-align-center\" data-align=\"center\"><strong><span style=\"color: #27a64d\">02.08.2023<\/span><\/strong><\/td>\n<\/tr>\n<tr>\n<td class=\"has-text-align-center\" data-align=\"center\">Etat<\/td>\n<td class=\"has-text-align-center\" data-align=\"center\"><span class=\"has-inline-color\" style=\"color: #27a64d\"><strong>en service<\/strong><\/span><\/td>\n<\/tr>\n<tr>\n<td class=\"has-text-align-center\" data-align=\"center\">Girouettes<\/td>\n<td class=\"has-text-align-center\" data-align=\"center\"><img loading=\"lazy\" decoding=\"async\" class=\"alignnone size-full wp-image-284\" src=\"https:\/\/seal.transport-manager.net\/puck\/wp-content\/uploads\/sites\/55\/2021\/08\/tmgirouette2.png\" alt=\"\" width=\"202\" height=\"26\" \/><\/td>\n<\/tr>\n<tr>\n<td class=\"has-text-align-center\" data-align=\"center\">Billettique<\/td>\n<td class=\"has-text-align-center\" data-align=\"center\"><img loading=\"lazy\" decoding=\"async\" width=\"56\" height=\"100\" class=\"wp-image-272\" style=\"width: 56px\" src=\"https:\/\/seal.transport-manager.net\/puck\/wp-content\/uploads\/sites\/55\/2021\/08\/tmobliterateur.png\" alt=\"\" \/><\/td>\n<\/tr>\n<\/tbody>\n<\/table>\n<\/figure>\n<h4 style=\"text-align: center\"><span style=\"color: #000080\"><strong>Options PMR<\/strong><\/span>\u00a0 <img loading=\"lazy\" decoding=\"async\" class=\"alignnone size-full wp-image-1133\" src=\"https:\/\/seal.transport-manager.net\/puck\/wp-content\/uploads\/sites\/55\/2022\/11\/handicap.jpg\" alt=\"\" width=\"100\" height=\"74\" \/><\/h4>\n<figure class=\"wp-block-table\">\n<table class=\"has-fixed-layout\">\n<tbody>\n<tr>\n<td>Agenouillement<\/td>\n<td class=\"has-text-align-center\" data-align=\"center\"><span class=\"has-inline-color\" style=\"color: #27a64d\"><strong>Oui<\/strong><\/span><\/td>\n<\/tr>\n<tr>\n<td>Emplacement UFR<\/td>\n<td class=\"has-text-align-center\" data-align=\"center\"><strong><span class=\"has-inline-color\" style=\"color: #27a64d\">Oui<\/span><\/strong><\/td>\n<\/tr>\n<tr>\n<td>Plateforme r\u00e9tractable<\/td>\n<td class=\"has-text-align-center\" data-align=\"center\">Manuel<\/td>\n<\/tr>\n<\/tbody>\n<\/table>\n<\/figure>\n<h4 style=\"text-align: center\"><span style=\"color: #000080\"><strong>Options d&rsquo;usine<\/strong><\/span> <img loading=\"lazy\" decoding=\"async\" class=\"alignnone size-full wp-image-1135\" src=\"https:\/\/seal.transport-manager.net\/puck\/wp-content\/uploads\/sites\/55\/2022\/11\/usine.jpg\" alt=\"\" width=\"100\" height=\"99\" \/><\/h4>\n<figure class=\"wp-block-table\">\n<table class=\"has-fixed-layout\">\n<tbody>\n<tr>\n<td>Climatisation<\/td>\n<td class=\"has-text-align-center\" data-align=\"center\"><strong><span class=\"has-inline-color\" style=\"color: #27a64d\">Oui<\/span><\/strong><\/td>\n<\/tr>\n<tr>\n<td>Portes<\/td>\n<td class=\"has-text-align-center\" data-align=\"center\">1 pneumatique<\/td>\n<\/tr>\n<tr>\n<td>Pr\u00e9 c\u00e2blage self service<\/td>\n<td class=\"has-text-align-center\" data-align=\"center\"><span class=\"has-inline-color has-vivid-red-color\"><strong>Non<\/strong><\/span><\/td>\n<\/tr>\n<tr>\n<td>Vitre anti-agression<\/td>\n<td class=\"has-text-align-center\" data-align=\"center\"><strong><span class=\"has-inline-color\" style=\"color: #27a64d\">Oui<\/span><\/strong><\/td>\n<\/tr>\n<tr>\n<td>Vitres teint\u00e9es<\/td>\n<td class=\"has-text-align-center\" data-align=\"center\"><strong><span class=\"has-inline-color\" style=\"color: #27a64d\">Oui<\/span><\/strong><\/td>\n<\/tr>\n<tr>\n<td>Baies basses<\/td>\n<td class=\"has-text-align-center\" data-align=\"center\"><span style=\"color: #f22424\"><strong><span class=\"has-inline-color\">Non<\/span><\/strong><\/span><\/td>\n<\/tr>\n<\/tbody>\n<\/table>\n<\/figure>\n<h4 style=\"text-align: center\"><span style=\"color: #000080\"><strong>Options ateliers <img loading=\"lazy\" decoding=\"async\" class=\"alignnone size-full wp-image-1136\" src=\"https:\/\/seal.transport-manager.net\/puck\/wp-content\/uploads\/sites\/55\/2022\/11\/cle.jpg\" alt=\"\" width=\"100\" height=\"100\" \/><\/strong><\/span><\/h4>\n<figure class=\"wp-block-table\">\n<table class=\"has-fixed-layout\">\n<tbody>\n<tr>\n<td>Balise priorit\u00e9 feu<\/td>\n<td class=\"has-text-align-center\" data-align=\"center\"><span class=\"has-inline-color has-vivid-red-color\"><strong>Non<\/strong><\/span><\/td>\n<\/tr>\n<tr>\n<td>Bouton self-service<\/td>\n<td class=\"has-text-align-center\" data-align=\"center\"><span class=\"has-inline-color has-vivid-red-color\"><strong>Non<\/strong><\/span><\/td>\n<\/tr>\n<tr>\n<td>Bouton arr\u00eats demand\u00e9s suppl\u00e9mentaire<\/td>\n<td class=\"has-text-align-center\" data-align=\"center\"><span style=\"color: #f22424\"><strong><span class=\"has-inline-color\">Non<\/span><\/strong><\/span><\/td>\n<\/tr>\n<tr>\n<td>Cam\u00e9ra de vid\u00e9o-protection<\/td>\n<td class=\"has-text-align-center\" data-align=\"center\"><span style=\"color: #f22424\"><strong><span class=\"has-inline-color\">Non<\/span><\/strong><\/span><\/td>\n<\/tr>\n<tr>\n<td>Panneau pub arri\u00e8re<\/td>\n<td class=\"has-text-align-center\" data-align=\"center\"><span style=\"color: #f22424\"><strong><span class=\"has-inline-color\">Non<\/span><\/strong><\/span><\/td>\n<\/tr>\n<tr>\n<td>Panneau pub avant<\/td>\n<td class=\"has-text-align-center\" data-align=\"center\"><span style=\"color: #f22424\"><strong><span class=\"has-inline-color\">Non<\/span><\/strong><\/span><\/td>\n<\/tr>\n<tr>\n<td>Panneau pub lat\u00e9ral<\/td>\n<td class=\"has-text-align-center\" data-align=\"center\"><span style=\"color: #f22424\"><strong><span class=\"has-inline-color\">Non<\/span><\/strong><\/span><\/td>\n<\/tr>\n<tr>\n<td>Ethylotest anti-d\u00e9marrage<\/td>\n<td class=\"has-text-align-center\" data-align=\"center\"><span class=\"has-inline-color has-vivid-red-color\"><strong>Non<\/strong><\/span><\/td>\n<\/tr>\n<tr>\n<td>Radio FM<\/td>\n<td class=\"has-text-align-center\" data-align=\"center\"><span class=\"has-inline-color has-vivid-red-color\"><strong>Non<\/strong><\/span><\/td>\n<\/tr>\n<tr>\n<td>Wifi<\/td>\n<td class=\"has-text-align-center\" data-align=\"center\"><span class=\"has-inline-color has-vivid-red-color\"><strong>Non<\/strong><\/span><\/td>\n<\/tr>\n<tr>\n<td>Port USB<\/td>\n<td class=\"has-text-align-center\" data-align=\"center\"><span class=\"has-inline-color has-vivid-red-color\"><strong>Non<\/strong><\/span><\/td>\n<\/tr>\n<\/tbody>\n<\/table>\n<\/figure>\n<h4 style=\"text-align: center\"><span style=\"color: #000080\"><strong>Options SAIEV\u00a0<\/strong><\/span><\/h4>\n<figure class=\"wp-block-table\">\n<table class=\"has-fixed-layout\">\n<tbody>\n<tr>\n<td>Bandeau lumineux<\/td>\n<td class=\"has-text-align-center\" data-align=\"center\"><span class=\"has-inline-color\" style=\"color: #27a64d\"><strong>Oui<\/strong><\/span><\/td>\n<\/tr>\n<tr>\n<td>Ecran TFT<\/td>\n<td class=\"has-text-align-center\" data-align=\"center\"><span class=\"has-inline-color has-vivid-red-color\"><strong>Non<\/strong><\/span><\/td>\n<\/tr>\n<tr>\n<td>Haut-parleur<\/td>\n<td class=\"has-text-align-center\" data-align=\"center\"><span class=\"has-inline-color\" style=\"color: #27a64d\"><strong>Oui<\/strong><\/span><\/td>\n<\/tr>\n<tr>\n<td>Pupitre conducteur<\/td>\n<td class=\"has-text-align-center\" data-align=\"center\"><span class=\"has-inline-color\" style=\"color: #27a64d\"><strong>Oui<\/strong><\/span><\/td>\n<\/tr>\n<tr>\n<td>T\u00e9l\u00e9phone radio<\/td>\n<td class=\"has-text-align-center\" data-align=\"center\"><strong><span class=\"has-inline-color\" style=\"color: #27a64d\">Oui<\/span><\/strong><\/td>\n<\/tr>\n<\/tbody>\n<\/table>\n<\/figure>","protected":false},"excerpt":{"rendered":"<p>MidCity \u00a0 Num\u00e9ro de parc K 00 00 VDL Motorisation 20 L \/ 100 km Nombre de places 20 Immatriculation Mise en service 31.07.2022 Derni\u00e8re r\u00e9vision aucune Prochain CT 02.08.2023 &#8230; <a title=\"VDL Midcity\" class=\"read-more\" href=\"https:\/\/seal.transport-manager.net\/puck\/vdl-midcity\/\" aria-label=\"En savoir plus sur VDL Midcity\">Lire la suite<\/a><\/p>\n","protected":false},"author":55,"featured_media":0,"parent":0,"menu_order":0,"comment_status":"closed","ping_status":"closed","template":"","meta":{"footnotes":""},"class_list":["post-1202","page","type-page","status-publish"],"_links":{"self":[{"href":"https:\/\/seal.transport-manager.net\/puck\/wp-json\/wp\/v2\/pages\/1202","targetHints":{"allow":["GET"]}}],"collection":[{"href":"https:\/\/seal.transport-manager.net\/puck\/wp-json\/wp\/v2\/pages"}],"about":[{"href":"https:\/\/seal.transport-manager.net\/puck\/wp-json\/wp\/v2\/types\/page"}],"author":[{"embeddable":true,"href":"https:\/\/seal.transport-manager.net\/puck\/wp-json\/wp\/v2\/users\/55"}],"replies":[{"embeddable":true,"href":"https:\/\/seal.transport-manager.net\/puck\/wp-json\/wp\/v2\/comments?post=1202"}],"version-history":[{"count":11,"href":"https:\/\/seal.transport-manager.net\/puck\/wp-json\/wp\/v2\/pages\/1202\/revisions"}],"predecessor-version":[{"id":1238,"href":"https:\/\/seal.transport-manager.net\/puck\/wp-json\/wp\/v2\/pages\/1202\/revisions\/1238"}],"wp:attachment":[{"href":"https:\/\/seal.transport-manager.net\/puck\/wp-json\/wp\/v2\/media?parent=1202"}],"curies":[{"name":"wp","href":"https:\/\/api.w.org\/{rel}","templated":true}]}}