{"id":131,"date":"2021-08-01T10:34:56","date_gmt":"2021-08-01T08:34:56","guid":{"rendered":"https:\/\/seal.transport-manager.net\/puck\/?page_id=131"},"modified":"2025-11-28T21:45:31","modified_gmt":"2025-11-28T20:45:31","slug":"accueil","status":"publish","type":"page","link":"https:\/\/seal.transport-manager.net\/puck\/","title":{"rendered":"Accueil"},"content":{"rendered":"\n<p>Bienvenue sur le site de l&rsquo;entreprise Carpostal soci\u00e9t\u00e9 virtuel qui est en service sur le r\u00e9seau TM. <\/p>\n\n\n\n<p>Ce site vous pr\u00e9sente notre soci\u00e9t\u00e9 sur l&rsquo;ensemble de nos offres, <\/p>\n\n\n\n<p><strong>bonne visite \u00e0 tous <\/strong><\/p>\n\n\n<h3 style=\"text-align: center\"><strong><span style=\"color: #000080\">Arriv\u00e9e du tram sur notre r\u00e9seau !<\/span><\/strong><\/h3>\n<p>Cette premi\u00e8re ligne vous am\u00e8nera de l&rsquo;A\u00e9roport \u00e0 la Clinique Saint Paul\u00a0\u00a0<\/p>\n\n\n<p><\/p>\n\n\n<p><img loading=\"lazy\" decoding=\"async\" class=\"alignnone size-medium wp-image-1906 aligncenter\" src=\"https:\/\/seal.transport-manager.net\/puck\/wp-content\/uploads\/sites\/55\/2025\/09\/bus-rigolo-300x225.png\" alt=\"\" width=\"300\" height=\"225\" srcset=\"https:\/\/seal.transport-manager.net\/puck\/wp-content\/uploads\/sites\/55\/2025\/09\/bus-rigolo-300x225.png 300w, https:\/\/seal.transport-manager.net\/puck\/wp-content\/uploads\/sites\/55\/2025\/09\/bus-rigolo.png 600w\" sizes=\"auto, (max-width: 300px) 100vw, 300px\" \/><\/p>\n<p>D\u00e8s \u00e0 pr\u00e9sent, notre mus\u00e9e est ouvert ! Retrouver tous nos v\u00e9t\u00e9rans expos\u00e9s dans un local enti\u00e8rement d\u00e9di\u00e9 \u00e0 l&rsquo;histoire de la mobilit\u00e9 dans notre m\u00e9tropole.\u00a0<\/p>\n<p><a href=\"https:\/\/seal.transport-manager.net\/puck\/le-patrimoine\/\">Le mus\u00e9e<\/a><\/p>\n<p>Pr\u00e9parer vos skis, les installations ouvrent le 1er d\u00e9cembre !\u00a0<\/p>\n<p>Et ne pas oublier notre traditionnel march\u00e9 de No\u00ebl au centre ville\u00a0<\/p>\n<p><a href=\"https:\/\/seal.transport-manager.net\/puck\/evenements-speciaux\/\">Les \u00e9v\u00e9nements <\/a><\/p>\n\n\n<p><\/p>\n","protected":false},"excerpt":{"rendered":"<p>Bienvenue sur le site de l&rsquo;entreprise Carpostal soci\u00e9t\u00e9 virtuel qui est en service sur le r\u00e9seau TM. Ce site vous pr\u00e9sente notre soci\u00e9t\u00e9 sur l&rsquo;ensemble de nos offres, bonne visite &#8230; <a title=\"Accueil\" class=\"read-more\" href=\"https:\/\/seal.transport-manager.net\/puck\/\" aria-label=\"En savoir plus sur Accueil\">Lire la suite<\/a><\/p>\n","protected":false},"author":55,"featured_media":0,"parent":0,"menu_order":0,"comment_status":"closed","ping_status":"closed","template":"","meta":{"footnotes":""},"class_list":["post-131","page","type-page","status-publish"],"_links":{"self":[{"href":"https:\/\/seal.transport-manager.net\/puck\/wp-json\/wp\/v2\/pages\/131","targetHints":{"allow":["GET"]}}],"collection":[{"href":"https:\/\/seal.transport-manager.net\/puck\/wp-json\/wp\/v2\/pages"}],"about":[{"href":"https:\/\/seal.transport-manager.net\/puck\/wp-json\/wp\/v2\/types\/page"}],"author":[{"embeddable":true,"href":"https:\/\/seal.transport-manager.net\/puck\/wp-json\/wp\/v2\/users\/55"}],"replies":[{"embeddable":true,"href":"https:\/\/seal.transport-manager.net\/puck\/wp-json\/wp\/v2\/comments?post=131"}],"version-history":[{"count":46,"href":"https:\/\/seal.transport-manager.net\/puck\/wp-json\/wp\/v2\/pages\/131\/revisions"}],"predecessor-version":[{"id":1933,"href":"https:\/\/seal.transport-manager.net\/puck\/wp-json\/wp\/v2\/pages\/131\/revisions\/1933"}],"wp:attachment":[{"href":"https:\/\/seal.transport-manager.net\/puck\/wp-json\/wp\/v2\/media?parent=131"}],"curies":[{"name":"wp","href":"https:\/\/api.w.org\/{rel}","templated":true}]}}