{"id":1589,"date":"2024-06-25T20:47:33","date_gmt":"2024-06-25T18:47:33","guid":{"rendered":"https:\/\/seal.transport-manager.net\/puck\/?page_id=1589"},"modified":"2025-02-11T21:15:31","modified_gmt":"2025-02-11T20:15:31","slug":"licorne-arena","status":"publish","type":"page","link":"https:\/\/seal.transport-manager.net\/puck\/licorne-arena\/","title":{"rendered":"Licorne Arena"},"content":{"rendered":"\n<div class=\"wp-block-columns is-layout-flex wp-container-core-columns-is-layout-9d6595d7 wp-block-columns-is-layout-flex\">\n<div class=\"wp-block-column is-layout-flow wp-block-column-is-layout-flow\"><\/div>\n\n\n\n<div class=\"wp-block-column is-layout-flow wp-block-column-is-layout-flow\">\n<p><img loading=\"lazy\" decoding=\"async\" class=\"alignnone size-medium wp-image-1590\" src=\"https:\/\/seal.transport-manager.net\/puck\/wp-content\/uploads\/sites\/55\/2024\/06\/tete-licorne-28739-660x400-1-250x300.png\" alt=\"\" width=\"250\" height=\"300\" srcset=\"https:\/\/seal.transport-manager.net\/puck\/wp-content\/uploads\/sites\/55\/2024\/06\/tete-licorne-28739-660x400-1-250x300.png 250w, https:\/\/seal.transport-manager.net\/puck\/wp-content\/uploads\/sites\/55\/2024\/06\/tete-licorne-28739-660x400-1.png 417w\" sizes=\"auto, (max-width: 250px) 100vw, 250px\" \/><\/p>\n<\/div>\n\n\n\n<div class=\"wp-block-column is-layout-flow wp-block-column-is-layout-flow\"><\/div>\n<\/div>\n\n\n<h3 style=\"text-align: center\"><span style=\"color: #993366\"><strong>La licorne fait son carnaval !<\/strong><\/span><\/h3>\n<p>Les soir du mercredi 12 et jeudi 13 f\u00e9vrier soir\u00e9es carnavalesques \u00e0 la Licorne Arena bonne humeur garantie !\u00a0<\/p>\n<p>Pour vous amener en toute s\u00e9curit\u00e9 la ligne sp\u00e9ciale <img loading=\"lazy\" decoding=\"async\" class=\"alignnone size-full wp-image-1591\" src=\"https:\/\/seal.transport-manager.net\/puck\/wp-content\/uploads\/sites\/55\/2024\/06\/tmligne713.png\" alt=\"\" width=\"59\" height=\"53\" \/> sera activ\u00e9e pour les f\u00eatard ainsi que pour le retour chez vous.\u00a0<\/p>\n<p>Ces premi\u00e8res soir\u00e9es carnavalesques sont organis\u00e9es par le CDM (Comit\u00e9 des Masqu\u00e9s) soci\u00e9t\u00e9 qui a d\u00e9j\u00e0 mit sur pied plusieurs cort\u00e8ges de carnaval dans la m\u00e9tropole.\u00a0<\/p>\n<p style=\"text-align: center\"><span style=\"color: #993366\"><strong>Un avant go\u00fbt de ses soir\u00e9es :\u00a0<\/strong><\/span><\/p>\n<p>Des humoristes locaux vont d\u00e9cortiques l&rsquo;actualit\u00e9s pour le rire<br \/>Troupe Les gardiennes du carnaval<br \/>Ballet des mecs<br \/>Petit orchestre Sans Filet (10 musiciens)\u00a0<br \/>et des invit\u00e9s surprises\u00a0<\/p>","protected":false},"excerpt":{"rendered":"<p>La licorne fait son carnaval ! Les soir du mercredi 12 et jeudi 13 f\u00e9vrier soir\u00e9es carnavalesques \u00e0 la Licorne Arena bonne humeur garantie !\u00a0 Pour vous amener en toute &#8230; <a title=\"Licorne Arena\" class=\"read-more\" href=\"https:\/\/seal.transport-manager.net\/puck\/licorne-arena\/\" aria-label=\"En savoir plus sur Licorne Arena\">Lire la suite<\/a><\/p>\n","protected":false},"author":55,"featured_media":0,"parent":0,"menu_order":0,"comment_status":"closed","ping_status":"closed","template":"","meta":{"footnotes":""},"class_list":["post-1589","page","type-page","status-publish"],"_links":{"self":[{"href":"https:\/\/seal.transport-manager.net\/puck\/wp-json\/wp\/v2\/pages\/1589","targetHints":{"allow":["GET"]}}],"collection":[{"href":"https:\/\/seal.transport-manager.net\/puck\/wp-json\/wp\/v2\/pages"}],"about":[{"href":"https:\/\/seal.transport-manager.net\/puck\/wp-json\/wp\/v2\/types\/page"}],"author":[{"embeddable":true,"href":"https:\/\/seal.transport-manager.net\/puck\/wp-json\/wp\/v2\/users\/55"}],"replies":[{"embeddable":true,"href":"https:\/\/seal.transport-manager.net\/puck\/wp-json\/wp\/v2\/comments?post=1589"}],"version-history":[{"count":7,"href":"https:\/\/seal.transport-manager.net\/puck\/wp-json\/wp\/v2\/pages\/1589\/revisions"}],"predecessor-version":[{"id":1758,"href":"https:\/\/seal.transport-manager.net\/puck\/wp-json\/wp\/v2\/pages\/1589\/revisions\/1758"}],"wp:attachment":[{"href":"https:\/\/seal.transport-manager.net\/puck\/wp-json\/wp\/v2\/media?parent=1589"}],"curies":[{"name":"wp","href":"https:\/\/api.w.org\/{rel}","templated":true}]}}