{"id":1766,"date":"2025-05-31T20:50:05","date_gmt":"2025-05-31T18:50:05","guid":{"rendered":"https:\/\/seal.transport-manager.net\/puck\/?page_id=1766"},"modified":"2025-06-01T21:02:11","modified_gmt":"2025-06-01T19:02:11","slug":"les-lignes-urbaines","status":"publish","type":"page","link":"https:\/\/seal.transport-manager.net\/puck\/les-lignes-urbaines\/","title":{"rendered":"Les lignes urbaines"},"content":{"rendered":"<p>Notre r\u00e9seau propose de nombreuses lignes urbaines. Il y a plusieurs types :<\/p>\n<p>14 lignes urbaines<br \/>\n3 lignes \u00e0 haut niveau de service<br \/>\n6 lignes secondaires<br \/>\n7 lignes p\u00e9ri-urbaines<br \/>\n3 lignes scolaires<\/p>\n<p><img decoding=\"async\" src=\"https:\/\/transport-manager.net\/assets\/img\/lignes\/Plan_N5.png\" \/><\/p>\n<h4 style=\"text-align: center\"><strong>Les urbaines<\/strong><\/h4>\n<p><img loading=\"lazy\" decoding=\"async\" class=\"alignnone size-full wp-image-326\" src=\"https:\/\/seal.transport-manager.net\/puck\/wp-content\/uploads\/sites\/55\/2021\/09\/tmligne4gr.png\" alt=\"\" width=\"74\" height=\"76\" \/>Abbaye &#8211; Gare de l&rsquo;Est (marchandises)<\/p>\n<p><img loading=\"lazy\" decoding=\"async\" class=\"alignnone size-full wp-image-332\" src=\"https:\/\/seal.transport-manager.net\/puck\/wp-content\/uploads\/sites\/55\/2021\/09\/tmligne6gr.png\" alt=\"\" width=\"69\" height=\"66\" \/>Grand Palais &#8211; Campus Maryse Esterle<\/p>\n<p><img loading=\"lazy\" decoding=\"async\" class=\"alignnone size-full wp-image-335\" src=\"https:\/\/seal.transport-manager.net\/puck\/wp-content\/uploads\/sites\/55\/2021\/09\/tmligne7gr.png\" alt=\"\" width=\"68\" height=\"69\" \/>Port fluvial &#8211; Grand Palais<\/p>\n<p><img loading=\"lazy\" decoding=\"async\" class=\"alignnone size-full wp-image-338\" src=\"https:\/\/seal.transport-manager.net\/puck\/wp-content\/uploads\/sites\/55\/2021\/09\/tmligne8gr.png\" alt=\"\" width=\"72\" height=\"78\" \/>Place de l&rsquo;Europe &#8211; Campus Marthe Gautier<\/p>\n<p><img loading=\"lazy\" decoding=\"async\" class=\"alignnone size-full wp-image-470\" src=\"https:\/\/seal.transport-manager.net\/puck\/wp-content\/uploads\/sites\/55\/2021\/10\/tmligne9gr.png\" alt=\"\" width=\"68\" height=\"67\" \/>Haute-Ville &#8211; Campus Alan Turing<\/p>\n<p><img loading=\"lazy\" decoding=\"async\" class=\"alignnone size-full wp-image-477\" src=\"https:\/\/seal.transport-manager.net\/puck\/wp-content\/uploads\/sites\/55\/2021\/10\/tmligne10gr.png\" alt=\"\" width=\"71\" height=\"70\" \/>Campus Alan Turing &#8211; Clinique Saint Paul<\/p>\n<p><img loading=\"lazy\" decoding=\"async\" class=\"alignnone size-full wp-image-481\" src=\"https:\/\/seal.transport-manager.net\/puck\/wp-content\/uploads\/sites\/55\/2021\/10\/tmligne11gr.png\" alt=\"\" width=\"67\" height=\"74\" \/>Campus Marthe Gautier &#8211; Clinique Saint Paul<\/p>\n<p><img loading=\"lazy\" decoding=\"async\" class=\"alignnone size-full wp-image-1775\" src=\"https:\/\/seal.transport-manager.net\/puck\/wp-content\/uploads\/sites\/55\/2025\/05\/tmligne12.png\" alt=\"\" width=\"72\" height=\"73\" \/>\u00a0 Gare centrale &#8211; Parc d&rsquo;attraction<\/p>\n<p><img loading=\"lazy\" decoding=\"async\" class=\"alignnone size-full wp-image-1777\" src=\"https:\/\/seal.transport-manager.net\/puck\/wp-content\/uploads\/sites\/55\/2025\/05\/tmligne13.png\" alt=\"\" width=\"67\" height=\"67\" \/>\u00a0Haute-Ville &#8211; A\u00e9roport<\/p>\n<p><img loading=\"lazy\" decoding=\"async\" class=\"alignnone size-full wp-image-1778\" src=\"https:\/\/seal.transport-manager.net\/puck\/wp-content\/uploads\/sites\/55\/2025\/05\/tmligne14.png\" alt=\"\" width=\"78\" height=\"66\" \/>\u00a0Trinit\u00e9 &#8211; H\u00f4tel de r\u00e9gion<\/p>\n<p><img loading=\"lazy\" decoding=\"async\" class=\"alignnone size-full wp-image-1779\" src=\"https:\/\/seal.transport-manager.net\/puck\/wp-content\/uploads\/sites\/55\/2025\/05\/tmligne15.png\" alt=\"\" width=\"72\" height=\"71\" \/>\u00a0P\u00f4le Luca Pacioli &#8211; Cath\u00e9drale<\/p>\n<p><img loading=\"lazy\" decoding=\"async\" class=\"alignnone size-full wp-image-1780\" src=\"https:\/\/seal.transport-manager.net\/puck\/wp-content\/uploads\/sites\/55\/2025\/05\/tmligne16.png\" alt=\"\" width=\"72\" height=\"67\" \/>\u00a0A\u00e9roport &#8211; Gare de l&rsquo;Ouest<\/p>\n<p><img loading=\"lazy\" decoding=\"async\" class=\"alignnone size-full wp-image-1781\" src=\"https:\/\/seal.transport-manager.net\/puck\/wp-content\/uploads\/sites\/55\/2025\/05\/tmligne17.png\" alt=\"\" width=\"73\" height=\"68\" \/>\u00a0Gare de l&rsquo;Ouest &#8211; Moulin \u00e0 Vent<\/p>\n<p><img loading=\"lazy\" decoding=\"async\" class=\"alignnone size-full wp-image-1782\" src=\"https:\/\/seal.transport-manager.net\/puck\/wp-content\/uploads\/sites\/55\/2025\/05\/tmligne18.png\" alt=\"\" width=\"69\" height=\"66\" \/>\u00a0Bellevue &#8211; H\u00f4tel de r\u00e9gion<\/p>\n<h4 style=\"text-align: center\"><strong>Les lignes \u00e0 haut niveau de service<\/strong><\/h4>\n<p><img loading=\"lazy\" decoding=\"async\" class=\"alignnone size-full wp-image-319\" src=\"https:\/\/seal.transport-manager.net\/puck\/wp-content\/uploads\/sites\/55\/2021\/09\/tmligne2gr.png\" alt=\"\" width=\"66\" height=\"72\" \/>Campus Alan Turing &#8211; Gare Centrale<\/p>\n<p><img loading=\"lazy\" decoding=\"async\" class=\"alignnone size-full wp-image-322\" src=\"https:\/\/seal.transport-manager.net\/puck\/wp-content\/uploads\/sites\/55\/2021\/09\/tmligne3gr.png\" alt=\"\" width=\"67\" height=\"76\" \/>Gare Centrale &#8211; Campus Marthe Gautier<\/p>\n<p><img loading=\"lazy\" decoding=\"async\" class=\"alignnone size-full wp-image-329\" src=\"https:\/\/seal.transport-manager.net\/puck\/wp-content\/uploads\/sites\/55\/2021\/09\/tmligne5gr.png\" alt=\"\" width=\"67\" height=\"69\" \/>Mus\u00e9e d&rsquo;Art Moderne &#8211; P\u00f4le Luca Pacioli<\/p>\n<h4 style=\"text-align: center\"><strong>Les lignes secondaires<\/strong><\/h4>\n<p><img loading=\"lazy\" decoding=\"async\" class=\"alignnone size-full wp-image-660\" src=\"https:\/\/seal.transport-manager.net\/puck\/wp-content\/uploads\/sites\/55\/2022\/02\/tmligne60gr.png\" alt=\"\" width=\"74\" height=\"78\" \/>Pr\u00e9fecture &#8211; Lyc\u00e9e Karl Marx<\/p>\n<p><img loading=\"lazy\" decoding=\"async\" class=\"alignnone size-full wp-image-662\" src=\"https:\/\/seal.transport-manager.net\/puck\/wp-content\/uploads\/sites\/55\/2022\/02\/tmligne61gr.png\" alt=\"\" width=\"69\" height=\"84\" \/>Gare de l&rsquo;Ouest &#8211; Parc Jolimont<\/p>\n<p><img loading=\"lazy\" decoding=\"async\" class=\"alignnone size-full wp-image-1787\" src=\"https:\/\/seal.transport-manager.net\/puck\/wp-content\/uploads\/sites\/55\/2025\/05\/tmligne62.png\" alt=\"\" width=\"68\" height=\"71\" \/>Parc de l&rsquo;\u00c9tang &#8211; Parc de l&rsquo;\u00c9tang<\/p>\n<p><img loading=\"lazy\" decoding=\"async\" class=\"alignnone size-full wp-image-1788\" src=\"https:\/\/seal.transport-manager.net\/puck\/wp-content\/uploads\/sites\/55\/2025\/05\/tmligne63.png\" alt=\"\" width=\"72\" height=\"69\" \/>Place de l&rsquo;Europe &#8211; Parc d&rsquo;attraction<\/p>\n<p><img loading=\"lazy\" decoding=\"async\" class=\"alignnone size-full wp-image-1789\" src=\"https:\/\/seal.transport-manager.net\/puck\/wp-content\/uploads\/sites\/55\/2025\/05\/tmligne64.png\" alt=\"\" width=\"78\" height=\"70\" \/>Place de l&rsquo;Europe &#8211; H\u00f4tel de r\u00e9gion<\/p>\n<p><img loading=\"lazy\" decoding=\"async\" class=\"alignnone size-full wp-image-1790\" src=\"https:\/\/seal.transport-manager.net\/puck\/wp-content\/uploads\/sites\/55\/2025\/05\/tmligne65.png\" alt=\"\" width=\"66\" height=\"68\" \/>Pr\u00e9fecture &#8211; P\u00f4le Luca Pacioli<\/p>\n<h4 style=\"text-align: center\"><strong>Les lignes p\u00e9ri-urbaines<\/strong><\/h4>\n<p><img loading=\"lazy\" decoding=\"async\" class=\"alignnone size-full wp-image-1793\" src=\"https:\/\/seal.transport-manager.net\/puck\/wp-content\/uploads\/sites\/55\/2025\/05\/tmligne101.png\" alt=\"\" width=\"87\" height=\"71\" \/>H\u00f4tel de R\u00e9gion &#8211; Arronay &#8211; Etangs<\/p>\n<p><img loading=\"lazy\" decoding=\"async\" class=\"alignnone size-full wp-image-1794\" src=\"https:\/\/seal.transport-manager.net\/puck\/wp-content\/uploads\/sites\/55\/2025\/05\/tmligne102.png\" alt=\"\" width=\"91\" height=\"68\" \/>Stade &#8211; Brinte &#8211; Av. de la Libert\u00e9<\/p>\n<p><img loading=\"lazy\" decoding=\"async\" class=\"alignnone size-full wp-image-1795\" src=\"https:\/\/seal.transport-manager.net\/puck\/wp-content\/uploads\/sites\/55\/2025\/05\/tmligne103.png\" alt=\"\" width=\"91\" height=\"66\" \/>Place de l&rsquo;Europe &#8211; Clorent\u00a0 &#8211; Centre de recyclage<\/p>\n<p><img loading=\"lazy\" decoding=\"async\" class=\"alignnone size-full wp-image-1796\" src=\"https:\/\/seal.transport-manager.net\/puck\/wp-content\/uploads\/sites\/55\/2025\/05\/tmligne104.png\" alt=\"\" width=\"103\" height=\"63\" \/>Lacanac &#8211; Place du march\u00e9 &#8211; Science Po<\/p>\n<p><img loading=\"lazy\" decoding=\"async\" class=\"alignnone size-full wp-image-1797\" src=\"https:\/\/seal.transport-manager.net\/puck\/wp-content\/uploads\/sites\/55\/2025\/05\/tmligne105.png\" alt=\"\" width=\"100\" height=\"64\" \/>Place de l&rsquo;Europe &#8211; Saviens &#8211; \u00c9glise<\/p>\n<p><img loading=\"lazy\" decoding=\"async\" class=\"alignnone size-full wp-image-1798\" src=\"https:\/\/seal.transport-manager.net\/puck\/wp-content\/uploads\/sites\/55\/2025\/05\/tmligne106.png\" alt=\"\" width=\"99\" height=\"67\" \/>Tutillus &#8211; Bureau de poste &#8211; Gare de l&rsquo;Ouest<\/p>\n<p><img loading=\"lazy\" decoding=\"async\" class=\"alignnone size-full wp-image-1799\" src=\"https:\/\/seal.transport-manager.net\/puck\/wp-content\/uploads\/sites\/55\/2025\/05\/tmligne151.png\" alt=\"\" width=\"88\" height=\"67\" \/>Tutillus &#8211; Bureau de poste &#8211; Brinte &#8211; Av. de la Libert\u00e9<\/p>\n<h4 style=\"text-align: center\"><strong>Les lignes scolaires<\/strong><\/h4>\n<p><img loading=\"lazy\" decoding=\"async\" class=\"alignnone size-full wp-image-1802\" src=\"https:\/\/seal.transport-manager.net\/puck\/wp-content\/uploads\/sites\/55\/2025\/05\/tmligne601.gif\" alt=\"\" width=\"79\" height=\"61\" \/>Lacanac- H\u00f4tel de ville &#8211; Lyc\u00e9e Anne Frank<\/p>\n<p><img loading=\"lazy\" decoding=\"async\" class=\"alignnone size-full wp-image-1803\" src=\"https:\/\/seal.transport-manager.net\/puck\/wp-content\/uploads\/sites\/55\/2025\/05\/tmligne602.gif\" alt=\"\" width=\"93\" height=\"65\" \/>Coll\u00e8ge Victor Hugo &#8211; Le Roto- Av. du Parc<\/p>\n<p><img loading=\"lazy\" decoding=\"async\" class=\"alignnone size-full wp-image-1804\" src=\"https:\/\/seal.transport-manager.net\/puck\/wp-content\/uploads\/sites\/55\/2025\/05\/tmligne603.gif\" alt=\"\" width=\"91\" height=\"66\" \/>\u00a0Arronay &#8211; Centre-ville &#8211; Lyc\u00e9e Jean Zay<\/p>\n","protected":false},"excerpt":{"rendered":"<p>Notre r\u00e9seau propose de nombreuses lignes urbaines. Il y a plusieurs types : 14 lignes urbaines 3 lignes \u00e0 haut niveau de service 6 lignes secondaires 7 lignes p\u00e9ri-urbaines 3 &#8230; <a title=\"Les lignes urbaines\" class=\"read-more\" href=\"https:\/\/seal.transport-manager.net\/puck\/les-lignes-urbaines\/\" aria-label=\"En savoir plus sur Les lignes urbaines\">Lire la suite<\/a><\/p>\n","protected":false},"author":55,"featured_media":0,"parent":0,"menu_order":0,"comment_status":"closed","ping_status":"closed","template":"","meta":{"footnotes":""},"class_list":["post-1766","page","type-page","status-publish"],"_links":{"self":[{"href":"https:\/\/seal.transport-manager.net\/puck\/wp-json\/wp\/v2\/pages\/1766","targetHints":{"allow":["GET"]}}],"collection":[{"href":"https:\/\/seal.transport-manager.net\/puck\/wp-json\/wp\/v2\/pages"}],"about":[{"href":"https:\/\/seal.transport-manager.net\/puck\/wp-json\/wp\/v2\/types\/page"}],"author":[{"embeddable":true,"href":"https:\/\/seal.transport-manager.net\/puck\/wp-json\/wp\/v2\/users\/55"}],"replies":[{"embeddable":true,"href":"https:\/\/seal.transport-manager.net\/puck\/wp-json\/wp\/v2\/comments?post=1766"}],"version-history":[{"count":16,"href":"https:\/\/seal.transport-manager.net\/puck\/wp-json\/wp\/v2\/pages\/1766\/revisions"}],"predecessor-version":[{"id":1856,"href":"https:\/\/seal.transport-manager.net\/puck\/wp-json\/wp\/v2\/pages\/1766\/revisions\/1856"}],"wp:attachment":[{"href":"https:\/\/seal.transport-manager.net\/puck\/wp-json\/wp\/v2\/media?parent=1766"}],"curies":[{"name":"wp","href":"https:\/\/api.w.org\/{rel}","templated":true}]}}