{"id":1879,"date":"2025-09-17T20:15:17","date_gmt":"2025-09-17T18:15:17","guid":{"rendered":"https:\/\/seal.transport-manager.net\/puck\/?page_id=1879"},"modified":"2025-09-20T13:11:35","modified_gmt":"2025-09-20T11:11:35","slug":"le-patrimoine","status":"publish","type":"page","link":"https:\/\/seal.transport-manager.net\/puck\/le-patrimoine\/","title":{"rendered":"Le patrimoine"},"content":{"rendered":"<h3 style=\"text-align: center\"><span style=\"color: #0000ff\"><span style=\"font-family: Segoe Print\"><strong>Week-end du patrimoine 2025<\/strong><\/span><\/span><\/h3>\n<h3 style=\"text-align: center\"><span style=\"color: #0000ff\"><strong>du samedi 20 septembre au dimanche 21 septembre<\/strong><\/span><\/h3>\n<h3><\/h3>\n<p>Le week-end est la bonne occasion de d\u00e9couvrir tous le patrimoine de notre m\u00e9tropole. Des b\u00e2timents historiques organisent des portes ouvertes. Parcourez ces lieux en utilisant nos lignes.\u00a0 En plus diff\u00e9rentes animations vont r\u00e9jouir petits et grands.<\/p>\n<h4 style=\"text-align: center\"><strong>Place de l&rsquo;Europe<\/strong><\/h4>\n<p><img loading=\"lazy\" decoding=\"async\" class=\"alignnone size-full wp-image-316\" src=\"https:\/\/seal.transport-manager.net\/puck\/wp-content\/uploads\/sites\/55\/2021\/09\/tmligne1gr.png\" alt=\"\" width=\"74\" height=\"68\" \/> <img loading=\"lazy\" decoding=\"async\" class=\"alignnone size-full wp-image-329\" src=\"https:\/\/seal.transport-manager.net\/puck\/wp-content\/uploads\/sites\/55\/2021\/09\/tmligne5gr.png\" alt=\"\" width=\"67\" height=\"69\" \/><img loading=\"lazy\" decoding=\"async\" class=\"alignnone size-full wp-image-338\" src=\"https:\/\/seal.transport-manager.net\/puck\/wp-content\/uploads\/sites\/55\/2021\/09\/tmligne8gr.png\" alt=\"\" width=\"72\" height=\"78\" \/><img loading=\"lazy\" decoding=\"async\" class=\"alignnone size-full wp-image-1779\" src=\"https:\/\/seal.transport-manager.net\/puck\/wp-content\/uploads\/sites\/55\/2025\/05\/tmligne15.png\" alt=\"\" width=\"72\" height=\"71\" \/><img loading=\"lazy\" decoding=\"async\" class=\"alignnone size-full wp-image-662\" src=\"https:\/\/seal.transport-manager.net\/puck\/wp-content\/uploads\/sites\/55\/2022\/02\/tmligne61gr.png\" alt=\"\" width=\"69\" height=\"84\" \/><img loading=\"lazy\" decoding=\"async\" class=\"alignnone size-full wp-image-1788\" src=\"https:\/\/seal.transport-manager.net\/puck\/wp-content\/uploads\/sites\/55\/2025\/05\/tmligne63.png\" alt=\"\" width=\"72\" height=\"69\" \/><img loading=\"lazy\" decoding=\"async\" class=\"alignnone size-full wp-image-1789\" src=\"https:\/\/seal.transport-manager.net\/puck\/wp-content\/uploads\/sites\/55\/2025\/05\/tmligne64.png\" alt=\"\" width=\"78\" height=\"70\" \/><\/p>\n<p>Stand d&rsquo;information CarPostal avec la pr\u00e9sence d&rsquo;un car Saurer venu sp\u00e9cialement pour l&rsquo;occasion<br \/>\nStand de l&rsquo;office du tourisme<br \/>\nPodium avec diff\u00e9rents groupes venant mettre de l&rsquo;ambiance<br \/>\nFoods Truck<\/p>\n<h4 style=\"text-align: center\"><strong>Parc Baudelaire<\/strong><\/h4>\n<p><img loading=\"lazy\" decoding=\"async\" class=\"alignnone size-full wp-image-1782\" src=\"https:\/\/seal.transport-manager.net\/puck\/wp-content\/uploads\/sites\/55\/2025\/05\/tmligne18.png\" alt=\"\" width=\"69\" height=\"66\" \/><\/p>\n<p>Petit man\u00e8ge<br \/>\nBricolage pour les enfants<br \/>\nConcert de Ga\u00ebtan en apr\u00e8s-midi<\/p>\n<h4 style=\"text-align: center\"><strong>Gare Centrale<\/strong><\/h4>\n<p><img loading=\"lazy\" decoding=\"async\" class=\"alignnone size-full wp-image-316\" src=\"https:\/\/seal.transport-manager.net\/puck\/wp-content\/uploads\/sites\/55\/2021\/09\/tmligne1gr.png\" alt=\"\" width=\"74\" height=\"68\" \/><img loading=\"lazy\" decoding=\"async\" class=\"alignnone size-full wp-image-319\" src=\"https:\/\/seal.transport-manager.net\/puck\/wp-content\/uploads\/sites\/55\/2021\/09\/tmligne2gr.png\" alt=\"\" width=\"66\" height=\"72\" \/><img loading=\"lazy\" decoding=\"async\" class=\"alignnone size-full wp-image-322\" src=\"https:\/\/seal.transport-manager.net\/puck\/wp-content\/uploads\/sites\/55\/2021\/09\/tmligne3gr.png\" alt=\"\" width=\"67\" height=\"76\" \/><img loading=\"lazy\" decoding=\"async\" class=\"alignnone size-full wp-image-1775\" src=\"https:\/\/seal.transport-manager.net\/puck\/wp-content\/uploads\/sites\/55\/2025\/05\/tmligne12.png\" alt=\"\" width=\"72\" height=\"73\" \/><img loading=\"lazy\" decoding=\"async\" class=\"alignnone size-full wp-image-1779\" src=\"https:\/\/seal.transport-manager.net\/puck\/wp-content\/uploads\/sites\/55\/2025\/05\/tmligne15.png\" alt=\"\" width=\"72\" height=\"71\" \/><\/p>\n<p>Podium avec diff\u00e9rents groupe d\u00e8s 22 h DJ Puck aux platine<br \/>\nMat\u00e9riel historique en voie de garage<br \/>\nStand de diff\u00e9rentes associations de patrimoine<\/p>\n<h4 style=\"text-align: center\"><strong>Port Fluviale<\/strong><\/h4>\n<p><img loading=\"lazy\" decoding=\"async\" class=\"alignnone size-full wp-image-335\" src=\"https:\/\/seal.transport-manager.net\/puck\/wp-content\/uploads\/sites\/55\/2021\/09\/tmligne7gr.png\" alt=\"\" width=\"68\" height=\"69\" \/><img loading=\"lazy\" decoding=\"async\" class=\"alignnone size-full wp-image-1777\" src=\"https:\/\/seal.transport-manager.net\/puck\/wp-content\/uploads\/sites\/55\/2025\/05\/tmligne13.png\" alt=\"\" width=\"67\" height=\"67\" \/><\/p>\n<p>Pr\u00e9sence de bateaux historiques<br \/>\nAmbiance musicale bretonne<br \/>\nPr\u00e9sentation des m\u00e9tiers nautiques<br \/>\nFoods Truck poisson<\/p>\n<h4 style=\"text-align: center\"><strong>D\u00e9p\u00f4t Valais<\/strong><\/h4>\n<p><img loading=\"lazy\" decoding=\"async\" class=\"alignnone size-full wp-image-316\" src=\"https:\/\/seal.transport-manager.net\/puck\/wp-content\/uploads\/sites\/55\/2021\/09\/tmligne1gr.png\" alt=\"\" width=\"74\" height=\"68\" \/><img loading=\"lazy\" decoding=\"async\" class=\"alignnone size-full wp-image-326\" src=\"https:\/\/seal.transport-manager.net\/puck\/wp-content\/uploads\/sites\/55\/2021\/09\/tmligne4gr.png\" alt=\"\" width=\"74\" height=\"76\" \/><img loading=\"lazy\" decoding=\"async\" class=\"alignnone size-full wp-image-477\" src=\"https:\/\/seal.transport-manager.net\/puck\/wp-content\/uploads\/sites\/55\/2021\/10\/tmligne10gr.png\" alt=\"\" width=\"71\" height=\"70\" \/><img loading=\"lazy\" decoding=\"async\" class=\"alignnone size-full wp-image-481\" src=\"https:\/\/seal.transport-manager.net\/puck\/wp-content\/uploads\/sites\/55\/2021\/10\/tmligne11gr.png\" alt=\"\" width=\"67\" height=\"74\" \/><\/p>\n<p>Stand CarPostal avec concours<br \/>\nVisites guid\u00e9es des ateliers<br \/>\nStand sur les m\u00e9tiers de notre compagnie<\/p>\n<p><img loading=\"lazy\" decoding=\"async\" class=\"alignnone size-medium wp-image-1626 aligncenter\" src=\"https:\/\/seal.transport-manager.net\/puck\/wp-content\/uploads\/sites\/55\/2024\/09\/bus-coloring-imageonline.co-6881353-300x210.png\" alt=\"\" width=\"300\" height=\"210\" srcset=\"https:\/\/seal.transport-manager.net\/puck\/wp-content\/uploads\/sites\/55\/2024\/09\/bus-coloring-imageonline.co-6881353-300x210.png 300w, https:\/\/seal.transport-manager.net\/puck\/wp-content\/uploads\/sites\/55\/2024\/09\/bus-coloring-imageonline.co-6881353-768x537.png 768w, https:\/\/seal.transport-manager.net\/puck\/wp-content\/uploads\/sites\/55\/2024\/09\/bus-coloring-imageonline.co-6881353.png 800w\" sizes=\"auto, (max-width: 300px) 100vw, 300px\" \/><\/p>\n<h3 style=\"text-align: center\"><span style=\"color: #0000ff\"><strong>D\u00e9fil\u00e9 de nos v\u00e9t\u00e9rans\u00a0<\/strong><\/span><\/h3>\n<p><strong>Avant leurs mise au mus\u00e9e perdre de les voir une derni\u00e8re fois en circulation !<\/strong><\/p>\n<p>Parcours d\u00e9part 14 h \u00e0 la place de l&rsquo;Europe, Palais des Beaux Arts, Gare Centrale et retour \u00e0 la place de l&rsquo;Europe.<\/p>\n<p>notre doyen Mercedes 0 305 de 1969<br \/>\nMAN SG 192 de 1970<br \/>\nScania N 112 de 1984<br \/>\nScania N 113 de 1988<br \/>\nVan Hool AG 700 de 1991<br \/>\nHeuliez GX 107 de 1993<br \/>\nVan Hool A 600 de 1996<br \/>\nMAN NL 222 de 2000<br \/>\nRenault Agora L de 2000<br \/>\nNotre autocar Renault Tracer de 2002<\/p>\n<p><img loading=\"lazy\" decoding=\"async\" class=\"alignnone size-medium wp-image-1906 aligncenter\" src=\"https:\/\/seal.transport-manager.net\/puck\/wp-content\/uploads\/sites\/55\/2025\/09\/bus-rigolo-300x225.png\" alt=\"\" width=\"300\" height=\"225\" srcset=\"https:\/\/seal.transport-manager.net\/puck\/wp-content\/uploads\/sites\/55\/2025\/09\/bus-rigolo-300x225.png 300w, https:\/\/seal.transport-manager.net\/puck\/wp-content\/uploads\/sites\/55\/2025\/09\/bus-rigolo.png 600w\" sizes=\"auto, (max-width: 300px) 100vw, 300px\" \/><\/p>\n<h3 style=\"text-align: center\"><span style=\"color: #0000ff\"><strong>Inauguration de notre mus\u00e9e<\/strong><\/span><\/h3>\n<p>Le mus\u00e9e se trouve \u00e0 c\u00f4t\u00e9 de la Gare de l&rsquo;Ouest<\/p>\n<p><img loading=\"lazy\" decoding=\"async\" class=\"alignnone size-full wp-image-329\" src=\"https:\/\/seal.transport-manager.net\/puck\/wp-content\/uploads\/sites\/55\/2021\/09\/tmligne5gr.png\" alt=\"\" width=\"67\" height=\"69\" \/><img loading=\"lazy\" decoding=\"async\" class=\"alignnone size-full wp-image-335\" src=\"https:\/\/seal.transport-manager.net\/puck\/wp-content\/uploads\/sites\/55\/2021\/09\/tmligne7gr.png\" alt=\"\" width=\"68\" height=\"69\" \/><img loading=\"lazy\" decoding=\"async\" class=\"alignnone size-full wp-image-1780\" src=\"https:\/\/seal.transport-manager.net\/puck\/wp-content\/uploads\/sites\/55\/2025\/05\/tmligne16.png\" alt=\"\" width=\"72\" height=\"67\" \/><img loading=\"lazy\" decoding=\"async\" class=\"alignnone size-full wp-image-662\" src=\"https:\/\/seal.transport-manager.net\/puck\/wp-content\/uploads\/sites\/55\/2022\/02\/tmligne61gr.png\" alt=\"\" width=\"69\" height=\"84\" \/><\/p>\n<p>Le samedi 20 septembre \u00e0 10 h en pr\u00e9sence de notre directeur, des membres de la municipalit\u00e9 ainsi que le repr\u00e9sentant d\u00e9partemental de la mobilit\u00e9. Apr\u00e8s la partie officielle un ap\u00e9ro dinatoire est offert \u00e0 tous.<\/p>\n<p>Durant tout le week-end, le mus\u00e9e est ouvert. L&rsquo;entr\u00e9e sera gratuite.<\/p>\n<p><strong>Horaire d&rsquo;ouverture :<\/strong><br \/>\nLundi au vendredi 8 h \u00e0 17 h<br \/>\nSamedi : 8 h \u00e0 18 h<br \/>\nDimanche : 8h \u00e0 16 h<\/p>\n<p>Vous souhaitez apporter votre aide ? Devenez b\u00e9n\u00e9vole, nous cherchons dans tout les m\u00e9tiers !<\/p>\n","protected":false},"excerpt":{"rendered":"<p>Week-end du patrimoine 2025 du samedi 20 septembre au dimanche 21 septembre Le week-end est la bonne occasion de d\u00e9couvrir tous le patrimoine de notre m\u00e9tropole. Des b\u00e2timents historiques organisent &#8230; <a title=\"Le patrimoine\" class=\"read-more\" href=\"https:\/\/seal.transport-manager.net\/puck\/le-patrimoine\/\" aria-label=\"En savoir plus sur Le patrimoine\">Lire la suite<\/a><\/p>\n","protected":false},"author":55,"featured_media":0,"parent":0,"menu_order":0,"comment_status":"closed","ping_status":"closed","template":"","meta":{"footnotes":""},"class_list":["post-1879","page","type-page","status-publish"],"_links":{"self":[{"href":"https:\/\/seal.transport-manager.net\/puck\/wp-json\/wp\/v2\/pages\/1879","targetHints":{"allow":["GET"]}}],"collection":[{"href":"https:\/\/seal.transport-manager.net\/puck\/wp-json\/wp\/v2\/pages"}],"about":[{"href":"https:\/\/seal.transport-manager.net\/puck\/wp-json\/wp\/v2\/types\/page"}],"author":[{"embeddable":true,"href":"https:\/\/seal.transport-manager.net\/puck\/wp-json\/wp\/v2\/users\/55"}],"replies":[{"embeddable":true,"href":"https:\/\/seal.transport-manager.net\/puck\/wp-json\/wp\/v2\/comments?post=1879"}],"version-history":[{"count":16,"href":"https:\/\/seal.transport-manager.net\/puck\/wp-json\/wp\/v2\/pages\/1879\/revisions"}],"predecessor-version":[{"id":1909,"href":"https:\/\/seal.transport-manager.net\/puck\/wp-json\/wp\/v2\/pages\/1879\/revisions\/1909"}],"wp:attachment":[{"href":"https:\/\/seal.transport-manager.net\/puck\/wp-json\/wp\/v2\/media?parent=1879"}],"curies":[{"name":"wp","href":"https:\/\/api.w.org\/{rel}","templated":true}]}}