{"id":238,"date":"2021-08-24T20:52:20","date_gmt":"2021-08-24T18:52:20","guid":{"rendered":"https:\/\/seal.transport-manager.net\/puck\/?page_id=238"},"modified":"2023-02-08T21:05:03","modified_gmt":"2023-02-08T20:05:03","slug":"les-midibus-van-hool","status":"publish","type":"page","link":"https:\/\/seal.transport-manager.net\/puck\/les-midibus-van-hool\/","title":{"rendered":"Van Hool New A 309"},"content":{"rendered":"\n<div class=\"wp-block-columns is-layout-flex wp-container-core-columns-is-layout-9d6595d7 wp-block-columns-is-layout-flex\">\n<div class=\"wp-block-column is-layout-flow wp-block-column-is-layout-flow\"><\/div>\n\n\n\n<div class=\"wp-block-column is-layout-flow wp-block-column-is-layout-flow\">\n<p><img loading=\"lazy\" decoding=\"async\" class=\"size-medium wp-image-259 aligncenter\" src=\"https:\/\/seal.transport-manager.net\/puck\/wp-content\/uploads\/sites\/55\/2021\/08\/vha309-kevincrombin-300x214.jpg\" alt=\"\" width=\"300\" height=\"214\" srcset=\"https:\/\/seal.transport-manager.net\/puck\/wp-content\/uploads\/sites\/55\/2021\/08\/vha309-kevincrombin-300x214.jpg 300w, https:\/\/seal.transport-manager.net\/puck\/wp-content\/uploads\/sites\/55\/2021\/08\/vha309-kevincrombin.jpg 640w\" sizes=\"auto, (max-width: 300px) 100vw, 300px\" \/><\/p>\n<\/div>\n\n\n\n<div class=\"wp-block-column is-layout-flow wp-block-column-is-layout-flow\"><\/div>\n<\/div>\n\n\n\n<div class=\"wp-block-columns is-layout-flex wp-container-core-columns-is-layout-9d6595d7 wp-block-columns-is-layout-flex\">\n<div class=\"wp-block-column is-layout-flow wp-block-column-is-layout-flow\" style=\"flex-basis:100%\">\n<div class=\"wp-block-group\"><div class=\"wp-block-group__inner-container is-layout-flow wp-block-group-is-layout-flow\">\n<div class=\"wp-block-columns is-layout-flex wp-container-core-columns-is-layout-9d6595d7 wp-block-columns-is-layout-flex\">\n<div class=\"wp-block-column is-layout-flow wp-block-column-is-layout-flow\">\n<figure class=\"wp-block-table\"><table class=\"has-fixed-layout\"><tbody><tr><td class=\"has-text-align-center\" data-align=\"center\"><strong><span class=\"has-inline-color has-vivid-cyan-blue-color\">New A 309 <\/span><\/strong><\/td><td class=\"has-text-align-center\" data-align=\"center\"><\/td><\/tr><tr><td class=\"has-text-align-center\" data-align=\"center\">Num\u00e9ro de parc <\/td><td class=\"has-text-align-center\" data-align=\"center\">M 11 01 VH<\/td><\/tr><tr><td class=\"has-text-align-center\" data-align=\"center\">Motorisation <\/td><td class=\"has-text-align-center\" data-align=\"center\"><img loading=\"lazy\" decoding=\"async\" width=\"43\" height=\"44\" class=\"wp-image-273\" style=\"width: 43px\" src=\"https:\/\/seal.transport-manager.net\/puck\/wp-content\/uploads\/sites\/55\/2021\/08\/tmmotordiesel.png\" alt=\"\"><\/td><\/tr><tr><td class=\"has-text-align-center\" data-align=\"center\">Nombre de places<\/td><td class=\"has-text-align-center\" data-align=\"center\">73<\/td><\/tr><tr><td class=\"has-text-align-center\" data-align=\"center\">Immatriculation <\/td><td class=\"has-text-align-center\" data-align=\"center\"><img loading=\"lazy\" decoding=\"async\" width=\"249\" height=\"56\" class=\"wp-image-264\" style=\"width: 150px\" src=\"https:\/\/seal.transport-manager.net\/puck\/wp-content\/uploads\/sites\/55\/2021\/08\/tmid.png\" alt=\"\"><\/td><\/tr><tr><td class=\"has-text-align-center\" data-align=\"center\">Mise en service<\/td><td class=\"has-text-align-center\" data-align=\"center\">23.11.2018<\/td><\/tr><tr><td class=\"has-text-align-center\" data-align=\"center\">Derni\u00e8re r\u00e9vision<\/td><td class=\"has-text-align-center\" data-align=\"center\">15.02.2021<\/td><\/tr><tr><td class=\"has-text-align-center\" data-align=\"center\">Prochain CT<\/td><td class=\"has-text-align-center\" data-align=\"center\"><strong><span style=\"color:#27a64d\" class=\"has-inline-color\">29.07.2023<\/span><\/strong><\/td><\/tr><tr><td class=\"has-text-align-center\" data-align=\"center\">Etat<\/td><td class=\"has-text-align-center\" data-align=\"center\"><span style=\"color:#27a64d\" class=\"has-inline-color\"><strong>en service<\/strong><\/span><\/td><\/tr><tr><td class=\"has-text-align-center\" data-align=\"center\">Girouettes <\/td><td class=\"has-text-align-center\" data-align=\"center\"><img loading=\"lazy\" decoding=\"async\" width=\"150\" height=\"19\" class=\"wp-image-267\" style=\"width: 150px\" src=\"https:\/\/seal.transport-manager.net\/puck\/wp-content\/uploads\/sites\/55\/2021\/08\/tmgirouette.png\" alt=\"\"><\/td><\/tr><tr><td class=\"has-text-align-center\" data-align=\"center\">Billettique<\/td><td class=\"has-text-align-center\" data-align=\"center\"><img loading=\"lazy\" decoding=\"async\" width=\"56\" height=\"100\" class=\"wp-image-272\" style=\"width: 56px\" src=\"https:\/\/seal.transport-manager.net\/puck\/wp-content\/uploads\/sites\/55\/2021\/08\/tmobliterateur.png\" alt=\"\"><\/td><\/tr><\/tbody><\/table><\/figure>\n<\/div>\n<\/div>\n<\/div><\/div>\n<\/div>\n<\/div>\n\n\n<h4 style=\"text-align: center\"><span style=\"color: #333399\"><strong>Options PMR <img loading=\"lazy\" decoding=\"async\" class=\"alignnone size-full wp-image-1133\" src=\"https:\/\/seal.transport-manager.net\/puck\/wp-content\/uploads\/sites\/55\/2022\/11\/handicap.jpg\" alt=\"\" width=\"100\" height=\"74\"><\/strong><\/span><\/h4>\n\n\n<figure class=\"wp-block-table\"><table class=\"has-fixed-layout\"><tbody><tr><td class=\"has-text-align-left\" data-align=\"left\">Agenouillement <\/td><td class=\"has-text-align-center\" data-align=\"center\"><span style=\"color:#00a325\" class=\"has-inline-color\"><strong>Oui<\/strong><\/span><\/td><\/tr><tr><td class=\"has-text-align-left\" data-align=\"left\">Emplacement UFR<\/td><td class=\"has-text-align-center\" data-align=\"center\"><strong><span style=\"color:#22a300\" class=\"has-inline-color\">Oui<\/span><\/strong><\/td><\/tr><tr><td class=\"has-text-align-left\" data-align=\"left\">Plateforme r\u00e9tractable <\/td><td class=\"has-text-align-center\" data-align=\"center\">\u00e9lectrique<\/td><\/tr><\/tbody><\/table><\/figure>\n\n\n<h4 style=\"text-align: center\"><span style=\"color: #333399\"><strong>Options d&rsquo;usine <img loading=\"lazy\" decoding=\"async\" class=\"alignnone size-full wp-image-1135\" src=\"https:\/\/seal.transport-manager.net\/puck\/wp-content\/uploads\/sites\/55\/2022\/11\/usine.jpg\" alt=\"\" width=\"100\" height=\"99\"><\/strong><\/span><\/h4>\n\n\n<figure class=\"wp-block-table\"><table class=\"has-fixed-layout\"><tbody><tr><td>Climatisation<\/td><td class=\"has-text-align-center\" data-align=\"center\"><span style=\"color:#00a318\" class=\"has-inline-color\"><strong>Oui<\/strong><\/span><\/td><\/tr><tr><td>Portes<\/td><td class=\"has-text-align-center\" data-align=\"center\">2 \u00e9lectrique<\/td><\/tr><tr><td>Pr\u00e9 c\u00e2blage self service <\/td><td class=\"has-text-align-center\" data-align=\"center\"><span class=\"has-inline-color has-vivid-red-color\"><strong>Non<\/strong><\/span><\/td><\/tr><tr><td>Vitre anti-agression<\/td><td class=\"has-text-align-center\" data-align=\"center\"><span class=\"has-inline-color has-vivid-red-color\"><strong>Non<\/strong><\/span><\/td><\/tr><tr><td>Vitres teint\u00e9es<\/td><td class=\"has-text-align-center\" data-align=\"center\"><span class=\"has-inline-color has-vivid-red-color\"><strong>Non<\/strong><\/span><\/td><\/tr><tr><td>Baies basses<\/td><td class=\"has-text-align-center\" data-align=\"center\"><span class=\"has-inline-color has-vivid-red-color\"><strong>Non<\/strong><\/span><\/td><\/tr><\/tbody><\/table><\/figure>\n\n\n<h4 style=\"text-align: center\"><span style=\"color: #333399\"><strong>Options d&rsquo;ateliers <img loading=\"lazy\" decoding=\"async\" class=\"alignnone size-full wp-image-1136\" src=\"https:\/\/seal.transport-manager.net\/puck\/wp-content\/uploads\/sites\/55\/2022\/11\/cle.jpg\" alt=\"\" width=\"100\" height=\"100\"><\/strong><\/span><\/h4>\n\n\n<figure class=\"wp-block-table\"><table class=\"has-fixed-layout\"><tbody><tr><td>Balise priorit\u00e9 feu<\/td><td class=\"has-text-align-center\" data-align=\"center\"><span class=\"has-inline-color has-vivid-red-color\"><strong>Non<\/strong><\/span><\/td><\/tr><tr><td>Bouton self-service<\/td><td class=\"has-text-align-center\" data-align=\"center\"><span class=\"has-inline-color has-vivid-red-color\"><strong>Non<\/strong><\/span><\/td><\/tr><tr><td>Bouton arr\u00eats demand\u00e9s suppl\u00e9mentaire<\/td><td class=\"has-text-align-center\" data-align=\"center\"><span class=\"has-inline-color has-vivid-red-color\"><strong>Non<\/strong><\/span><\/td><\/tr><tr><td>Cam\u00e9ra de vid\u00e9o-protection<\/td><td class=\"has-text-align-center\" data-align=\"center\"><span class=\"has-inline-color has-vivid-red-color\"><strong>Non<\/strong><\/span><\/td><\/tr><tr><td>Panneau pub arri\u00e8re<\/td><td class=\"has-text-align-center\" data-align=\"center\"><span style=\"color:#05a369\" class=\"has-inline-color\"><strong>Oui<\/strong><\/span><\/td><\/tr><tr><td>Panneau pub avant<\/td><td class=\"has-text-align-center\" data-align=\"center\"><span style=\"color:#06915e\" class=\"has-inline-color\"><strong>Oui<\/strong><\/span><\/td><\/tr><tr><td>Panneau pub lat\u00e9ral<\/td><td class=\"has-text-align-center\" data-align=\"center\"><span style=\"color:#069963\" class=\"has-inline-color\"><strong>Oui<\/strong><\/span><\/td><\/tr><tr><td>Ethylotest anti-d\u00e9marrage<\/td><td class=\"has-text-align-center\" data-align=\"center\"><span class=\"has-inline-color has-vivid-red-color\"><strong>Non<\/strong><\/span><\/td><\/tr><tr><td>Radio FM<\/td><td class=\"has-text-align-center\" data-align=\"center\"><span style=\"color:#048c5a\" class=\"has-inline-color\"><strong>Oui<\/strong><\/span><\/td><\/tr><tr><td>Wifi<\/td><td class=\"has-text-align-center\" data-align=\"center\"><span class=\"has-inline-color has-vivid-red-color\"><strong>Non<\/strong><\/span><\/td><\/tr><tr><td>Port USB<\/td><td class=\"has-text-align-center\" data-align=\"center\"><span class=\"has-inline-color has-vivid-red-color\"><strong>Non<\/strong><\/span><\/td><\/tr><\/tbody><\/table><\/figure>\n\n\n<h4 style=\"text-align: center\"><span style=\"color: #333399\"><strong>Options SAIEV<\/strong><\/span><\/h4>\n\n\n<figure class=\"wp-block-table\"><table class=\"has-fixed-layout\"><tbody><tr><td>Bandeau lumineux<\/td><td class=\"has-text-align-center\" data-align=\"center\"><span style=\"color:#27a64d\" class=\"has-inline-color\"><strong>Oui<\/strong><\/span><\/td><\/tr><tr><td>Ecran TFT<\/td><td class=\"has-text-align-center\" data-align=\"center\"><span class=\"has-inline-color has-vivid-red-color\"><strong>Non<\/strong><\/span><\/td><\/tr><tr><td>Haut-parleur<\/td><td class=\"has-text-align-center\" data-align=\"center\"><span style=\"color:#27a64d\" class=\"has-inline-color\"><strong>Oui<\/strong><\/span><\/td><\/tr><tr><td>Pupitre conducteur<\/td><td class=\"has-text-align-center\" data-align=\"center\"><span style=\"color:#27a64d\" class=\"has-inline-color\"><strong>Oui<\/strong><\/span><\/td><\/tr><tr><td>T\u00e9l\u00e9phone radio<\/td><td class=\"has-text-align-center\" data-align=\"center\"><strong><span style=\"color:#27a64d\" class=\"has-inline-color\">Oui<\/span><\/strong><\/td><\/tr><\/tbody><\/table><\/figure>\n\n\n\n<p><\/p>\n","protected":false},"excerpt":{"rendered":"<p>New A 309 Num\u00e9ro de parc M 11 01 VH Motorisation Nombre de places 73 Immatriculation Mise en service 23.11.2018 Derni\u00e8re r\u00e9vision 15.02.2021 Prochain CT 29.07.2023 Etat en service Girouettes &#8230; <a title=\"Van Hool New A 309\" class=\"read-more\" href=\"https:\/\/seal.transport-manager.net\/puck\/les-midibus-van-hool\/\" aria-label=\"En savoir plus sur Van Hool New A 309\">Lire la suite<\/a><\/p>\n","protected":false},"author":55,"featured_media":0,"parent":0,"menu_order":0,"comment_status":"closed","ping_status":"closed","template":"","meta":{"footnotes":""},"class_list":["post-238","page","type-page","status-publish"],"_links":{"self":[{"href":"https:\/\/seal.transport-manager.net\/puck\/wp-json\/wp\/v2\/pages\/238","targetHints":{"allow":["GET"]}}],"collection":[{"href":"https:\/\/seal.transport-manager.net\/puck\/wp-json\/wp\/v2\/pages"}],"about":[{"href":"https:\/\/seal.transport-manager.net\/puck\/wp-json\/wp\/v2\/types\/page"}],"author":[{"embeddable":true,"href":"https:\/\/seal.transport-manager.net\/puck\/wp-json\/wp\/v2\/users\/55"}],"replies":[{"embeddable":true,"href":"https:\/\/seal.transport-manager.net\/puck\/wp-json\/wp\/v2\/comments?post=238"}],"version-history":[{"count":19,"href":"https:\/\/seal.transport-manager.net\/puck\/wp-json\/wp\/v2\/pages\/238\/revisions"}],"predecessor-version":[{"id":1260,"href":"https:\/\/seal.transport-manager.net\/puck\/wp-json\/wp\/v2\/pages\/238\/revisions\/1260"}],"wp:attachment":[{"href":"https:\/\/seal.transport-manager.net\/puck\/wp-json\/wp\/v2\/media?parent=238"}],"curies":[{"name":"wp","href":"https:\/\/api.w.org\/{rel}","templated":true}]}}