{"id":615,"date":"2022-02-02T21:30:35","date_gmt":"2022-02-02T20:30:35","guid":{"rendered":"https:\/\/seal.transport-manager.net\/puck\/?page_id=615"},"modified":"2024-03-10T22:58:05","modified_gmt":"2024-03-10T21:58:05","slug":"volvo-7900-hybride","status":"publish","type":"page","link":"https:\/\/seal.transport-manager.net\/puck\/volvo-7900-hybride\/","title":{"rendered":"Volvo 7900 Hybride"},"content":{"rendered":"\n<div class=\"wp-block-columns is-layout-flex wp-container-core-columns-is-layout-9d6595d7 wp-block-columns-is-layout-flex\">\n<div class=\"wp-block-column is-layout-flow wp-block-column-is-layout-flow\">\n<figure class=\"wp-block-table\"><table class=\"has-fixed-layout\"><tbody><tr><td class=\"has-text-align-center\" data-align=\"center\"><strong><span class=\"has-inline-color has-vivid-cyan-blue-color\">7900 H<\/span><\/strong><\/td><td class=\"has-text-align-center\" data-align=\"center\"><\/td><\/tr><tr><td class=\"has-text-align-center\" data-align=\"center\">Num\u00e9ro de parc<\/td><td class=\"has-text-align-center\" data-align=\"center\">S 10 01 <\/td><\/tr><tr><td class=\"has-text-align-center\" data-align=\"center\">Motorisation<\/td><td class=\"has-text-align-center\" data-align=\"center\"><img loading=\"lazy\" decoding=\"async\" width=\"44\" height=\"47\" class=\"wp-image-342\" style=\"width: 44px\" src=\"https:\/\/seal.transport-manager.net\/puck\/wp-content\/uploads\/sites\/55\/2021\/09\/tmmotorhybride.png\" alt=\"\"> 24 l \/ 100 Km<\/td><\/tr><tr><td class=\"has-text-align-center\" data-align=\"center\">Nombre de places<\/td><td class=\"has-text-align-center\" data-align=\"center\">102<\/td><\/tr><tr><td class=\"has-text-align-center\" data-align=\"center\">Immatriculation<\/td><td class=\"has-text-align-center\" data-align=\"center\"><img loading=\"lazy\" decoding=\"async\" width=\"250\" height=\"59\" class=\"wp-image-616\" style=\"width: 150px\" src=\"https:\/\/seal.transport-manager.net\/puck\/wp-content\/uploads\/sites\/55\/2022\/02\/tmid29.png\" alt=\"\"><\/td><\/tr><tr><td class=\"has-text-align-center\" data-align=\"center\">Mise en service<\/td><td class=\"has-text-align-center\" data-align=\"center\">29.12.2018<\/td><\/tr><tr><td class=\"has-text-align-center\" data-align=\"center\">Derni\u00e8re r\u00e9vision<\/td><td class=\"has-text-align-center\" data-align=\"center\"><strong><span style=\"color:#27a64d\" class=\"has-inline-color\">31.08.2019<\/span><\/strong><\/td><\/tr><tr><td class=\"has-text-align-center\" data-align=\"center\">Prochain CT<\/td><td class=\"has-text-align-center\" data-align=\"center\"><strong><span style=\"color:#27a64d\" class=\"has-inline-color\">13.08.2024<\/span><\/strong><\/td><\/tr><tr><td class=\"has-text-align-center\" data-align=\"center\">Etat<\/td><td class=\"has-text-align-center\" data-align=\"center\"><span style=\"color:#27a64d\" class=\"has-inline-color\"><strong>en service<\/strong><\/span><\/td><\/tr><tr><td class=\"has-text-align-center\" data-align=\"center\">Girouettes<\/td><td class=\"has-text-align-center\" data-align=\"center\"><img loading=\"lazy\" decoding=\"async\" width=\"202\" height=\"26\" class=\"wp-image-284\" style=\"width: 150px\" src=\"https:\/\/seal.transport-manager.net\/puck\/wp-content\/uploads\/sites\/55\/2021\/08\/tmgirouette2.png\" alt=\"\"><\/td><\/tr><tr><td class=\"has-text-align-center\" data-align=\"center\">Billettique<\/td><td class=\"has-text-align-center\" data-align=\"center\"><img loading=\"lazy\" decoding=\"async\" width=\"118\" height=\"162\" class=\"wp-image-1377\" style=\"width: 118px\" src=\"https:\/\/seal.transport-manager.net\/puck\/wp-content\/uploads\/sites\/55\/2023\/04\/tmpuce.png\" alt=\"\"><\/td><\/tr><\/tbody><\/table><\/figure>\n<\/div>\n\n\n\n<div class=\"wp-block-column is-layout-flow wp-block-column-is-layout-flow\">\n<\/p>\n<p><img loading=\"lazy\" decoding=\"async\" class=\"size-medium wp-image-617 aligncenter\" src=\"https:\/\/seal.transport-manager.net\/puck\/wp-content\/uploads\/sites\/55\/2022\/02\/volvo-7900-H-300x225.jpg\" alt=\"\" width=\"300\" height=\"225\" srcset=\"https:\/\/seal.transport-manager.net\/puck\/wp-content\/uploads\/sites\/55\/2022\/02\/volvo-7900-H-300x225.jpg 300w, https:\/\/seal.transport-manager.net\/puck\/wp-content\/uploads\/sites\/55\/2022\/02\/volvo-7900-H-768x576.jpg 768w, https:\/\/seal.transport-manager.net\/puck\/wp-content\/uploads\/sites\/55\/2022\/02\/volvo-7900-H.jpg 800w\" sizes=\"auto, (max-width: 300px) 100vw, 300px\" \/><\/p>\n<\/div>\n<\/div>\n\n\n\n<figure class=\"wp-block-table\"><table class=\"has-fixed-layout\"><tbody><tr><td>Agenouillement <\/td><td class=\"has-text-align-center\" data-align=\"center\"><span style=\"color:#27a64d\" class=\"has-inline-color\"><strong>Oui<\/strong><\/span><\/td><\/tr><tr><td>Emplacement UFR<\/td><td class=\"has-text-align-center\" data-align=\"center\"><strong><span style=\"color:#27a64d\" class=\"has-inline-color\">Oui<\/span><\/strong><\/td><\/tr><tr><td>Plateforme r\u00e9tractable <\/td><td class=\"has-text-align-center\" data-align=\"center\">\u00e9lectrique<\/td><\/tr><\/tbody><\/table><figcaption class=\"wp-element-caption\"><strong>Options d&rsquo;usine<\/strong><\/figcaption><\/figure>\n\n\n\n<figure class=\"wp-block-table\"><table class=\"has-fixed-layout\"><tbody><tr><td>Climatisation<\/td><td class=\"has-text-align-center\" data-align=\"center\"><strong><span class=\"has-inline-color has-vivid-red-color\">Non<\/span><\/strong><\/td><\/tr><tr><td>Portes<\/td><td class=\"has-text-align-center\" data-align=\"center\">2 pneumatiques<\/td><\/tr><tr><td>Pr\u00e9 c\u00e2blage self service <\/td><td class=\"has-text-align-center\" data-align=\"center\"><span class=\"has-inline-color has-vivid-red-color\"><strong>Non<\/strong><\/span><\/td><\/tr><tr><td>Vitre anti-agression<\/td><td class=\"has-text-align-center\" data-align=\"center\"><strong><span class=\"has-inline-color has-vivid-red-color\">Non<\/span><\/strong><\/td><\/tr><tr><td>Vitres teint\u00e9es<\/td><td class=\"has-text-align-center\" data-align=\"center\"><strong><span class=\"has-inline-color has-vivid-red-color\">Non<\/span><\/strong><\/td><\/tr><tr><td>Baies basses<\/td><td class=\"has-text-align-center\" data-align=\"center\"><strong><span class=\"has-inline-color has-vivid-red-color\">Non<\/span><\/strong><\/td><\/tr><\/tbody><\/table><figcaption class=\"wp-element-caption\"><strong>Option d&rsquo;atelier<\/strong><\/figcaption><\/figure>\n\n\n\n<figure class=\"wp-block-table\"><table class=\"has-fixed-layout\"><tbody><tr><td>Balise priorit\u00e9 feu<\/td><td class=\"has-text-align-center\" data-align=\"center\"><span class=\"has-inline-color has-vivid-red-color\"><strong>Non<\/strong><\/span><\/td><\/tr><tr><td>Bouton self-service<\/td><td class=\"has-text-align-center\" data-align=\"center\"><span class=\"has-inline-color has-vivid-red-color\"><strong>Non<\/strong><\/span><\/td><\/tr><tr><td>Bouton arr\u00eats demand\u00e9s suppl\u00e9mentaire<\/td><td class=\"has-text-align-center\" data-align=\"center\"><span class=\"has-inline-color has-vivid-red-color\"><strong>Non<\/strong><\/span><\/td><\/tr><tr><td>Cam\u00e9ra de vid\u00e9o-protection<\/td><td class=\"has-text-align-center\" data-align=\"center\"><span class=\"has-inline-color has-vivid-red-color\"><strong>Non<\/strong><\/span><\/td><\/tr><tr><td>Panneau pub arri\u00e8re<\/td><td class=\"has-text-align-center\" data-align=\"center\"><strong><span style=\"color:#27a64d\" class=\"has-inline-color\">Oui<\/span><\/strong><\/td><\/tr><tr><td>Panneau pub avant<\/td><td class=\"has-text-align-center\" data-align=\"center\"><strong><span style=\"color:#27a64d\" class=\"has-inline-color\">Oui<\/span><\/strong><\/td><\/tr><tr><td>Panneau pub lat\u00e9ral<\/td><td class=\"has-text-align-center\" data-align=\"center\"><strong><span style=\"color:#27a64d\" class=\"has-inline-color\">Oui<\/span><\/strong><\/td><\/tr><tr><td>Ethylotest anti-d\u00e9marrage<\/td><td class=\"has-text-align-center\" data-align=\"center\"><span class=\"has-inline-color has-vivid-red-color\"><strong>Non<\/strong><\/span><\/td><\/tr><tr><td>Radio FM<\/td><td class=\"has-text-align-center\" data-align=\"center\"><span class=\"has-inline-color has-vivid-red-color\"><strong>Non<\/strong><\/span><\/td><\/tr><tr><td>Wifi<\/td><td class=\"has-text-align-center\" data-align=\"center\"><span class=\"has-inline-color has-vivid-red-color\"><strong>Non<\/strong><\/span><\/td><\/tr><\/tbody><\/table><figcaption class=\"wp-element-caption\"><strong>Option SAIEV<\/strong><\/figcaption><\/figure>\n\n\n\n<figure class=\"wp-block-table\"><table class=\"has-fixed-layout\"><tbody><tr><td>Bandeau lumineux<\/td><td class=\"has-text-align-center\" data-align=\"center\"><span style=\"color:#27a64d\" class=\"has-inline-color\"><strong>Oui<\/strong><\/span><\/td><\/tr><tr><td>Ecran TFT<\/td><td class=\"has-text-align-center\" data-align=\"center\"><strong><span style=\"color: #27a64d\">Oui<\/span><\/strong><\/td><\/tr><tr><td>Haut-parleur<\/td><td class=\"has-text-align-center\" data-align=\"center\"><span style=\"color:#27a64d\" class=\"has-inline-color\"><strong>Oui<\/strong><\/span><\/td><\/tr><tr><td>Pupitre conducteur<\/td><td class=\"has-text-align-center\" data-align=\"center\"><span style=\"color:#27a64d\" class=\"has-inline-color\"><strong>Oui<\/strong><\/span><\/td><\/tr><tr><td>T\u00e9l\u00e9phone radio<\/td><td class=\"has-text-align-center\" data-align=\"center\"><strong><span style=\"color:#27a64d\" class=\"has-inline-color\">Oui<\/span><\/strong><\/td><\/tr><\/tbody><\/table><\/figure>\n\n\n\n<div class=\"wp-block-columns is-layout-flex wp-container-core-columns-is-layout-9d6595d7 wp-block-columns-is-layout-flex\">\n<div class=\"wp-block-column is-layout-flow wp-block-column-is-layout-flow\">\n<figure class=\"wp-block-table\"><table class=\"has-fixed-layout\"><tbody><tr><td class=\"has-text-align-center\" data-align=\"center\"><strong><span class=\"has-inline-color has-vivid-cyan-blue-color\">7900 H<\/span><\/strong><\/td><td class=\"has-text-align-center\" data-align=\"center\"><\/td><\/tr><tr><td class=\"has-text-align-center\" data-align=\"center\">Num\u00e9ro de parc<\/td><td class=\"has-text-align-center\" data-align=\"center\">7900 H 02<\/td><\/tr><tr><td class=\"has-text-align-center\" data-align=\"center\">Motorisation<\/td><td class=\"has-text-align-center\" data-align=\"center\"><img loading=\"lazy\" decoding=\"async\" width=\"43\" height=\"44\" class=\"wp-image-273\" style=\"width: 43px\" src=\"https:\/\/seal.transport-manager.net\/puck\/wp-content\/uploads\/sites\/55\/2021\/08\/tmmotordiesel.png\" alt=\"\"><\/td><\/tr><tr><td class=\"has-text-align-center\" data-align=\"center\">Nombre de places<\/td><td class=\"has-text-align-center\" data-align=\"center\">102<\/td><\/tr><tr><td class=\"has-text-align-center\" data-align=\"center\">Immatriculation<\/td><td class=\"has-text-align-center\" data-align=\"center\"><img loading=\"lazy\" decoding=\"async\" width=\"262\" height=\"68\" class=\"wp-image-620\" style=\"width: 150px\" src=\"https:\/\/seal.transport-manager.net\/puck\/wp-content\/uploads\/sites\/55\/2022\/02\/tmid30.png\" alt=\"\"><\/td><\/tr><tr><td class=\"has-text-align-center\" data-align=\"center\">Mise en service<\/td><td class=\"has-text-align-center\" data-align=\"center\"><span class=\"has-inline-color has-black-color\">29.12.2018<\/span><\/td><\/tr><tr><td class=\"has-text-align-center\" data-align=\"center\">Derni\u00e8re r\u00e9vision<\/td><td class=\"has-text-align-center\" data-align=\"center\"><span style=\"color:#27a64d\" class=\"has-inline-color\"><strong>31.08.2019<\/strong><\/span><\/td><\/tr><tr><td class=\"has-text-align-center\" data-align=\"center\">Prochain CT<\/td><td class=\"has-text-align-center\" data-align=\"center\"><strong><span style=\"color:#27a64d\" class=\"has-inline-color\">08.08.2022<\/span><\/strong><\/td><\/tr><tr><td class=\"has-text-align-center\" data-align=\"center\">Etat<\/td><td class=\"has-text-align-center\" data-align=\"center\"><span style=\"color:#24a64d\" class=\"has-inline-color\"><strong>En service<\/strong><\/span><\/td><\/tr><tr><td class=\"has-text-align-center\" data-align=\"center\">Girouettes<\/td><td class=\"has-text-align-center\" data-align=\"center\"><img loading=\"lazy\" decoding=\"async\" width=\"202\" height=\"26\" class=\"wp-image-284\" style=\"width: 150px\" src=\"https:\/\/seal.transport-manager.net\/puck\/wp-content\/uploads\/sites\/55\/2021\/08\/tmgirouette2.png\" alt=\"\"><\/td><\/tr><tr><td class=\"has-text-align-center\" data-align=\"center\">Billettique<\/td><td class=\"has-text-align-center\" data-align=\"center\"><img loading=\"lazy\" decoding=\"async\" width=\"56\" height=\"100\" class=\"wp-image-272\" style=\"width: 56px\" src=\"https:\/\/seal.transport-manager.net\/puck\/wp-content\/uploads\/sites\/55\/2021\/08\/tmobliterateur.png\" alt=\"\"><\/td><\/tr><\/tbody><\/table><\/figure>\n<\/div>\n\n\n\n<div class=\"wp-block-column is-layout-flow wp-block-column-is-layout-flow\">\n<\/p>\n<p><img loading=\"lazy\" decoding=\"async\" class=\"size-medium wp-image-617 aligncenter\" src=\"https:\/\/seal.transport-manager.net\/puck\/wp-content\/uploads\/sites\/55\/2022\/02\/volvo-7900-H-300x225.jpg\" alt=\"\" width=\"300\" height=\"225\" srcset=\"https:\/\/seal.transport-manager.net\/puck\/wp-content\/uploads\/sites\/55\/2022\/02\/volvo-7900-H-300x225.jpg 300w, https:\/\/seal.transport-manager.net\/puck\/wp-content\/uploads\/sites\/55\/2022\/02\/volvo-7900-H-768x576.jpg 768w, https:\/\/seal.transport-manager.net\/puck\/wp-content\/uploads\/sites\/55\/2022\/02\/volvo-7900-H.jpg 800w\" sizes=\"auto, (max-width: 300px) 100vw, 300px\" \/><\/p>\n<\/div>\n<\/div>\n\n\n\n<div class=\"wp-block-columns is-layout-flex wp-container-core-columns-is-layout-9d6595d7 wp-block-columns-is-layout-flex\">\n<div class=\"wp-block-column is-layout-flow wp-block-column-is-layout-flow\"><\/div>\n<\/div>\n\n\n\n<figure class=\"wp-block-table\"><table class=\"has-fixed-layout\"><tbody><tr><td>Agenouillement <\/td><td class=\"has-text-align-center\" data-align=\"center\"><span style=\"color:#27a64d\" class=\"has-inline-color\"><strong>Oui<\/strong><\/span><\/td><\/tr><tr><td>Emplacement UFR<\/td><td class=\"has-text-align-center\" data-align=\"center\"><strong><span style=\"color:#27a64d\" class=\"has-inline-color\">Oui<\/span><\/strong><\/td><\/tr><tr><td>Plateforme r\u00e9tractable <\/td><td class=\"has-text-align-center\" data-align=\"center\">\u00e9lectrique<\/td><\/tr><\/tbody><\/table><figcaption class=\"wp-element-caption\"><strong>Options d&rsquo;usine<\/strong><\/figcaption><\/figure>\n\n\n\n<figure class=\"wp-block-table\"><table class=\"has-fixed-layout\"><tbody><tr><td>Climatisation<\/td><td class=\"has-text-align-center\" data-align=\"center\"><strong><span class=\"has-inline-color has-vivid-red-color\">Non<\/span><\/strong><\/td><\/tr><tr><td>Portes<\/td><td class=\"has-text-align-center\" data-align=\"center\">2 pneumatique<\/td><\/tr><tr><td>Pr\u00e9 c\u00e2blage self service <\/td><td class=\"has-text-align-center\" data-align=\"center\"><span class=\"has-inline-color has-vivid-red-color\"><strong>Non<\/strong><\/span><\/td><\/tr><tr><td>Vitre anti-agression<\/td><td class=\"has-text-align-center\" data-align=\"center\"><strong><span class=\"has-inline-color has-vivid-red-color\">Non<\/span><\/strong><\/td><\/tr><tr><td>Vitres teint\u00e9es<\/td><td class=\"has-text-align-center\" data-align=\"center\"><strong><span class=\"has-inline-color has-vivid-red-color\">Non<\/span><\/strong><\/td><\/tr><tr><td>Baies basses<\/td><td class=\"has-text-align-center\" data-align=\"center\"><strong><span class=\"has-inline-color has-vivid-red-color\">Non<\/span><\/strong><\/td><\/tr><\/tbody><\/table><figcaption class=\"wp-element-caption\"><strong>Option d&rsquo;atelier<\/strong><\/figcaption><\/figure>\n\n\n\n<figure class=\"wp-block-table\"><table class=\"has-fixed-layout\"><tbody><tr><td>Balise priorit\u00e9 feu<\/td><td class=\"has-text-align-center\" data-align=\"center\"><span class=\"has-inline-color has-vivid-red-color\"><strong>Non<\/strong><\/span><\/td><\/tr><tr><td>Bouton self-service<\/td><td class=\"has-text-align-center\" data-align=\"center\"><span class=\"has-inline-color has-vivid-red-color\"><strong>Non<\/strong><\/span><\/td><\/tr><tr><td>Bouton arr\u00eats demand\u00e9s suppl\u00e9mentaire<\/td><td class=\"has-text-align-center\" data-align=\"center\"><span class=\"has-inline-color has-vivid-red-color\"><strong>Non<\/strong><\/span><\/td><\/tr><tr><td>Cam\u00e9ra de vid\u00e9o-protection<\/td><td class=\"has-text-align-center\" data-align=\"center\"><span class=\"has-inline-color has-vivid-red-color\"><strong>Non<\/strong><\/span><\/td><\/tr><tr><td>Panneau pub arri\u00e8re<\/td><td class=\"has-text-align-center\" data-align=\"center\"><strong><span style=\"color:#27a64d\" class=\"has-inline-color\">Oui<\/span><\/strong><\/td><\/tr><tr><td>Panneau pub avant<\/td><td class=\"has-text-align-center\" data-align=\"center\"><strong><span style=\"color:#27a64d\" class=\"has-inline-color\">Oui<\/span><\/strong><\/td><\/tr><tr><td>Panneau pub lat\u00e9ral<\/td><td class=\"has-text-align-center\" data-align=\"center\"><strong><span style=\"color:#27a64d\" class=\"has-inline-color\">Oui<\/span><\/strong><\/td><\/tr><tr><td>Ethylotest anti-d\u00e9marrage<\/td><td class=\"has-text-align-center\" data-align=\"center\"><span class=\"has-inline-color has-vivid-red-color\"><strong>Non<\/strong><\/span><\/td><\/tr><tr><td>Radio FM<\/td><td class=\"has-text-align-center\" data-align=\"center\"><span class=\"has-inline-color has-vivid-red-color\"><strong>Non<\/strong><\/span><\/td><\/tr><tr><td>Wifi<\/td><td class=\"has-text-align-center\" data-align=\"center\"><span class=\"has-inline-color has-vivid-red-color\"><strong>Non<\/strong><\/span><\/td><\/tr><\/tbody><\/table><figcaption class=\"wp-element-caption\"><strong>Option SAIEV<\/strong><\/figcaption><\/figure>\n\n\n\n<figure class=\"wp-block-table\"><table class=\"has-fixed-layout\"><tbody><tr><td>Bandeau lumineux<\/td><td class=\"has-text-align-center\" data-align=\"center\"><span style=\"color:#27a64d\" class=\"has-inline-color\"><strong>Oui<\/strong><\/span><\/td><\/tr><tr><td>Ecran TFT<\/td><td class=\"has-text-align-center\" data-align=\"center\"><span class=\"has-inline-color has-vivid-red-color\"><strong>Non<\/strong><\/span><\/td><\/tr><tr><td>Haut-parleur<\/td><td class=\"has-text-align-center\" data-align=\"center\"><span style=\"color:#27a64d\" class=\"has-inline-color\"><strong>Oui<\/strong><\/span><\/td><\/tr><tr><td>Pupitre conducteur<\/td><td class=\"has-text-align-center\" data-align=\"center\"><span style=\"color:#27a64d\" class=\"has-inline-color\"><strong>Oui<\/strong><\/span><\/td><\/tr><tr><td>T\u00e9l\u00e9phone radio<\/td><td class=\"has-text-align-center\" data-align=\"center\"><strong><span style=\"color:#27a64d\" class=\"has-inline-color\">Oui<\/span><\/strong><\/td><\/tr><\/tbody><\/table><\/figure>\n\n\n\n<div class=\"wp-block-columns is-layout-flex wp-container-core-columns-is-layout-9d6595d7 wp-block-columns-is-layout-flex\"><\/div>\n\n\n\n<div class=\"wp-block-columns is-layout-flex wp-container-core-columns-is-layout-9d6595d7 wp-block-columns-is-layout-flex\">\n<div class=\"wp-block-column is-layout-flow wp-block-column-is-layout-flow\"><\/div>\n<\/div>\n","protected":false},"excerpt":{"rendered":"<p>7900 H Num\u00e9ro de parc S 10 01 Motorisation 24 l \/ 100 Km Nombre de places 102 Immatriculation Mise en service 29.12.2018 Derni\u00e8re r\u00e9vision 31.08.2019 Prochain CT 13.08.2024 Etat &#8230; <a title=\"Volvo 7900 Hybride\" class=\"read-more\" href=\"https:\/\/seal.transport-manager.net\/puck\/volvo-7900-hybride\/\" aria-label=\"En savoir plus sur Volvo 7900 Hybride\">Lire la suite<\/a><\/p>\n","protected":false},"author":55,"featured_media":0,"parent":0,"menu_order":0,"comment_status":"closed","ping_status":"closed","template":"","meta":{"footnotes":""},"class_list":["post-615","page","type-page","status-publish"],"_links":{"self":[{"href":"https:\/\/seal.transport-manager.net\/puck\/wp-json\/wp\/v2\/pages\/615","targetHints":{"allow":["GET"]}}],"collection":[{"href":"https:\/\/seal.transport-manager.net\/puck\/wp-json\/wp\/v2\/pages"}],"about":[{"href":"https:\/\/seal.transport-manager.net\/puck\/wp-json\/wp\/v2\/types\/page"}],"author":[{"embeddable":true,"href":"https:\/\/seal.transport-manager.net\/puck\/wp-json\/wp\/v2\/users\/55"}],"replies":[{"embeddable":true,"href":"https:\/\/seal.transport-manager.net\/puck\/wp-json\/wp\/v2\/comments?post=615"}],"version-history":[{"count":13,"href":"https:\/\/seal.transport-manager.net\/puck\/wp-json\/wp\/v2\/pages\/615\/revisions"}],"predecessor-version":[{"id":1572,"href":"https:\/\/seal.transport-manager.net\/puck\/wp-json\/wp\/v2\/pages\/615\/revisions\/1572"}],"wp:attachment":[{"href":"https:\/\/seal.transport-manager.net\/puck\/wp-json\/wp\/v2\/media?parent=615"}],"curies":[{"name":"wp","href":"https:\/\/api.w.org\/{rel}","templated":true}]}}