{"id":627,"date":"2022-02-18T20:01:46","date_gmt":"2022-02-18T19:01:46","guid":{"rendered":"https:\/\/seal.transport-manager.net\/puck\/?page_id=627"},"modified":"2022-05-19T21:14:40","modified_gmt":"2022-05-19T19:14:40","slug":"volvo-7900-e","status":"publish","type":"page","link":"https:\/\/seal.transport-manager.net\/puck\/volvo-7900-e\/","title":{"rendered":"Volvo 7900 E"},"content":{"rendered":"\n<div class=\"wp-block-columns is-layout-flex wp-container-core-columns-is-layout-9d6595d7 wp-block-columns-is-layout-flex\">\n<div class=\"wp-block-column is-layout-flow wp-block-column-is-layout-flow\">\n<figure class=\"wp-block-table\"><table class=\"has-fixed-layout\"><tbody><tr><td class=\"has-text-align-center\" data-align=\"center\"><strong><mark style=\"background-color:var(--base-3)\" class=\"has-inline-color has-accent-color\">7900 E<\/mark><\/strong><\/td><td class=\"has-text-align-center\" data-align=\"center\"><\/td><\/tr><tr><td class=\"has-text-align-center\" data-align=\"center\">Num\u00e9ro de parc<\/td><td class=\"has-text-align-center\" data-align=\"center\">7900 H 01<\/td><\/tr><tr><td class=\"has-text-align-center\" data-align=\"center\">Motorisation<\/td><td class=\"has-text-align-center\" data-align=\"center\"><img loading=\"lazy\" decoding=\"async\" width=\"49\" height=\"49\" class=\"wp-image-628\" style=\"width: 49px\" src=\"https:\/\/seal.transport-manager.net\/puck\/wp-content\/uploads\/sites\/55\/2022\/02\/tmelec.png\" alt=\"\"><\/td><\/tr><tr><td class=\"has-text-align-center\" data-align=\"center\">Nombre de places<\/td><td class=\"has-text-align-center\" data-align=\"center\">91<\/td><\/tr><tr><td class=\"has-text-align-center\" data-align=\"center\">Immatriculation<\/td><td class=\"has-text-align-center\" data-align=\"center\"><img loading=\"lazy\" decoding=\"async\" width=\"258\" height=\"63\" class=\"wp-image-629\" style=\"width: 150px\" src=\"https:\/\/seal.transport-manager.net\/puck\/wp-content\/uploads\/sites\/55\/2022\/02\/tmid31.png\" alt=\"\"><\/td><\/tr><tr><td class=\"has-text-align-center\" data-align=\"center\">Mise en service<\/td><td class=\"has-text-align-center\" data-align=\"center\">29.03.2020<\/td><\/tr><tr><td class=\"has-text-align-center\" data-align=\"center\">Derni\u00e8re r\u00e9vision<\/td><td class=\"has-text-align-center\" data-align=\"center\"><strong><mark style=\"background-color:var(--base-3);color:#f80b0b\" class=\"has-inline-color\">aucune<\/mark><\/strong><\/td><\/tr><tr><td class=\"has-text-align-center\" data-align=\"center\">Prochain CT<\/td><td class=\"has-text-align-center\" data-align=\"center\"><strong><mark style=\"background-color:var(--base-3);color:#27a64d\" class=\"has-inline-color\">17.10.2022<\/mark><\/strong><\/td><\/tr><tr><td class=\"has-text-align-center\" data-align=\"center\">Etat<\/td><td class=\"has-text-align-center\" data-align=\"center\"><span style=\"color:#27a64d\" class=\"has-inline-color\"><strong>en service<\/strong><\/span><\/td><\/tr><tr><td class=\"has-text-align-center\" data-align=\"center\">Girouettes<\/td><td class=\"has-text-align-center\" data-align=\"center\"><img loading=\"lazy\" decoding=\"async\" width=\"150\" height=\"19\" class=\"wp-image-267\" style=\"width: 150px\" src=\"https:\/\/seal.transport-manager.net\/puck\/wp-content\/uploads\/sites\/55\/2021\/08\/tmgirouette.png\" alt=\"\"><\/td><\/tr><tr><td class=\"has-text-align-center\" data-align=\"center\">Billettique<\/td><td class=\"has-text-align-center\" data-align=\"center\"><img loading=\"lazy\" decoding=\"async\" width=\"56\" height=\"100\" class=\"wp-image-272\" style=\"width: 56px\" src=\"https:\/\/seal.transport-manager.net\/puck\/wp-content\/uploads\/sites\/55\/2021\/08\/tmobliterateur.png\" alt=\"\"><\/td><\/tr><\/tbody><\/table><\/figure>\n<\/div>\n\n\n\n<div class=\"wp-block-column is-layout-flow wp-block-column-is-layout-flow\">\n<p><\/p>\n<p><img loading=\"lazy\" decoding=\"async\" class=\"size-medium wp-image-617 aligncenter\" src=\"https:\/\/seal.transport-manager.net\/puck\/wp-content\/uploads\/sites\/55\/2022\/02\/volvo-7900-H-300x225.jpg\" alt=\"\" width=\"300\" height=\"225\" srcset=\"https:\/\/seal.transport-manager.net\/puck\/wp-content\/uploads\/sites\/55\/2022\/02\/volvo-7900-H-300x225.jpg 300w, https:\/\/seal.transport-manager.net\/puck\/wp-content\/uploads\/sites\/55\/2022\/02\/volvo-7900-H-768x576.jpg 768w, https:\/\/seal.transport-manager.net\/puck\/wp-content\/uploads\/sites\/55\/2022\/02\/volvo-7900-H.jpg 800w\" sizes=\"auto, (max-width: 300px) 100vw, 300px\" \/><\/p>\n<\/div>\n<\/div>\n\n\n\n<figure class=\"wp-block-table\"><table class=\"has-fixed-layout\"><tbody><tr><td>Agenouillement <\/td><td class=\"has-text-align-center\" data-align=\"center\"><span style=\"color:#27a64d\" class=\"has-inline-color\"><strong>Oui<\/strong><\/span><\/td><\/tr><tr><td>Emplacement UFR<\/td><td class=\"has-text-align-center\" data-align=\"center\"><strong><span style=\"color:#27a64d\" class=\"has-inline-color\">Oui<\/span><\/strong><\/td><\/tr><tr><td>Plateforme r\u00e9tractable <\/td><td class=\"has-text-align-center\" data-align=\"center\">\u00e9lectrique<\/td><\/tr><\/tbody><\/table><figcaption><strong>Options d&rsquo;usine<\/strong><\/figcaption><\/figure>\n\n\n\n<figure class=\"wp-block-table\"><table class=\"has-fixed-layout\"><tbody><tr><td>Climatisation<\/td><td class=\"has-text-align-center\" data-align=\"center\"><strong><mark style=\"background-color:var(--base-3);color:#03962d\" class=\"has-inline-color\">Oui<\/mark><\/strong><\/td><\/tr><tr><td>Portes<\/td><td class=\"has-text-align-center\" data-align=\"center\">2 pneumatiques<\/td><\/tr><tr><td>Pr\u00e9 c\u00e2blage self service <\/td><td class=\"has-text-align-center\" data-align=\"center\"><span class=\"has-inline-color has-vivid-red-color\"><strong>Non<\/strong><\/span><\/td><\/tr><tr><td>Vitre anti-agression<\/td><td class=\"has-text-align-center\" data-align=\"center\"><strong><mark style=\"background-color:var(--base-3);color:#0ca227\" class=\"has-inline-color\">Oui<\/mark><\/strong><\/td><\/tr><tr><td>Vitres teint\u00e9es<\/td><td class=\"has-text-align-center\" data-align=\"center\"><strong><mark style=\"background-color:var(--base-3);color:#02a029\" class=\"has-inline-color\">Oui<\/mark><\/strong><\/td><\/tr><tr><td>Baies basses<\/td><td class=\"has-text-align-center\" data-align=\"center\"><strong><span class=\"has-inline-color has-vivid-red-color\">Non<\/span><\/strong><\/td><\/tr><\/tbody><\/table><figcaption><strong>Option d&rsquo;atelier<\/strong><\/figcaption><\/figure>\n\n\n\n<figure class=\"wp-block-table\"><table class=\"has-fixed-layout\"><tbody><tr><td>Balise priorit\u00e9 feu<\/td><td class=\"has-text-align-center\" data-align=\"center\"><span class=\"has-inline-color has-vivid-red-color\"><strong>Non<\/strong><\/span><\/td><\/tr><tr><td>Bouton self-service<\/td><td class=\"has-text-align-center\" data-align=\"center\"><span class=\"has-inline-color has-vivid-red-color\"><strong>Non<\/strong><\/span><\/td><\/tr><tr><td>Bouton arr\u00eats demand\u00e9s suppl\u00e9mentaire<\/td><td class=\"has-text-align-center\" data-align=\"center\"><span class=\"has-inline-color has-vivid-red-color\"><strong>Non<\/strong><\/span><\/td><\/tr><tr><td>Cam\u00e9ra de vid\u00e9o-protection<\/td><td class=\"has-text-align-center\" data-align=\"center\"><span class=\"has-inline-color has-vivid-red-color\"><strong>Non<\/strong><\/span><\/td><\/tr><tr><td>Panneau pub arri\u00e8re<\/td><td class=\"has-text-align-center\" data-align=\"center\"><strong><mark style=\"background-color:var(--base-3);color:#fa0000\" class=\"has-inline-color\">Non<\/mark><\/strong><\/td><\/tr><tr><td>Panneau pub avant<\/td><td class=\"has-text-align-center\" data-align=\"center\"><strong><mark style=\"background-color:var(--base-3);color:#f80404\" class=\"has-inline-color\">Non<\/mark><\/strong><\/td><\/tr><tr><td>Panneau pub lat\u00e9ral<\/td><td class=\"has-text-align-center\" data-align=\"center\"><strong><mark style=\"background-color:var(--base-3);color:#fc0202\" class=\"has-inline-color\">Non<\/mark><\/strong><\/td><\/tr><tr><td>Ethylotest anti-d\u00e9marrage<\/td><td class=\"has-text-align-center\" data-align=\"center\"><span class=\"has-inline-color has-vivid-red-color\"><strong>Non<\/strong><\/span><\/td><\/tr><tr><td>Radio FM<\/td><td class=\"has-text-align-center\" data-align=\"center\"><span class=\"has-inline-color has-vivid-red-color\"><strong>Non<\/strong><\/span><\/td><\/tr><tr><td>Wifi<\/td><td class=\"has-text-align-center\" data-align=\"center\"><span class=\"has-inline-color has-vivid-red-color\"><strong>Non<\/strong><\/span><\/td><\/tr><\/tbody><\/table><figcaption><strong>Option SAIEV<\/strong><\/figcaption><\/figure>\n\n\n\n<figure class=\"wp-block-table\"><table class=\"has-fixed-layout\"><tbody><tr><td>Bandeau lumineux<\/td><td class=\"has-text-align-center\" data-align=\"center\"><span style=\"color:#27a64d\" class=\"has-inline-color\"><strong>Oui<\/strong><\/span><\/td><\/tr><tr><td>Ecran TFT<\/td><td class=\"has-text-align-center\" data-align=\"center\"><span class=\"has-inline-color has-vivid-red-color\"><strong>Non<\/strong><\/span><\/td><\/tr><tr><td>Haut-parleur<\/td><td class=\"has-text-align-center\" data-align=\"center\"><span style=\"color:#27a64d\" class=\"has-inline-color\"><strong>Oui<\/strong><\/span><\/td><\/tr><tr><td>Pupitre conducteur<\/td><td class=\"has-text-align-center\" data-align=\"center\"><span style=\"color:#27a64d\" class=\"has-inline-color\"><strong>Oui<\/strong><\/span><\/td><\/tr><tr><td>T\u00e9l\u00e9phone radio<\/td><td class=\"has-text-align-center\" data-align=\"center\"><strong><span style=\"color:#27a64d\" class=\"has-inline-color\">Oui<\/span><\/strong><\/td><\/tr><\/tbody><\/table><\/figure>\n","protected":false},"excerpt":{"rendered":"<p>7900 E Num\u00e9ro de parc 7900 H 01 Motorisation Nombre de places 91 Immatriculation Mise en service 29.03.2020 Derni\u00e8re r\u00e9vision aucune Prochain CT 17.10.2022 Etat en service Girouettes Billettique Agenouillement &#8230; <a title=\"Volvo 7900 E\" class=\"read-more\" href=\"https:\/\/seal.transport-manager.net\/puck\/volvo-7900-e\/\" aria-label=\"En savoir plus sur Volvo 7900 E\">Lire la suite<\/a><\/p>\n","protected":false},"author":55,"featured_media":0,"parent":0,"menu_order":0,"comment_status":"closed","ping_status":"closed","template":"","meta":{"footnotes":""},"class_list":["post-627","page","type-page","status-publish"],"_links":{"self":[{"href":"https:\/\/seal.transport-manager.net\/puck\/wp-json\/wp\/v2\/pages\/627","targetHints":{"allow":["GET"]}}],"collection":[{"href":"https:\/\/seal.transport-manager.net\/puck\/wp-json\/wp\/v2\/pages"}],"about":[{"href":"https:\/\/seal.transport-manager.net\/puck\/wp-json\/wp\/v2\/types\/page"}],"author":[{"embeddable":true,"href":"https:\/\/seal.transport-manager.net\/puck\/wp-json\/wp\/v2\/users\/55"}],"replies":[{"embeddable":true,"href":"https:\/\/seal.transport-manager.net\/puck\/wp-json\/wp\/v2\/comments?post=627"}],"version-history":[{"count":6,"href":"https:\/\/seal.transport-manager.net\/puck\/wp-json\/wp\/v2\/pages\/627\/revisions"}],"predecessor-version":[{"id":929,"href":"https:\/\/seal.transport-manager.net\/puck\/wp-json\/wp\/v2\/pages\/627\/revisions\/929"}],"wp:attachment":[{"href":"https:\/\/seal.transport-manager.net\/puck\/wp-json\/wp\/v2\/media?parent=627"}],"curies":[{"name":"wp","href":"https:\/\/api.w.org\/{rel}","templated":true}]}}