{"id":830,"date":"2022-03-27T20:16:45","date_gmt":"2022-03-27T18:16:45","guid":{"rendered":"https:\/\/seal.transport-manager.net\/puck\/?page_id=830"},"modified":"2023-10-24T22:04:13","modified_gmt":"2023-10-24T20:04:13","slug":"bhns","status":"publish","type":"page","link":"https:\/\/seal.transport-manager.net\/puck\/bhns\/","title":{"rendered":"BHNS"},"content":{"rendered":"\n<p>Les bus BHNS pour bus \u00e0 haut niveaux de service assurent les lignes les plus fr\u00e9quent\u00e9es du r\u00e9seau.  <\/p>\n\n\n<h5 style=\"text-align: center\"><strong><span style=\"color: #0000ff\">Les standards hybrides\u00a0<\/span><\/strong><\/h5>\n<p>Iveco Cr\u00e9alis 12 MH\u00a0<br \/>Van Hool New A330 BHNS<\/p>\n<h5 style=\"text-align: center\"><strong><span style=\"color: #0000ff\">Les standards \u00e9lectriques<\/span><\/strong><\/h5>\n<p>Heuliez GX 337 LINIUM E<br \/>Irizar leTram 12<\/p>\n<h5 style=\"text-align: center\"><strong><span style=\"color: #0000ff\">Les standards GNV<\/span><\/strong><\/h5>\n<p>Iveco Urbanway 12 BHNS GNC MH<\/p>\n<h5 style=\"text-align: center\"><strong><span style=\"color: #0000ff\">Les articul\u00e9s hybrides\u00a0<\/span><\/strong><\/h5>\n<p>Van Hool Exqui City 18\u00a0<\/p>\n<h5 style=\"text-align: center\"><strong><span style=\"color: #0000ff\">Les articul\u00e9s \u00e9lectriques\u00a0<\/span><\/strong><\/h5>\n<p>Hess LighTram 25 TOSA<br \/>Heuliez GX 447 LINIUM E\u00a0<br \/>Van Hool Exqui city 24 E<\/p>\n\n<h5 style=\"text-align: center\"><strong><span style=\"color: #0000ff\">Les articul\u00e9s GNV<\/span><\/strong><\/h5>\n\n<p>Iveco Cr\u00e9alis 18 GNV\u00a0<br \/>Van Hool Exqui City 18 GNV\u00a0<\/p>","protected":false},"excerpt":{"rendered":"<p>Les bus BHNS pour bus \u00e0 haut niveaux de service assurent les lignes les plus fr\u00e9quent\u00e9es du r\u00e9seau. Les standards hybrides\u00a0 Iveco Cr\u00e9alis 12 MH\u00a0Van Hool New A330 BHNS Les &#8230; <a title=\"BHNS\" class=\"read-more\" href=\"https:\/\/seal.transport-manager.net\/puck\/bhns\/\" aria-label=\"En savoir plus sur BHNS\">Lire la suite<\/a><\/p>\n","protected":false},"author":55,"featured_media":0,"parent":0,"menu_order":0,"comment_status":"closed","ping_status":"closed","template":"","meta":{"footnotes":""},"class_list":["post-830","page","type-page","status-publish"],"_links":{"self":[{"href":"https:\/\/seal.transport-manager.net\/puck\/wp-json\/wp\/v2\/pages\/830","targetHints":{"allow":["GET"]}}],"collection":[{"href":"https:\/\/seal.transport-manager.net\/puck\/wp-json\/wp\/v2\/pages"}],"about":[{"href":"https:\/\/seal.transport-manager.net\/puck\/wp-json\/wp\/v2\/types\/page"}],"author":[{"embeddable":true,"href":"https:\/\/seal.transport-manager.net\/puck\/wp-json\/wp\/v2\/users\/55"}],"replies":[{"embeddable":true,"href":"https:\/\/seal.transport-manager.net\/puck\/wp-json\/wp\/v2\/comments?post=830"}],"version-history":[{"count":5,"href":"https:\/\/seal.transport-manager.net\/puck\/wp-json\/wp\/v2\/pages\/830\/revisions"}],"predecessor-version":[{"id":1489,"href":"https:\/\/seal.transport-manager.net\/puck\/wp-json\/wp\/v2\/pages\/830\/revisions\/1489"}],"wp:attachment":[{"href":"https:\/\/seal.transport-manager.net\/puck\/wp-json\/wp\/v2\/media?parent=830"}],"curies":[{"name":"wp","href":"https:\/\/api.w.org\/{rel}","templated":true}]}}