{"id":88,"date":"2021-08-01T09:28:33","date_gmt":"2021-08-01T07:28:33","guid":{"rendered":"https:\/\/seal.transport-manager.net\/puck\/?page_id=88"},"modified":"2024-10-24T21:01:09","modified_gmt":"2024-10-24T19:01:09","slug":"minidus","status":"publish","type":"page","link":"https:\/\/seal.transport-manager.net\/puck\/minidus\/","title":{"rendered":"Midibus"},"content":{"rendered":"<p>Dans cette page se trouve une vue d&rsquo;ensemble des midibus dans le parc de notre entreprise. Pour ce type de v\u00e9hicule la priorit\u00e9 est aux \u00e9nergies \u00e9cologiques.<\/p>\n<h4 style=\"text-align: center\"><span style=\"color: #0000ff\"><strong>Les midibus hybrides<\/strong><\/span><\/h4>\n<p>Aucun actuellement<\/p>\n<h4 style=\"text-align: center\"><span style=\"color: #0000ff\"><strong>Les midibus GNV\u00a0<\/strong><\/span><\/h4>\n<p>Iveco Urbanway 10 GNC MH<br \/>\nScania Citywide LF II 10.9<\/p>\n<h4 style=\"text-align: center\"><span style=\"color: #0000ff\"><strong>Les midibus \u00e9lectriques<\/strong><\/span><\/h4>\n<p>Hess LighTram 10 Plug<br \/>\nHeuliez GX 137\u00a0<a href=\"https:\/\/seal.transport-manager.net\/puck\/les-midibus-heuliez\/\">page <\/a><\/p>\n","protected":false},"excerpt":{"rendered":"<p>Dans cette page se trouve une vue d&rsquo;ensemble des midibus dans le parc de notre entreprise. Pour ce type de v\u00e9hicule la priorit\u00e9 est aux \u00e9nergies \u00e9cologiques. Les midibus hybrides &#8230; <a title=\"Midibus\" class=\"read-more\" href=\"https:\/\/seal.transport-manager.net\/puck\/minidus\/\" aria-label=\"En savoir plus sur Midibus\">Lire la suite<\/a><\/p>\n","protected":false},"author":55,"featured_media":0,"parent":0,"menu_order":0,"comment_status":"closed","ping_status":"closed","template":"","meta":{"footnotes":""},"class_list":["post-88","page","type-page","status-publish"],"_links":{"self":[{"href":"https:\/\/seal.transport-manager.net\/puck\/wp-json\/wp\/v2\/pages\/88","targetHints":{"allow":["GET"]}}],"collection":[{"href":"https:\/\/seal.transport-manager.net\/puck\/wp-json\/wp\/v2\/pages"}],"about":[{"href":"https:\/\/seal.transport-manager.net\/puck\/wp-json\/wp\/v2\/types\/page"}],"author":[{"embeddable":true,"href":"https:\/\/seal.transport-manager.net\/puck\/wp-json\/wp\/v2\/users\/55"}],"replies":[{"embeddable":true,"href":"https:\/\/seal.transport-manager.net\/puck\/wp-json\/wp\/v2\/comments?post=88"}],"version-history":[{"count":26,"href":"https:\/\/seal.transport-manager.net\/puck\/wp-json\/wp\/v2\/pages\/88\/revisions"}],"predecessor-version":[{"id":1699,"href":"https:\/\/seal.transport-manager.net\/puck\/wp-json\/wp\/v2\/pages\/88\/revisions\/1699"}],"wp:attachment":[{"href":"https:\/\/seal.transport-manager.net\/puck\/wp-json\/wp\/v2\/media?parent=88"}],"curies":[{"name":"wp","href":"https:\/\/api.w.org\/{rel}","templated":true}]}}