{"id":90,"date":"2021-08-01T09:28:46","date_gmt":"2021-08-01T07:28:46","guid":{"rendered":"https:\/\/seal.transport-manager.net\/puck\/?page_id=90"},"modified":"2024-10-24T21:25:49","modified_gmt":"2024-10-24T19:25:49","slug":"minibus","status":"publish","type":"page","link":"https:\/\/seal.transport-manager.net\/puck\/minibus\/","title":{"rendered":"Minibus"},"content":{"rendered":"\n<p><\/p>\n\n\n\n<p>Nos minibus sont tous \u00e9quip\u00e9s pour les voyageurs \u00e0 mobilit\u00e9 r\u00e9duite. Ils sont affect\u00e9s essentiellement pour le service transport \u00e0 la demande ou sur des lignes secondaires du r\u00e9seau urbain. <\/p>\n\n\n<h4>\u00a0<\/h4>\n<h4 style=\"text-align: center\"><span style=\"color: #0000ff\"><strong>Les minibus diesel<\/strong><\/span><\/h4>\n<p>Iveco Daily City<br \/>Mercedes Sprinter 45\u00a0<a href=\"https:\/\/seal.transport-manager.net\/puck\/mercedes-sprinter-city-45\/\">page<\/a><br \/>Renault Durisotti Novibus\u00a0<a href=\"https:\/\/seal.transport-manager.net\/puck\/renault-durisotti-novibus\/\">page<\/a><br \/>VDL MIdCity\u00a0<a href=\"https:\/\/seal.transport-manager.net\/puck\/vdl-midcity\/\">page<\/a><\/p>\n<h4 style=\"text-align: center\"><span style=\"color: #0000ff\"><strong>Les minibus hybrides<\/strong><\/span><\/h4>\n<p>aucun actuellement<\/p>\n<h4 style=\"text-align: center\"><span style=\"color: #0000ff\"><strong>Les minibus GNV<\/strong><\/span><\/h4>\n<p>Iveco Daily City<\/p>\n<h4 style=\"text-align: center\"><span style=\"color: #0000ff\"><strong>Les minibus \u00e9lectriques<\/strong><\/span><\/h4>\n<p>Bollor\u00e9e Bluebus 6<br \/>MAN eTGE City<br \/>VDL MIdCity Electric<\/p>\n\n\n<p><\/p>\n\n\n\n<p><\/p>\n","protected":false},"excerpt":{"rendered":"<p>Nos minibus sont tous \u00e9quip\u00e9s pour les voyageurs \u00e0 mobilit\u00e9 r\u00e9duite. Ils sont affect\u00e9s essentiellement pour le service transport \u00e0 la demande ou sur des lignes secondaires du r\u00e9seau urbain. &#8230; <a title=\"Minibus\" class=\"read-more\" href=\"https:\/\/seal.transport-manager.net\/puck\/minibus\/\" aria-label=\"En savoir plus sur Minibus\">Lire la suite<\/a><\/p>\n","protected":false},"author":55,"featured_media":0,"parent":0,"menu_order":0,"comment_status":"closed","ping_status":"closed","template":"","meta":{"footnotes":""},"class_list":["post-90","page","type-page","status-publish"],"_links":{"self":[{"href":"https:\/\/seal.transport-manager.net\/puck\/wp-json\/wp\/v2\/pages\/90","targetHints":{"allow":["GET"]}}],"collection":[{"href":"https:\/\/seal.transport-manager.net\/puck\/wp-json\/wp\/v2\/pages"}],"about":[{"href":"https:\/\/seal.transport-manager.net\/puck\/wp-json\/wp\/v2\/types\/page"}],"author":[{"embeddable":true,"href":"https:\/\/seal.transport-manager.net\/puck\/wp-json\/wp\/v2\/users\/55"}],"replies":[{"embeddable":true,"href":"https:\/\/seal.transport-manager.net\/puck\/wp-json\/wp\/v2\/comments?post=90"}],"version-history":[{"count":17,"href":"https:\/\/seal.transport-manager.net\/puck\/wp-json\/wp\/v2\/pages\/90\/revisions"}],"predecessor-version":[{"id":1708,"href":"https:\/\/seal.transport-manager.net\/puck\/wp-json\/wp\/v2\/pages\/90\/revisions\/1708"}],"wp:attachment":[{"href":"https:\/\/seal.transport-manager.net\/puck\/wp-json\/wp\/v2\/media?parent=90"}],"curies":[{"name":"wp","href":"https:\/\/api.w.org\/{rel}","templated":true}]}}