{"id":92,"date":"2021-08-01T09:29:23","date_gmt":"2021-08-01T07:29:23","guid":{"rendered":"https:\/\/seal.transport-manager.net\/puck\/?page_id=92"},"modified":"2024-03-10T22:34:44","modified_gmt":"2024-03-10T21:34:44","slug":"standard","status":"publish","type":"page","link":"https:\/\/seal.transport-manager.net\/puck\/standard\/","title":{"rendered":"Standard"},"content":{"rendered":"\n<div class=\"wp-block-columns is-layout-flex wp-container-core-columns-is-layout-9d6595d7 wp-block-columns-is-layout-flex\">\n<div class=\"wp-block-column is-layout-flow wp-block-column-is-layout-flow\" style=\"flex-basis:25%\"><\/div>\n\n\n\n<div class=\"wp-block-column is-layout-flow wp-block-column-is-layout-flow\" style=\"flex-basis:50%\">\n<p><img loading=\"lazy\" decoding=\"async\" class=\"alignnone size-medium wp-image-1415\" src=\"https:\/\/seal.transport-manager.net\/puck\/wp-content\/uploads\/sites\/55\/2023\/06\/Runway-2023-05-28T19_29_12.876Z-Image-Variation-300x88.jpg\" alt=\"\" width=\"300\" height=\"88\" srcset=\"https:\/\/seal.transport-manager.net\/puck\/wp-content\/uploads\/sites\/55\/2023\/06\/Runway-2023-05-28T19_29_12.876Z-Image-Variation-300x88.jpg 300w, https:\/\/seal.transport-manager.net\/puck\/wp-content\/uploads\/sites\/55\/2023\/06\/Runway-2023-05-28T19_29_12.876Z-Image-Variation.jpg 620w\" sizes=\"auto, (max-width: 300px) 100vw, 300px\" \/><\/p>\n<\/div>\n\n\n\n<div class=\"wp-block-column is-layout-flow wp-block-column-is-layout-flow\" style=\"flex-basis:25%\"><\/div>\n<\/div>\n\n\n<p>Nos standard ont plusieurs motorisations diesel, hybride ou \u00e9lectrique. Une grande partie viennent du constructeur Scania avec diff\u00e9rentes variante du mod\u00e8le Citywide.<\/p>\n<h4 style=\"text-align: center\"><span style=\"color: #000080\"><strong>Les standards diesels<\/strong><\/span><\/h4>\n<p>Heuliez GX 107<br \/>Heuliez GX 337 <strong><span style=\"color: #ff0000\">VENDU<\/span><\/strong><br \/>Heuliez GX 317<strong><span style=\"color: #ff0000\"> VENDU<\/span><\/strong><br \/>MAN Lion&rsquo;s City 12<br \/>Van Hool New A330<\/p>\n<h4 style=\"text-align: center\"><span style=\"color: #000080\"><strong>Les standards hybrides\u00a0<\/strong><\/span><\/h4>\n<p>Irisbus Citelis hybride <strong><span style=\"color: #ff0000\">VENDU<\/span><\/strong><br \/>Iveco Urbanway 12<br \/>MAN Lion&rsquo;s City 12<br \/>Mercedes Citaro C2<br \/>Scania Citywide 12<br \/>Solaris Urbino 12 IV<br \/>Van Hool New A 330<br \/>Van Hool New A 360<br \/>Volvo 7900 hybrid<\/p>\n<h4 style=\"text-align: center\"><span style=\"color: #000080\"><strong>Les standards \u00e9lectriques<\/strong><\/span><\/h4>\n<p>Irizar Le bus 12<br \/>Hess LighTram 12 Plug <a href=\"https:\/\/seal.transport-manager.net\/puck\/hess-lightram-12-plug\/\">page bus<\/a><br \/>Heuliez GX 337\u00a0<br \/>Mercredes eCitaro\u00a0<br \/>Scania Citywide 12 E<br \/>Solaris Urbino 12 III E<br \/>Volvo 7900 E<\/p>\n<h4 style=\"text-align: center\"><strong><span style=\"color: #000080\">Les standards au GNV<\/span><\/strong><\/h4>\n<p>Iveco Crealis 12 GNC MH<br \/>MAN Lion&rsquo;s City C<\/p>","protected":false},"excerpt":{"rendered":"<p>Nos standard ont plusieurs motorisations diesel, hybride ou \u00e9lectrique. Une grande partie viennent du constructeur Scania avec diff\u00e9rentes variante du mod\u00e8le Citywide. Les standards diesels Heuliez GX 107Heuliez GX 337 &#8230; <a title=\"Standard\" class=\"read-more\" href=\"https:\/\/seal.transport-manager.net\/puck\/standard\/\" aria-label=\"En savoir plus sur Standard\">Lire la suite<\/a><\/p>\n","protected":false},"author":55,"featured_media":0,"parent":0,"menu_order":0,"comment_status":"closed","ping_status":"closed","template":"","meta":{"footnotes":""},"class_list":["post-92","page","type-page","status-publish"],"_links":{"self":[{"href":"https:\/\/seal.transport-manager.net\/puck\/wp-json\/wp\/v2\/pages\/92","targetHints":{"allow":["GET"]}}],"collection":[{"href":"https:\/\/seal.transport-manager.net\/puck\/wp-json\/wp\/v2\/pages"}],"about":[{"href":"https:\/\/seal.transport-manager.net\/puck\/wp-json\/wp\/v2\/types\/page"}],"author":[{"embeddable":true,"href":"https:\/\/seal.transport-manager.net\/puck\/wp-json\/wp\/v2\/users\/55"}],"replies":[{"embeddable":true,"href":"https:\/\/seal.transport-manager.net\/puck\/wp-json\/wp\/v2\/comments?post=92"}],"version-history":[{"count":16,"href":"https:\/\/seal.transport-manager.net\/puck\/wp-json\/wp\/v2\/pages\/92\/revisions"}],"predecessor-version":[{"id":1567,"href":"https:\/\/seal.transport-manager.net\/puck\/wp-json\/wp\/v2\/pages\/92\/revisions\/1567"}],"wp:attachment":[{"href":"https:\/\/seal.transport-manager.net\/puck\/wp-json\/wp\/v2\/media?parent=92"}],"curies":[{"name":"wp","href":"https:\/\/api.w.org\/{rel}","templated":true}]}}