{"id":94,"date":"2021-08-01T09:29:40","date_gmt":"2021-08-01T07:29:40","guid":{"rendered":"https:\/\/seal.transport-manager.net\/puck\/?page_id=94"},"modified":"2023-12-30T21:16:27","modified_gmt":"2023-12-30T20:16:27","slug":"articule","status":"publish","type":"page","link":"https:\/\/seal.transport-manager.net\/puck\/articule\/","title":{"rendered":"Articul\u00e9"},"content":{"rendered":"\n<p><\/p>\n\n\n\n<div class=\"wp-block-columns is-layout-flex wp-container-core-columns-is-layout-9d6595d7 wp-block-columns-is-layout-flex\">\n<div class=\"wp-block-column is-layout-flow wp-block-column-is-layout-flow\"><\/div>\n\n\n\n<div class=\"wp-block-column is-layout-flow wp-block-column-is-layout-flow\">\n<p><img loading=\"lazy\" decoding=\"async\" class=\"alignnone size-medium wp-image-1479\" src=\"https:\/\/seal.transport-manager.net\/puck\/wp-content\/uploads\/sites\/55\/2023\/10\/Runway-2023-05-28T19_32_32.905Z-Image-Variation-300x66.jpg\" alt=\"\" width=\"300\" height=\"66\" srcset=\"https:\/\/seal.transport-manager.net\/puck\/wp-content\/uploads\/sites\/55\/2023\/10\/Runway-2023-05-28T19_32_32.905Z-Image-Variation-300x66.jpg 300w, https:\/\/seal.transport-manager.net\/puck\/wp-content\/uploads\/sites\/55\/2023\/10\/Runway-2023-05-28T19_32_32.905Z-Image-Variation.jpg 709w\" sizes=\"auto, (max-width: 300px) 100vw, 300px\" \/><\/p>\n<\/div>\n\n\n\n<div class=\"wp-block-column is-layout-flow wp-block-column-is-layout-flow\"><\/div>\n<\/div>\n\n\n<p>Nos articul\u00e9s sont essentiellement en motorisation hybride. Quelques mod\u00e8les \u00e9letrique\u00a0 et GNV compl\u00e8tent notre offre de v\u00e9hicule.<\/p>\n<h5 style=\"text-align: center\"><span style=\"color: #0000ff\"><strong>Les<\/strong><\/span><span style=\"color: #0000ff\"><strong> articul\u00e9s diesel<\/strong><\/span><\/h5>\n<p>Aucun actuellement dans notre parc<\/p>\n<h5 style=\"text-align: center\"><strong><span style=\"color: #0000ff\">Les articul\u00e9s hybrides<\/span><\/strong><\/h5>\n<p>Iveco Urbanway 18 <br \/>Mercedes Citaro G C2\u00a0<br \/>Solaris Urbino 18 IV <br \/>Van Hool New AG 300 <br \/>Volvo 7900 A<\/p>\n<p style=\"text-align: center\"><strong><span style=\"color: #0000ff\">Les articul\u00e9s GNV<\/span><\/strong><\/p>\n<p>Iveco Urbanway 18 GNC MH\u00a0<\/p>\n<h5 style=\"text-align: center\"><strong><span style=\"color: #0000ff\">Les articul\u00e9s \u00e9lectriques<\/span><\/strong>\u00a0<\/h5>\n<p>Heuliez GX 437 ELEC<br \/>Mercedes eCitaro G<\/p>","protected":false},"excerpt":{"rendered":"<p>Nos articul\u00e9s sont essentiellement en motorisation hybride. Quelques mod\u00e8les \u00e9letrique\u00a0 et GNV compl\u00e8tent notre offre de v\u00e9hicule. Les articul\u00e9s diesel Aucun actuellement dans notre parc Les articul\u00e9s hybrides Iveco Urbanway &#8230; <a title=\"Articul\u00e9\" class=\"read-more\" href=\"https:\/\/seal.transport-manager.net\/puck\/articule\/\" aria-label=\"En savoir plus sur Articul\u00e9\">Lire la suite<\/a><\/p>\n","protected":false},"author":55,"featured_media":0,"parent":0,"menu_order":0,"comment_status":"closed","ping_status":"closed","template":"","meta":{"footnotes":""},"class_list":["post-94","page","type-page","status-publish"],"_links":{"self":[{"href":"https:\/\/seal.transport-manager.net\/puck\/wp-json\/wp\/v2\/pages\/94","targetHints":{"allow":["GET"]}}],"collection":[{"href":"https:\/\/seal.transport-manager.net\/puck\/wp-json\/wp\/v2\/pages"}],"about":[{"href":"https:\/\/seal.transport-manager.net\/puck\/wp-json\/wp\/v2\/types\/page"}],"author":[{"embeddable":true,"href":"https:\/\/seal.transport-manager.net\/puck\/wp-json\/wp\/v2\/users\/55"}],"replies":[{"embeddable":true,"href":"https:\/\/seal.transport-manager.net\/puck\/wp-json\/wp\/v2\/comments?post=94"}],"version-history":[{"count":8,"href":"https:\/\/seal.transport-manager.net\/puck\/wp-json\/wp\/v2\/pages\/94\/revisions"}],"predecessor-version":[{"id":1553,"href":"https:\/\/seal.transport-manager.net\/puck\/wp-json\/wp\/v2\/pages\/94\/revisions\/1553"}],"wp:attachment":[{"href":"https:\/\/seal.transport-manager.net\/puck\/wp-json\/wp\/v2\/media?parent=94"}],"curies":[{"name":"wp","href":"https:\/\/api.w.org\/{rel}","templated":true}]}}