{"id":114,"date":"2026-02-16T18:21:56","date_gmt":"2026-02-16T17:21:56","guid":{"rendered":"https:\/\/seal.transport-manager.net\/puygront\/?page_id=114"},"modified":"2026-02-16T18:21:56","modified_gmt":"2026-02-16T17:21:56","slug":"nos-collaborateurs","status":"publish","type":"page","link":"https:\/\/seal.transport-manager.net\/puygront\/nos-collaborateurs\/","title":{"rendered":"Nos collaborateurs"},"content":{"rendered":"\n<p>Depuis sa cr\u00e9ation, le 1er janvier 2026, la R\u00e9gie qui exploite le r\u00e9seau de Belazur-les-Oliviers compte :<\/p>\n\n\n\n<ul class=\"wp-block-list\">\n<li>45 conducteurs receveurs<\/li>\n\n\n\n<li>4 m\u00e9caniciens<\/li>\n\n\n\n<li>3 commerciaux<\/li>\n<\/ul>\n\n\n\n<p>Le recrutement est r\u00e9gulier. A temps plein, partiel, ou alors pour des missions ponctuels, nous avons besoin de talents pour offrir le meilleur service possible aux usagers. Rendez-vous directement au 54 rue de la R\u00e9publique \u00e0 belazur-les-Oliviers pour d\u00e9poser votre CV. Le service RH reprendra alors contact avec vous pour convenir d&rsquo;un rendez-vous.<\/p>\n\n\n\n<p class=\"has-vivid-cyan-blue-color has-text-color has-link-color wp-elements-b26ff66360ca90a1a480bb96444ed42c\"><strong><span style=\"text-decoration: underline\">Processus de recrutement du personnel de conduite en CDD et CDI :<\/span><\/strong><\/p>\n\n\n\n<ul class=\"wp-block-list\">\n<li><strong><em>Etape 1<\/em><\/strong> : Etude de votre CV<\/li>\n\n\n\n<li><strong><em>Etape 2<\/em><\/strong> : RDV avec le service RH<\/li>\n\n\n\n<li><strong><em>Etape 3<\/em><\/strong> : RDV avec le service Exploitation<\/li>\n\n\n\n<li><strong><em>Etape 4<\/em><\/strong> : Test de conduite<\/li>\n\n\n\n<li><strong><em>Etape 5<\/em><\/strong> : Visite m\u00e9dicale d&rsquo;aptitude<\/li>\n\n\n\n<li><strong><em>Etape 6<\/em><\/strong> : Journ\u00e9e d&rsquo;accueil et signature de votre contrat<\/li>\n<\/ul>\n","protected":false},"excerpt":{"rendered":"<p class=\"text-justify mb-2\" >Depuis sa cr\u00e9ation, le 1er janvier 2026, la R\u00e9gie qui exploite le r\u00e9seau de Belazur-les-Oliviers compte : Le recrutement est [&hellip;]<\/p>\n","protected":false},"author":705,"featured_media":0,"parent":0,"menu_order":0,"comment_status":"closed","ping_status":"closed","template":"","meta":{"footnotes":""},"class_list":["post-114","page","type-page","status-publish","hentry"],"_links":{"self":[{"href":"https:\/\/seal.transport-manager.net\/puygront\/wp-json\/wp\/v2\/pages\/114","targetHints":{"allow":["GET"]}}],"collection":[{"href":"https:\/\/seal.transport-manager.net\/puygront\/wp-json\/wp\/v2\/pages"}],"about":[{"href":"https:\/\/seal.transport-manager.net\/puygront\/wp-json\/wp\/v2\/types\/page"}],"author":[{"embeddable":true,"href":"https:\/\/seal.transport-manager.net\/puygront\/wp-json\/wp\/v2\/users\/705"}],"replies":[{"embeddable":true,"href":"https:\/\/seal.transport-manager.net\/puygront\/wp-json\/wp\/v2\/comments?post=114"}],"version-history":[{"count":1,"href":"https:\/\/seal.transport-manager.net\/puygront\/wp-json\/wp\/v2\/pages\/114\/revisions"}],"predecessor-version":[{"id":115,"href":"https:\/\/seal.transport-manager.net\/puygront\/wp-json\/wp\/v2\/pages\/114\/revisions\/115"}],"wp:attachment":[{"href":"https:\/\/seal.transport-manager.net\/puygront\/wp-json\/wp\/v2\/media?parent=114"}],"curies":[{"name":"wp","href":"https:\/\/api.w.org\/{rel}","templated":true}]}}