{"id":154,"date":"2023-10-24T01:51:42","date_gmt":"2023-10-24T01:51:42","guid":{"rendered":"https:\/\/seal.transport-manager.net\/retho\/?page_id=154"},"modified":"2025-02-14T08:07:38","modified_gmt":"2025-02-14T08:07:38","slug":"infos-trafics","status":"publish","type":"page","link":"https:\/\/seal.transport-manager.net\/retho\/infos-trafics\/","title":{"rendered":"Nos infos Trafics"},"content":{"rendered":"\n<h1 class=\"wp-block-heading has-text-align-center\"><em><strong>Circulations actuelles de vos lignes (infos Twitter) :<\/strong><\/em><\/h1>\n\n\n\n<figure class=\"wp-block-embed is-type-rich is-provider-twitter wp-block-embed-twitter\"><div class=\"wp-block-embed__wrapper\">\n<div class='embed-container'><a class=\"twitter-timeline\" data-width=\"1200\" data-height=\"1000\" data-dnt=\"true\" href=\"https:\/\/twitter.com\/reseau_citaneo?ref_src=twsrc%5Etfw\">Tweets by reseau_citaneo<\/a><script async src=\"https:\/\/platform.twitter.com\/widgets.js\" charset=\"utf-8\"><\/script><\/div>\n<\/div><\/figure>\n\n\n\n<hr class=\"wp-block-separator has-alpha-channel-opacity\" \/>\n\n\n\n<hr class=\"wp-block-separator has-alpha-channel-opacity\" \/>\n\n\n\n<hr class=\"wp-block-separator has-alpha-channel-opacity\" \/>\n\n\n\n<hr class=\"wp-block-separator has-alpha-channel-opacity\" \/>\n\n\n\n<hr class=\"wp-block-separator has-alpha-channel-opacity\" \/>\n\n\n\n<hr class=\"wp-block-separator has-alpha-channel-opacity\" \/>\n\n\n\n<hr class=\"wp-block-separator has-alpha-channel-opacity\" \/>\n\n\n<div  class=\"tribe-compatibility-container\" >\n\t<div\n\t\t class=\"tribe-common tribe-events tribe-events-view tribe-events-view--widget-events-list tribe-events-widget\" \t\tdata-js=\"tribe-events-view\"\n\t\tdata-view-rest-url=\"https:\/\/seal.transport-manager.net\/retho\/wp-json\/tribe\/views\/v2\/html\"\n\t\tdata-view-manage-url=\"1\"\n\t\t\t\t\t\t\tdata-view-breakpoint-pointer=\"bed9a608-88f6-4913-930a-97ba65258b04\"\n\t\t\t>\n\t\t<div class=\"tribe-events-widget-events-list\">\n\n\t\t\t\n\t\t\t<script data-js=\"tribe-events-view-data\" type=\"application\/json\">\n\t{\"slug\":\"widget-events-list\",\"prev_url\":\"\",\"next_url\":\"\",\"view_class\":\"Tribe\\\\Events\\\\Views\\\\V2\\\\Views\\\\Widgets\\\\Widget_List_View\",\"view_slug\":\"widget-events-list\",\"view_label\":\"View\",\"view\":null,\"should_manage_url\":true,\"id\":null,\"alias-slugs\":null,\"title\":\"Prochains \\u00c9v\\u00e8nements \\u2013 Cita'n\\u00e9o\",\"limit\":\"5\",\"no_upcoming_events\":false,\"featured_events_only\":false,\"jsonld_enable\":false,\"tribe_is_list_widget\":false,\"admin_fields\":{\"title\":{\"label\":\"Titre\\u00a0:\",\"type\":\"text\",\"parent_classes\":\"\",\"classes\":\"\",\"dependency\":\"\",\"id\":\"widget-tribe-widget-events-list--1-title\",\"name\":\"widget-tribe-widget-events-list[-1][title]\",\"options\":[],\"placeholder\":\"\",\"value\":null},\"limit\":{\"label\":\"Afficher\\u00a0:\",\"type\":\"number\",\"default\":5,\"min\":1,\"max\":10,\"step\":1,\"parent_classes\":\"\",\"classes\":\"\",\"dependency\":\"\",\"id\":\"widget-tribe-widget-events-list--1-limit\",\"name\":\"widget-tribe-widget-events-list[-1][limit]\",\"options\":[],\"placeholder\":\"\",\"value\":null},\"no_upcoming_events\":{\"label\":\"Cacher ce widget s\\u2019il n\\u2019y a pas d\\u2019\\u00e9v\\u00e8nements \\u00e0 venir.\",\"type\":\"checkbox\",\"parent_classes\":\"\",\"classes\":\"\",\"dependency\":\"\",\"id\":\"widget-tribe-widget-events-list--1-no_upcoming_events\",\"name\":\"widget-tribe-widget-events-list[-1][no_upcoming_events]\",\"options\":[],\"placeholder\":\"\",\"value\":null},\"featured_events_only\":{\"label\":\"Limiter uniquement pour les \\u00e9v\\u00e8nements mis en avant\",\"type\":\"checkbox\",\"parent_classes\":\"\",\"classes\":\"\",\"dependency\":\"\",\"id\":\"widget-tribe-widget-events-list--1-featured_events_only\",\"name\":\"widget-tribe-widget-events-list[-1][featured_events_only]\",\"options\":[],\"placeholder\":\"\",\"value\":null},\"jsonld_enable\":{\"label\":\"G\\u00e9n\\u00e9rer les donn\\u00e9es JSON-LD\",\"type\":\"checkbox\",\"parent_classes\":\"\",\"classes\":\"\",\"dependency\":\"\",\"id\":\"widget-tribe-widget-events-list--1-jsonld_enable\",\"name\":\"widget-tribe-widget-events-list[-1][jsonld_enable]\",\"options\":[],\"placeholder\":\"\",\"value\":null}},\"events\":[],\"url\":\"https:\\\/\\\/seal.transport-manager.net\\\/retho\\\/?post_type=tribe_events&eventDisplay=widget-events-list\",\"url_event_date\":false,\"bar\":{\"keyword\":\"\",\"date\":\"\"},\"today\":\"2026-05-01 00:00:00\",\"now\":\"2026-05-01 18:18:32\",\"home_url\":\"https:\\\/\\\/seal.transport-manager.net\\\/retho\",\"rest_url\":\"https:\\\/\\\/seal.transport-manager.net\\\/retho\\\/wp-json\\\/tribe\\\/views\\\/v2\\\/html\",\"rest_method\":\"GET\",\"rest_nonce\":\"\",\"today_url\":\"https:\\\/\\\/seal.transport-manager.net\\\/retho\\\/?post_type=tribe_events&eventDisplay=widget-events-list&rest_route=%2Fwp%2Fv2%2Fpages%2F154\",\"today_title\":\"Cliquer pour s\\u00e9lectionner la date du jour\",\"today_label\":\"Aujourd\\u2019hui\",\"prev_label\":\"\",\"next_label\":\"\",\"date_formats\":{\"compact\":\"n\\\/j\\\/Y\",\"month_and_year_compact\":\"n\\\/Y\",\"month_and_year\":\"F Y\",\"time_range_separator\":\" - \",\"date_time_separator\":\" @ \"},\"messages\":{\"notice\":[\"Il n\\u2019y a pas d\\u2019\\u00e9v\\u00e8nements \\u00e0 venir.\"]},\"start_of_week\":\"1\",\"header_title\":\"\",\"header_title_element\":\"h1\",\"content_title\":\"\",\"show_content_title\":false,\"breadcrumbs\":[],\"backlink\":false,\"before_events\":\"<p>Un \\u00e9v\\u00e8nement est en cours sur notre r\\u00e9seau, voici les informations compl\\u00e9mentaires :<\\\/p>\\n\",\"after_events\":\"<p>Nous vous remercions de votre compr\\u00e9hension,<\\\/p>\\n<p><em>EuroVia Transport Listenbourg<\\\/em><\\\/p>\\n\\n<!--\\nThis calendar is powered by The Events Calendar.\\nhttp:\\\/\\\/evnt.is\\\/18wn\\n-->\\n\",\"display_events_bar\":false,\"disable_event_search\":false,\"live_refresh\":true,\"ical\":{\"display_link\":true,\"link\":{\"url\":\"https:\\\/\\\/seal.transport-manager.net\\\/retho\\\/?post_type=tribe_events&#038;eventDisplay=widget-events-list&#038;ical=1\",\"text\":\"Exporter \\u00c9v\\u00e8nements\",\"title\":\"Utilisez ceci pour partager les donn\\u00e9es de calendrier avec Google Calendar, Apple iCal et d\\u2019autres applications compatibles\"}},\"container_classes\":[\"tribe-common\",\"tribe-events\",\"tribe-events-view\",\"tribe-events-view--widget-events-list\",\"tribe-events-widget\"],\"container_data\":[],\"is_past\":false,\"breakpoints\":{\"xsmall\":500,\"medium\":768,\"full\":960},\"breakpoint_pointer\":\"bed9a608-88f6-4913-930a-97ba65258b04\",\"is_initial_load\":false,\"public_views\":{\"list\":{\"view_class\":\"Tribe\\\\Events\\\\Views\\\\V2\\\\Views\\\\List_View\",\"view_url\":\"https:\\\/\\\/seal.transport-manager.net\\\/retho\\\/info-trafic\\\/liste\\\/\",\"view_label\":\"Liste\",\"aria_label\":\"Display \\u00c9v\\u00e8nements in Liste View\"},\"month\":{\"view_class\":\"Tribe\\\\Events\\\\Views\\\\V2\\\\Views\\\\Month_View\",\"view_url\":\"https:\\\/\\\/seal.transport-manager.net\\\/retho\\\/info-trafic\\\/mois\\\/\",\"view_label\":\"Mois\",\"aria_label\":\"Display \\u00c9v\\u00e8nements in Mois View\"},\"day\":{\"view_class\":\"Tribe\\\\Events\\\\Views\\\\V2\\\\Views\\\\Day_View\",\"view_url\":\"https:\\\/\\\/seal.transport-manager.net\\\/retho\\\/info-trafic\\\/aujourdhui\\\/\",\"view_label\":\"Jour\",\"aria_label\":\"Display \\u00c9v\\u00e8nements in Jour View\"}},\"show_latest_past\":false,\"past\":false,\"compatibility_classes\":[\"tribe-compatibility-container\"],\"view_more_text\":\"Voir le calendrier\",\"view_more_title\":\"Voir plus d\\u2019\\u00e9v\\u00e8nements.\",\"view_more_link\":\"https:\\\/\\\/seal.transport-manager.net\\\/retho\\\/info-trafic\\\/\",\"widget_title\":\"Circulations sp\\u00e9ciales et \\u00e9v\\u00e8nements sur le r\\u00e9seau :\",\"hide_if_no_upcoming_events\":false,\"display\":[],\"subscribe_links\":{\"gcal\":{\"label\":\"Google Agenda\",\"single_label\":\"Ajouter \\u00e0 Google Agenda\",\"visible\":true,\"block_slug\":\"hasGoogleCalendar\"},\"ical\":{\"label\":\"iCalendar\",\"single_label\":\"Ajouter \\u00e0 iCalendar\",\"visible\":true,\"block_slug\":\"hasiCal\"},\"outlook-365\":{\"label\":\"Outlook 365\",\"single_label\":\"Outlook 365\",\"visible\":true,\"block_slug\":\"hasOutlook365\"},\"outlook-live\":{\"label\":\"Outlook Live\",\"single_label\":\"Outlook Live\",\"visible\":true,\"block_slug\":\"hasOutlookLive\"},\"ics\":{\"label\":\"Exporter le fichier .ics\",\"single_label\":\"Exporter le fichier .ics\",\"visible\":true,\"block_slug\":null},\"outlook-ics\":{\"label\":\"Exporter le fichier Outlook .ics\",\"single_label\":\"Exporter le fichier Outlook .ics\",\"visible\":true,\"block_slug\":null}},\"_context\":{\"slug\":\"widget-events-list\"}}<\/script>\n\n\t\t\t\t\t\t\t<header class=\"tribe-events-widget-events-list__header\">\n\t\t\t\t\t<h2 class=\"tribe-events-widget-events-list__header-title tribe-common-h6 tribe-common-h--alt\">\n\t\t\t\t\t\tCirculations sp\u00e9ciales et \u00e9v\u00e8nements sur le r\u00e9seau :\t\t\t\t\t<\/h2>\n\t\t\t\t<\/header>\n\t\t\t\n\t\t\t\n\t\t\t\t<div  class=\"tribe-events-header__messages tribe-events-c-messages tribe-common-b2\"  >\n\t\t\t<div class=\"tribe-events-c-messages__message tribe-events-c-messages__message--notice\" tabindex=\"0\" role=\"alert\" aria-live=\"assertive\">\n\t\t\t<svg\n\t class=\"tribe-common-c-svgicon tribe-common-c-svgicon--messages-not-found tribe-events-c-messages__message-icon-svg\" \taria-hidden=\"true\"\n\tviewBox=\"0 0 21 23\"\n\txmlns=\"http:\/\/www.w3.org\/2000\/svg\"\n>\n\t<g fill-rule=\"evenodd\">\n\t\t<path d=\"M.5 2.5h20v20H.5z\"\/>\n\t\t<path stroke-linecap=\"round\" d=\"M7.583 11.583l5.834 5.834m0-5.834l-5.834 5.834\" class=\"tribe-common-c-svgicon__svg-stroke\"\/>\n\t\t<path stroke-linecap=\"round\" d=\"M4.5.5v4m12-4v4\"\/>\n\t\t<path stroke-linecap=\"square\" d=\"M.5 7.5h20\"\/>\n\t<\/g>\n<\/svg>\n<span class=\"tribe-common-a11y-visual-hide\">\n\tNotice<\/span>\n\t\t\t\t\t\t\t<div\n\t\t\t\t\t data-key=\"0\" >\n\t\t\t\t\tIl n\u2019y a pas d\u2019\u00e9v\u00e8nements \u00e0 venir.\t\t\t\t<\/div>\n\t\t\t\t\t<\/div>\n\t<\/div>\n\n\t\t\t\t\t<\/div>\n\t<\/div>\n<\/div>\n<script data-js='tribe-events-view-nonce-data' type='application\/json'>{\"tvn1\":\"1d83c3af99\",\"tvn2\":\"\"}<\/script>\n\n\n<h2 class=\"wp-block-heading has-text-align-center\"><strong><em>Cliquez sur les lignes pour acc\u00e9der \u00e0 des informations suppl\u00e9mentaires.<\/em><\/strong><\/h2>\n\n\n\n<figure class=\"wp-block-image size-large\"><img loading=\"lazy\" decoding=\"async\" width=\"1024\" height=\"576\" src=\"https:\/\/seal.transport-manager.net\/retho\/wp-content\/uploads\/sites\/259\/2025\/02\/CITA14021-1024x576.png\" alt=\"\" class=\"wp-image-522\" srcset=\"https:\/\/seal.transport-manager.net\/retho\/wp-content\/uploads\/sites\/259\/2025\/02\/CITA14021-1024x576.png 1024w, https:\/\/seal.transport-manager.net\/retho\/wp-content\/uploads\/sites\/259\/2025\/02\/CITA14021-300x169.png 300w, https:\/\/seal.transport-manager.net\/retho\/wp-content\/uploads\/sites\/259\/2025\/02\/CITA14021-768x432.png 768w, https:\/\/seal.transport-manager.net\/retho\/wp-content\/uploads\/sites\/259\/2025\/02\/CITA14021-1536x864.png 1536w, https:\/\/seal.transport-manager.net\/retho\/wp-content\/uploads\/sites\/259\/2025\/02\/CITA14021-1232x693.png 1232w, https:\/\/seal.transport-manager.net\/retho\/wp-content\/uploads\/sites\/259\/2025\/02\/CITA14021.png 1920w\" sizes=\"auto, (max-width: 1024px) 100vw, 1024px\" \/><\/figure>\n\n\n\n<figure class=\"wp-block-image size-large\"><img loading=\"lazy\" decoding=\"async\" width=\"1024\" height=\"576\" src=\"https:\/\/seal.transport-manager.net\/retho\/wp-content\/uploads\/sites\/259\/2025\/02\/CITA14022-1024x576.png\" alt=\"\" class=\"wp-image-523\" srcset=\"https:\/\/seal.transport-manager.net\/retho\/wp-content\/uploads\/sites\/259\/2025\/02\/CITA14022-1024x576.png 1024w, https:\/\/seal.transport-manager.net\/retho\/wp-content\/uploads\/sites\/259\/2025\/02\/CITA14022-300x169.png 300w, https:\/\/seal.transport-manager.net\/retho\/wp-content\/uploads\/sites\/259\/2025\/02\/CITA14022-768x432.png 768w, https:\/\/seal.transport-manager.net\/retho\/wp-content\/uploads\/sites\/259\/2025\/02\/CITA14022-1536x864.png 1536w, https:\/\/seal.transport-manager.net\/retho\/wp-content\/uploads\/sites\/259\/2025\/02\/CITA14022-1232x693.png 1232w, https:\/\/seal.transport-manager.net\/retho\/wp-content\/uploads\/sites\/259\/2025\/02\/CITA14022.png 1920w\" sizes=\"auto, (max-width: 1024px) 100vw, 1024px\" \/><\/figure>\n\n\n\n<figure class=\"wp-block-image size-large\"><img loading=\"lazy\" decoding=\"async\" width=\"1024\" height=\"576\" src=\"https:\/\/seal.transport-manager.net\/retho\/wp-content\/uploads\/sites\/259\/2025\/02\/CITA14023-1024x576.png\" alt=\"\" class=\"wp-image-524\" srcset=\"https:\/\/seal.transport-manager.net\/retho\/wp-content\/uploads\/sites\/259\/2025\/02\/CITA14023-1024x576.png 1024w, https:\/\/seal.transport-manager.net\/retho\/wp-content\/uploads\/sites\/259\/2025\/02\/CITA14023-300x169.png 300w, https:\/\/seal.transport-manager.net\/retho\/wp-content\/uploads\/sites\/259\/2025\/02\/CITA14023-768x432.png 768w, https:\/\/seal.transport-manager.net\/retho\/wp-content\/uploads\/sites\/259\/2025\/02\/CITA14023-1536x864.png 1536w, https:\/\/seal.transport-manager.net\/retho\/wp-content\/uploads\/sites\/259\/2025\/02\/CITA14023-1232x693.png 1232w, https:\/\/seal.transport-manager.net\/retho\/wp-content\/uploads\/sites\/259\/2025\/02\/CITA14023.png 1920w\" sizes=\"auto, (max-width: 1024px) 100vw, 1024px\" \/><\/figure>\n\n\n\n<hr class=\"wp-block-separator has-alpha-channel-opacity\" \/>\n\n\n<div class=\"wp-block-image\">\n<figure class=\"aligncenter size-full is-resized\"><img loading=\"lazy\" decoding=\"async\" width=\"217\" height=\"213\" src=\"https:\/\/seal.transport-manager.net\/retho\/wp-content\/uploads\/sites\/259\/2024\/10\/Capture-decran-2024-10-08-150947.png\" alt=\"\" class=\"wp-image-451\" style=\"width:59px;height:auto\" \/><figcaption class=\"wp-element-caption\"><strong><em><a href=\"https:\/\/seal.transport-manager.net\/retho\/liane-2\/\" data-type=\"page\" data-id=\"387\">Liane 1<\/a><\/em><\/strong><\/figcaption><\/figure>\n<\/div>\n\n<div class=\"wp-block-image\">\n<figure class=\"aligncenter size-full is-resized\"><img loading=\"lazy\" decoding=\"async\" width=\"212\" height=\"216\" src=\"https:\/\/seal.transport-manager.net\/retho\/wp-content\/uploads\/sites\/259\/2024\/10\/image-3.png\" alt=\"\" class=\"wp-image-452\" style=\"width:59px;height:auto\" \/><figcaption class=\"wp-element-caption\"><strong><em><a href=\"https:\/\/seal.transport-manager.net\/retho\/liane-2\/\" data-type=\"page\" data-id=\"387\">Liane 2<\/a><\/em><\/strong><\/figcaption><\/figure>\n<\/div>\n\n<div class=\"wp-block-image\">\n<figure class=\"aligncenter size-full is-resized\"><img loading=\"lazy\" decoding=\"async\" width=\"219\" height=\"215\" src=\"https:\/\/seal.transport-manager.net\/retho\/wp-content\/uploads\/sites\/259\/2024\/10\/image-4.png\" alt=\"\" class=\"wp-image-453\" style=\"width:60px;height:auto\" \/><figcaption class=\"wp-element-caption\"><em><strong><a href=\"https:\/\/seal.transport-manager.net\/retho\/liane-3\/\" data-type=\"page\" data-id=\"393\">Liane 3<\/a><\/strong><\/em><\/figcaption><\/figure>\n<\/div>\n\n<div class=\"wp-block-image\">\n<figure class=\"aligncenter size-full is-resized\"><img loading=\"lazy\" decoding=\"async\" width=\"214\" height=\"223\" src=\"https:\/\/seal.transport-manager.net\/retho\/wp-content\/uploads\/sites\/259\/2024\/10\/image-5.png\" alt=\"\" class=\"wp-image-454\" style=\"width:62px;height:auto\" \/><figcaption class=\"wp-element-caption\"><em><strong><a href=\"https:\/\/seal.transport-manager.net\/retho\/ligne-4\/\" data-type=\"page\" data-id=\"399\">Ligne 4<\/a><\/strong><\/em><\/figcaption><\/figure>\n<\/div>\n\n<div class=\"wp-block-image\">\n<figure class=\"aligncenter size-full is-resized\"><img loading=\"lazy\" decoding=\"async\" width=\"211\" height=\"215\" src=\"https:\/\/seal.transport-manager.net\/retho\/wp-content\/uploads\/sites\/259\/2024\/10\/image-6.png\" alt=\"\" class=\"wp-image-455\" style=\"width:62px;height:auto\" \/><figcaption class=\"wp-element-caption\"><em><strong><a href=\"https:\/\/seal.transport-manager.net\/retho\/ligne-5\/\" data-type=\"page\" data-id=\"406\">Ligne 5<\/a><\/strong><\/em><\/figcaption><\/figure>\n<\/div>\n\n<div class=\"wp-block-image\">\n<figure class=\"aligncenter size-full is-resized\"><img loading=\"lazy\" decoding=\"async\" width=\"223\" height=\"214\" src=\"https:\/\/seal.transport-manager.net\/retho\/wp-content\/uploads\/sites\/259\/2024\/10\/image-7.png\" alt=\"\" class=\"wp-image-456\" style=\"width:64px;height:auto\" \/><figcaption class=\"wp-element-caption\"><em><strong><a href=\"https:\/\/seal.transport-manager.net\/retho\/ligne-6\/\" data-type=\"page\" data-id=\"411\">Ligne 6<\/a><\/strong><\/em><\/figcaption><\/figure>\n<\/div>\n\n<div class=\"wp-block-image\">\n<figure class=\"aligncenter size-full is-resized\"><img loading=\"lazy\" decoding=\"async\" width=\"221\" height=\"215\" src=\"https:\/\/seal.transport-manager.net\/retho\/wp-content\/uploads\/sites\/259\/2024\/10\/image-8.png\" alt=\"\" class=\"wp-image-457\" style=\"width:69px;height:auto\" \/><figcaption class=\"wp-element-caption\"><em><strong><a href=\"https:\/\/seal.transport-manager.net\/retho\/ligne-7\/\" data-type=\"page\" data-id=\"421\">Ligne 7<\/a><\/strong><\/em><\/figcaption><\/figure>\n<\/div>\n\n<div class=\"wp-block-image\">\n<figure class=\"aligncenter size-full is-resized\"><img loading=\"lazy\" decoding=\"async\" width=\"216\" height=\"216\" src=\"https:\/\/seal.transport-manager.net\/retho\/wp-content\/uploads\/sites\/259\/2024\/10\/image-9.png\" alt=\"\" class=\"wp-image-458\" style=\"width:66px;height:auto\" srcset=\"https:\/\/seal.transport-manager.net\/retho\/wp-content\/uploads\/sites\/259\/2024\/10\/image-9.png 216w, https:\/\/seal.transport-manager.net\/retho\/wp-content\/uploads\/sites\/259\/2024\/10\/image-9-150x150.png 150w\" sizes=\"auto, (max-width: 216px) 100vw, 216px\" \/><figcaption class=\"wp-element-caption\"><em><strong><a href=\"https:\/\/seal.transport-manager.net\/retho\/ligne-8\/\" data-type=\"page\" data-id=\"426\">Ligne 8<\/a><\/strong><\/em><\/figcaption><\/figure>\n<\/div>\n\n<div class=\"wp-block-image\">\n<figure class=\"aligncenter size-full is-resized\"><img loading=\"lazy\" decoding=\"async\" width=\"215\" height=\"220\" src=\"https:\/\/seal.transport-manager.net\/retho\/wp-content\/uploads\/sites\/259\/2024\/10\/image-10.png\" alt=\"\" class=\"wp-image-459\" style=\"width:73px;height:auto\" \/><figcaption class=\"wp-element-caption\"><em><strong><a href=\"https:\/\/seal.transport-manager.net\/retho\/ligne-9\/\" data-type=\"page\" data-id=\"430\">Ligne 9<\/a><\/strong><\/em><\/figcaption><\/figure>\n<\/div>\n\n<div class=\"wp-block-image\">\n<figure class=\"aligncenter size-full is-resized\"><img loading=\"lazy\" decoding=\"async\" width=\"214\" height=\"216\" src=\"https:\/\/seal.transport-manager.net\/retho\/wp-content\/uploads\/sites\/259\/2024\/10\/image-11.png\" alt=\"\" class=\"wp-image-460\" style=\"width:71px;height:auto\" srcset=\"https:\/\/seal.transport-manager.net\/retho\/wp-content\/uploads\/sites\/259\/2024\/10\/image-11.png 214w, https:\/\/seal.transport-manager.net\/retho\/wp-content\/uploads\/sites\/259\/2024\/10\/image-11-150x150.png 150w\" sizes=\"auto, (max-width: 214px) 100vw, 214px\" \/><figcaption class=\"wp-element-caption\"><em><strong><a href=\"https:\/\/seal.transport-manager.net\/retho\/ligne-10\/\" data-type=\"page\" data-id=\"434\">Ligne 10<\/a><\/strong><\/em><\/figcaption><\/figure>\n<\/div>\n\n<div class=\"wp-block-image\">\n<figure class=\"aligncenter size-full is-resized\"><img loading=\"lazy\" decoding=\"async\" width=\"216\" height=\"221\" src=\"https:\/\/seal.transport-manager.net\/retho\/wp-content\/uploads\/sites\/259\/2024\/10\/image-12.png\" alt=\"\" class=\"wp-image-461\" style=\"width:79px;height:auto\" \/><figcaption class=\"wp-element-caption\"><em><strong><a href=\"https:\/\/seal.transport-manager.net\/retho\/ligne-11\/\" data-type=\"page\" data-id=\"437\">Ligne 11<\/a><\/strong><\/em><\/figcaption><\/figure>\n<\/div>\n\n<div class=\"wp-block-image\">\n<figure class=\"aligncenter size-full is-resized\"><img loading=\"lazy\" decoding=\"async\" width=\"217\" height=\"114\" src=\"https:\/\/seal.transport-manager.net\/retho\/wp-content\/uploads\/sites\/259\/2024\/10\/image-13.png\" alt=\"\" class=\"wp-image-462\" style=\"width:128px;height:auto\" \/><figcaption class=\"wp-element-caption\"><em><strong><a href=\"https:\/\/seal.transport-manager.net\/retho\/circu60\/\" data-type=\"page\" data-id=\"441\">Circu&rsquo;60<\/a><\/strong><\/em><\/figcaption><\/figure>\n<\/div>\n\n<div class=\"wp-block-image\">\n<figure class=\"aligncenter size-full is-resized\"><img loading=\"lazy\" decoding=\"async\" width=\"222\" height=\"112\" src=\"https:\/\/seal.transport-manager.net\/retho\/wp-content\/uploads\/sites\/259\/2024\/10\/image-14.png\" alt=\"\" class=\"wp-image-463\" style=\"width:127px;height:auto\" \/><figcaption class=\"wp-element-caption\"><em><strong><a href=\"https:\/\/seal.transport-manager.net\/retho\/circu61\/\" data-type=\"page\" data-id=\"447\">Circu&rsquo;61<\/a><\/strong><\/em><\/figcaption><\/figure>\n<\/div>\n\n<div class=\"wp-block-image\">\n<figure class=\"aligncenter size-full is-resized\"><img loading=\"lazy\" decoding=\"async\" width=\"219\" height=\"125\" src=\"https:\/\/seal.transport-manager.net\/retho\/wp-content\/uploads\/sites\/259\/2024\/10\/image-15.png\" alt=\"\" class=\"wp-image-464\" style=\"width:124px;height:auto\" \/><figcaption class=\"wp-element-caption\"><em><strong><a href=\"https:\/\/seal.transport-manager.net\/retho\/tad\/\" data-type=\"page\" data-id=\"414\">TAD 901<\/a><\/strong><\/em><\/figcaption><\/figure>\n<\/div>\n\n<div class=\"wp-block-image\">\n<figure class=\"aligncenter size-full is-resized\"><img loading=\"lazy\" decoding=\"async\" width=\"220\" height=\"117\" src=\"https:\/\/seal.transport-manager.net\/retho\/wp-content\/uploads\/sites\/259\/2024\/10\/image-16.png\" alt=\"\" class=\"wp-image-465\" style=\"width:126px;height:auto\" \/><figcaption class=\"wp-element-caption\"><a href=\"https:\/\/seal.transport-manager.net\/retho\/tad\/\" data-type=\"page\" data-id=\"414\"><em><strong>TAD 902<\/strong><\/em><\/a><\/figcaption><\/figure>\n<\/div>\n\n<div class=\"wp-block-image\">\n<figure class=\"aligncenter size-full is-resized\"><img loading=\"lazy\" decoding=\"async\" width=\"213\" height=\"103\" src=\"https:\/\/seal.transport-manager.net\/retho\/wp-content\/uploads\/sites\/259\/2024\/10\/image-17.png\" alt=\"\" class=\"wp-image-466\" style=\"width:130px;height:auto\" \/><figcaption class=\"wp-element-caption\"><em><strong>Ligne d&rsquo;\u00e9t\u00e9 804<\/strong><\/em><\/figcaption><\/figure>\n<\/div>","protected":false},"excerpt":{"rendered":"<p>Circulations actuelles de vos lignes (infos Twitter) : Cliquez sur les lignes pour acc\u00e9der \u00e0 des informations suppl\u00e9mentaires.<\/p>\n","protected":false},"author":246,"featured_media":0,"parent":0,"menu_order":0,"comment_status":"closed","ping_status":"closed","template":"","meta":{"footnotes":""},"class_list":["post-154","page","type-page","status-publish","hentry"],"_links":{"self":[{"href":"https:\/\/seal.transport-manager.net\/retho\/wp-json\/wp\/v2\/pages\/154","targetHints":{"allow":["GET"]}}],"collection":[{"href":"https:\/\/seal.transport-manager.net\/retho\/wp-json\/wp\/v2\/pages"}],"about":[{"href":"https:\/\/seal.transport-manager.net\/retho\/wp-json\/wp\/v2\/types\/page"}],"author":[{"embeddable":true,"href":"https:\/\/seal.transport-manager.net\/retho\/wp-json\/wp\/v2\/users\/246"}],"replies":[{"embeddable":true,"href":"https:\/\/seal.transport-manager.net\/retho\/wp-json\/wp\/v2\/comments?post=154"}],"version-history":[{"count":65,"href":"https:\/\/seal.transport-manager.net\/retho\/wp-json\/wp\/v2\/pages\/154\/revisions"}],"predecessor-version":[{"id":526,"href":"https:\/\/seal.transport-manager.net\/retho\/wp-json\/wp\/v2\/pages\/154\/revisions\/526"}],"wp:attachment":[{"href":"https:\/\/seal.transport-manager.net\/retho\/wp-json\/wp\/v2\/media?parent=154"}],"curies":[{"name":"wp","href":"https:\/\/api.w.org\/{rel}","templated":true}]}}