{"id":387,"date":"2024-10-06T22:37:40","date_gmt":"2024-10-06T22:37:40","guid":{"rendered":"https:\/\/seal.transport-manager.net\/retho\/?page_id=387"},"modified":"2024-10-06T22:40:43","modified_gmt":"2024-10-06T22:40:43","slug":"liane-2","status":"publish","type":"page","link":"https:\/\/seal.transport-manager.net\/retho\/liane-2\/","title":{"rendered":"Liane 2 : Gare Centrale &lt;&gt; A\u00e9roport SGM"},"content":{"rendered":"\n<h2 class=\"wp-block-heading has-text-align-center\">Ligne op\u00e9r\u00e9e \u00e0 Haut Niveau de Service.<\/h2>\n\n\n\n<h3 class=\"wp-block-heading has-text-align-center\">Agences Commerciales ouvertes de 9h \u00e0 18h (Gare Centrale &#8211; Minerque Centre et A\u00e9roport SGM).<\/h3>\n\n\n\n<figure class=\"wp-block-image size-full is-resized\"><img loading=\"lazy\" decoding=\"async\" width=\"16384\" height=\"2182\" src=\"https:\/\/seal.transport-manager.net\/retho\/wp-content\/uploads\/sites\/259\/2024\/10\/Liane-2.png\" alt=\"\" class=\"wp-image-388\" style=\"width:1450px;height:auto\" \/><\/figure>\n\n\n\n<h2 class=\"wp-block-heading\">Fr\u00e9quences :<\/h2>\n\n\n\n<figure class=\"wp-block-table is-style-stripes\"><table class=\"has-fixed-layout\"><thead><tr><th class=\"has-text-align-center\" data-align=\"center\">Creuses<\/th><th class=\"has-text-align-center\" data-align=\"center\">Pointes<\/th><th class=\"has-text-align-center\" data-align=\"center\">Soir<\/th><th>Samedi<br>Creuses<\/th><th>Samedi<br>Pointes<\/th><th>Samedi<br>Soir<\/th><th>Dimanche<br>Creux<\/th><th>Dimanche<br>Pointe<\/th><\/tr><\/thead><tbody><tr><td class=\"has-text-align-center\" data-align=\"center\"><strong>7 minutes<\/strong><\/td><td class=\"has-text-align-center\" data-align=\"center\"><strong>5 minutes<\/strong><\/td><td class=\"has-text-align-center\" data-align=\"center\"><strong>13 minutes<\/strong><\/td><td><strong>9 minutes<\/strong><\/td><td><strong>7 minutes<\/strong><\/td><td><strong>13 minutes<\/strong><\/td><td><strong>7 minutes<\/strong><\/td><td><strong>10 minutes<\/strong><\/td><\/tr><\/tbody><\/table><\/figure>\n\n\n\n<h2 class=\"wp-block-heading has-text-align-center\">Derniers d\u00e9parts des terminus :<\/h2>\n\n\n\n<h3 class=\"wp-block-heading has-text-align-center\">En semaine, 00h05 et 01h03 le samedi et dimanche soir.<\/h3>\n\n\n\n<p><a href=\"https:\/\/seal.transport-manager.net\/retho\/infos-trafics\/\" data-type=\"page\" data-id=\"67\">&lt;&lt;&lt;<\/a> Retour<\/p>\n","protected":false},"excerpt":{"rendered":"<p>Ligne op\u00e9r\u00e9e \u00e0 Haut Niveau de Service. Agences Commerciales ouvertes de 9h \u00e0 18h (Gare Centrale &#8211; Minerque Centre et A\u00e9roport SGM). Fr\u00e9quences : Creuses Pointes Soir SamediCreuses SamediPointes SamediSoir&nbsp;&hellip;<\/p>\n","protected":false},"author":246,"featured_media":0,"parent":0,"menu_order":0,"comment_status":"closed","ping_status":"closed","template":"","meta":{"footnotes":""},"class_list":["post-387","page","type-page","status-publish","hentry"],"_links":{"self":[{"href":"https:\/\/seal.transport-manager.net\/retho\/wp-json\/wp\/v2\/pages\/387","targetHints":{"allow":["GET"]}}],"collection":[{"href":"https:\/\/seal.transport-manager.net\/retho\/wp-json\/wp\/v2\/pages"}],"about":[{"href":"https:\/\/seal.transport-manager.net\/retho\/wp-json\/wp\/v2\/types\/page"}],"author":[{"embeddable":true,"href":"https:\/\/seal.transport-manager.net\/retho\/wp-json\/wp\/v2\/users\/246"}],"replies":[{"embeddable":true,"href":"https:\/\/seal.transport-manager.net\/retho\/wp-json\/wp\/v2\/comments?post=387"}],"version-history":[{"count":4,"href":"https:\/\/seal.transport-manager.net\/retho\/wp-json\/wp\/v2\/pages\/387\/revisions"}],"predecessor-version":[{"id":394,"href":"https:\/\/seal.transport-manager.net\/retho\/wp-json\/wp\/v2\/pages\/387\/revisions\/394"}],"wp:attachment":[{"href":"https:\/\/seal.transport-manager.net\/retho\/wp-json\/wp\/v2\/media?parent=387"}],"curies":[{"name":"wp","href":"https:\/\/api.w.org\/{rel}","templated":true}]}}