{"id":393,"date":"2024-10-06T22:43:34","date_gmt":"2024-10-06T22:43:34","guid":{"rendered":"https:\/\/seal.transport-manager.net\/retho\/?page_id=393"},"modified":"2024-10-08T12:38:06","modified_gmt":"2024-10-08T12:38:06","slug":"liane-3","status":"publish","type":"page","link":"https:\/\/seal.transport-manager.net\/retho\/liane-3\/","title":{"rendered":"Liane 3 : Gare Centrale &#8211; Minerque Centre &lt;&gt; Campus Marthe Gauthier"},"content":{"rendered":"\n<h2 class=\"wp-block-heading has-text-align-center\">Ligne op\u00e9r\u00e9e \u00e0 Haut Niveau de Service.<\/h2>\n\n\n\n<h3 class=\"wp-block-heading has-text-align-center\">Agences Commerciales ouvertes de 9h \u00e0 18h (Gare Centrale &#8211; Minerque Centre et Campus Marthe Gauthier).<\/h3>\n\n\n\n<figure class=\"wp-block-image size-full is-resized\"><img loading=\"lazy\" decoding=\"async\" width=\"1887\" height=\"237\" src=\"https:\/\/seal.transport-manager.net\/retho\/wp-content\/uploads\/sites\/259\/2024\/10\/Capture-decran-2024-10-08-142424.png\" alt=\"\" class=\"wp-image-422\" style=\"width:1450px;height:auto\" srcset=\"https:\/\/seal.transport-manager.net\/retho\/wp-content\/uploads\/sites\/259\/2024\/10\/Capture-decran-2024-10-08-142424.png 1887w, https:\/\/seal.transport-manager.net\/retho\/wp-content\/uploads\/sites\/259\/2024\/10\/Capture-decran-2024-10-08-142424-300x38.png 300w, https:\/\/seal.transport-manager.net\/retho\/wp-content\/uploads\/sites\/259\/2024\/10\/Capture-decran-2024-10-08-142424-1024x129.png 1024w, https:\/\/seal.transport-manager.net\/retho\/wp-content\/uploads\/sites\/259\/2024\/10\/Capture-decran-2024-10-08-142424-768x96.png 768w, https:\/\/seal.transport-manager.net\/retho\/wp-content\/uploads\/sites\/259\/2024\/10\/Capture-decran-2024-10-08-142424-1536x193.png 1536w, https:\/\/seal.transport-manager.net\/retho\/wp-content\/uploads\/sites\/259\/2024\/10\/Capture-decran-2024-10-08-142424-1232x155.png 1232w\" sizes=\"auto, (max-width: 1887px) 100vw, 1887px\" \/><\/figure>\n\n\n\n<h2 class=\"wp-block-heading\">Fr\u00e9quences :<\/h2>\n\n\n\n<figure class=\"wp-block-table is-style-stripes\"><table class=\"has-fixed-layout\"><thead><tr><th class=\"has-text-align-center\" data-align=\"center\">Creuses<\/th><th class=\"has-text-align-center\" data-align=\"center\">Pointes<\/th><th class=\"has-text-align-center\" data-align=\"center\">Soir<\/th><th class=\"has-text-align-center\" data-align=\"center\">Samedi<br>Creuses<\/th><th>Samedi<br>Pointes<\/th><th class=\"has-text-align-center\" data-align=\"center\">Samedi<br>Soir<\/th><th class=\"has-text-align-center\" data-align=\"center\">Dimanche<br>Creux<\/th><th class=\"has-text-align-center\" data-align=\"center\">Dimanche<br>Pointe<\/th><\/tr><\/thead><tbody><tr><td class=\"has-text-align-center\" data-align=\"center\"><strong>9 minutes<\/strong><\/td><td class=\"has-text-align-center\" data-align=\"center\"><strong>5 minutes<\/strong><\/td><td class=\"has-text-align-center\" data-align=\"center\"><strong>16 minutes<\/strong><\/td><td class=\"has-text-align-center\" data-align=\"center\"><strong>13 minutes<\/strong><\/td><td><strong>9 minutes<\/strong><\/td><td class=\"has-text-align-center\" data-align=\"center\"><strong>16 minutes<\/strong><\/td><td class=\"has-text-align-center\" data-align=\"center\"><strong>16 minutes<\/strong><\/td><td class=\"has-text-align-center\" data-align=\"center\"><strong>13 minutes<\/strong><\/td><\/tr><\/tbody><\/table><\/figure>\n\n\n\n<h2 class=\"wp-block-heading has-text-align-center\">Derniers d\u00e9parts des terminus :<\/h2>\n\n\n\n<h3 class=\"wp-block-heading has-text-align-center\">En semaine, 00h01 et 01h09 le samedi et dimanche soir.<\/h3>\n\n\n\n<p><a href=\"https:\/\/seal.transport-manager.net\/retho\/infos-trafics\/\" data-type=\"page\" data-id=\"67\">&lt;&lt;&lt;<\/a> Retour<\/p>\n","protected":false},"excerpt":{"rendered":"<p>Ligne op\u00e9r\u00e9e \u00e0 Haut Niveau de Service. Agences Commerciales ouvertes de 9h \u00e0 18h (Gare Centrale &#8211; Minerque Centre et Campus Marthe Gauthier). Fr\u00e9quences : Creuses Pointes Soir SamediCreuses SamediPointes&nbsp;&hellip;<\/p>\n","protected":false},"author":246,"featured_media":0,"parent":0,"menu_order":0,"comment_status":"closed","ping_status":"closed","template":"","meta":{"footnotes":""},"class_list":["post-393","page","type-page","status-publish","hentry"],"_links":{"self":[{"href":"https:\/\/seal.transport-manager.net\/retho\/wp-json\/wp\/v2\/pages\/393","targetHints":{"allow":["GET"]}}],"collection":[{"href":"https:\/\/seal.transport-manager.net\/retho\/wp-json\/wp\/v2\/pages"}],"about":[{"href":"https:\/\/seal.transport-manager.net\/retho\/wp-json\/wp\/v2\/types\/page"}],"author":[{"embeddable":true,"href":"https:\/\/seal.transport-manager.net\/retho\/wp-json\/wp\/v2\/users\/246"}],"replies":[{"embeddable":true,"href":"https:\/\/seal.transport-manager.net\/retho\/wp-json\/wp\/v2\/comments?post=393"}],"version-history":[{"count":5,"href":"https:\/\/seal.transport-manager.net\/retho\/wp-json\/wp\/v2\/pages\/393\/revisions"}],"predecessor-version":[{"id":429,"href":"https:\/\/seal.transport-manager.net\/retho\/wp-json\/wp\/v2\/pages\/393\/revisions\/429"}],"wp:attachment":[{"href":"https:\/\/seal.transport-manager.net\/retho\/wp-json\/wp\/v2\/media?parent=393"}],"curies":[{"name":"wp","href":"https:\/\/api.w.org\/{rel}","templated":true}]}}