{"id":490,"date":"2024-10-09T22:48:50","date_gmt":"2024-10-09T22:48:50","guid":{"rendered":"https:\/\/seal.transport-manager.net\/retho\/?page_id=490"},"modified":"2024-10-09T22:49:08","modified_gmt":"2024-10-09T22:49:08","slug":"partenaires","status":"publish","type":"page","link":"https:\/\/seal.transport-manager.net\/retho\/partenaires\/","title":{"rendered":"Partenaires du R\u00e9seau Cita&rsquo;n\u00e9o"},"content":{"rendered":"\n<h3 class=\"wp-block-heading has-text-align-center\"><strong><em>Cita&rsquo;n\u00e9o et Flyyx Transport, gr\u00e2ce au gouvernement Gioranais et la R\u00e9gion Haut-Gioran, collaborent ensemble dans leur d\u00e9veloppement ainsi que la mise en place des titres de transports valides dans les deux m\u00e9tropoles de Saint-Gioran : Minerque et Nostragora. D&rsquo;autres projets sont \u00e9galement \u00e0 venir prochainement.<\/em><\/strong><\/h3>\n\n\n<div class=\"wp-block-image\">\n<figure class=\"aligncenter size-large is-resized\"><img loading=\"lazy\" decoding=\"async\" width=\"1024\" height=\"576\" src=\"https:\/\/seal.transport-manager.net\/retho\/wp-content\/uploads\/sites\/259\/2024\/10\/Sans_titre_5-1024x576.png\" alt=\"\" class=\"wp-image-491\" style=\"width:838px;height:auto\" srcset=\"https:\/\/seal.transport-manager.net\/retho\/wp-content\/uploads\/sites\/259\/2024\/10\/Sans_titre_5-1024x576.png 1024w, https:\/\/seal.transport-manager.net\/retho\/wp-content\/uploads\/sites\/259\/2024\/10\/Sans_titre_5-300x169.png 300w, https:\/\/seal.transport-manager.net\/retho\/wp-content\/uploads\/sites\/259\/2024\/10\/Sans_titre_5-768x432.png 768w, https:\/\/seal.transport-manager.net\/retho\/wp-content\/uploads\/sites\/259\/2024\/10\/Sans_titre_5-1536x864.png 1536w, https:\/\/seal.transport-manager.net\/retho\/wp-content\/uploads\/sites\/259\/2024\/10\/Sans_titre_5-1232x693.png 1232w, https:\/\/seal.transport-manager.net\/retho\/wp-content\/uploads\/sites\/259\/2024\/10\/Sans_titre_5.png 1920w\" sizes=\"auto, (max-width: 1024px) 100vw, 1024px\" \/><\/figure>\n<\/div>\n\n\n<h3 class=\"wp-block-heading has-text-align-center\"><strong><em>Merci \u00e0 la M\u00e9tropole de Minerque, \u00e0 la R\u00e9gion Haut-Gioran et au Gouvernement de la R\u00e9publique de Saint-Gioran de leur confiance.<\/em><\/strong><\/h3>\n\n\n\n<figure class=\"wp-block-image size-large\"><img loading=\"lazy\" decoding=\"async\" width=\"1024\" height=\"614\" src=\"https:\/\/seal.transport-manager.net\/retho\/wp-content\/uploads\/sites\/259\/2024\/10\/RSG-1024x614.png\" alt=\"\" class=\"wp-image-492\" srcset=\"https:\/\/seal.transport-manager.net\/retho\/wp-content\/uploads\/sites\/259\/2024\/10\/RSG-1024x614.png 1024w, https:\/\/seal.transport-manager.net\/retho\/wp-content\/uploads\/sites\/259\/2024\/10\/RSG-300x180.png 300w, https:\/\/seal.transport-manager.net\/retho\/wp-content\/uploads\/sites\/259\/2024\/10\/RSG-768x461.png 768w, https:\/\/seal.transport-manager.net\/retho\/wp-content\/uploads\/sites\/259\/2024\/10\/RSG-1536x922.png 1536w, https:\/\/seal.transport-manager.net\/retho\/wp-content\/uploads\/sites\/259\/2024\/10\/RSG-2048x1229.png 2048w, https:\/\/seal.transport-manager.net\/retho\/wp-content\/uploads\/sites\/259\/2024\/10\/RSG-1232x739.png 1232w, https:\/\/seal.transport-manager.net\/retho\/wp-content\/uploads\/sites\/259\/2024\/10\/RSG-1800x1080.png 1800w\" sizes=\"auto, (max-width: 1024px) 100vw, 1024px\" \/><\/figure>\n\n\n\n<h2 class=\"wp-block-heading has-text-align-center\"><em><strong>Et \u00e9videmment, merci \u00e0 vous passagers qui empruntez chaque jour les bus de notre r\u00e9seau ! Bonne route avec Cita&rsquo;n\u00e9o !<\/strong><\/em><\/h2>\n","protected":false},"excerpt":{"rendered":"<p>Cita&rsquo;n\u00e9o et Flyyx Transport, gr\u00e2ce au gouvernement Gioranais et la R\u00e9gion Haut-Gioran, collaborent ensemble dans leur d\u00e9veloppement ainsi que la mise en place des titres de transports valides dans les&nbsp;&hellip;<\/p>\n","protected":false},"author":246,"featured_media":0,"parent":0,"menu_order":0,"comment_status":"closed","ping_status":"closed","template":"","meta":{"footnotes":""},"class_list":["post-490","page","type-page","status-publish","hentry"],"_links":{"self":[{"href":"https:\/\/seal.transport-manager.net\/retho\/wp-json\/wp\/v2\/pages\/490","targetHints":{"allow":["GET"]}}],"collection":[{"href":"https:\/\/seal.transport-manager.net\/retho\/wp-json\/wp\/v2\/pages"}],"about":[{"href":"https:\/\/seal.transport-manager.net\/retho\/wp-json\/wp\/v2\/types\/page"}],"author":[{"embeddable":true,"href":"https:\/\/seal.transport-manager.net\/retho\/wp-json\/wp\/v2\/users\/246"}],"replies":[{"embeddable":true,"href":"https:\/\/seal.transport-manager.net\/retho\/wp-json\/wp\/v2\/comments?post=490"}],"version-history":[{"count":1,"href":"https:\/\/seal.transport-manager.net\/retho\/wp-json\/wp\/v2\/pages\/490\/revisions"}],"predecessor-version":[{"id":493,"href":"https:\/\/seal.transport-manager.net\/retho\/wp-json\/wp\/v2\/pages\/490\/revisions\/493"}],"wp:attachment":[{"href":"https:\/\/seal.transport-manager.net\/retho\/wp-json\/wp\/v2\/media?parent=490"}],"curies":[{"name":"wp","href":"https:\/\/api.w.org\/{rel}","templated":true}]}}