{"id":11,"date":"2021-09-02T22:29:42","date_gmt":"2021-09-02T20:29:42","guid":{"rendered":"https:\/\/seal.transport-manager.net\/st96204\/?page_id=11"},"modified":"2025-10-20T21:30:15","modified_gmt":"2025-10-20T19:30:15","slug":"les-tarifs","status":"publish","type":"page","link":"https:\/\/seal.transport-manager.net\/st96204\/les-tarifs\/","title":{"rendered":"Les Tarifs &amp; Agences de Vente"},"content":{"rendered":"\n<p class=\"has-large-font-size\"><strong>Tarifs<\/strong><\/p>\n\n\n\n<p class=\"has-text-align-center\" style=\"font-size:24px\">Un tarif pour tous qui s&rsquo;adapte aussi pour votre mode de transport<\/p>\n\n\n\n<h3 class=\"wp-block-heading\">Tarifs 2025\/2026<\/h3>\n\n\n\n<p>Tarif valable \u00e0 partir de 1er septembre 2025<\/p>\n\n\n\n<p class=\"has-medium-font-size\"><strong>Tickets de voyages<\/strong><\/p>\n\n\n\n<figure class=\"wp-block-table is-style-stripes\"><table><tbody><tr><td class=\"has-text-align-center\" data-align=\"center\"><strong>Nom<\/strong><\/td><td class=\"has-text-align-center\" data-align=\"center\"><strong>Description<\/strong><\/td><td class=\"has-text-align-center\" data-align=\"center\"><strong>Prix Tarifaire<\/strong><\/td><\/tr><tr><td class=\"has-text-align-center\" data-align=\"center\">Ticket 1 Voyage<\/td><td class=\"has-text-align-center\" data-align=\"center\">Ticket unitaire valable pour un voyage urbain<\/td><td class=\"has-text-align-center\" data-align=\"center\">1,80 \u20ac<\/td><\/tr><tr><td class=\"has-text-align-center\" data-align=\"center\">Carnet 10 Voyages<\/td><td class=\"has-text-align-center\" data-align=\"center\">Carnet de ticket contenant 10 voyages urbain<\/td><td class=\"has-text-align-center\" data-align=\"center\">18,00 \u20ac<\/td><\/tr><tr><td class=\"has-text-align-center\" data-align=\"center\">Carnet 30 Voyages<\/td><td class=\"has-text-align-center\" data-align=\"center\"> Carnet de ticket contenant 30 voyages urbain<\/td><td class=\"has-text-align-center\" data-align=\"center\">52,00 \u20ac<\/td><\/tr><tr><td class=\"has-text-align-center\" data-align=\"center\">Ticket Pass Journ\u00e9e urbain<\/td><td class=\"has-text-align-center\" data-align=\"center\">Ticket urbain valable 24h<\/td><td class=\"has-text-align-center\" data-align=\"center\">5,50 \u20ac<\/td><\/tr><tr><td class=\"has-text-align-center\" data-align=\"center\">Ticket 1 Voyage P\u00e9riurbain<\/td><td class=\"has-text-align-center\" data-align=\"center\">Ticket unitaire valable pour un voyage p\u00e9riurbain<\/td><td class=\"has-text-align-center\" data-align=\"center\">2,80 \u20ac<\/td><\/tr><tr><td class=\"has-text-align-center\" data-align=\"center\">Carnet 6 Voyages P\u00e9riurbain<\/td><td class=\"has-text-align-center\" data-align=\"center\">Carnet de ticket contenant 10 voyages p\u00e9riurbain<\/td><td class=\"has-text-align-center\" data-align=\"center\">16,00 \u20ac<\/td><\/tr><tr><td class=\"has-text-align-center\" data-align=\"center\">Ticket Pass Journ\u00e9e P\u00e9riurbain<\/td><td class=\"has-text-align-center\" data-align=\"center\">Ticket Urbain &amp; P\u00e9riurbain valable 24h<\/td><td class=\"has-text-align-center\" data-align=\"center\">6,50 \u20ac<\/td><\/tr><\/tbody><\/table><figcaption class=\"wp-element-caption\"><em>Les prix sont d\u00e9finis par l&rsquo;Autorit\u00e9 Organisatrice<\/em><\/figcaption><\/figure>\n\n\n\n<p class=\"has-medium-font-size\"><strong>Abonnements<\/strong><\/p>\n\n\n\n<figure class=\"wp-block-table is-style-stripes\"><table><tbody><tr><td class=\"has-text-align-center\" data-align=\"center\"><strong>Nom<\/strong><\/td><td class=\"has-text-align-center\" data-align=\"center\"><strong>Description<\/strong><\/td><td class=\"has-text-align-center\" data-align=\"center\"><strong>Prix Tarifaire<\/strong><\/td><\/tr><tr><td class=\"has-text-align-center\" data-align=\"center\">Pass Mensuel<\/td><td class=\"has-text-align-center\" data-align=\"center\">Abonnements Mensuel sur un mois<br>(R\u00e9seau Urbain)<\/td><td class=\"has-text-align-center\" data-align=\"center\">62,00 \u20ac<\/td><\/tr><tr><td class=\"has-text-align-center\" data-align=\"center\">Pass Annuelle<\/td><td class=\"has-text-align-center\" data-align=\"center\">Abonnements Annuel sur 12 mois<br>(R\u00e9seau Urbain)<\/td><td class=\"has-text-align-center\" data-align=\"center\">745,00 \u20ac<\/td><\/tr><tr><td class=\"has-text-align-center\" data-align=\"center\">Pass Mensuel P\u00e9riurbain<\/td><td class=\"has-text-align-center\" data-align=\"center\">Abonnements Mensuel sur un mois <br>(R\u00e9seau Urbain &amp; P\u00e9riurbain)<\/td><td class=\"has-text-align-center\" data-align=\"center\">70,00 \u20ac<\/td><\/tr><tr><td class=\"has-text-align-center\" data-align=\"center\">Pass Annuelle<br>P\u00e9riurbain<\/td><td class=\"has-text-align-center\" data-align=\"center\">Abonnements Annuel sur 12 mois <br>(R\u00e9seau Urbain &amp; P\u00e9riurbain)<\/td><td class=\"has-text-align-center\" data-align=\"center\">820,00 \u20ac<\/td><\/tr><tr><td class=\"has-text-align-center\" data-align=\"center\">Pass Scolaire<\/td><td class=\"has-text-align-center\" data-align=\"center\">Abonnement Scolaire Annuel (valable jusqu&rsquo;\u00e0 19 ans)<br>Valable sur le r\u00e9seau urbain et p\u00e9riurbain<\/td><td class=\"has-text-align-center\" data-align=\"center\">37,00 \u20ac<\/td><\/tr><\/tbody><\/table><figcaption class=\"wp-element-caption\"><em>Les prix sont d\u00e9finis par l&rsquo;Autorit\u00e9 Organisatrice<\/em><\/figcaption><\/figure>\n\n\n\n<div class=\"wp-block-group\"><div class=\"wp-block-group__inner-container is-layout-constrained wp-block-group-is-layout-constrained\">\n<p class=\"has-large-font-size\"><strong>Agences<\/strong><\/p>\n\n\n\n<\/br>\n\n\n\n<p class=\"has-medium-font-size\">Les agences vous accueille pour touts renseignements et informations et conseils sur le r\u00e9seau. La consultation des horaires et la vente de titres de transport et abonnements sont possible avec dans vos agences.<\/p>\n\n\n\n<\/br>\n\n\n\n<p class=\"has-medium-font-size\"><strong>Agences Urbaines<\/strong><\/p>\n\n\n\n<div class=\"wp-block-group\"><div class=\"wp-block-group__inner-container is-layout-constrained wp-block-group-is-layout-constrained\">\n<div class=\"wp-block-columns are-vertically-aligned-top is-layout-flex wp-container-core-columns-is-layout-9d6595d7 wp-block-columns-is-layout-flex\">\n<div class=\"wp-block-column is-vertically-aligned-top is-layout-flow wp-block-column-is-layout-flow\">\n<p class=\"has-medium-font-size\"><strong>Agence de la Gare Centrale<\/strong><\/p>\n\n\n\n<p class=\"has-normal-font-size\"><strong>Horaires d&rsquo;ouvertures<\/strong><\/p>\n\n\n\n<ul class=\"wp-block-list\">\n<li>Lundi au vendredi de 7h \u00e0 20h30<\/li>\n\n\n\n<li>Samedi de 7h30 \u00e0 20h<\/li>\n\n\n\n<li>Dimanche de 8h \u00e0 12h30 (uniquement en p\u00e9riode scolaire et hors jours f\u00e9ri\u00e9es)<\/li>\n<\/ul>\n<\/div>\n\n\n\n<div class=\"wp-block-column is-vertically-aligned-top is-layout-flow wp-block-column-is-layout-flow\">\n<p class=\"has-medium-font-size\"><strong>Agence de l&rsquo;A\u00e9roport<\/strong><\/p>\n\n\n\n<p class=\"has-normal-font-size\"><strong>Horaires d&rsquo;ouvertures<\/strong><\/p>\n\n\n\n<ul class=\"wp-block-list\">\n<li>Lundi au Samedi de 7h30 \u00e0 21h<\/li>\n\n\n\n<li>Dimanche de 8h \u00e0 17h (uniquement en p\u00e9riode scolaire et hors jours f\u00e9ri\u00e9es)<\/li>\n<\/ul>\n<\/div>\n\n\n\n<div class=\"wp-block-column is-vertically-aligned-top is-layout-flow wp-block-column-is-layout-flow\">\n<p class=\"has-medium-font-size\"><strong>Agence de la Gare de l&rsquo;Ouest<\/strong><\/p>\n\n\n\n<p class=\"has-normal-font-size\"><strong>Horaires d&rsquo;ouvertures<\/strong><\/p>\n\n\n\n<ul class=\"wp-block-list\">\n<li>Lundi au vendredi de 8h \u00e0 19h<\/li>\n\n\n\n<li>Samedi de 8h \u00e0 20h30<\/li>\n\n\n\n<li>Dimanche de 9h \u00e0 12h (uniquement en p\u00e9riode scolaire et hors jours f\u00e9ri\u00e9es)<\/li>\n<\/ul>\n<\/div>\n<\/div>\n\n\n\n<div class=\"wp-block-columns is-layout-flex wp-container-core-columns-is-layout-9d6595d7 wp-block-columns-is-layout-flex\">\n<div class=\"wp-block-column is-layout-flow wp-block-column-is-layout-flow\">\n<p class=\"has-medium-font-size\"><strong>Agence du Campus Alan Turing<\/strong><\/p>\n\n\n\n<p class=\"has-normal-font-size\"><strong>Horaires d&rsquo;ouvertures<\/strong><\/p>\n\n\n\n<ul class=\"wp-block-list\">\n<li>P\u00e9riode scolaire du Lundi au vendredi de 7h30 \u00e0 19h30<\/li>\n\n\n\n<li>Vacances scolaire du Lundi au vendredi de 9h \u00e0 19h<\/li>\n<\/ul>\n<\/div>\n\n\n\n<div class=\"wp-block-column is-layout-flow wp-block-column-is-layout-flow\">\n<p class=\"has-medium-font-size\"><strong>Agence de <strong>Campus Marthe Gautier<\/strong><\/strong><\/p>\n\n\n\n<p class=\"has-normal-font-size\"><strong>Horaires d&rsquo;ouvertures<\/strong><\/p>\n\n\n\n<ul class=\"wp-block-list\">\n<li>P\u00e9riode scolaire du Lundi au vendredi de 7h30 \u00e0 19h30<\/li>\n\n\n\n<li>Vacances scolaire du Lundi au vendredi de 9h \u00e0 19h<\/li>\n<\/ul>\n<\/div>\n<\/div>\n<\/div><\/div>\n<\/div><\/div>\n\n\n\n<p class=\"has-medium-font-size\"><strong>Agences Interurbaines<\/strong><\/p>\n\n\n\n<div class=\"wp-block-columns is-layout-flex wp-container-core-columns-is-layout-9d6595d7 wp-block-columns-is-layout-flex\">\n<div class=\"wp-block-column is-layout-flow wp-block-column-is-layout-flow\">\n<p class=\"has-medium-font-size\"><strong>CLORIENT &#8211; Place du March\u00e9e<\/strong><\/p>\n\n\n\n<p><strong>Horaires d&rsquo;ouvertures<\/strong><\/p>\n\n\n\n<ul class=\"wp-block-list\">\n<li>P\u00e9riode scolaire du Lundi au vendredi de 8h30 \u00e0 18h (Ferm\u00e9 entre 12h \u00e0 14h)<\/li>\n\n\n\n<li>Vacances scolaire du Lundi au vendredi de 9h \u00e0 18h<\/li>\n\n\n\n<li>Samedi de 9h \u00e0 16h (Ferm\u00e9 entre 12h \u00e0 13h30)<\/li>\n<\/ul>\n<\/div>\n\n\n\n<div class=\"wp-block-column is-layout-flow wp-block-column-is-layout-flow\">\n<p class=\"has-medium-font-size\"><strong>LUSIGNOL &#8211; Gare<\/strong><\/p>\n\n\n\n<p style=\"font-size:18px\"><strong><strong><strong>Horaires d&rsquo;ouvertures<\/strong><\/strong><\/strong><\/p>\n\n\n\n<ul class=\"wp-block-list\">\n<li>P\u00e9riode scolaire du Lundi au vendredi de 8h30 \u00e0 17h30 (Ferm\u00e9 entre 12h30 \u00e0 14h)<\/li>\n\n\n\n<li>Vacances scolaire du Lundi au vendredi de 9h30 \u00e0 16h30<\/li>\n\n\n\n<li>Samedi de 9h \u00e0 16h (Ferm\u00e9 entre 12h30 \u00e0 14h)<\/li>\n<\/ul>\n<\/div>\n<\/div>\n","protected":false},"excerpt":{"rendered":"<p>Tarifs Un tarif pour tous qui s&rsquo;adapte aussi pour votre mode de transport Tarifs 2025\/2026 Tarif valable \u00e0 partir de 1er septembre 2025 Tickets de voyages Nom Description Prix Tarifaire&nbsp;&hellip;<\/p>\n","protected":false},"author":91,"featured_media":306,"parent":0,"menu_order":0,"comment_status":"closed","ping_status":"closed","template":"","meta":{"footnotes":""},"class_list":["post-11","page","type-page","status-publish","has-post-thumbnail","hentry"],"_links":{"self":[{"href":"https:\/\/seal.transport-manager.net\/st96204\/wp-json\/wp\/v2\/pages\/11","targetHints":{"allow":["GET"]}}],"collection":[{"href":"https:\/\/seal.transport-manager.net\/st96204\/wp-json\/wp\/v2\/pages"}],"about":[{"href":"https:\/\/seal.transport-manager.net\/st96204\/wp-json\/wp\/v2\/types\/page"}],"author":[{"embeddable":true,"href":"https:\/\/seal.transport-manager.net\/st96204\/wp-json\/wp\/v2\/users\/91"}],"replies":[{"embeddable":true,"href":"https:\/\/seal.transport-manager.net\/st96204\/wp-json\/wp\/v2\/comments?post=11"}],"version-history":[{"count":44,"href":"https:\/\/seal.transport-manager.net\/st96204\/wp-json\/wp\/v2\/pages\/11\/revisions"}],"predecessor-version":[{"id":2671,"href":"https:\/\/seal.transport-manager.net\/st96204\/wp-json\/wp\/v2\/pages\/11\/revisions\/2671"}],"wp:featuredmedia":[{"embeddable":true,"href":"https:\/\/seal.transport-manager.net\/st96204\/wp-json\/wp\/v2\/media\/306"}],"wp:attachment":[{"href":"https:\/\/seal.transport-manager.net\/st96204\/wp-json\/wp\/v2\/media?parent=11"}],"curies":[{"name":"wp","href":"https:\/\/api.w.org\/{rel}","templated":true}]}}