{"id":1871,"date":"2023-08-27T14:48:48","date_gmt":"2023-08-27T12:48:48","guid":{"rendered":"https:\/\/seal.transport-manager.net\/st96204\/?page_id=1871"},"modified":"2023-09-09T22:23:33","modified_gmt":"2023-09-09T20:23:33","slug":"ligne-9","status":"publish","type":"page","link":"https:\/\/seal.transport-manager.net\/st96204\/ligne-9\/","title":{"rendered":"Ligne 9"},"content":{"rendered":"\n<div class=\"wp-block-group is-content-justification-center is-nowrap is-layout-flex wp-container-core-group-is-layout-94bc23d7 wp-block-group-is-layout-flex\">\n<figure class=\"wp-block-image size-full\"><img loading=\"lazy\" decoding=\"async\" width=\"97\" height=\"97\" src=\"https:\/\/seal.transport-manager.net\/st96204\/wp-content\/uploads\/sites\/90\/2022\/08\/L9.png\" alt=\"\" class=\"wp-image-927\" \/><\/figure>\n\n\n\n<h2 class=\"wp-block-heading has-text-align-center\"><strong>&#8211; Haute-ville &lt;-&gt; Campus Alan Turing<\/strong><\/h2>\n<\/div>\n\n\n<div class=\"wp-block-image\">\n<figure class=\"aligncenter size-large\"><img decoding=\"async\" src=\"https:\/\/transport-manager.net\/assets\/img\/lignes\/N4_L9_blanc2.png\" alt=\"\" style=\"object-fit:cover\" \/><\/figure>\n<\/div>\n\n\n<div class=\"wp-block-group alignwide has-white-background-color has-background\"><div class=\"wp-block-group__inner-container is-layout-constrained wp-block-group-is-layout-constrained\">\n<div class=\"wp-block-columns alignwide are-vertically-aligned-top is-layout-flex wp-container-core-columns-is-layout-9d6595d7 wp-block-columns-is-layout-flex\">\n<div class=\"wp-block-column is-vertically-aligned-top is-layout-flow wp-block-column-is-layout-flow\">\n<h3 class=\"wp-block-heading has-text-align-center\"><strong>Distance<\/strong><\/h3>\n\n\n\n<h2 class=\"wp-block-heading has-text-align-center\"><strong>6<\/strong><\/h2>\n\n\n\n<p class=\"has-text-align-center\" style=\"font-size:25px\">Kilom\u00e8tres<\/p>\n<\/div>\n\n\n\n<div class=\"wp-block-column is-vertically-aligned-top is-layout-flow wp-block-column-is-layout-flow\">\n<h3 class=\"wp-block-heading has-text-align-center\"><strong>Temps de parcours<\/strong><\/h3>\n\n\n\n<h2 class=\"wp-block-heading has-text-align-center\"><strong>18<\/strong><\/h2>\n\n\n\n<p class=\"has-text-align-center\" style=\"font-size:25px\">Minutes<\/p>\n<\/div>\n\n\n\n<div class=\"wp-block-column is-vertically-aligned-top is-layout-flow wp-block-column-is-layout-flow\">\n<h3 class=\"wp-block-heading has-text-align-center\"><strong>Arr\u00eats<\/strong><\/h3>\n\n\n\n<h2 class=\"wp-block-heading has-text-align-center\"><strong>12<\/strong><\/h2>\n\n\n\n<p class=\"has-text-align-center\" style=\"font-size:25px\">Desservis<\/p>\n<\/div>\n<\/div>\n<\/div><\/div>\n\n\n\n<h3 class=\"wp-block-heading has-text-align-center\">Info Trafic<\/h3>\n\n\n\n<div class=\"wp-block-group has-white-background-color has-background\"><div class=\"wp-block-group__inner-container is-layout-constrained wp-block-group-is-layout-constrained\"><p>Derni\u00e8re mise \u00e0 jour : 1 f\u00e9vrier 2025<br \/>22h53<\/p>\n\n\n\n<table id=\"tablepress-2\" class=\"tablepress tablepress-id-2 table\">\n<thead>\n<tr class=\"row-1\">\n\t<th class=\"column-1\">Statut<\/th><th class=\"column-2\">Perturbations<\/th>\n<\/tr>\n<\/thead>\n<tbody class=\"row-striping row-hover\">\n<tr class=\"row-2\">\n\t<td class=\"column-1\">\ud83d\udfe2<\/td><td class=\"column-2\"><strong>Aucune Perturbations<\/strong><\/td>\n<\/tr>\n<\/tbody>\n<\/table>\n<!-- #tablepress-2 from cache -->\n\n\n\n<p><strong>L\u00e9gende : <\/strong><br>\ud83d\udfe2 : Aucune Perturbation<br>\ud83d\udfe1 : Ligne l\u00e9g\u00e8rement perturb\u00e9<br>\ud83d\udfe0 : Ligne moyennement perturb\u00e9<br>\ud83d\udd34 : Ligne tr\u00e8s perturb\u00e9e<br>\u26ab : Ligne Interrompu<\/p>\n<\/div><\/div>\n\n\n\n<div class=\"wp-block-group has-white-background-color has-background\"><div class=\"wp-block-group__inner-container is-layout-constrained wp-block-group-is-layout-constrained\">\n<h5 class=\"wp-block-heading\">Derniers Articles :<\/h5>\n\n\n<ul class=\"wp-block-latest-posts__list has-dates aligncenter wp-block-latest-posts\"><li><a class=\"wp-block-latest-posts__post-title\" href=\"https:\/\/seal.transport-manager.net\/st96204\/2025\/01\/23\/nouveautes-du-reseau-2025\/\">Nouveaut\u00e9s du r\u00e9seau 2025<\/a><time datetime=\"2025-01-23T19:56:58+01:00\" class=\"wp-block-latest-posts__post-date\">23 janvier 2025<\/time><div class=\"wp-block-latest-posts__post-excerpt\">Votre r\u00e9seau s&rsquo;am\u00e9liore, avec un nouveau mode de transport ST Transport a le plaisir de vous annoncer l&rsquo;arriv\u00e9 de la premi\u00e8re ligne de tramway sur l&rsquo;agglom\u00e9ration m\u00e9tropolitaine de Simvilet. Ce mode de transport va permettre de vous transporter plus rapidement d&rsquo;un point A vers un point B et plus silencieusement, et plus \u00e9cologiquement. Ce projet&nbsp;&hellip;<\/div><\/li>\n<\/ul><\/div><\/div>\n\n\n\n<h3 class=\"wp-block-heading has-text-align-center\" style=\"text-transform:none\">Fr\u00e9quences &amp; Horaires<\/h3>\n\n\n\n<div class=\"wp-block-group alignwide has-white-background-color has-background\"><div class=\"wp-block-group__inner-container is-layout-constrained wp-block-group-is-layout-constrained\">\n<div class=\"wp-block-columns alignwide are-vertically-aligned-top is-layout-flex wp-container-core-columns-is-layout-9d6595d7 wp-block-columns-is-layout-flex\">\n<div class=\"wp-block-column is-vertically-aligned-top is-layout-flow wp-block-column-is-layout-flow\">\n<h4 class=\"wp-block-heading has-text-align-center\"><strong>P\u00e9riodes<\/strong><\/h4>\n\n\n\n<h5 class=\"wp-block-heading has-text-align-center\">Horaires de circulations<\/h5>\n\n\n\n<h5 class=\"wp-block-heading has-text-align-center\">Fr\u00e9quences (Pointes)<\/h5>\n\n\n\n<h5 class=\"wp-block-heading has-text-align-center\">Fr\u00e9quences (Creuse)<\/h5>\n<\/div>\n\n\n\n<div class=\"wp-block-column is-vertically-aligned-top is-layout-flow wp-block-column-is-layout-flow\">\n<h4 class=\"wp-block-heading has-text-align-center\"><strong>Lundi au Vendredi<\/strong><\/h4>\n\n\n\n<h5 class=\"wp-block-heading has-text-align-center\">5h30 \u00e0 23h30<\/h5>\n\n\n\n<h5 class=\"wp-block-heading has-text-align-center\">7 Min<\/h5>\n\n\n\n<h5 class=\"wp-block-heading has-text-align-center\">12 Min<\/h5>\n<\/div>\n\n\n\n<div class=\"wp-block-column is-vertically-aligned-top is-layout-flow wp-block-column-is-layout-flow\">\n<h4 class=\"wp-block-heading has-text-align-center\"><strong>Samedi<\/strong><\/h4>\n\n\n\n<h5 class=\"wp-block-heading has-text-align-center\">6h \u00e0 23h30<\/h5>\n\n\n\n<h5 class=\"wp-block-heading has-text-align-center\">13 \u00e0 15 Min (Journ\u00e9e)<\/h5>\n\n\n\n<h5 class=\"wp-block-heading has-text-align-center\">30 Min (Soir)<\/h5>\n<\/div>\n\n\n\n<div class=\"wp-block-column is-vertically-aligned-top is-layout-flow wp-block-column-is-layout-flow\">\n<h4 class=\"wp-block-heading has-text-align-center\"><strong>Dimanche<\/strong><\/h4>\n\n\n\n<h5 class=\"wp-block-heading has-text-align-center\">6h \u00e0 22h<\/h5>\n\n\n\n<h5 class=\"wp-block-heading has-text-align-center\">30 Min (Journ\u00e9e)<\/h5>\n\n\n\n<h5 class=\"wp-block-heading has-text-align-center\">&#8211;<\/h5>\n<\/div>\n<\/div>\n<\/div><\/div>\n\n\n\n<h4 class=\"wp-block-heading has-text-align-center\">Fiche Horaire<\/h4>\n\n\n\n<div data-wp-interactive=\"core\/file\" class=\"wp-block-file alignwide\"><object data-wp-bind--hidden=\"!state.hasPdfPreview\" hidden class=\"wp-block-file__embed\" data=\"https:\/\/seal.transport-manager.net\/st96204\/wp-content\/uploads\/sites\/90\/2023\/08\/Horaires-bus-2023-2024-Ligne-9.pdf\" type=\"application\/pdf\" style=\"width:100%;height:800px\" aria-label=\"Contenu embarqu\u00e9 Horaires-bus-2023-2024-Ligne-9.\"><\/object><a id=\"wp-block-file--media-4098c2b3-f5ef-4c16-be3c-cc24feaaf2d5\" href=\"https:\/\/seal.transport-manager.net\/st96204\/wp-content\/uploads\/sites\/90\/2023\/08\/Horaires-bus-2023-2024-Ligne-9.pdf\">Horaires-bus-2023-2024-Ligne-9<\/a><\/div>\n","protected":false},"excerpt":{"rendered":"<p>&#8211; Haute-ville &lt;-&gt; Campus Alan Turing Distance 6 Kilom\u00e8tres Temps de parcours 18 Minutes Arr\u00eats 12 Desservis Info Trafic L\u00e9gende : \ud83d\udfe2 : Aucune Perturbation\ud83d\udfe1 : Ligne l\u00e9g\u00e8rement perturb\u00e9\ud83d\udfe0 :&nbsp;&hellip;<\/p>\n","protected":false},"author":91,"featured_media":0,"parent":0,"menu_order":0,"comment_status":"closed","ping_status":"closed","template":"","meta":{"footnotes":""},"class_list":["post-1871","page","type-page","status-publish","hentry"],"_links":{"self":[{"href":"https:\/\/seal.transport-manager.net\/st96204\/wp-json\/wp\/v2\/pages\/1871","targetHints":{"allow":["GET"]}}],"collection":[{"href":"https:\/\/seal.transport-manager.net\/st96204\/wp-json\/wp\/v2\/pages"}],"about":[{"href":"https:\/\/seal.transport-manager.net\/st96204\/wp-json\/wp\/v2\/types\/page"}],"author":[{"embeddable":true,"href":"https:\/\/seal.transport-manager.net\/st96204\/wp-json\/wp\/v2\/users\/91"}],"replies":[{"embeddable":true,"href":"https:\/\/seal.transport-manager.net\/st96204\/wp-json\/wp\/v2\/comments?post=1871"}],"version-history":[{"count":4,"href":"https:\/\/seal.transport-manager.net\/st96204\/wp-json\/wp\/v2\/pages\/1871\/revisions"}],"predecessor-version":[{"id":2128,"href":"https:\/\/seal.transport-manager.net\/st96204\/wp-json\/wp\/v2\/pages\/1871\/revisions\/2128"}],"wp:attachment":[{"href":"https:\/\/seal.transport-manager.net\/st96204\/wp-json\/wp\/v2\/media?parent=1871"}],"curies":[{"name":"wp","href":"https:\/\/api.w.org\/{rel}","templated":true}]}}