{"id":1886,"date":"2023-08-06T16:17:44","date_gmt":"2023-08-06T14:17:44","guid":{"rendered":"https:\/\/seal.transport-manager.net\/st96204\/?page_id=1886"},"modified":"2024-03-17T14:01:14","modified_gmt":"2024-03-17T13:01:14","slug":"transport-a-la-demande","status":"publish","type":"page","link":"https:\/\/seal.transport-manager.net\/st96204\/transport-a-la-demande\/","title":{"rendered":"Transport \u00e0 la Demande (TAD) Lignes 901 &#8211; 902"},"content":{"rendered":"<div class=\"wp-block-image\">\n<figure class=\"aligncenter size-large is-resized\"><img decoding=\"async\" src=\"https:\/\/transport-manager.net\/assets\/img\/lignes\/N3_L901_blanc1.png\" alt=\"\" style=\"object-fit:contain;width:1450px;height:360px\" \/><\/figure>\n<\/div>\n\n\n<div class=\"wp-block-group alignwide has-white-background-color has-background\"><div class=\"wp-block-group__inner-container is-layout-constrained wp-block-group-is-layout-constrained\">\n<div class=\"wp-block-columns alignwide are-vertically-aligned-top is-layout-flex wp-container-core-columns-is-layout-9d6595d7 wp-block-columns-is-layout-flex\">\n<div class=\"wp-block-column is-vertically-aligned-top is-layout-flow wp-block-column-is-layout-flow\">\n<h3 class=\"wp-block-heading has-text-align-center\"><strong>Distance<\/strong><\/h3>\n\n\n\n<h2 class=\"wp-block-heading has-text-align-center\"><strong>4<\/strong><\/h2>\n\n\n\n<p class=\"has-text-align-center\" style=\"font-size:25px\">Kilom\u00e8tres<\/p>\n<\/div>\n\n\n\n<div class=\"wp-block-column is-vertically-aligned-top is-layout-flow wp-block-column-is-layout-flow\">\n<h3 class=\"wp-block-heading has-text-align-center\"><strong>Temps de parcours<\/strong><\/h3>\n\n\n\n<h2 class=\"wp-block-heading has-text-align-center\"><strong>12<\/strong><\/h2>\n\n\n\n<p class=\"has-text-align-center\" style=\"font-size:25px\">Minutes<\/p>\n<\/div>\n\n\n\n<div class=\"wp-block-column is-vertically-aligned-top is-layout-flow wp-block-column-is-layout-flow\">\n<h3 class=\"wp-block-heading has-text-align-center\"><strong>Arr\u00eats<\/strong><\/h3>\n\n\n\n<h2 class=\"wp-block-heading has-text-align-center\"><strong>10<\/strong><\/h2>\n\n\n\n<p class=\"has-text-align-center\" style=\"font-size:25px\">Desservis<\/p>\n<\/div>\n<\/div>\n<\/div><\/div>\n\n\n<div class=\"wp-block-image\">\n<figure class=\"aligncenter size-large is-resized\"><img decoding=\"async\" src=\"https:\/\/transport-manager.net\/assets\/img\/lignes\/N3_L902_blanc1.png\" alt=\"\" style=\"object-fit:contain;width:1450px;height:348px\" \/><\/figure>\n<\/div>\n\n\n<div class=\"wp-block-group alignwide has-white-background-color has-background\"><div class=\"wp-block-group__inner-container is-layout-constrained wp-block-group-is-layout-constrained\">\n<div class=\"wp-block-columns alignwide are-vertically-aligned-top is-layout-flex wp-container-core-columns-is-layout-9d6595d7 wp-block-columns-is-layout-flex\">\n<div class=\"wp-block-column is-vertically-aligned-top is-layout-flow wp-block-column-is-layout-flow\">\n<h3 class=\"wp-block-heading has-text-align-center\"><strong>Distance<\/strong><\/h3>\n\n\n\n<h2 class=\"wp-block-heading has-text-align-center\"><strong>5<\/strong><\/h2>\n\n\n\n<p class=\"has-text-align-center\" style=\"font-size:25px\">Kilom\u00e8tres<\/p>\n<\/div>\n\n\n\n<div class=\"wp-block-column is-vertically-aligned-top is-layout-flow wp-block-column-is-layout-flow\">\n<h3 class=\"wp-block-heading has-text-align-center\"><strong>Temps de parcours<\/strong><\/h3>\n\n\n\n<h2 class=\"wp-block-heading has-text-align-center\"><strong>20<\/strong><\/h2>\n\n\n\n<p class=\"has-text-align-center\" style=\"font-size:25px\">Minutes<\/p>\n<\/div>\n\n\n\n<div class=\"wp-block-column is-vertically-aligned-top is-layout-flow wp-block-column-is-layout-flow\">\n<h3 class=\"wp-block-heading has-text-align-center\"><strong>Arr\u00eats<\/strong><\/h3>\n\n\n\n<h2 class=\"wp-block-heading has-text-align-center\"><strong>17<\/strong><\/h2>\n\n\n\n<p class=\"has-text-align-center\" style=\"font-size:25px\">Desservis<\/p>\n<\/div>\n<\/div>\n<\/div><\/div>\n\n\n\n<h3 class=\"wp-block-heading has-text-align-center\">Info Trafic<\/h3>\n\n\n\n<div class=\"wp-block-group has-white-background-color has-background\"><div class=\"wp-block-group__inner-container is-layout-constrained wp-block-group-is-layout-constrained\"><p>Derni\u00e8re mise \u00e0 jour : 1 f\u00e9vrier 2025<br \/>22h53<\/p>\n\n\n\n<table id=\"tablepress-2\" class=\"tablepress tablepress-id-2 table\">\n<thead>\n<tr class=\"row-1\">\n\t<th class=\"column-1\">Statut<\/th><th class=\"column-2\">Perturbations<\/th>\n<\/tr>\n<\/thead>\n<tbody class=\"row-striping row-hover\">\n<tr class=\"row-2\">\n\t<td class=\"column-1\">\ud83d\udfe2<\/td><td class=\"column-2\"><strong>Aucune Perturbations<\/strong><\/td>\n<\/tr>\n<\/tbody>\n<\/table>\n<!-- #tablepress-2 from cache -->\n\n\n\n<p><strong>L\u00e9gende : <\/strong><br>\ud83d\udfe2 : Aucune Perturbation<br>\ud83d\udfe1 : Ligne l\u00e9g\u00e8rement perturb\u00e9<br>\ud83d\udfe0 : Ligne moyennement perturb\u00e9<br>\ud83d\udd34 : Ligne tr\u00e8s perturb\u00e9e<br>\u26ab : Ligne Interrompu<\/p>\n<\/div><\/div>\n\n\n\n<div class=\"wp-block-group has-white-background-color has-background\"><div class=\"wp-block-group__inner-container is-layout-constrained wp-block-group-is-layout-constrained\">\n<h5 class=\"wp-block-heading\">Derniers Articles :<\/h5>\n\n\n<ul class=\"wp-block-latest-posts__list has-dates aligncenter wp-block-latest-posts\"><li><a class=\"wp-block-latest-posts__post-title\" href=\"https:\/\/seal.transport-manager.net\/st96204\/2025\/01\/23\/nouveautes-du-reseau-2025\/\">Nouveaut\u00e9s du r\u00e9seau 2025<\/a><time datetime=\"2025-01-23T19:56:58+01:00\" class=\"wp-block-latest-posts__post-date\">23 janvier 2025<\/time><div class=\"wp-block-latest-posts__post-excerpt\">Votre r\u00e9seau s&rsquo;am\u00e9liore, avec un nouveau mode de transport ST Transport a le plaisir de vous annoncer l&rsquo;arriv\u00e9 de la premi\u00e8re ligne de tramway sur l&rsquo;agglom\u00e9ration m\u00e9tropolitaine de Simvilet. Ce mode de transport va permettre de vous transporter plus rapidement d&rsquo;un point A vers un point B et plus silencieusement, et plus \u00e9cologiquement. Ce projet&nbsp;&hellip;<\/div><\/li>\n<\/ul><\/div><\/div>\n\n\n\n<h3 class=\"wp-block-heading has-text-align-center\" style=\"text-transform:none\">Horaires<\/h3>\n\n\n\n<div class=\"wp-block-group alignwide has-white-background-color has-background\"><div class=\"wp-block-group__inner-container is-layout-constrained wp-block-group-is-layout-constrained\">\n<p class=\"has-text-align-center has-medium-font-size\"> <strong>Fonctionne du Lundi au Samedi de 6h \u00e0 21h<\/strong><\/p>\n\n\n\n<p class=\"has-text-align-center has-medium-font-size\">Pour r\u00e9server un voyage pouvez contacter le 08 22 99 77 33 pour r\u00e9server un trajet !<\/p>\n\n\n\n<p class=\"has-text-align-center has-medium-font-size\">La r\u00e9servation du voyage de se faire 2 heures avant votre d\u00e9placement !<\/p>\n<\/div><\/div>\n","protected":false},"excerpt":{"rendered":"<p>Distance 4 Kilom\u00e8tres Temps de parcours 12 Minutes Arr\u00eats 10 Desservis Distance 5 Kilom\u00e8tres Temps de parcours 20 Minutes Arr\u00eats 17 Desservis Info Trafic L\u00e9gende : \ud83d\udfe2 : Aucune Perturbation\ud83d\udfe1&nbsp;&hellip;<\/p>\n","protected":false},"author":91,"featured_media":0,"parent":0,"menu_order":0,"comment_status":"closed","ping_status":"closed","template":"","meta":{"footnotes":""},"class_list":["post-1886","page","type-page","status-publish","hentry"],"_links":{"self":[{"href":"https:\/\/seal.transport-manager.net\/st96204\/wp-json\/wp\/v2\/pages\/1886","targetHints":{"allow":["GET"]}}],"collection":[{"href":"https:\/\/seal.transport-manager.net\/st96204\/wp-json\/wp\/v2\/pages"}],"about":[{"href":"https:\/\/seal.transport-manager.net\/st96204\/wp-json\/wp\/v2\/types\/page"}],"author":[{"embeddable":true,"href":"https:\/\/seal.transport-manager.net\/st96204\/wp-json\/wp\/v2\/users\/91"}],"replies":[{"embeddable":true,"href":"https:\/\/seal.transport-manager.net\/st96204\/wp-json\/wp\/v2\/comments?post=1886"}],"version-history":[{"count":11,"href":"https:\/\/seal.transport-manager.net\/st96204\/wp-json\/wp\/v2\/pages\/1886\/revisions"}],"predecessor-version":[{"id":2239,"href":"https:\/\/seal.transport-manager.net\/st96204\/wp-json\/wp\/v2\/pages\/1886\/revisions\/2239"}],"wp:attachment":[{"href":"https:\/\/seal.transport-manager.net\/st96204\/wp-json\/wp\/v2\/media?parent=1886"}],"curies":[{"name":"wp","href":"https:\/\/api.w.org\/{rel}","templated":true}]}}