{"id":1918,"date":"2023-10-01T15:06:22","date_gmt":"2023-10-01T13:06:22","guid":{"rendered":"https:\/\/seal.transport-manager.net\/st96204\/?page_id=1918"},"modified":"2025-10-20T21:34:55","modified_gmt":"2025-10-20T19:34:55","slug":"lignes-periurbaines","status":"publish","type":"page","link":"https:\/\/seal.transport-manager.net\/st96204\/lignes-periurbaines\/","title":{"rendered":"Lignes P\u00e9riurbaines"},"content":{"rendered":"\n<h2 class=\"wp-block-heading has-text-align-center\" id=\"lignes-regulieres\"><strong>Lignes Suburbaine<\/strong><\/h2>\n\n\n\n<div class=\"wp-block-group alignwide has-white-background-color has-background\"><div class=\"wp-block-group__inner-container is-layout-constrained wp-block-group-is-layout-constrained\">\n<div class=\"wp-block-columns alignwide are-vertically-aligned-top has-white-background-color has-background is-layout-flex wp-container-core-columns-is-layout-9d6595d7 wp-block-columns-is-layout-flex\">\n<div class=\"wp-block-column is-vertically-aligned-top is-layout-flow wp-block-column-is-layout-flow\"><div class=\"wp-block-image\">\n<figure class=\"aligncenter size-full\"><a href=\"https:\/\/seal.transport-manager.net\/st96204\/ligne-101\/\"><img loading=\"lazy\" decoding=\"async\" width=\"98\" height=\"97\" src=\"https:\/\/seal.transport-manager.net\/st96204\/wp-content\/uploads\/sites\/90\/2023\/08\/image-4.png\" alt=\"\" class=\"wp-image-1919\" \/><\/a><\/figure>\n<\/div>\n\n\n<h5 class=\"wp-block-heading has-text-align-center\"><a href=\"https:\/\/seal.transport-manager.net\/st96204\/ligne-101\/\" data-type=\"page\" data-id=\"2137\">SIMVILET &#8211; H\u00f4tel de R\u00e9gion<\/a><\/h5>\n\n\n\n<h5 class=\"wp-block-heading has-text-align-center\"><a href=\"https:\/\/seal.transport-manager.net\/st96204\/ligne-101\/\" data-type=\"page\" data-id=\"2137\">ARRONAY &#8211; \u00c9tangs<\/a><\/h5>\n<\/div>\n\n\n\n<div class=\"wp-block-column is-vertically-aligned-top is-layout-flow wp-block-column-is-layout-flow\"><div class=\"wp-block-image\">\n<figure class=\"aligncenter size-full\"><a href=\"https:\/\/seal.transport-manager.net\/st96204\/ligne-102\/\"><img loading=\"lazy\" decoding=\"async\" width=\"98\" height=\"97\" src=\"https:\/\/seal.transport-manager.net\/st96204\/wp-content\/uploads\/sites\/90\/2023\/08\/image-5.png\" alt=\"\" class=\"wp-image-1920\" \/><\/a><\/figure>\n<\/div>\n\n\n<h5 class=\"wp-block-heading has-text-align-center\"><a href=\"https:\/\/seal.transport-manager.net\/st96204\/ligne-102\/\" data-type=\"page\" data-id=\"2147\">SIMVILET &#8211; Stade<\/a><\/h5>\n\n\n\n<h5 class=\"wp-block-heading has-text-align-center\"><a href=\"https:\/\/seal.transport-manager.net\/st96204\/ligne-102\/\" data-type=\"page\" data-id=\"2147\">BRINTE &#8211; Av. de la Libert\u00e9<\/a><\/h5>\n<\/div>\n\n\n\n<div class=\"wp-block-column is-vertically-aligned-top is-layout-flow wp-block-column-is-layout-flow\"><div class=\"wp-block-image wp-duotone-unset-1\">\n<figure class=\"aligncenter size-full\"><a href=\"https:\/\/seal.transport-manager.net\/st96204\/ligne-103\/\"><img loading=\"lazy\" decoding=\"async\" width=\"98\" height=\"98\" src=\"https:\/\/seal.transport-manager.net\/st96204\/wp-content\/uploads\/sites\/90\/2023\/08\/image-6.png\" alt=\"\" class=\"wp-image-1921\" \/><\/a><\/figure>\n<\/div>\n\n\n<h5 class=\"wp-block-heading has-text-align-center\"><a href=\"https:\/\/seal.transport-manager.net\/st96204\/ligne-103\/\" data-type=\"page\" data-id=\"2152\">SIMVILET &#8211; Place de l&rsquo;Europe<\/a><\/h5>\n\n\n\n<h5 class=\"wp-block-heading has-text-align-center\"><a href=\"https:\/\/seal.transport-manager.net\/st96204\/ligne-103\/\" data-type=\"page\" data-id=\"2152\">CLORENT &#8211; Centre de Recyclage<\/a><\/h5>\n<\/div>\n\n\n\n<div class=\"wp-block-column is-vertically-aligned-top is-layout-flow wp-block-column-is-layout-flow\"><div class=\"wp-block-image wp-duotone-unset-2\">\n<figure class=\"aligncenter size-full\"><a href=\"https:\/\/seal.transport-manager.net\/st96204\/ligne-104\/\"><img loading=\"lazy\" decoding=\"async\" width=\"98\" height=\"97\" src=\"https:\/\/seal.transport-manager.net\/st96204\/wp-content\/uploads\/sites\/90\/2023\/08\/image-7.png\" alt=\"\" class=\"wp-image-1922\" \/><\/a><\/figure>\n<\/div>\n\n\n<h5 class=\"wp-block-heading has-text-align-center has-black-color has-text-color\"><a href=\"https:\/\/seal.transport-manager.net\/st96204\/ligne-104\/\" data-type=\"page\" data-id=\"2246\">LACANAC &#8211; Place du march\u00e9<\/a><\/h5>\n\n\n\n<h5 class=\"wp-block-heading has-text-align-center has-black-color has-text-color\"><a href=\"https:\/\/seal.transport-manager.net\/st96204\/ligne-104\/\" data-type=\"page\" data-id=\"2246\">SIMVILET &#8211; Science Po<\/a><\/h5>\n<\/div>\n<\/div>\n\n\n\n<div class=\"wp-block-columns alignwide are-vertically-aligned-top has-white-background-color has-background is-layout-flex wp-container-core-columns-is-layout-9d6595d7 wp-block-columns-is-layout-flex\">\n<div class=\"wp-block-column is-vertically-aligned-top is-layout-flow wp-block-column-is-layout-flow\"><div class=\"wp-block-image\">\n<figure class=\"aligncenter size-full\"><img loading=\"lazy\" decoding=\"async\" width=\"97\" height=\"97\" src=\"https:\/\/seal.transport-manager.net\/st96204\/wp-content\/uploads\/sites\/90\/2025\/01\/L105.png\" alt=\"\" class=\"wp-image-2528\" \/><\/figure>\n<\/div>\n\n\n<h5 class=\"wp-block-heading has-text-align-center\">SIMVILET &#8211; Place de l&rsquo;Europe<\/h5>\n\n\n\n<h5 class=\"wp-block-heading has-text-align-center\">SAVIENS &#8211; L&rsquo;\u00c9glise<\/h5>\n<\/div>\n\n\n\n<div class=\"wp-block-column is-vertically-aligned-top is-layout-flow wp-block-column-is-layout-flow\"><div class=\"wp-block-image\">\n<figure class=\"aligncenter size-full\"><img loading=\"lazy\" decoding=\"async\" width=\"97\" height=\"97\" src=\"https:\/\/seal.transport-manager.net\/st96204\/wp-content\/uploads\/sites\/90\/2025\/01\/L106.png\" alt=\"\" class=\"wp-image-2529\" \/><\/figure>\n<\/div>\n\n\n<h5 class=\"wp-block-heading has-text-align-center\">SIMVILET &#8211; Gare de l&rsquo;Ouest<\/h5>\n\n\n\n<h5 class=\"wp-block-heading has-text-align-center\">TUTILLUS &#8211; Bureau de poste<\/h5>\n<\/div>\n\n\n\n<div class=\"wp-block-column is-vertically-aligned-top is-layout-flow wp-block-column-is-layout-flow\"><div class=\"wp-block-image wp-duotone-unset-3\">\n<figure class=\"aligncenter size-full\"><img loading=\"lazy\" decoding=\"async\" width=\"97\" height=\"97\" src=\"https:\/\/seal.transport-manager.net\/st96204\/wp-content\/uploads\/sites\/90\/2025\/01\/L151.png\" alt=\"\" class=\"wp-image-2530\" \/><\/figure>\n<\/div>\n\n\n<h5 class=\"wp-block-heading has-text-align-center\">TUTILIUS &#8211; Bureau de poste<\/h5>\n\n\n\n<h5 class=\"wp-block-heading has-text-align-center\">BRINTE &#8211; Avenue de la libert\u00e9<\/h5>\n<\/div>\n<\/div>\n<\/div><\/div>\n\n\n\n<h4 class=\"wp-block-heading has-text-align-center\">Plan Suburbain<\/h4>\n\n\n\n<figure class=\"wp-block-image size-large\"><img decoding=\"async\" src=\"https:\/\/transport-manager.net\/assets\/img\/lignes\/Plan_N5_suburbain.png\" alt=\"\" \/><\/figure>\n\n\n\n<h2 class=\"wp-block-heading has-text-align-center\"><strong>Lignes Interurbaines<\/strong><\/h2>\n\n\n\n<div class=\"wp-block-group has-white-background-color has-background\"><div class=\"wp-block-group__inner-container is-layout-constrained wp-block-group-is-layout-constrained\">\n<div class=\"wp-block-columns alignwide are-vertically-aligned-top has-white-background-color has-background is-layout-flex wp-container-core-columns-is-layout-9d6595d7 wp-block-columns-is-layout-flex\">\n<div class=\"wp-block-column is-vertically-aligned-top is-layout-flow wp-block-column-is-layout-flow\"><div class=\"wp-block-image\">\n<figure class=\"aligncenter size-full\"><a href=\"https:\/\/seal.transport-manager.net\/st96204\/ligne-201\/\"><img loading=\"lazy\" decoding=\"async\" width=\"97\" height=\"97\" src=\"https:\/\/seal.transport-manager.net\/st96204\/wp-content\/uploads\/sites\/90\/2023\/08\/image-8.png\" alt=\"\" class=\"wp-image-1923\" \/><\/a><\/figure>\n<\/div>\n\n\n<h5 class=\"wp-block-heading has-text-align-center has-black-color has-text-color\"><a href=\"https:\/\/seal.transport-manager.net\/st96204\/ligne-201\/\" data-type=\"link\" data-id=\"https:\/\/seal.transport-manager.net\/st96204\/ligne-201\/\">Campus Alan Turing<\/a><\/h5>\n\n\n\n<h5 class=\"wp-block-heading has-text-align-center has-black-color has-text-color\"><a href=\"https:\/\/seal.transport-manager.net\/st96204\/ligne-201\/\">LUSIGNOL &#8211; Gare<\/a><\/h5>\n<\/div>\n\n\n\n<div class=\"wp-block-column is-vertically-aligned-top is-layout-flow wp-block-column-is-layout-flow\"><div class=\"wp-block-image\">\n<figure class=\"aligncenter size-full\"><a href=\"https:\/\/seal.transport-manager.net\/st96204\/ligne-202\/\"><img loading=\"lazy\" decoding=\"async\" width=\"98\" height=\"97\" src=\"https:\/\/seal.transport-manager.net\/st96204\/wp-content\/uploads\/sites\/90\/2023\/08\/image-9.png\" alt=\"\" class=\"wp-image-1924\" \/><\/a><\/figure>\n<\/div>\n\n\n<h5 class=\"wp-block-heading has-text-align-center has-black-color has-text-color\"><a href=\"https:\/\/seal.transport-manager.net\/st96204\/ligne-202\/\" data-type=\"page\" data-id=\"2325\">MINIA &#8211; Gare Routi\u00e8re<\/a><\/h5>\n\n\n\n<h5 class=\"wp-block-heading has-text-align-center has-black-color has-text-color\"><a href=\"https:\/\/seal.transport-manager.net\/st96204\/ligne-202\/\" data-type=\"page\" data-id=\"2325\">Campus Alan Turing<\/a><\/h5>\n<\/div>\n\n\n\n<div class=\"wp-block-column is-vertically-aligned-top is-layout-flow wp-block-column-is-layout-flow\"><div class=\"wp-block-image wp-duotone-unset-4\">\n<figure class=\"aligncenter size-full\"><a href=\"https:\/\/seal.transport-manager.net\/st96204\/ligne-203\/\"><img loading=\"lazy\" decoding=\"async\" width=\"97\" height=\"97\" src=\"https:\/\/seal.transport-manager.net\/st96204\/wp-content\/uploads\/sites\/90\/2023\/08\/image-10.png\" alt=\"\" class=\"wp-image-1925\" \/><\/a><\/figure>\n<\/div>\n\n\n<h5 class=\"wp-block-heading has-text-align-center has-black-color has-text-color\"><a href=\"https:\/\/seal.transport-manager.net\/st96204\/ligne-203\/\" data-type=\"page\" data-id=\"2326\">LUDORGUE &#8211; Mont Ludorgue<\/a><\/h5>\n\n\n\n<h5 class=\"wp-block-heading has-text-align-center has-black-color has-text-color\"><a href=\"https:\/\/seal.transport-manager.net\/st96204\/ligne-203\/\" data-type=\"page\" data-id=\"2326\">Gare de l&rsquo;Ouest<\/a><\/h5>\n<\/div>\n\n\n\n<div class=\"wp-block-column is-vertically-aligned-top is-layout-flow wp-block-column-is-layout-flow\"><div class=\"wp-block-image wp-duotone-unset-5\">\n<figure class=\"aligncenter size-full\"><img loading=\"lazy\" decoding=\"async\" width=\"97\" height=\"97\" src=\"https:\/\/seal.transport-manager.net\/st96204\/wp-content\/uploads\/sites\/90\/2025\/01\/L204.png\" alt=\"\" class=\"wp-image-2524\" \/><\/figure>\n<\/div>\n\n\n<h5 class=\"wp-block-heading has-text-align-center has-black-color has-text-color\">ASQUILLAY &#8211; Boulevard de l&rsquo;Humanit\u00e9<\/h5>\n\n\n\n<h6 class=\"wp-block-heading has-text-align-center has-black-color has-text-color\">via SAVIENS<\/h6>\n\n\n\n<h5 class=\"wp-block-heading has-text-align-center has-black-color has-text-color\">SIMVILET &#8211; Gare de l&rsquo;Ouest<\/h5>\n<\/div>\n<\/div>\n\n\n\n<div class=\"wp-block-columns alignwide are-vertically-aligned-top has-white-background-color has-background is-layout-flex wp-container-core-columns-is-layout-9d6595d7 wp-block-columns-is-layout-flex\">\n<div class=\"wp-block-column is-vertically-aligned-top is-layout-flow wp-block-column-is-layout-flow\"><div class=\"wp-block-image wp-duotone-unset-6\">\n<figure class=\"aligncenter size-full\"><img loading=\"lazy\" decoding=\"async\" width=\"97\" height=\"97\" src=\"https:\/\/seal.transport-manager.net\/st96204\/wp-content\/uploads\/sites\/90\/2025\/01\/L205.png\" alt=\"\" class=\"wp-image-2525\" \/><\/figure>\n<\/div>\n\n\n<h5 class=\"wp-block-heading has-text-align-center has-black-color has-text-color\">ASQUILLAY &#8211; Boulevard de l&rsquo;Humanit\u00e9<\/h5>\n\n\n\n<h6 class=\"wp-block-heading has-text-align-center has-black-color has-text-color\">via LES MARCHES<\/h6>\n\n\n\n<h5 class=\"wp-block-heading has-text-align-center has-black-color has-text-color\">SIMVILET &#8211; Gare de l&rsquo;Ouest<\/h5>\n<\/div>\n\n\n\n<div class=\"wp-block-column is-vertically-aligned-top is-layout-flow wp-block-column-is-layout-flow\"><div class=\"wp-block-image\">\n<figure class=\"aligncenter size-full\"><img loading=\"lazy\" decoding=\"async\" width=\"97\" height=\"97\" src=\"https:\/\/seal.transport-manager.net\/st96204\/wp-content\/uploads\/sites\/90\/2025\/01\/L206.png\" alt=\"\" class=\"wp-image-2526\" \/><\/figure>\n<\/div>\n\n\n<h5 class=\"wp-block-heading has-text-align-center has-black-color has-text-color\">MOURLIN &#8211; Beffroi<\/h5>\n\n\n\n<h5 class=\"wp-block-heading has-text-align-center has-black-color has-text-color\">SIMVILET &#8211; Gare de l&rsquo;Ouest<\/h5>\n<\/div>\n\n\n\n<div class=\"wp-block-column is-vertically-aligned-top is-layout-flow wp-block-column-is-layout-flow\"><div class=\"wp-block-image wp-duotone-unset-7\">\n<figure class=\"aligncenter size-full\"><img loading=\"lazy\" decoding=\"async\" width=\"97\" height=\"97\" src=\"https:\/\/seal.transport-manager.net\/st96204\/wp-content\/uploads\/sites\/90\/2025\/01\/L251.png\" alt=\"\" class=\"wp-image-2531\" \/><\/figure>\n<\/div>\n\n\n<h5 class=\"wp-block-heading has-text-align-center has-black-color has-text-color\">MINIA &#8211; Gare Routi\u00e8re<\/h5>\n\n\n\n<h5 class=\"wp-block-heading has-text-align-center has-black-color has-text-color\">LUSIGNOL &#8211; Gare<\/h5>\n<\/div>\n\n\n\n<div class=\"wp-block-column is-vertically-aligned-top is-layout-flow wp-block-column-is-layout-flow\"><div class=\"wp-block-image wp-duotone-unset-8\">\n<figure class=\"aligncenter size-full\"><img loading=\"lazy\" decoding=\"async\" width=\"97\" height=\"97\" src=\"https:\/\/seal.transport-manager.net\/st96204\/wp-content\/uploads\/sites\/90\/2025\/01\/L941.png\" alt=\"\" class=\"wp-image-2539\" \/><\/figure>\n<\/div>\n\n\n<h6 class=\"wp-block-heading has-text-align-center\">Ligne TAD<\/h6>\n\n\n\n<h5 class=\"wp-block-heading has-text-align-center has-black-color has-text-color\">NAUBOURG &#8211; Grand Place<\/h5>\n\n\n\n<h5 class=\"wp-block-heading has-text-align-center has-black-color has-text-color\">SIMVILET &#8211; Gare de l&rsquo;Ouest<\/h5>\n<\/div>\n<\/div>\n<\/div><\/div>\n\n\n\n<h4 class=\"wp-block-heading has-text-align-center\">Plan Interurbain<\/h4>\n\n\n\n<figure class=\"wp-block-image size-large is-resized\"><img decoding=\"async\" src=\"https:\/\/transport-manager.net\/assets\/img\/lignes\/Plan_N5_interurbain.png\" alt=\"\" style=\"object-fit:contain;width:1450px;height:1156px\" \/><\/figure>\n","protected":false},"excerpt":{"rendered":"<p>Lignes Suburbaine SIMVILET &#8211; H\u00f4tel de R\u00e9gion ARRONAY &#8211; \u00c9tangs SIMVILET &#8211; Stade BRINTE &#8211; Av. de la Libert\u00e9 SIMVILET &#8211; Place de l&rsquo;Europe CLORENT &#8211; Centre de Recyclage LACANAC&nbsp;&hellip;<\/p>\n","protected":false},"author":91,"featured_media":0,"parent":0,"menu_order":0,"comment_status":"closed","ping_status":"closed","template":"","meta":{"footnotes":""},"class_list":["post-1918","page","type-page","status-publish","hentry"],"_links":{"self":[{"href":"https:\/\/seal.transport-manager.net\/st96204\/wp-json\/wp\/v2\/pages\/1918","targetHints":{"allow":["GET"]}}],"collection":[{"href":"https:\/\/seal.transport-manager.net\/st96204\/wp-json\/wp\/v2\/pages"}],"about":[{"href":"https:\/\/seal.transport-manager.net\/st96204\/wp-json\/wp\/v2\/types\/page"}],"author":[{"embeddable":true,"href":"https:\/\/seal.transport-manager.net\/st96204\/wp-json\/wp\/v2\/users\/91"}],"replies":[{"embeddable":true,"href":"https:\/\/seal.transport-manager.net\/st96204\/wp-json\/wp\/v2\/comments?post=1918"}],"version-history":[{"count":22,"href":"https:\/\/seal.transport-manager.net\/st96204\/wp-json\/wp\/v2\/pages\/1918\/revisions"}],"predecessor-version":[{"id":2674,"href":"https:\/\/seal.transport-manager.net\/st96204\/wp-json\/wp\/v2\/pages\/1918\/revisions\/2674"}],"wp:attachment":[{"href":"https:\/\/seal.transport-manager.net\/st96204\/wp-json\/wp\/v2\/media?parent=1918"}],"curies":[{"name":"wp","href":"https:\/\/api.w.org\/{rel}","templated":true}]}}