{"id":23,"date":"2021-09-02T23:08:36","date_gmt":"2021-09-02T21:08:36","guid":{"rendered":"https:\/\/seal.transport-manager.net\/st96204\/?page_id=23"},"modified":"2025-01-23T19:59:05","modified_gmt":"2025-01-23T18:59:05","slug":"le-reseau","status":"publish","type":"page","link":"https:\/\/seal.transport-manager.net\/st96204\/le-reseau\/","title":{"rendered":"Le R\u00e9seau"},"content":{"rendered":"\n<h2 class=\"wp-block-heading has-text-align-center\" id=\"informations-generales\">Informations G\u00e9n\u00e9rales<\/h2>\n\n\n\n<table id=\"tablepress-3\" class=\"tablepress tablepress-id-3\">\n<tbody class=\"row-striping row-hover\">\n<tr class=\"row-1\">\n\t<td class=\"column-1\">Aucune Pertubations<\/td>\n<\/tr>\n<tr class=\"row-2\">\n\t<td class=\"column-1\"><strong>ST Transports vous souhaites un bon voyage sur notre r\u00e9seau<\/strong><\/td>\n<\/tr>\n<\/tbody>\n<\/table>\n<!-- #tablepress-3 from cache -->\n\n\n\n<div class=\"wp-block-buttons is-horizontal is-content-justification-center is-layout-flex wp-container-core-buttons-is-layout-499968f5 wp-block-buttons-is-layout-flex\">\n<div class=\"wp-block-button\"><a class=\"wp-block-button__link wp-element-button\" href=\"https:\/\/seal.transport-manager.net\/st96204\/infos-trafic\/\" style=\"border-radius:50px\" rel=\"infos-trafic\">Infos Trafic<\/a><\/div>\n\n\n\n<div class=\"wp-block-button\"><a class=\"wp-block-button__link wp-element-button\" href=\"https:\/\/seal.transport-manager.net\/st96204\/lignes-urbaines\/\">Vos lignes Urbaines<\/a><\/div>\n\n\n\n<div class=\"wp-block-button\"><a class=\"wp-block-button__link wp-element-button\" href=\"https:\/\/seal.transport-manager.net\/st96204\/lignes-periurbaines\/\">Vos Lignes P\u00e9riurbaines<\/a><\/div>\n<\/div>\n\n\n\n<h2 class=\"wp-block-heading has-text-align-center\" id=\"plan-du-reseau\">Plan du r\u00e9seau<\/h2>\n\n\n<div class=\"wp-block-image\">\n<figure class=\"aligncenter size-large is-resized\"><img decoding=\"async\" src=\"https:\/\/transport-manager.net\/assets\/img\/lignes\/Plan_N5.png\" alt=\"\" style=\"object-fit:contain;width:1450px;height:936px\" \/><\/figure>\n<\/div>\n\n\n<p><\/p>\n","protected":false},"excerpt":{"rendered":"<p>Informations G\u00e9n\u00e9rales Plan du r\u00e9seau<\/p>\n","protected":false},"author":91,"featured_media":162,"parent":0,"menu_order":0,"comment_status":"closed","ping_status":"closed","template":"","meta":{"footnotes":""},"class_list":["post-23","page","type-page","status-publish","has-post-thumbnail","hentry"],"_links":{"self":[{"href":"https:\/\/seal.transport-manager.net\/st96204\/wp-json\/wp\/v2\/pages\/23","targetHints":{"allow":["GET"]}}],"collection":[{"href":"https:\/\/seal.transport-manager.net\/st96204\/wp-json\/wp\/v2\/pages"}],"about":[{"href":"https:\/\/seal.transport-manager.net\/st96204\/wp-json\/wp\/v2\/types\/page"}],"author":[{"embeddable":true,"href":"https:\/\/seal.transport-manager.net\/st96204\/wp-json\/wp\/v2\/users\/91"}],"replies":[{"embeddable":true,"href":"https:\/\/seal.transport-manager.net\/st96204\/wp-json\/wp\/v2\/comments?post=23"}],"version-history":[{"count":102,"href":"https:\/\/seal.transport-manager.net\/st96204\/wp-json\/wp\/v2\/pages\/23\/revisions"}],"predecessor-version":[{"id":2569,"href":"https:\/\/seal.transport-manager.net\/st96204\/wp-json\/wp\/v2\/pages\/23\/revisions\/2569"}],"wp:featuredmedia":[{"embeddable":true,"href":"https:\/\/seal.transport-manager.net\/st96204\/wp-json\/wp\/v2\/media\/162"}],"wp:attachment":[{"href":"https:\/\/seal.transport-manager.net\/st96204\/wp-json\/wp\/v2\/media?parent=23"}],"curies":[{"name":"wp","href":"https:\/\/api.w.org\/{rel}","templated":true}]}}