{"id":660,"date":"2023-08-06T16:14:22","date_gmt":"2023-08-06T14:14:22","guid":{"rendered":"https:\/\/seal.transport-manager.net\/st96204\/?page_id=660"},"modified":"2025-02-01T23:02:28","modified_gmt":"2025-02-01T22:02:28","slug":"ligne-1","status":"publish","type":"page","link":"https:\/\/seal.transport-manager.net\/st96204\/ligne-1\/","title":{"rendered":"Ligne T1"},"content":{"rendered":"\n<div class=\"wp-block-group is-content-justification-center is-nowrap is-layout-flex wp-container-core-group-is-layout-94bc23d7 wp-block-group-is-layout-flex\">\n<figure class=\"wp-block-image is-resized\"><img loading=\"lazy\" decoding=\"async\" width=\"97\" height=\"97\" src=\"https:\/\/seal.transport-manager.net\/st96204\/wp-content\/uploads\/sites\/90\/2021\/09\/L1.png\" alt=\"\" class=\"wp-image-35\" style=\"width:109px;height:109px\" \/><\/figure>\n\n\n\n<h2 class=\"wp-block-heading has-text-align-center\"><strong>&#8211; A\u00e9roport &lt;-&gt; Clinique Saint Paul<\/strong><\/h2>\n<\/div>\n\n\n<div class=\"wp-block-image\">\n<figure class=\"aligncenter size-large\"><img decoding=\"async\" src=\"https:\/\/transport-manager.net\/assets\/img\/lignes\/N5_L1_blanc2.png\" alt=\"\" \/><\/figure>\n<\/div>\n\n\n<div class=\"wp-block-group alignwide has-white-background-color has-background\"><div class=\"wp-block-group__inner-container is-layout-constrained wp-block-group-is-layout-constrained\">\n<div class=\"wp-block-columns alignwide are-vertically-aligned-top is-layout-flex wp-container-core-columns-is-layout-9d6595d7 wp-block-columns-is-layout-flex\">\n<div class=\"wp-block-column is-vertically-aligned-top is-layout-flow wp-block-column-is-layout-flow\">\n<h3 class=\"wp-block-heading has-text-align-center\"><strong>Distance<\/strong><\/h3>\n\n\n\n<h2 class=\"wp-block-heading has-text-align-center\"><strong>14<\/strong><\/h2>\n\n\n\n<p class=\"has-text-align-center\" style=\"font-size:25px\">Kilom\u00e8tres<\/p>\n<\/div>\n\n\n\n<div class=\"wp-block-column is-vertically-aligned-top is-layout-flow wp-block-column-is-layout-flow\">\n<h3 class=\"wp-block-heading has-text-align-center\"><strong>Temps de parcours<\/strong><\/h3>\n\n\n\n<h2 class=\"wp-block-heading has-text-align-center\"><strong>46<\/strong><\/h2>\n\n\n\n<p class=\"has-text-align-center\" style=\"font-size:25px\">Minutes<\/p>\n<\/div>\n\n\n\n<div class=\"wp-block-column is-vertically-aligned-top is-layout-flow wp-block-column-is-layout-flow\">\n<h3 class=\"wp-block-heading has-text-align-center\"><strong>Arr\u00eats<\/strong><\/h3>\n\n\n\n<h2 class=\"wp-block-heading has-text-align-center\"><strong>44<\/strong><\/h2>\n\n\n\n<p class=\"has-text-align-center\" style=\"font-size:25px\">Desservis<\/p>\n<\/div>\n<\/div>\n<\/div><\/div>\n\n\n\n<h3 class=\"wp-block-heading has-text-align-center\">Info Trafic<\/h3>\n\n\n\n<div class=\"wp-block-group has-white-background-color has-background\"><div class=\"wp-block-group__inner-container is-layout-constrained wp-block-group-is-layout-constrained\"><p>Derni\u00e8re mise \u00e0 jour : 1 f\u00e9vrier 2025<br \/>22h53<\/p>\n\n\n\n<table id=\"tablepress-2\" class=\"tablepress tablepress-id-2 table\">\n<thead>\n<tr class=\"row-1\">\n\t<th class=\"column-1\">Statut<\/th><th class=\"column-2\">Perturbations<\/th>\n<\/tr>\n<\/thead>\n<tbody class=\"row-striping row-hover\">\n<tr class=\"row-2\">\n\t<td class=\"column-1\">\ud83d\udfe2<\/td><td class=\"column-2\"><strong>A partir du 1er F\u00e9vrier 2025<\/strong><br \/>\n<br \/>\nLa nouvelle ligne de tramway T1 est fonctionnelle entre les tron\u00e7ons Clinique Saint Paul - Coll\u00e8ge Victor Hugo.<br \/>\n<br \/>\nLe tron\u00e7on Coll\u00e8ge Victor Hugo - A\u00e9roport est assur\u00e9 temporairement par des bus relais, une correspondance avec le tram s\u2019effectuera \u00e0 l\u2019arr\u00eat Coll\u00e8ge Victor Hugo.<br \/>\n<br \/>\nL\u2019ouverture des autres tron\u00e7ons s\u2019effectuera dans quelques semaines lors de la fin des travaux de finalisation.<br \/>\n<br \/>\nPlus d\u2019info sur la rubriques Vos lignes<\/td>\n<\/tr>\n<\/tbody>\n<\/table>\n<!-- #tablepress-2 from cache -->\n\n\n\n<p><strong>L\u00e9gende : <\/strong><br>\ud83d\udfe2 : Aucune Perturbation<br>\ud83d\udfe1 : Ligne l\u00e9g\u00e8rement perturb\u00e9<br>\ud83d\udfe0 : Ligne moyennement perturb\u00e9<br>\ud83d\udd34 : Ligne tr\u00e8s perturb\u00e9e<br>\u26ab : Ligne Interrompu<\/p>\n<\/div><\/div>\n\n\n\n<div class=\"wp-block-group has-white-background-color has-background\"><div class=\"wp-block-group__inner-container is-layout-constrained wp-block-group-is-layout-constrained\">\n<h5 class=\"wp-block-heading\">Derniers Articles :<\/h5>\n\n\n<ul class=\"wp-block-latest-posts__list has-dates aligncenter wp-block-latest-posts\"><li><a class=\"wp-block-latest-posts__post-title\" href=\"https:\/\/seal.transport-manager.net\/st96204\/2025\/01\/23\/nouveautes-du-reseau-2025\/\">Nouveaut\u00e9s du r\u00e9seau 2025<\/a><time datetime=\"2025-01-23T19:56:58+01:00\" class=\"wp-block-latest-posts__post-date\">23 janvier 2025<\/time><div class=\"wp-block-latest-posts__post-excerpt\">Votre r\u00e9seau s&rsquo;am\u00e9liore, avec un nouveau mode de transport ST Transport a le plaisir de vous annoncer l&rsquo;arriv\u00e9 de la premi\u00e8re ligne de tramway sur l&rsquo;agglom\u00e9ration m\u00e9tropolitaine de Simvilet. Ce mode de transport va permettre de vous transporter plus rapidement d&rsquo;un point A vers un point B et plus silencieusement, et plus \u00e9cologiquement. Ce projet&nbsp;&hellip;<\/div><\/li>\n<\/ul><\/div><\/div>\n\n\n\n<h3 class=\"wp-block-heading has-text-align-center\" style=\"text-transform:none\">Fr\u00e9quences &amp; Horaires<\/h3>\n\n\n\n<div class=\"wp-block-group alignwide has-white-background-color has-background\"><div class=\"wp-block-group__inner-container is-layout-constrained wp-block-group-is-layout-constrained\">\n<div class=\"wp-block-columns alignwide are-vertically-aligned-top is-layout-flex wp-container-core-columns-is-layout-9d6595d7 wp-block-columns-is-layout-flex\">\n<div class=\"wp-block-column is-vertically-aligned-top is-layout-flow wp-block-column-is-layout-flow\">\n<h4 class=\"wp-block-heading has-text-align-center\"><strong>P\u00e9riodes<\/strong><\/h4>\n\n\n\n<h5 class=\"wp-block-heading has-text-align-center\">Horaires de circulations<\/h5>\n\n\n\n<h5 class=\"wp-block-heading has-text-align-center\">Fr\u00e9quences (Pointes)<\/h5>\n\n\n\n<h5 class=\"wp-block-heading has-text-align-center\">Fr\u00e9quences (Creuse)<\/h5>\n<\/div>\n\n\n\n<div class=\"wp-block-column is-vertically-aligned-top is-layout-flow wp-block-column-is-layout-flow\">\n<h4 class=\"wp-block-heading has-text-align-center\"><strong>Lundi au Vendredi<\/strong><\/h4>\n\n\n\n<h5 class=\"wp-block-heading has-text-align-center\">4h30 \u00e0 1h<\/h5>\n\n\n\n<h5 class=\"wp-block-heading has-text-align-center\">5 \u00e0 7 Min<\/h5>\n\n\n\n<h5 class=\"wp-block-heading has-text-align-center\">7 \u00e0 10 Min<\/h5>\n<\/div>\n\n\n\n<div class=\"wp-block-column is-vertically-aligned-top is-layout-flow wp-block-column-is-layout-flow\">\n<h4 class=\"wp-block-heading has-text-align-center\"><strong>Samedi<\/strong><\/h4>\n\n\n\n<h5 class=\"wp-block-heading has-text-align-center\">4h30 \u00e0 1h<\/h5>\n\n\n\n<h5 class=\"wp-block-heading has-text-align-center\">8 \u00e0 10 Min (Journ\u00e9e)<\/h5>\n\n\n\n<h5 class=\"wp-block-heading has-text-align-center\">15 Min (Soir)<\/h5>\n<\/div>\n\n\n\n<div class=\"wp-block-column is-vertically-aligned-top is-layout-flow wp-block-column-is-layout-flow\">\n<h4 class=\"wp-block-heading has-text-align-center\"><strong>Dimanche<\/strong><\/h4>\n\n\n\n<h5 class=\"wp-block-heading has-text-align-center\">4h30 \u00e0 1h<\/h5>\n\n\n\n<h5 class=\"wp-block-heading has-text-align-center\">15 Min (Journ\u00e9e)<\/h5>\n\n\n\n<h5 class=\"wp-block-heading has-text-align-center\">30 Min (Soir)<\/h5>\n<\/div>\n<\/div>\n<\/div><\/div>\n\n\n\n<h4 class=\"wp-block-heading has-text-align-center\">Fiche Horaire<\/h4>\n\n\n\n<h5 class=\"wp-block-heading has-text-align-center\">Horaires Provisoires<\/h5>\n\n\n\n<div data-wp-interactive=\"core\/file\" class=\"wp-block-file\"><object data-wp-bind--hidden=\"!state.hasPdfPreview\" hidden class=\"wp-block-file__embed\" data=\"https:\/\/seal.transport-manager.net\/st96204\/wp-content\/uploads\/sites\/90\/2025\/02\/Horaires-bus.xlsx-Ligne-T1-Provisoire.pdf\" type=\"application\/pdf\" style=\"width:100%;height:800px\" aria-label=\"Contenu embarqu\u00e9 Horaires bus.xlsx - Ligne T1 - Provisoire.\"><\/object><a id=\"wp-block-file--media-5eb83a03-1116-42cc-88e9-fdf0361a1934\" href=\"https:\/\/seal.transport-manager.net\/st96204\/wp-content\/uploads\/sites\/90\/2025\/02\/Horaires-bus.xlsx-Ligne-T1-Provisoire.pdf\">Horaires bus.xlsx &#8211; Ligne T1 &#8211; Provisoire<\/a><\/div>\n","protected":false},"excerpt":{"rendered":"<p>&#8211; A\u00e9roport &lt;-&gt; Clinique Saint Paul Distance 14 Kilom\u00e8tres Temps de parcours 46 Minutes Arr\u00eats 44 Desservis Info Trafic L\u00e9gende : \ud83d\udfe2 : Aucune Perturbation\ud83d\udfe1 : Ligne l\u00e9g\u00e8rement perturb\u00e9\ud83d\udfe0 :&nbsp;&hellip;<\/p>\n","protected":false},"author":91,"featured_media":0,"parent":0,"menu_order":0,"comment_status":"closed","ping_status":"closed","template":"page-templates\/template-fullwidth.php","meta":{"footnotes":""},"class_list":["post-660","page","type-page","status-publish","hentry"],"_links":{"self":[{"href":"https:\/\/seal.transport-manager.net\/st96204\/wp-json\/wp\/v2\/pages\/660","targetHints":{"allow":["GET"]}}],"collection":[{"href":"https:\/\/seal.transport-manager.net\/st96204\/wp-json\/wp\/v2\/pages"}],"about":[{"href":"https:\/\/seal.transport-manager.net\/st96204\/wp-json\/wp\/v2\/types\/page"}],"author":[{"embeddable":true,"href":"https:\/\/seal.transport-manager.net\/st96204\/wp-json\/wp\/v2\/users\/91"}],"replies":[{"embeddable":true,"href":"https:\/\/seal.transport-manager.net\/st96204\/wp-json\/wp\/v2\/comments?post=660"}],"version-history":[{"count":102,"href":"https:\/\/seal.transport-manager.net\/st96204\/wp-json\/wp\/v2\/pages\/660\/revisions"}],"predecessor-version":[{"id":2648,"href":"https:\/\/seal.transport-manager.net\/st96204\/wp-json\/wp\/v2\/pages\/660\/revisions\/2648"}],"wp:attachment":[{"href":"https:\/\/seal.transport-manager.net\/st96204\/wp-json\/wp\/v2\/media?parent=660"}],"curies":[{"name":"wp","href":"https:\/\/api.w.org\/{rel}","templated":true}]}}