{"id":777,"date":"2021-08-28T19:57:17","date_gmt":"2021-08-28T17:57:17","guid":{"rendered":"https:\/\/seal.transport-manager.net\/test\/?page_id=777"},"modified":"2021-11-05T11:46:48","modified_gmt":"2021-11-05T10:46:48","slug":"twenty-seventeen","status":"publish","type":"page","link":"https:\/\/seal.transport-manager.net\/test\/twenty-seventeen\/","title":{"rendered":"Twenty Seventeen"},"content":{"rendered":"\n<h5 class=\"wp-block-heading\">Th\u00e8me par WordPress<\/h5>\n\n\n\n<blockquote class=\"wp-block-quote is-layout-flow wp-block-quote-is-layout-flow\"><p>Twenty Seventeen donne vie \u00e0 votre site avec un en-t\u00eate vid\u00e9o et des images mises en avant immersives. En mettant l\u2019accent sur les sites d\u2019entreprises, il offre de multiples sections sur la page d\u2019accueil comme sur les widgets, les menus de navigation et sociaux, un logo et bien plus encore. Personnalisez sa grille asym\u00e9trique avec votre propre jeu de couleurs et mettez en valeur vos contenus multim\u00e9dias avec les formats d\u2019articles. Notre th\u00e8me par d\u00e9faut pour 2017 fonctionne dans de nombreuses langues, dans tous les domaines et sur n\u2019importe quel type d\u2019appareils.<\/p><\/blockquote>\n\n\n\n<div class=\"wp-block-image\"><figure class=\"aligncenter size-large is-resized\"><img loading=\"lazy\" decoding=\"async\" src=\"https:\/\/seal.transport-manager.net\/test\/wp-content\/uploads\/sites\/86\/2021\/08\/Twenty-Seventeen-1024x611.png\" alt=\"\" class=\"wp-image-780\" width=\"512\" height=\"306\" srcset=\"https:\/\/seal.transport-manager.net\/test\/wp-content\/uploads\/sites\/86\/2021\/08\/Twenty-Seventeen-1024x611.png 1024w, https:\/\/seal.transport-manager.net\/test\/wp-content\/uploads\/sites\/86\/2021\/08\/Twenty-Seventeen-300x179.png 300w, https:\/\/seal.transport-manager.net\/test\/wp-content\/uploads\/sites\/86\/2021\/08\/Twenty-Seventeen-768x458.png 768w, https:\/\/seal.transport-manager.net\/test\/wp-content\/uploads\/sites\/86\/2021\/08\/Twenty-Seventeen-1536x916.png 1536w, https:\/\/seal.transport-manager.net\/test\/wp-content\/uploads\/sites\/86\/2021\/08\/Twenty-Seventeen.png 1547w\" sizes=\"auto, (max-width: 512px) 100vw, 512px\" \/><figcaption>Page d\u2019Accueil<\/figcaption><\/figure><\/div>\n\n\n\n<div style=\"height:25px\" aria-hidden=\"true\" class=\"wp-block-spacer\"><\/div>\n\n\n\n<h5 class=\"has-text-align-center wp-block-heading\">Personnalisation de th\u00e8me :<\/h5>\n\n\n\n<div class=\"wp-block-image\"><figure class=\"aligncenter size-large\"><img loading=\"lazy\" decoding=\"async\" width=\"344\" height=\"345\" src=\"https:\/\/seal.transport-manager.net\/test\/wp-content\/uploads\/sites\/86\/2021\/08\/Twenty-Seventeen-1.png\" alt=\"\" class=\"wp-image-781\" srcset=\"https:\/\/seal.transport-manager.net\/test\/wp-content\/uploads\/sites\/86\/2021\/08\/Twenty-Seventeen-1.png 344w, https:\/\/seal.transport-manager.net\/test\/wp-content\/uploads\/sites\/86\/2021\/08\/Twenty-Seventeen-1-300x300.png 300w, https:\/\/seal.transport-manager.net\/test\/wp-content\/uploads\/sites\/86\/2021\/08\/Twenty-Seventeen-1-150x150.png 150w\" sizes=\"auto, (max-width: 344px) 100vw, 344px\" \/><figcaption>Menu de<strong>\u00a0personnalisation du th\u00e8me<\/strong><\/figcaption><\/figure><\/div>\n\n\n\n<div class=\"wp-block-image\"><figure class=\"aligncenter size-large\"><img loading=\"lazy\" decoding=\"async\" width=\"343\" height=\"568\" src=\"https:\/\/seal.transport-manager.net\/test\/wp-content\/uploads\/sites\/86\/2021\/08\/Twenty-Seventeen-2.png\" alt=\"\" class=\"wp-image-782\" srcset=\"https:\/\/seal.transport-manager.net\/test\/wp-content\/uploads\/sites\/86\/2021\/08\/Twenty-Seventeen-2.png 343w, https:\/\/seal.transport-manager.net\/test\/wp-content\/uploads\/sites\/86\/2021\/08\/Twenty-Seventeen-2-181x300.png 181w\" sizes=\"auto, (max-width: 343px) 100vw, 343px\" \/><figcaption>Personnalisation de l<strong>\u2018Identit\u00e9 du site<\/strong><\/figcaption><\/figure><\/div>\n\n\n\n<div class=\"wp-block-image\"><figure class=\"aligncenter size-large\"><img loading=\"lazy\" decoding=\"async\" width=\"342\" height=\"359\" src=\"https:\/\/seal.transport-manager.net\/test\/wp-content\/uploads\/sites\/86\/2021\/08\/Twenty-Seventeen-3.png\" alt=\"\" class=\"wp-image-783\" srcset=\"https:\/\/seal.transport-manager.net\/test\/wp-content\/uploads\/sites\/86\/2021\/08\/Twenty-Seventeen-3.png 342w, https:\/\/seal.transport-manager.net\/test\/wp-content\/uploads\/sites\/86\/2021\/08\/Twenty-Seventeen-3-286x300.png 286w\" sizes=\"auto, (max-width: 342px) 100vw, 342px\" \/><figcaption>Personnalisation des\u00a0<strong>Couleurs<\/strong><\/figcaption><\/figure><\/div>\n\n\n\n<div class=\"wp-block-image\"><figure class=\"aligncenter size-large\"><img loading=\"lazy\" decoding=\"async\" width=\"345\" height=\"810\" src=\"https:\/\/seal.transport-manager.net\/test\/wp-content\/uploads\/sites\/86\/2021\/08\/Twenty-Seventeen-4.png\" alt=\"\" class=\"wp-image-784\" srcset=\"https:\/\/seal.transport-manager.net\/test\/wp-content\/uploads\/sites\/86\/2021\/08\/Twenty-Seventeen-4.png 345w, https:\/\/seal.transport-manager.net\/test\/wp-content\/uploads\/sites\/86\/2021\/08\/Twenty-Seventeen-4-128x300.png 128w\" sizes=\"auto, (max-width: 345px) 100vw, 345px\" \/><figcaption>Personnalisation du <strong>M\u00e9dia de l&rsquo;en-t\u00eate<\/strong><\/figcaption><\/figure><\/div>\n\n\n\n<div class=\"wp-block-image\"><figure class=\"aligncenter size-large\"><img loading=\"lazy\" decoding=\"async\" width=\"343\" height=\"455\" src=\"https:\/\/seal.transport-manager.net\/test\/wp-content\/uploads\/sites\/86\/2021\/08\/Twenty-Seventeen-5.png\" alt=\"\" class=\"wp-image-785\" srcset=\"https:\/\/seal.transport-manager.net\/test\/wp-content\/uploads\/sites\/86\/2021\/08\/Twenty-Seventeen-5.png 343w, https:\/\/seal.transport-manager.net\/test\/wp-content\/uploads\/sites\/86\/2021\/08\/Twenty-Seventeen-5-226x300.png 226w\" sizes=\"auto, (max-width: 343px) 100vw, 343px\" \/><figcaption>Personnalisation des\u00a0<strong>Menus &amp; Emplacements<\/strong><\/figcaption><\/figure><\/div>\n\n\n\n<div class=\"wp-block-image\"><figure class=\"aligncenter size-large\"><img loading=\"lazy\" decoding=\"async\" width=\"344\" height=\"226\" src=\"https:\/\/seal.transport-manager.net\/test\/wp-content\/uploads\/sites\/86\/2021\/08\/Twenty-Seventeen-6.png\" alt=\"\" class=\"wp-image-786\" srcset=\"https:\/\/seal.transport-manager.net\/test\/wp-content\/uploads\/sites\/86\/2021\/08\/Twenty-Seventeen-6.png 344w, https:\/\/seal.transport-manager.net\/test\/wp-content\/uploads\/sites\/86\/2021\/08\/Twenty-Seventeen-6-300x197.png 300w\" sizes=\"auto, (max-width: 344px) 100vw, 344px\" \/><figcaption>Personnalisation des\u00a0<strong>Widgets<\/strong><\/figcaption><\/figure><\/div>\n\n\n\n<div class=\"wp-block-image\"><figure class=\"aligncenter size-large\"><img loading=\"lazy\" decoding=\"async\" width=\"340\" height=\"342\" src=\"https:\/\/seal.transport-manager.net\/test\/wp-content\/uploads\/sites\/86\/2021\/08\/Twenty-Seventeen-7.png\" alt=\"\" class=\"wp-image-787\" srcset=\"https:\/\/seal.transport-manager.net\/test\/wp-content\/uploads\/sites\/86\/2021\/08\/Twenty-Seventeen-7.png 340w, https:\/\/seal.transport-manager.net\/test\/wp-content\/uploads\/sites\/86\/2021\/08\/Twenty-Seventeen-7-298x300.png 298w, https:\/\/seal.transport-manager.net\/test\/wp-content\/uploads\/sites\/86\/2021\/08\/Twenty-Seventeen-7-150x150.png 150w\" sizes=\"auto, (max-width: 340px) 100vw, 340px\" \/><figcaption><strong>R\u00e9glages de la page d\u2019accueil<\/strong><\/figcaption><\/figure><\/div>\n","protected":false},"excerpt":{"rendered":"<p>Th\u00e8me par WordPress Twenty Seventeen donne vie \u00e0 votre site avec un en-t\u00eate vid\u00e9o et des images mises en avant immersives. En mettant l\u2019accent sur les sites d\u2019entreprises, il offre &#8230; <a title=\"Twenty Seventeen\" class=\"read-more\" href=\"https:\/\/seal.transport-manager.net\/test\/twenty-seventeen\/\" aria-label=\"En savoir plus sur Twenty Seventeen\">Lire la suite<\/a><\/p>\n","protected":false},"author":140,"featured_media":0,"parent":0,"menu_order":0,"comment_status":"open","ping_status":"closed","template":"","meta":{"_EventAllDay":false,"_EventTimezone":"","_EventStartDate":"","_EventEndDate":"","_EventStartDateUTC":"","_EventEndDateUTC":"","_EventShowMap":false,"_EventShowMapLink":false,"_EventURL":"","_EventCost":"","_EventCostDescription":"","_EventCurrencySymbol":"","_EventCurrencyCode":"","_EventCurrencyPosition":"","_EventDateTimeSeparator":"","_EventTimeRangeSeparator":"","_EventOrganizerID":[],"_EventVenueID":[],"_OrganizerEmail":"","_OrganizerPhone":"","_OrganizerWebsite":"","_VenueAddress":"","_VenueCity":"","_VenueCountry":"","_VenueProvince":"","_VenueState":"","_VenueZip":"","_VenuePhone":"","_VenueURL":"","_VenueStateProvince":"","_VenueLat":"","_VenueLng":"","_VenueShowMap":false,"_VenueShowMapLink":false,"footnotes":""},"class_list":["post-777","page","type-page","status-publish"],"_links":{"self":[{"href":"https:\/\/seal.transport-manager.net\/test\/wp-json\/wp\/v2\/pages\/777","targetHints":{"allow":["GET"]}}],"collection":[{"href":"https:\/\/seal.transport-manager.net\/test\/wp-json\/wp\/v2\/pages"}],"about":[{"href":"https:\/\/seal.transport-manager.net\/test\/wp-json\/wp\/v2\/types\/page"}],"author":[{"embeddable":true,"href":"https:\/\/seal.transport-manager.net\/test\/wp-json\/wp\/v2\/users\/140"}],"replies":[{"embeddable":true,"href":"https:\/\/seal.transport-manager.net\/test\/wp-json\/wp\/v2\/comments?post=777"}],"version-history":[{"count":1,"href":"https:\/\/seal.transport-manager.net\/test\/wp-json\/wp\/v2\/pages\/777\/revisions"}],"predecessor-version":[{"id":788,"href":"https:\/\/seal.transport-manager.net\/test\/wp-json\/wp\/v2\/pages\/777\/revisions\/788"}],"wp:attachment":[{"href":"https:\/\/seal.transport-manager.net\/test\/wp-json\/wp\/v2\/media?parent=777"}],"curies":[{"name":"wp","href":"https:\/\/api.w.org\/{rel}","templated":true}]}}