{"id":789,"date":"2021-08-28T20:10:02","date_gmt":"2021-08-28T18:10:02","guid":{"rendered":"https:\/\/seal.transport-manager.net\/test\/?page_id=789"},"modified":"2021-11-05T11:46:42","modified_gmt":"2021-11-05T10:46:42","slug":"twenty-nineteen","status":"publish","type":"page","link":"https:\/\/seal.transport-manager.net\/test\/twenty-nineteen\/","title":{"rendered":"Twenty Nineteen"},"content":{"rendered":"\n<h5 class=\"wp-block-heading\">Th\u00e8me par WordPress<\/h5>\n\n\n\n<blockquote class=\"wp-block-quote is-layout-flow wp-block-quote-is-layout-flow\"><p>Notre th\u00e8me par d\u00e9faut 2019 est con\u00e7u pour afficher la puissance de l\u2019\u00e9diteur de blocs. Il comporte des styles personnalis\u00e9s pour tous les blocs par d\u00e9faut, et est construit pour que ce que vous voyez dans l\u2019\u00e9diteur ressemble \u00e0 ce que vous verrez sur votre site Web. Twenty Nineteen est con\u00e7u pour s\u2019adapter \u00e0 un large \u00e9ventail de sites Web, que vous exploitiez un blog photo, que vous lanciez une nouvelle entreprise ou souteniez un organisme \u00e0 but non lucratif. Dot\u00e9 d\u2019un large espace blanc, de titres modernes sans empattement, coupl\u00e9s \u00e0 un corps de texte classique \u00e0 empattement, il est con\u00e7u pour \u00eatre beau sur toutes les tailles d\u2019\u00e9cran.<\/p><\/blockquote>\n\n\n\n<div class=\"wp-block-image\"><figure class=\"aligncenter size-large\"><img loading=\"lazy\" decoding=\"async\" width=\"1024\" height=\"609\" src=\"https:\/\/seal.transport-manager.net\/test\/wp-content\/uploads\/sites\/86\/2021\/08\/Twenty-Nineteen-1024x609.png\" alt=\"\" class=\"wp-image-791\" srcset=\"https:\/\/seal.transport-manager.net\/test\/wp-content\/uploads\/sites\/86\/2021\/08\/Twenty-Nineteen-1024x609.png 1024w, https:\/\/seal.transport-manager.net\/test\/wp-content\/uploads\/sites\/86\/2021\/08\/Twenty-Nineteen-300x178.png 300w, https:\/\/seal.transport-manager.net\/test\/wp-content\/uploads\/sites\/86\/2021\/08\/Twenty-Nineteen-768x457.png 768w, https:\/\/seal.transport-manager.net\/test\/wp-content\/uploads\/sites\/86\/2021\/08\/Twenty-Nineteen-1536x913.png 1536w, https:\/\/seal.transport-manager.net\/test\/wp-content\/uploads\/sites\/86\/2021\/08\/Twenty-Nineteen.png 1552w\" sizes=\"auto, (max-width: 1024px) 100vw, 1024px\" \/><figcaption>Page d\u2019Accueil<\/figcaption><\/figure><\/div>\n\n\n\n<div style=\"height:25px\" aria-hidden=\"true\" class=\"wp-block-spacer\"><\/div>\n\n\n\n<h5 class=\"has-text-align-center wp-block-heading\">Personnalisation de th\u00e8me :<\/h5>\n\n\n\n<div class=\"wp-block-image\"><figure class=\"aligncenter size-large\"><img loading=\"lazy\" decoding=\"async\" width=\"341\" height=\"310\" src=\"https:\/\/seal.transport-manager.net\/test\/wp-content\/uploads\/sites\/86\/2021\/08\/Twenty-Nineteen-1.png\" alt=\"\" class=\"wp-image-792\" srcset=\"https:\/\/seal.transport-manager.net\/test\/wp-content\/uploads\/sites\/86\/2021\/08\/Twenty-Nineteen-1.png 341w, https:\/\/seal.transport-manager.net\/test\/wp-content\/uploads\/sites\/86\/2021\/08\/Twenty-Nineteen-1-300x273.png 300w\" sizes=\"auto, (max-width: 341px) 100vw, 341px\" \/><figcaption>Menu de<strong>\u00a0personnalisation du th\u00e8me<\/strong><\/figcaption><\/figure><\/div>\n\n\n\n<div class=\"wp-block-image\"><figure class=\"aligncenter size-large\"><img loading=\"lazy\" decoding=\"async\" width=\"344\" height=\"518\" src=\"https:\/\/seal.transport-manager.net\/test\/wp-content\/uploads\/sites\/86\/2021\/08\/Twenty-Nineteen-2.png\" alt=\"\" class=\"wp-image-793\" srcset=\"https:\/\/seal.transport-manager.net\/test\/wp-content\/uploads\/sites\/86\/2021\/08\/Twenty-Nineteen-2.png 344w, https:\/\/seal.transport-manager.net\/test\/wp-content\/uploads\/sites\/86\/2021\/08\/Twenty-Nineteen-2-199x300.png 199w\" sizes=\"auto, (max-width: 344px) 100vw, 344px\" \/><figcaption>Personnalisation de l<strong>\u2018Identit\u00e9 du site<\/strong><\/figcaption><\/figure><\/div>\n\n\n\n<div class=\"wp-block-image\"><figure class=\"aligncenter size-large\"><img loading=\"lazy\" decoding=\"async\" width=\"343\" height=\"347\" src=\"https:\/\/seal.transport-manager.net\/test\/wp-content\/uploads\/sites\/86\/2021\/08\/Twenty-Nineteen-3.png\" alt=\"\" class=\"wp-image-794\" srcset=\"https:\/\/seal.transport-manager.net\/test\/wp-content\/uploads\/sites\/86\/2021\/08\/Twenty-Nineteen-3.png 343w, https:\/\/seal.transport-manager.net\/test\/wp-content\/uploads\/sites\/86\/2021\/08\/Twenty-Nineteen-3-297x300.png 297w\" sizes=\"auto, (max-width: 343px) 100vw, 343px\" \/><figcaption>Personnalisation des\u00a0<strong>Couleurs<\/strong><\/figcaption><\/figure><\/div>\n\n\n\n<div class=\"wp-block-image\"><figure class=\"aligncenter size-large\"><img loading=\"lazy\" decoding=\"async\" width=\"342\" height=\"543\" src=\"https:\/\/seal.transport-manager.net\/test\/wp-content\/uploads\/sites\/86\/2021\/08\/Twenty-Nineteen-4.png\" alt=\"\" class=\"wp-image-795\" srcset=\"https:\/\/seal.transport-manager.net\/test\/wp-content\/uploads\/sites\/86\/2021\/08\/Twenty-Nineteen-4.png 342w, https:\/\/seal.transport-manager.net\/test\/wp-content\/uploads\/sites\/86\/2021\/08\/Twenty-Nineteen-4-189x300.png 189w\" sizes=\"auto, (max-width: 342px) 100vw, 342px\" \/><figcaption>Personnalisation des\u00a0<strong>Menus &amp; Emplacements<\/strong><\/figcaption><\/figure><\/div>\n\n\n\n<div class=\"wp-block-image\"><figure class=\"aligncenter size-large\"><img loading=\"lazy\" decoding=\"async\" width=\"343\" height=\"589\" src=\"https:\/\/seal.transport-manager.net\/test\/wp-content\/uploads\/sites\/86\/2021\/08\/Twenty-Nineteen-5.png\" alt=\"\" class=\"wp-image-796\" srcset=\"https:\/\/seal.transport-manager.net\/test\/wp-content\/uploads\/sites\/86\/2021\/08\/Twenty-Nineteen-5.png 343w, https:\/\/seal.transport-manager.net\/test\/wp-content\/uploads\/sites\/86\/2021\/08\/Twenty-Nineteen-5-175x300.png 175w\" sizes=\"auto, (max-width: 343px) 100vw, 343px\" \/><figcaption>Personnalisation des\u00a0<strong>Widgets<\/strong><\/figcaption><\/figure><\/div>\n\n\n\n<div class=\"wp-block-image\"><figure class=\"aligncenter size-large\"><img loading=\"lazy\" decoding=\"async\" width=\"343\" height=\"348\" src=\"https:\/\/seal.transport-manager.net\/test\/wp-content\/uploads\/sites\/86\/2021\/08\/Twenty-Nineteen-6.png\" alt=\"\" class=\"wp-image-797\" srcset=\"https:\/\/seal.transport-manager.net\/test\/wp-content\/uploads\/sites\/86\/2021\/08\/Twenty-Nineteen-6.png 343w, https:\/\/seal.transport-manager.net\/test\/wp-content\/uploads\/sites\/86\/2021\/08\/Twenty-Nineteen-6-296x300.png 296w\" sizes=\"auto, (max-width: 343px) 100vw, 343px\" \/><figcaption><strong>R\u00e9glages de la page d\u2019accueil<\/strong><\/figcaption><\/figure><\/div>\n","protected":false},"excerpt":{"rendered":"<p>Th\u00e8me par WordPress Notre th\u00e8me par d\u00e9faut 2019 est con\u00e7u pour afficher la puissance de l\u2019\u00e9diteur de blocs. Il comporte des styles personnalis\u00e9s pour tous les blocs par d\u00e9faut, et &#8230; <a title=\"Twenty Nineteen\" class=\"read-more\" href=\"https:\/\/seal.transport-manager.net\/test\/twenty-nineteen\/\" aria-label=\"En savoir plus sur Twenty Nineteen\">Lire la suite<\/a><\/p>\n","protected":false},"author":140,"featured_media":0,"parent":0,"menu_order":0,"comment_status":"open","ping_status":"closed","template":"","meta":{"_EventAllDay":false,"_EventTimezone":"","_EventStartDate":"","_EventEndDate":"","_EventStartDateUTC":"","_EventEndDateUTC":"","_EventShowMap":false,"_EventShowMapLink":false,"_EventURL":"","_EventCost":"","_EventCostDescription":"","_EventCurrencySymbol":"","_EventCurrencyCode":"","_EventCurrencyPosition":"","_EventDateTimeSeparator":"","_EventTimeRangeSeparator":"","_EventOrganizerID":[],"_EventVenueID":[],"_OrganizerEmail":"","_OrganizerPhone":"","_OrganizerWebsite":"","_VenueAddress":"","_VenueCity":"","_VenueCountry":"","_VenueProvince":"","_VenueState":"","_VenueZip":"","_VenuePhone":"","_VenueURL":"","_VenueStateProvince":"","_VenueLat":"","_VenueLng":"","_VenueShowMap":false,"_VenueShowMapLink":false,"footnotes":""},"class_list":["post-789","page","type-page","status-publish"],"_links":{"self":[{"href":"https:\/\/seal.transport-manager.net\/test\/wp-json\/wp\/v2\/pages\/789","targetHints":{"allow":["GET"]}}],"collection":[{"href":"https:\/\/seal.transport-manager.net\/test\/wp-json\/wp\/v2\/pages"}],"about":[{"href":"https:\/\/seal.transport-manager.net\/test\/wp-json\/wp\/v2\/types\/page"}],"author":[{"embeddable":true,"href":"https:\/\/seal.transport-manager.net\/test\/wp-json\/wp\/v2\/users\/140"}],"replies":[{"embeddable":true,"href":"https:\/\/seal.transport-manager.net\/test\/wp-json\/wp\/v2\/comments?post=789"}],"version-history":[{"count":1,"href":"https:\/\/seal.transport-manager.net\/test\/wp-json\/wp\/v2\/pages\/789\/revisions"}],"predecessor-version":[{"id":798,"href":"https:\/\/seal.transport-manager.net\/test\/wp-json\/wp\/v2\/pages\/789\/revisions\/798"}],"wp:attachment":[{"href":"https:\/\/seal.transport-manager.net\/test\/wp-json\/wp\/v2\/media?parent=789"}],"curies":[{"name":"wp","href":"https:\/\/api.w.org\/{rel}","templated":true}]}}