{"id":831,"date":"2021-08-29T13:01:17","date_gmt":"2021-08-29T11:01:17","guid":{"rendered":"https:\/\/seal.transport-manager.net\/test\/?page_id=831"},"modified":"2021-10-27T15:31:31","modified_gmt":"2021-10-27T13:31:31","slug":"materialis","status":"publish","type":"page","link":"https:\/\/seal.transport-manager.net\/test\/materialis\/","title":{"rendered":"Materialis"},"content":{"rendered":"\n<h5 class=\"wp-block-heading\">Th\u00e8me par Extend Themes<\/h5>\n\n\n\n<blockquote class=\"wp-block-quote is-layout-flow wp-block-quote-is-layout-flow\"><p>Materialis est un th\u00e8me WordPress incroyablement flexible et polyvalent qui peut vous aider \u00e0 cr\u00e9er un site Web incroyable plus facilement que jamais, par glisser-d\u00e9poser. Il utilise une belle conception mat\u00e9rielle et il est livr\u00e9 avec une page d&rsquo;accueil pr\u00e9d\u00e9finie. Il propose \u00e9galement de nombreuses options de personnalisation (arri\u00e8re-plan vid\u00e9o, arri\u00e8re-plan de diaporama, types de contenu d&rsquo;en-t\u00eate, superpositions de d\u00e9grad\u00e9s, etc.) qui vous aideront \u00e0 cr\u00e9er un site Web magnifique et unique en un rien de temps. Materialis est r\u00e9actif, il fonctionne donc sur les appareils mobiles pr\u00eats \u00e0 l&#8217;emploi.<\/p><\/blockquote>\n\n\n\n<div class=\"wp-block-image\"><figure class=\"aligncenter size-large is-resized\"><img loading=\"lazy\" decoding=\"async\" src=\"https:\/\/seal.transport-manager.net\/test\/wp-content\/uploads\/sites\/86\/2021\/08\/Materialis-1024x606.png\" alt=\"\" class=\"wp-image-835\" width=\"768\" height=\"455\" srcset=\"https:\/\/seal.transport-manager.net\/test\/wp-content\/uploads\/sites\/86\/2021\/08\/Materialis-1024x606.png 1024w, https:\/\/seal.transport-manager.net\/test\/wp-content\/uploads\/sites\/86\/2021\/08\/Materialis-300x177.png 300w, https:\/\/seal.transport-manager.net\/test\/wp-content\/uploads\/sites\/86\/2021\/08\/Materialis-768x454.png 768w, https:\/\/seal.transport-manager.net\/test\/wp-content\/uploads\/sites\/86\/2021\/08\/Materialis-1536x909.png 1536w, https:\/\/seal.transport-manager.net\/test\/wp-content\/uploads\/sites\/86\/2021\/08\/Materialis.png 1550w\" sizes=\"auto, (max-width: 768px) 100vw, 768px\" \/><figcaption>Page d\u2019Accueil<\/figcaption><\/figure><\/div>\n\n\n\n<div style=\"height:25px\" aria-hidden=\"true\" class=\"wp-block-spacer\"><\/div>\n\n\n\n<h5 class=\"has-text-align-center wp-block-heading\">Personnalisation de th\u00e8me :<\/h5>\n\n\n\n<div class=\"wp-block-image\"><figure class=\"aligncenter size-large\"><img loading=\"lazy\" decoding=\"async\" width=\"344\" height=\"805\" src=\"https:\/\/seal.transport-manager.net\/test\/wp-content\/uploads\/sites\/86\/2021\/08\/Materialis-1.png\" alt=\"\" class=\"wp-image-836\" srcset=\"https:\/\/seal.transport-manager.net\/test\/wp-content\/uploads\/sites\/86\/2021\/08\/Materialis-1.png 344w, https:\/\/seal.transport-manager.net\/test\/wp-content\/uploads\/sites\/86\/2021\/08\/Materialis-1-128x300.png 128w\" sizes=\"auto, (max-width: 344px) 100vw, 344px\" \/><figcaption>Menu de<strong>\u00a0Personnalisation du th\u00e8me<\/strong><\/figcaption><\/figure><\/div>\n\n\n\n<div class=\"wp-block-image\"><figure class=\"aligncenter size-large\"><img loading=\"lazy\" decoding=\"async\" width=\"344\" height=\"831\" src=\"https:\/\/seal.transport-manager.net\/test\/wp-content\/uploads\/sites\/86\/2021\/08\/Materialis-2.png\" alt=\"\" class=\"wp-image-837\" srcset=\"https:\/\/seal.transport-manager.net\/test\/wp-content\/uploads\/sites\/86\/2021\/08\/Materialis-2.png 344w, https:\/\/seal.transport-manager.net\/test\/wp-content\/uploads\/sites\/86\/2021\/08\/Materialis-2-124x300.png 124w\" sizes=\"auto, (max-width: 344px) 100vw, 344px\" \/><figcaption><strong>Designs d&rsquo;en-t\u00eate de l&rsquo;Accueil<\/strong><\/figcaption><\/figure><\/div>\n\n\n\n<div class=\"wp-block-image\"><figure class=\"aligncenter size-large\"><img loading=\"lazy\" decoding=\"async\" width=\"344\" height=\"276\" src=\"https:\/\/seal.transport-manager.net\/test\/wp-content\/uploads\/sites\/86\/2021\/08\/Materialis-3.png\" alt=\"\" class=\"wp-image-838\" srcset=\"https:\/\/seal.transport-manager.net\/test\/wp-content\/uploads\/sites\/86\/2021\/08\/Materialis-3.png 344w, https:\/\/seal.transport-manager.net\/test\/wp-content\/uploads\/sites\/86\/2021\/08\/Materialis-3-300x241.png 300w\" sizes=\"auto, (max-width: 344px) 100vw, 344px\" \/><figcaption>Menu personnalisation de la <strong>Navigation<\/strong><\/figcaption><\/figure><\/div>\n\n\n\n<div class=\"wp-block-columns is-layout-flex wp-container-core-columns-is-layout-9d6595d7 wp-block-columns-is-layout-flex\">\n<div class=\"wp-block-column is-layout-flow wp-block-column-is-layout-flow\">\n<div class=\"wp-block-image\"><figure class=\"aligncenter size-large\"><img loading=\"lazy\" decoding=\"async\" width=\"343\" height=\"196\" src=\"https:\/\/seal.transport-manager.net\/test\/wp-content\/uploads\/sites\/86\/2021\/08\/Materialis-3.1.png\" alt=\"\" class=\"wp-image-839\" srcset=\"https:\/\/seal.transport-manager.net\/test\/wp-content\/uploads\/sites\/86\/2021\/08\/Materialis-3.1.png 343w, https:\/\/seal.transport-manager.net\/test\/wp-content\/uploads\/sites\/86\/2021\/08\/Materialis-3.1-300x171.png 300w\" sizes=\"auto, (max-width: 343px) 100vw, 343px\" \/><figcaption>Navigation de la <strong>Barre haute<\/strong><\/figcaption><\/figure><\/div>\n\n\n\n<div class=\"wp-block-image\"><figure class=\"aligncenter size-large is-resized\"><img loading=\"lazy\" decoding=\"async\" src=\"https:\/\/seal.transport-manager.net\/test\/wp-content\/uploads\/sites\/86\/2021\/08\/Materialis-3.3-1.png\" alt=\"\" class=\"wp-image-842\" width=\"359\" height=\"704\" srcset=\"https:\/\/seal.transport-manager.net\/test\/wp-content\/uploads\/sites\/86\/2021\/08\/Materialis-3.3-1.png 344w, https:\/\/seal.transport-manager.net\/test\/wp-content\/uploads\/sites\/86\/2021\/08\/Materialis-3.3-1-153x300.png 153w\" sizes=\"auto, (max-width: 359px) 100vw, 359px\" \/><figcaption>Navigation de <strong>Page int\u00e9rieur<\/strong><\/figcaption><\/figure><\/div>\n<\/div>\n\n\n\n<div class=\"wp-block-column is-layout-flow wp-block-column-is-layout-flow\">\n<div class=\"wp-block-image\"><figure class=\"aligncenter size-large\"><img loading=\"lazy\" decoding=\"async\" width=\"343\" height=\"648\" src=\"https:\/\/seal.transport-manager.net\/test\/wp-content\/uploads\/sites\/86\/2021\/08\/Materialis-3.2.png\" alt=\"\" class=\"wp-image-840\" srcset=\"https:\/\/seal.transport-manager.net\/test\/wp-content\/uploads\/sites\/86\/2021\/08\/Materialis-3.2.png 343w, https:\/\/seal.transport-manager.net\/test\/wp-content\/uploads\/sites\/86\/2021\/08\/Materialis-3.2-159x300.png 159w\" sizes=\"auto, (max-width: 343px) 100vw, 343px\" \/><figcaption>Navigation de la <strong>page d&rsquo;accueil<\/strong><\/figcaption><\/figure><\/div>\n\n\n\n<div class=\"wp-block-image\"><figure class=\"aligncenter size-large\"><img loading=\"lazy\" decoding=\"async\" width=\"343\" height=\"252\" src=\"https:\/\/seal.transport-manager.net\/test\/wp-content\/uploads\/sites\/86\/2021\/08\/Materialis-3.4.png\" alt=\"\" class=\"wp-image-843\" srcset=\"https:\/\/seal.transport-manager.net\/test\/wp-content\/uploads\/sites\/86\/2021\/08\/Materialis-3.4.png 343w, https:\/\/seal.transport-manager.net\/test\/wp-content\/uploads\/sites\/86\/2021\/08\/Materialis-3.4-300x220.png 300w\" sizes=\"auto, (max-width: 343px) 100vw, 343px\" \/><figcaption>Navigation <strong>Mobile<\/strong> <\/figcaption><\/figure><\/div>\n<\/div>\n<\/div>\n\n\n\n<div class=\"wp-block-image\"><figure class=\"aligncenter size-large\"><img loading=\"lazy\" decoding=\"async\" width=\"343\" height=\"187\" src=\"https:\/\/seal.transport-manager.net\/test\/wp-content\/uploads\/sites\/86\/2021\/08\/Materialis-1-1.png\" alt=\"\" class=\"wp-image-844\" srcset=\"https:\/\/seal.transport-manager.net\/test\/wp-content\/uploads\/sites\/86\/2021\/08\/Materialis-1-1.png 343w, https:\/\/seal.transport-manager.net\/test\/wp-content\/uploads\/sites\/86\/2021\/08\/Materialis-1-1-300x164.png 300w\" sizes=\"auto, (max-width: 343px) 100vw, 343px\" \/><figcaption>Menu personnalisation <strong>H\u00e9ro<\/strong><\/figcaption><\/figure><\/div>\n\n\n\n<div class=\"wp-block-columns is-layout-flex wp-container-core-columns-is-layout-9d6595d7 wp-block-columns-is-layout-flex\">\n<div class=\"wp-block-column is-layout-flow wp-block-column-is-layout-flow\">\n<div class=\"wp-block-image\"><figure class=\"aligncenter size-large\"><img loading=\"lazy\" decoding=\"async\" width=\"343\" height=\"617\" src=\"https:\/\/seal.transport-manager.net\/test\/wp-content\/uploads\/sites\/86\/2021\/08\/Materialis-2-1.png\" alt=\"\" class=\"wp-image-845\" srcset=\"https:\/\/seal.transport-manager.net\/test\/wp-content\/uploads\/sites\/86\/2021\/08\/Materialis-2-1.png 343w, https:\/\/seal.transport-manager.net\/test\/wp-content\/uploads\/sites\/86\/2021\/08\/Materialis-2-1-167x300.png 167w\" sizes=\"auto, (max-width: 343px) 100vw, 343px\" \/><figcaption>Personnalisation <strong>H\u00e9ro page d&rsquo;accueil<\/strong><\/figcaption><\/figure><\/div>\n<\/div>\n\n\n\n<div class=\"wp-block-column is-layout-flow wp-block-column-is-layout-flow\">\n<div class=\"wp-block-image\"><figure class=\"aligncenter size-large\"><img loading=\"lazy\" decoding=\"async\" width=\"344\" height=\"464\" src=\"https:\/\/seal.transport-manager.net\/test\/wp-content\/uploads\/sites\/86\/2021\/08\/Materialis-2.2.png\" alt=\"\" class=\"wp-image-846\" srcset=\"https:\/\/seal.transport-manager.net\/test\/wp-content\/uploads\/sites\/86\/2021\/08\/Materialis-2.2.png 344w, https:\/\/seal.transport-manager.net\/test\/wp-content\/uploads\/sites\/86\/2021\/08\/Materialis-2.2-222x300.png 222w\" sizes=\"auto, (max-width: 344px) 100vw, 344px\" \/><figcaption>Personnalisation <strong>H\u00e9ro page d&rsquo;accueil<\/strong> suite<\/figcaption><\/figure><\/div>\n<\/div>\n<\/div>\n\n\n\n<div class=\"wp-block-image\"><figure class=\"aligncenter size-large\"><img loading=\"lazy\" decoding=\"async\" width=\"343\" height=\"627\" src=\"https:\/\/seal.transport-manager.net\/test\/wp-content\/uploads\/sites\/86\/2021\/08\/Materialis-3-1.png\" alt=\"\" class=\"wp-image-847\" srcset=\"https:\/\/seal.transport-manager.net\/test\/wp-content\/uploads\/sites\/86\/2021\/08\/Materialis-3-1.png 343w, https:\/\/seal.transport-manager.net\/test\/wp-content\/uploads\/sites\/86\/2021\/08\/Materialis-3-1-164x300.png 164w\" sizes=\"auto, (max-width: 343px) 100vw, 343px\" \/><figcaption>Personnalisation <strong>H\u00e9ro des pages int\u00e9rieures<\/strong><\/figcaption><\/figure><\/div>\n\n\n\n<div class=\"wp-block-image\"><figure class=\"aligncenter size-large\"><img loading=\"lazy\" decoding=\"async\" width=\"343\" height=\"331\" src=\"https:\/\/seal.transport-manager.net\/test\/wp-content\/uploads\/sites\/86\/2021\/08\/Materialis-1-2.png\" alt=\"\" class=\"wp-image-848\" srcset=\"https:\/\/seal.transport-manager.net\/test\/wp-content\/uploads\/sites\/86\/2021\/08\/Materialis-1-2.png 343w, https:\/\/seal.transport-manager.net\/test\/wp-content\/uploads\/sites\/86\/2021\/08\/Materialis-1-2-300x290.png 300w\" sizes=\"auto, (max-width: 343px) 100vw, 343px\" \/><figcaption>Personnalisation du <strong>Pied de page<\/strong><\/figcaption><\/figure><\/div>\n\n\n\n<div class=\"wp-block-image\"><figure class=\"aligncenter size-large\"><img loading=\"lazy\" decoding=\"async\" width=\"344\" height=\"314\" src=\"https:\/\/seal.transport-manager.net\/test\/wp-content\/uploads\/sites\/86\/2021\/08\/Materialis-1-3.png\" alt=\"\" class=\"wp-image-849\" srcset=\"https:\/\/seal.transport-manager.net\/test\/wp-content\/uploads\/sites\/86\/2021\/08\/Materialis-1-3.png 344w, https:\/\/seal.transport-manager.net\/test\/wp-content\/uploads\/sites\/86\/2021\/08\/Materialis-1-3-300x274.png 300w\" sizes=\"auto, (max-width: 344px) 100vw, 344px\" \/><figcaption>Menu des <strong>R\u00e9glages g\u00e9n\u00e9raux<\/strong><\/figcaption><\/figure><\/div>\n\n\n\n<div class=\"wp-block-columns is-layout-flex wp-container-core-columns-is-layout-9d6595d7 wp-block-columns-is-layout-flex\">\n<div class=\"wp-block-column is-layout-flow wp-block-column-is-layout-flow\">\n<div class=\"wp-block-image\"><figure class=\"aligncenter size-large\"><img loading=\"lazy\" decoding=\"async\" width=\"344\" height=\"735\" src=\"https:\/\/seal.transport-manager.net\/test\/wp-content\/uploads\/sites\/86\/2021\/08\/Materialis-2-2.png\" alt=\"\" class=\"wp-image-850\" srcset=\"https:\/\/seal.transport-manager.net\/test\/wp-content\/uploads\/sites\/86\/2021\/08\/Materialis-2-2.png 344w, https:\/\/seal.transport-manager.net\/test\/wp-content\/uploads\/sites\/86\/2021\/08\/Materialis-2-2-140x300.png 140w\" sizes=\"auto, (max-width: 344px) 100vw, 344px\" \/><figcaption>R\u00e9glages de l&rsquo;<strong>Identit\u00e9 du site<\/strong><\/figcaption><\/figure><\/div>\n\n\n\n<div class=\"wp-block-image\"><figure class=\"aligncenter size-large\"><img loading=\"lazy\" decoding=\"async\" width=\"344\" height=\"172\" src=\"https:\/\/seal.transport-manager.net\/test\/wp-content\/uploads\/sites\/86\/2021\/08\/Materialis-5.png\" alt=\"\" class=\"wp-image-853\" srcset=\"https:\/\/seal.transport-manager.net\/test\/wp-content\/uploads\/sites\/86\/2021\/08\/Materialis-5.png 344w, https:\/\/seal.transport-manager.net\/test\/wp-content\/uploads\/sites\/86\/2021\/08\/Materialis-5-300x150.png 300w\" sizes=\"auto, (max-width: 344px) 100vw, 344px\" \/><figcaption>R\u00e9glages de l&rsquo;<strong>Image d&rsquo;arri\u00e8re-plan<\/strong><\/figcaption><\/figure><\/div>\n<\/div>\n\n\n\n<div class=\"wp-block-column is-layout-flow wp-block-column-is-layout-flow\">\n<div class=\"wp-block-image\"><figure class=\"aligncenter size-large\"><img loading=\"lazy\" decoding=\"async\" width=\"343\" height=\"153\" src=\"https:\/\/seal.transport-manager.net\/test\/wp-content\/uploads\/sites\/86\/2021\/08\/Materialis-3-2.png\" alt=\"\" class=\"wp-image-851\" srcset=\"https:\/\/seal.transport-manager.net\/test\/wp-content\/uploads\/sites\/86\/2021\/08\/Materialis-3-2.png 343w, https:\/\/seal.transport-manager.net\/test\/wp-content\/uploads\/sites\/86\/2021\/08\/Materialis-3-2-300x134.png 300w\" sizes=\"auto, (max-width: 343px) 100vw, 343px\" \/><figcaption>R\u00e9glages des <strong>Couleurs<\/strong><\/figcaption><\/figure><\/div>\n\n\n\n<div class=\"wp-block-image\"><figure class=\"aligncenter size-large\"><img loading=\"lazy\" decoding=\"async\" width=\"344\" height=\"353\" src=\"https:\/\/seal.transport-manager.net\/test\/wp-content\/uploads\/sites\/86\/2021\/08\/Materialis-4.png\" alt=\"\" class=\"wp-image-852\" srcset=\"https:\/\/seal.transport-manager.net\/test\/wp-content\/uploads\/sites\/86\/2021\/08\/Materialis-4.png 344w, https:\/\/seal.transport-manager.net\/test\/wp-content\/uploads\/sites\/86\/2021\/08\/Materialis-4-292x300.png 292w\" sizes=\"auto, (max-width: 344px) 100vw, 344px\" \/><figcaption>R\u00e9glages de la <strong>Mise en page<\/strong><\/figcaption><\/figure><\/div>\n\n\n\n<div class=\"wp-block-image\"><figure class=\"aligncenter size-large\"><img loading=\"lazy\" decoding=\"async\" width=\"343\" height=\"340\" src=\"https:\/\/seal.transport-manager.net\/test\/wp-content\/uploads\/sites\/86\/2021\/08\/Materialis-6.png\" alt=\"\" class=\"wp-image-854\" srcset=\"https:\/\/seal.transport-manager.net\/test\/wp-content\/uploads\/sites\/86\/2021\/08\/Materialis-6.png 343w, https:\/\/seal.transport-manager.net\/test\/wp-content\/uploads\/sites\/86\/2021\/08\/Materialis-6-300x297.png 300w, https:\/\/seal.transport-manager.net\/test\/wp-content\/uploads\/sites\/86\/2021\/08\/Materialis-6-150x150.png 150w\" sizes=\"auto, (max-width: 343px) 100vw, 343px\" \/><figcaption>R\u00e9glages de la <strong>Page d&rsquo;accueil<\/strong><\/figcaption><\/figure><\/div>\n<\/div>\n<\/div>\n\n\n\n<div class=\"wp-block-image\"><figure class=\"aligncenter size-large\"><img loading=\"lazy\" decoding=\"async\" width=\"344\" height=\"763\" src=\"https:\/\/seal.transport-manager.net\/test\/wp-content\/uploads\/sites\/86\/2021\/08\/Materialis-7.png\" alt=\"\" class=\"wp-image-857\" srcset=\"https:\/\/seal.transport-manager.net\/test\/wp-content\/uploads\/sites\/86\/2021\/08\/Materialis-7.png 344w, https:\/\/seal.transport-manager.net\/test\/wp-content\/uploads\/sites\/86\/2021\/08\/Materialis-7-135x300.png 135w\" sizes=\"auto, (max-width: 344px) 100vw, 344px\" \/><figcaption>Personnalisation des <strong>R\u00e9glages de blog<\/strong><\/figcaption><\/figure><\/div>\n\n\n\n<div class=\"wp-block-image\"><figure class=\"aligncenter size-large\"><img loading=\"lazy\" decoding=\"async\" width=\"343\" height=\"472\" src=\"https:\/\/seal.transport-manager.net\/test\/wp-content\/uploads\/sites\/86\/2021\/08\/Materialis-1-4.png\" alt=\"\" class=\"wp-image-858\" srcset=\"https:\/\/seal.transport-manager.net\/test\/wp-content\/uploads\/sites\/86\/2021\/08\/Materialis-1-4.png 343w, https:\/\/seal.transport-manager.net\/test\/wp-content\/uploads\/sites\/86\/2021\/08\/Materialis-1-4-218x300.png 218w\" sizes=\"auto, (max-width: 343px) 100vw, 343px\" \/><figcaption>Personnalisation des\u00a0<strong>Menus &amp; Emplacements<\/strong><\/figcaption><\/figure><\/div>\n\n\n\n<div class=\"wp-block-image\"><figure class=\"aligncenter size-large\"><img loading=\"lazy\" decoding=\"async\" width=\"344\" height=\"277\" src=\"https:\/\/seal.transport-manager.net\/test\/wp-content\/uploads\/sites\/86\/2021\/08\/Materialis-2-3.png\" alt=\"\" class=\"wp-image-859\" srcset=\"https:\/\/seal.transport-manager.net\/test\/wp-content\/uploads\/sites\/86\/2021\/08\/Materialis-2-3.png 344w, https:\/\/seal.transport-manager.net\/test\/wp-content\/uploads\/sites\/86\/2021\/08\/Materialis-2-3-300x242.png 300w\" sizes=\"auto, (max-width: 344px) 100vw, 344px\" \/><figcaption>Personnalisation des\u00a0<strong>Widgets<\/strong><\/figcaption><\/figure><\/div>\n","protected":false},"excerpt":{"rendered":"<p>Th\u00e8me par Extend Themes Materialis est un th\u00e8me WordPress incroyablement flexible et polyvalent qui peut vous aider \u00e0 cr\u00e9er un site Web incroyable plus facilement que jamais, par glisser-d\u00e9poser. Il &#8230; <a title=\"Materialis\" class=\"read-more\" href=\"https:\/\/seal.transport-manager.net\/test\/materialis\/\" aria-label=\"En savoir plus sur Materialis\">Lire la suite<\/a><\/p>\n","protected":false},"author":140,"featured_media":0,"parent":0,"menu_order":0,"comment_status":"open","ping_status":"closed","template":"","meta":{"_EventAllDay":false,"_EventTimezone":"","_EventStartDate":"","_EventEndDate":"","_EventStartDateUTC":"","_EventEndDateUTC":"","_EventShowMap":false,"_EventShowMapLink":false,"_EventURL":"","_EventCost":"","_EventCostDescription":"","_EventCurrencySymbol":"","_EventCurrencyCode":"","_EventCurrencyPosition":"","_EventDateTimeSeparator":"","_EventTimeRangeSeparator":"","_EventOrganizerID":[],"_EventVenueID":[],"_OrganizerEmail":"","_OrganizerPhone":"","_OrganizerWebsite":"","_VenueAddress":"","_VenueCity":"","_VenueCountry":"","_VenueProvince":"","_VenueState":"","_VenueZip":"","_VenuePhone":"","_VenueURL":"","_VenueStateProvince":"","_VenueLat":"","_VenueLng":"","_VenueShowMap":false,"_VenueShowMapLink":false,"footnotes":""},"class_list":["post-831","page","type-page","status-publish"],"_links":{"self":[{"href":"https:\/\/seal.transport-manager.net\/test\/wp-json\/wp\/v2\/pages\/831","targetHints":{"allow":["GET"]}}],"collection":[{"href":"https:\/\/seal.transport-manager.net\/test\/wp-json\/wp\/v2\/pages"}],"about":[{"href":"https:\/\/seal.transport-manager.net\/test\/wp-json\/wp\/v2\/types\/page"}],"author":[{"embeddable":true,"href":"https:\/\/seal.transport-manager.net\/test\/wp-json\/wp\/v2\/users\/140"}],"replies":[{"embeddable":true,"href":"https:\/\/seal.transport-manager.net\/test\/wp-json\/wp\/v2\/comments?post=831"}],"version-history":[{"count":2,"href":"https:\/\/seal.transport-manager.net\/test\/wp-json\/wp\/v2\/pages\/831\/revisions"}],"predecessor-version":[{"id":860,"href":"https:\/\/seal.transport-manager.net\/test\/wp-json\/wp\/v2\/pages\/831\/revisions\/860"}],"wp:attachment":[{"href":"https:\/\/seal.transport-manager.net\/test\/wp-json\/wp\/v2\/media?parent=831"}],"curies":[{"name":"wp","href":"https:\/\/api.w.org\/{rel}","templated":true}]}}