{"id":861,"date":"2021-08-29T16:26:56","date_gmt":"2021-08-29T14:26:56","guid":{"rendered":"https:\/\/seal.transport-manager.net\/test\/?page_id=861"},"modified":"2021-10-27T15:30:56","modified_gmt":"2021-10-27T13:30:56","slug":"hestia","status":"publish","type":"page","link":"https:\/\/seal.transport-manager.net\/test\/hestia\/","title":{"rendered":"Hestia"},"content":{"rendered":"\n<h5 class=\"wp-block-heading\">Th\u00e8me par\u00a0Themeisle<\/h5>\n\n\n\n<blockquote class=\"wp-block-quote is-layout-flow wp-block-quote-is-layout-flow\"><p>Hestia est un th\u00e8me WordPress moderne pour les professionnels. Il s\u2019adapte aux entreprises cr\u00e9atrices, aux petites entreprises (restaurants, planificateurs de mariage, magasins de sport\/m\u00e9dical), aux startups, aux entreprises commerciales, aux agences et aux entreprises en ligne, aux portfolios, au e-commerce (woocommerce), et aux pigistes. Il a une conception d\u2019une page polyvalente, pied de page widget, blog\/News et un look propre, est compatible avec : Flat Parallax Slider, Galerie de photos, carte de voyage et Elementor. Le th\u00e8me est responsive, WPML, Retina ready, optimis\u00e9 SEO, et utilise Mat\u00e9rial Kit pour la conception.<\/p><\/blockquote>\n\n\n\n<div class=\"wp-block-image\"><figure class=\"aligncenter size-large is-resized\"><img loading=\"lazy\" decoding=\"async\" src=\"https:\/\/seal.transport-manager.net\/test\/wp-content\/uploads\/sites\/86\/2021\/08\/Hestia-1024x610.png\" alt=\"\" class=\"wp-image-864\" width=\"768\" height=\"458\" srcset=\"https:\/\/seal.transport-manager.net\/test\/wp-content\/uploads\/sites\/86\/2021\/08\/Hestia-1024x610.png 1024w, https:\/\/seal.transport-manager.net\/test\/wp-content\/uploads\/sites\/86\/2021\/08\/Hestia-300x179.png 300w, https:\/\/seal.transport-manager.net\/test\/wp-content\/uploads\/sites\/86\/2021\/08\/Hestia-768x458.png 768w, https:\/\/seal.transport-manager.net\/test\/wp-content\/uploads\/sites\/86\/2021\/08\/Hestia-1536x915.png 1536w, https:\/\/seal.transport-manager.net\/test\/wp-content\/uploads\/sites\/86\/2021\/08\/Hestia.png 1551w\" sizes=\"auto, (max-width: 768px) 100vw, 768px\" \/><figcaption>Page d\u2019Accueil<\/figcaption><\/figure><\/div>\n\n\n\n<div style=\"height:25px\" aria-hidden=\"true\" class=\"wp-block-spacer\"><\/div>\n\n\n\n<h5 class=\"has-text-align-center wp-block-heading\">Personnalisation de th\u00e8me :<\/h5>\n\n\n\n<div class=\"wp-block-image\"><figure class=\"aligncenter size-large\"><img loading=\"lazy\" decoding=\"async\" width=\"345\" height=\"564\" src=\"https:\/\/seal.transport-manager.net\/test\/wp-content\/uploads\/sites\/86\/2021\/08\/Hestia-1.png\" alt=\"\" class=\"wp-image-865\" srcset=\"https:\/\/seal.transport-manager.net\/test\/wp-content\/uploads\/sites\/86\/2021\/08\/Hestia-1.png 345w, https:\/\/seal.transport-manager.net\/test\/wp-content\/uploads\/sites\/86\/2021\/08\/Hestia-1-184x300.png 184w\" sizes=\"auto, (max-width: 345px) 100vw, 345px\" \/><figcaption>Menu de<strong>\u00a0personnalisation du th\u00e8me<\/strong><\/figcaption><\/figure><\/div>\n\n\n\n<div class=\"wp-block-image\"><figure class=\"aligncenter size-large\"><img loading=\"lazy\" decoding=\"async\" width=\"344\" height=\"605\" src=\"https:\/\/seal.transport-manager.net\/test\/wp-content\/uploads\/sites\/86\/2021\/08\/Hestia-2.png\" alt=\"\" class=\"wp-image-866\" srcset=\"https:\/\/seal.transport-manager.net\/test\/wp-content\/uploads\/sites\/86\/2021\/08\/Hestia-2.png 344w, https:\/\/seal.transport-manager.net\/test\/wp-content\/uploads\/sites\/86\/2021\/08\/Hestia-2-171x300.png 171w\" sizes=\"auto, (max-width: 344px) 100vw, 344px\" \/><figcaption>Personnalisation de l<strong>\u2018Identit\u00e9 du site<\/strong><\/figcaption><\/figure><\/div>\n\n\n\n<div class=\"wp-block-image\"><figure class=\"aligncenter size-large\"><img loading=\"lazy\" decoding=\"async\" width=\"343\" height=\"318\" src=\"https:\/\/seal.transport-manager.net\/test\/wp-content\/uploads\/sites\/86\/2021\/08\/Hestia-2-2.png\" alt=\"\" class=\"wp-image-869\" srcset=\"https:\/\/seal.transport-manager.net\/test\/wp-content\/uploads\/sites\/86\/2021\/08\/Hestia-2-2.png 343w, https:\/\/seal.transport-manager.net\/test\/wp-content\/uploads\/sites\/86\/2021\/08\/Hestia-2-2-300x278.png 300w\" sizes=\"auto, (max-width: 343px) 100vw, 343px\" \/><figcaption>Menu <strong>R\u00e9glages de l&rsquo;apparence<\/strong><\/figcaption><\/figure><\/div>\n\n\n\n<div class=\"wp-block-columns is-layout-flex wp-container-core-columns-is-layout-9d6595d7 wp-block-columns-is-layout-flex\">\n<div class=\"wp-block-column is-layout-flow wp-block-column-is-layout-flow\">\n<div class=\"wp-block-image\"><figure class=\"aligncenter size-large\"><img loading=\"lazy\" decoding=\"async\" width=\"344\" height=\"549\" src=\"https:\/\/seal.transport-manager.net\/test\/wp-content\/uploads\/sites\/86\/2021\/08\/Hestia-1-2.png\" alt=\"\" class=\"wp-image-870\" srcset=\"https:\/\/seal.transport-manager.net\/test\/wp-content\/uploads\/sites\/86\/2021\/08\/Hestia-1-2.png 344w, https:\/\/seal.transport-manager.net\/test\/wp-content\/uploads\/sites\/86\/2021\/08\/Hestia-1-2-188x300.png 188w\" sizes=\"auto, (max-width: 344px) 100vw, 344px\" \/><figcaption>Apparence des <strong>R\u00e9glages g\u00e9n\u00e9raux<\/strong><\/figcaption><\/figure><\/div>\n\n\n\n<div class=\"wp-block-image\"><figure class=\"aligncenter size-large\"><img loading=\"lazy\" decoding=\"async\" width=\"344\" height=\"244\" src=\"https:\/\/seal.transport-manager.net\/test\/wp-content\/uploads\/sites\/86\/2021\/08\/Hestia-4.png\" alt=\"\" class=\"wp-image-872\" srcset=\"https:\/\/seal.transport-manager.net\/test\/wp-content\/uploads\/sites\/86\/2021\/08\/Hestia-4.png 344w, https:\/\/seal.transport-manager.net\/test\/wp-content\/uploads\/sites\/86\/2021\/08\/Hestia-4-300x213.png 300w\" sizes=\"auto, (max-width: 344px) 100vw, 344px\" \/><figcaption>Apparence des <strong>Couleurs<\/strong><\/figcaption><\/figure><\/div>\n<\/div>\n\n\n\n<div class=\"wp-block-column is-layout-flow wp-block-column-is-layout-flow\">\n<div class=\"wp-block-image\"><figure class=\"aligncenter size-large\"><img loading=\"lazy\" decoding=\"async\" width=\"344\" height=\"396\" src=\"https:\/\/seal.transport-manager.net\/test\/wp-content\/uploads\/sites\/86\/2021\/08\/Hestia-3.png\" alt=\"\" class=\"wp-image-871\" srcset=\"https:\/\/seal.transport-manager.net\/test\/wp-content\/uploads\/sites\/86\/2021\/08\/Hestia-3.png 344w, https:\/\/seal.transport-manager.net\/test\/wp-content\/uploads\/sites\/86\/2021\/08\/Hestia-3-261x300.png 261w\" sizes=\"auto, (max-width: 344px) 100vw, 344px\" \/><figcaption>Apparence de la <strong>Typographie<\/strong><\/figcaption><\/figure><\/div>\n\n\n\n<div class=\"wp-block-image\"><figure class=\"aligncenter size-large\"><img loading=\"lazy\" decoding=\"async\" width=\"343\" height=\"202\" src=\"https:\/\/seal.transport-manager.net\/test\/wp-content\/uploads\/sites\/86\/2021\/08\/Hestia-5.png\" alt=\"\" class=\"wp-image-873\" srcset=\"https:\/\/seal.transport-manager.net\/test\/wp-content\/uploads\/sites\/86\/2021\/08\/Hestia-5.png 343w, https:\/\/seal.transport-manager.net\/test\/wp-content\/uploads\/sites\/86\/2021\/08\/Hestia-5-300x177.png 300w\" sizes=\"auto, (max-width: 343px) 100vw, 343px\" \/><figcaption>Apparence d&rsquo;<strong>Image d&rsquo;arri\u00e8re-plan<\/strong><\/figcaption><\/figure><\/div>\n\n\n\n<div class=\"wp-block-image\"><figure class=\"aligncenter size-large\"><img loading=\"lazy\" decoding=\"async\" width=\"343\" height=\"231\" src=\"https:\/\/seal.transport-manager.net\/test\/wp-content\/uploads\/sites\/86\/2021\/08\/Hestia-6.png\" alt=\"\" class=\"wp-image-874\" srcset=\"https:\/\/seal.transport-manager.net\/test\/wp-content\/uploads\/sites\/86\/2021\/08\/Hestia-6.png 343w, https:\/\/seal.transport-manager.net\/test\/wp-content\/uploads\/sites\/86\/2021\/08\/Hestia-6-300x202.png 300w\" sizes=\"auto, (max-width: 343px) 100vw, 343px\" \/><figcaption>Apparence des Boutons<\/figcaption><\/figure><\/div>\n<\/div>\n<\/div>\n\n\n\n<div class=\"wp-block-image\"><figure class=\"aligncenter size-large\"><img loading=\"lazy\" decoding=\"async\" width=\"345\" height=\"311\" src=\"https:\/\/seal.transport-manager.net\/test\/wp-content\/uploads\/sites\/86\/2021\/08\/Hestia-1-3.png\" alt=\"\" class=\"wp-image-877\" srcset=\"https:\/\/seal.transport-manager.net\/test\/wp-content\/uploads\/sites\/86\/2021\/08\/Hestia-1-3.png 345w, https:\/\/seal.transport-manager.net\/test\/wp-content\/uploads\/sites\/86\/2021\/08\/Hestia-1-3-300x270.png 300w\" sizes=\"auto, (max-width: 345px) 100vw, 345px\" \/><figcaption>Personnalisation <strong>Sections de page d&rsquo;accueil<\/strong><\/figcaption><\/figure><\/div>\n\n\n\n<div class=\"wp-block-image\"><figure class=\"aligncenter size-large\"><img loading=\"lazy\" decoding=\"async\" width=\"344\" height=\"231\" src=\"https:\/\/seal.transport-manager.net\/test\/wp-content\/uploads\/sites\/86\/2021\/08\/Hestia-1-4.png\" alt=\"\" class=\"wp-image-878\" srcset=\"https:\/\/seal.transport-manager.net\/test\/wp-content\/uploads\/sites\/86\/2021\/08\/Hestia-1-4.png 344w, https:\/\/seal.transport-manager.net\/test\/wp-content\/uploads\/sites\/86\/2021\/08\/Hestia-1-4-300x201.png 300w\" sizes=\"auto, (max-width: 344px) 100vw, 344px\" \/><figcaption>Menu <strong>Options de l&rsquo;en-t\u00eate<\/strong><\/figcaption><\/figure><\/div>\n\n\n\n<div class=\"wp-block-columns is-layout-flex wp-container-core-columns-is-layout-9d6595d7 wp-block-columns-is-layout-flex\">\n<div class=\"wp-block-column is-layout-flow wp-block-column-is-layout-flow\">\n<div class=\"wp-block-image\"><figure class=\"aligncenter size-large\"><img loading=\"lazy\" decoding=\"async\" width=\"343\" height=\"209\" src=\"https:\/\/seal.transport-manager.net\/test\/wp-content\/uploads\/sites\/86\/2021\/08\/Hestia-2-3.png\" alt=\"\" class=\"wp-image-879\" srcset=\"https:\/\/seal.transport-manager.net\/test\/wp-content\/uploads\/sites\/86\/2021\/08\/Hestia-2-3.png 343w, https:\/\/seal.transport-manager.net\/test\/wp-content\/uploads\/sites\/86\/2021\/08\/Hestia-2-3-300x183.png 300w\" sizes=\"auto, (max-width: 343px) 100vw, 343px\" \/><figcaption>Personnalisation <strong>Barre du haut<\/strong><\/figcaption><\/figure><\/div>\n\n\n\n<div class=\"wp-block-image\"><figure class=\"aligncenter size-large\"><img loading=\"lazy\" decoding=\"async\" width=\"343\" height=\"582\" src=\"https:\/\/seal.transport-manager.net\/test\/wp-content\/uploads\/sites\/86\/2021\/08\/Hestia-4-1.png\" alt=\"\" class=\"wp-image-881\" srcset=\"https:\/\/seal.transport-manager.net\/test\/wp-content\/uploads\/sites\/86\/2021\/08\/Hestia-4-1.png 343w, https:\/\/seal.transport-manager.net\/test\/wp-content\/uploads\/sites\/86\/2021\/08\/Hestia-4-1-177x300.png 177w\" sizes=\"auto, (max-width: 343px) 100vw, 343px\" \/><figcaption>Personnalisation de l&rsquo;<strong>en-t\u00eate<\/strong><\/figcaption><\/figure><\/div>\n<\/div>\n\n\n\n<div class=\"wp-block-column is-layout-flow wp-block-column-is-layout-flow\">\n<div class=\"wp-block-image\"><figure class=\"aligncenter size-large\"><img loading=\"lazy\" decoding=\"async\" width=\"344\" height=\"408\" src=\"https:\/\/seal.transport-manager.net\/test\/wp-content\/uploads\/sites\/86\/2021\/08\/Hestia-3-1.png\" alt=\"\" class=\"wp-image-880\" srcset=\"https:\/\/seal.transport-manager.net\/test\/wp-content\/uploads\/sites\/86\/2021\/08\/Hestia-3-1.png 344w, https:\/\/seal.transport-manager.net\/test\/wp-content\/uploads\/sites\/86\/2021\/08\/Hestia-3-1-253x300.png 253w\" sizes=\"auto, (max-width: 344px) 100vw, 344px\" \/><figcaption>Personnalisation de la <strong>Navigation<\/strong><\/figcaption><\/figure><\/div>\n\n\n\n<div class=\"wp-block-image\"><figure class=\"aligncenter size-large\"><img loading=\"lazy\" decoding=\"async\" width=\"343\" height=\"337\" src=\"https:\/\/seal.transport-manager.net\/test\/wp-content\/uploads\/sites\/86\/2021\/08\/Hestia-1-6.png\" alt=\"\" class=\"wp-image-883\" srcset=\"https:\/\/seal.transport-manager.net\/test\/wp-content\/uploads\/sites\/86\/2021\/08\/Hestia-1-6.png 343w, https:\/\/seal.transport-manager.net\/test\/wp-content\/uploads\/sites\/86\/2021\/08\/Hestia-1-6-300x295.png 300w\" sizes=\"auto, (max-width: 343px) 100vw, 343px\" \/><figcaption>Personnalisation <strong>Footer Options<\/strong><br>Pied de page<\/figcaption><\/figure><\/div>\n<\/div>\n<\/div>\n\n\n\n<div class=\"wp-block-image\"><figure class=\"aligncenter size-large\"><img loading=\"lazy\" decoding=\"async\" width=\"344\" height=\"595\" src=\"https:\/\/seal.transport-manager.net\/test\/wp-content\/uploads\/sites\/86\/2021\/08\/Hestia-1-7.png\" alt=\"\" class=\"wp-image-884\" srcset=\"https:\/\/seal.transport-manager.net\/test\/wp-content\/uploads\/sites\/86\/2021\/08\/Hestia-1-7.png 344w, https:\/\/seal.transport-manager.net\/test\/wp-content\/uploads\/sites\/86\/2021\/08\/Hestia-1-7-173x300.png 173w\" sizes=\"auto, (max-width: 344px) 100vw, 344px\" \/><figcaption>Personnalisation du <strong>Blog<\/strong><\/figcaption><\/figure><\/div>\n\n\n\n<div class=\"wp-block-image\"><figure class=\"aligncenter size-large\"><img loading=\"lazy\" decoding=\"async\" width=\"344\" height=\"541\" src=\"https:\/\/seal.transport-manager.net\/test\/wp-content\/uploads\/sites\/86\/2021\/08\/Hestia-1-8.png\" alt=\"\" class=\"wp-image-885\" srcset=\"https:\/\/seal.transport-manager.net\/test\/wp-content\/uploads\/sites\/86\/2021\/08\/Hestia-1-8.png 344w, https:\/\/seal.transport-manager.net\/test\/wp-content\/uploads\/sites\/86\/2021\/08\/Hestia-1-8-191x300.png 191w\" sizes=\"auto, (max-width: 344px) 100vw, 344px\" \/><figcaption>Personnalisation des\u00a0<strong>Menus &amp; Emplacements<\/strong><\/figcaption><\/figure><\/div>\n\n\n\n<div class=\"wp-block-image\"><figure class=\"aligncenter size-large\"><img loading=\"lazy\" decoding=\"async\" width=\"344\" height=\"406\" src=\"https:\/\/seal.transport-manager.net\/test\/wp-content\/uploads\/sites\/86\/2021\/08\/Hestia-1-9.png\" alt=\"\" class=\"wp-image-886\" srcset=\"https:\/\/seal.transport-manager.net\/test\/wp-content\/uploads\/sites\/86\/2021\/08\/Hestia-1-9.png 344w, https:\/\/seal.transport-manager.net\/test\/wp-content\/uploads\/sites\/86\/2021\/08\/Hestia-1-9-254x300.png 254w\" sizes=\"auto, (max-width: 344px) 100vw, 344px\" \/><figcaption>Personnalisation des\u00a0<strong>Widgets<\/strong><\/figcaption><\/figure><\/div>\n\n\n\n<div class=\"wp-block-image\"><figure class=\"aligncenter size-large\"><img loading=\"lazy\" decoding=\"async\" width=\"344\" height=\"558\" src=\"https:\/\/seal.transport-manager.net\/test\/wp-content\/uploads\/sites\/86\/2021\/08\/Hestia-1-10.png\" alt=\"\" class=\"wp-image-887\" srcset=\"https:\/\/seal.transport-manager.net\/test\/wp-content\/uploads\/sites\/86\/2021\/08\/Hestia-1-10.png 344w, https:\/\/seal.transport-manager.net\/test\/wp-content\/uploads\/sites\/86\/2021\/08\/Hestia-1-10-185x300.png 185w\" sizes=\"auto, (max-width: 344px) 100vw, 344px\" \/><figcaption><strong>R\u00e9glages de la page d\u2019accueil<\/strong><\/figcaption><\/figure><\/div>\n","protected":false},"excerpt":{"rendered":"<p>Th\u00e8me par\u00a0Themeisle Hestia est un th\u00e8me WordPress moderne pour les professionnels. Il s\u2019adapte aux entreprises cr\u00e9atrices, aux petites entreprises (restaurants, planificateurs de mariage, magasins de sport\/m\u00e9dical), aux startups, aux entreprises &#8230; <a title=\"Hestia\" class=\"read-more\" href=\"https:\/\/seal.transport-manager.net\/test\/hestia\/\" aria-label=\"En savoir plus sur Hestia\">Lire la suite<\/a><\/p>\n","protected":false},"author":140,"featured_media":0,"parent":0,"menu_order":0,"comment_status":"open","ping_status":"closed","template":"","meta":{"_EventAllDay":false,"_EventTimezone":"","_EventStartDate":"","_EventEndDate":"","_EventStartDateUTC":"","_EventEndDateUTC":"","_EventShowMap":false,"_EventShowMapLink":false,"_EventURL":"","_EventCost":"","_EventCostDescription":"","_EventCurrencySymbol":"","_EventCurrencyCode":"","_EventCurrencyPosition":"","_EventDateTimeSeparator":"","_EventTimeRangeSeparator":"","_EventOrganizerID":[],"_EventVenueID":[],"_OrganizerEmail":"","_OrganizerPhone":"","_OrganizerWebsite":"","_VenueAddress":"","_VenueCity":"","_VenueCountry":"","_VenueProvince":"","_VenueState":"","_VenueZip":"","_VenuePhone":"","_VenueURL":"","_VenueStateProvince":"","_VenueLat":"","_VenueLng":"","_VenueShowMap":false,"_VenueShowMapLink":false,"footnotes":""},"class_list":["post-861","page","type-page","status-publish"],"_links":{"self":[{"href":"https:\/\/seal.transport-manager.net\/test\/wp-json\/wp\/v2\/pages\/861","targetHints":{"allow":["GET"]}}],"collection":[{"href":"https:\/\/seal.transport-manager.net\/test\/wp-json\/wp\/v2\/pages"}],"about":[{"href":"https:\/\/seal.transport-manager.net\/test\/wp-json\/wp\/v2\/types\/page"}],"author":[{"embeddable":true,"href":"https:\/\/seal.transport-manager.net\/test\/wp-json\/wp\/v2\/users\/140"}],"replies":[{"embeddable":true,"href":"https:\/\/seal.transport-manager.net\/test\/wp-json\/wp\/v2\/comments?post=861"}],"version-history":[{"count":1,"href":"https:\/\/seal.transport-manager.net\/test\/wp-json\/wp\/v2\/pages\/861\/revisions"}],"predecessor-version":[{"id":888,"href":"https:\/\/seal.transport-manager.net\/test\/wp-json\/wp\/v2\/pages\/861\/revisions\/888"}],"wp:attachment":[{"href":"https:\/\/seal.transport-manager.net\/test\/wp-json\/wp\/v2\/media?parent=861"}],"curies":[{"name":"wp","href":"https:\/\/api.w.org\/{rel}","templated":true}]}}