{"id":896,"date":"2021-08-29T17:02:28","date_gmt":"2021-08-29T15:02:28","guid":{"rendered":"https:\/\/seal.transport-manager.net\/test\/?page_id=896"},"modified":"2021-10-27T15:30:42","modified_gmt":"2021-10-27T13:30:42","slug":"generatepress","status":"publish","type":"page","link":"https:\/\/seal.transport-manager.net\/test\/generatepress\/","title":{"rendered":"GeneratePress"},"content":{"rendered":"\n<h5 class=\"wp-block-heading\">Th\u00e8me par Tom Usborne<\/h5>\n\n\n\n<blockquote class=\"wp-block-quote is-layout-flow wp-block-quote-is-layout-flow\"><p>GeneratePress est un th\u00e8me WordPress l\u00e9ger construit avec un accent mis sur la rapidit\u00e9 et la convivialit\u00e9. Les performances sont importantes pour nous. C\u2019est pourquoi une nouvelle installation de GeneratePress ajoute moins de 10 Ko (gzipp\u00e9) \u00e0 la taille de votre page. Nous tirons pleinement parti du nouvel \u00e9diteur de blocs (Gutenberg), qui vous permet de mieux contr\u00f4ler la cr\u00e9ation de votre contenu. Si vous utilisez des constructeurs de page, GeneratePress est le bon th\u00e8me pour vous. Il est compl\u00e8tement compatible avec tous les principaux constructeurs de pages, y compris Beaver Builder et Elementor. En mettant l\u2019accent sur les normes de codage de WordPress, nous pouvons b\u00e9n\u00e9ficier d\u2019une compatibilit\u00e9 totale avec toutes les extensions correctement cod\u00e9es, y compris WooCommerce. GeneratePress est totalement responsive, utilise un code HTML \/ CSS valide et est traduit dans plus de 25 langues par notre incroyable communaut\u00e9 d\u2019utilisateurs. Certaines de nos nombreuses fonctionnalit\u00e9s incluent l\u2019int\u00e9gration de micro-donn\u00e9es, 9 zones de widgets, 5 mises en page de navigation, 5 dispositions de colonne lat\u00e9rale, des menus d\u00e9roulants (clic ou survol) et des pr\u00e9r\u00e9glages de couleurs de navigation.<\/p><\/blockquote>\n\n\n\n<div class=\"wp-block-image\"><figure class=\"aligncenter size-large is-resized\"><img loading=\"lazy\" decoding=\"async\" src=\"https:\/\/seal.transport-manager.net\/test\/wp-content\/uploads\/sites\/86\/2021\/08\/GeneratePress-1024x608.png\" alt=\"\" class=\"wp-image-897\" width=\"768\" height=\"456\" srcset=\"https:\/\/seal.transport-manager.net\/test\/wp-content\/uploads\/sites\/86\/2021\/08\/GeneratePress-1024x608.png 1024w, https:\/\/seal.transport-manager.net\/test\/wp-content\/uploads\/sites\/86\/2021\/08\/GeneratePress-300x178.png 300w, https:\/\/seal.transport-manager.net\/test\/wp-content\/uploads\/sites\/86\/2021\/08\/GeneratePress-768x456.png 768w, https:\/\/seal.transport-manager.net\/test\/wp-content\/uploads\/sites\/86\/2021\/08\/GeneratePress-1536x912.png 1536w, https:\/\/seal.transport-manager.net\/test\/wp-content\/uploads\/sites\/86\/2021\/08\/GeneratePress.png 1551w\" sizes=\"auto, (max-width: 768px) 100vw, 768px\" \/><figcaption>Page d\u2019Accueil<\/figcaption><\/figure><\/div>\n\n\n\n<div style=\"height:25px\" aria-hidden=\"true\" class=\"wp-block-spacer\"><\/div>\n\n\n\n<h5 class=\"has-text-align-center wp-block-heading\">Personnalisation de th\u00e8me :<\/h5>\n\n\n\n<div class=\"wp-block-image\"><figure class=\"aligncenter size-large\"><img loading=\"lazy\" decoding=\"async\" width=\"345\" height=\"478\" src=\"https:\/\/seal.transport-manager.net\/test\/wp-content\/uploads\/sites\/86\/2021\/08\/GeneratePress-1.png\" alt=\"\" class=\"wp-image-898\" srcset=\"https:\/\/seal.transport-manager.net\/test\/wp-content\/uploads\/sites\/86\/2021\/08\/GeneratePress-1.png 345w, https:\/\/seal.transport-manager.net\/test\/wp-content\/uploads\/sites\/86\/2021\/08\/GeneratePress-1-217x300.png 217w\" sizes=\"auto, (max-width: 345px) 100vw, 345px\" \/><figcaption>Menu de<strong>\u00a0personnalisation du th\u00e8me<\/strong><\/figcaption><\/figure><\/div>\n\n\n\n<div class=\"wp-block-image\"><figure class=\"aligncenter size-large\"><img loading=\"lazy\" decoding=\"async\" width=\"344\" height=\"836\" src=\"https:\/\/seal.transport-manager.net\/test\/wp-content\/uploads\/sites\/86\/2021\/08\/GeneratePress-2.png\" alt=\"\" class=\"wp-image-899\" srcset=\"https:\/\/seal.transport-manager.net\/test\/wp-content\/uploads\/sites\/86\/2021\/08\/GeneratePress-2.png 344w, https:\/\/seal.transport-manager.net\/test\/wp-content\/uploads\/sites\/86\/2021\/08\/GeneratePress-2-123x300.png 123w\" sizes=\"auto, (max-width: 344px) 100vw, 344px\" \/><figcaption>Personnalisation de l<strong>\u2018Identit\u00e9 du site<\/strong><\/figcaption><\/figure><\/div>\n\n\n\n<div class=\"wp-block-image\"><figure class=\"aligncenter size-large\"><img loading=\"lazy\" decoding=\"async\" width=\"345\" height=\"354\" src=\"https:\/\/seal.transport-manager.net\/test\/wp-content\/uploads\/sites\/86\/2021\/08\/GeneratePress-1-1.png\" alt=\"\" class=\"wp-image-900\" srcset=\"https:\/\/seal.transport-manager.net\/test\/wp-content\/uploads\/sites\/86\/2021\/08\/GeneratePress-1-1.png 345w, https:\/\/seal.transport-manager.net\/test\/wp-content\/uploads\/sites\/86\/2021\/08\/GeneratePress-1-1-292x300.png 292w\" sizes=\"auto, (max-width: 345px) 100vw, 345px\" \/><figcaption>Menu personnalisation de la <strong>Mise en page<\/strong><\/figcaption><\/figure><\/div>\n\n\n\n<div class=\"wp-block-columns is-layout-flex wp-container-core-columns-is-layout-9d6595d7 wp-block-columns-is-layout-flex\">\n<div class=\"wp-block-column is-layout-flow wp-block-column-is-layout-flow\">\n<div class=\"wp-block-image\"><figure class=\"aligncenter size-large\"><img loading=\"lazy\" decoding=\"async\" width=\"344\" height=\"296\" src=\"https:\/\/seal.transport-manager.net\/test\/wp-content\/uploads\/sites\/86\/2021\/08\/GeneratePress-2-1.png\" alt=\"\" class=\"wp-image-901\" srcset=\"https:\/\/seal.transport-manager.net\/test\/wp-content\/uploads\/sites\/86\/2021\/08\/GeneratePress-2-1.png 344w, https:\/\/seal.transport-manager.net\/test\/wp-content\/uploads\/sites\/86\/2021\/08\/GeneratePress-2-1-300x258.png 300w\" sizes=\"auto, (max-width: 344px) 100vw, 344px\" \/><figcaption>Personnalisation du <strong>Contenu<\/strong><\/figcaption><\/figure><\/div>\n\n\n\n<div class=\"wp-block-image\"><figure class=\"aligncenter size-large\"><img loading=\"lazy\" decoding=\"async\" width=\"344\" height=\"585\" src=\"https:\/\/seal.transport-manager.net\/test\/wp-content\/uploads\/sites\/86\/2021\/08\/GeneratePress-4.png\" alt=\"\" class=\"wp-image-903\" srcset=\"https:\/\/seal.transport-manager.net\/test\/wp-content\/uploads\/sites\/86\/2021\/08\/GeneratePress-4.png 344w, https:\/\/seal.transport-manager.net\/test\/wp-content\/uploads\/sites\/86\/2021\/08\/GeneratePress-4-176x300.png 176w\" sizes=\"auto, (max-width: 344px) 100vw, 344px\" \/><figcaption>Personnalisation de la <strong>Navigation principale<\/strong><\/figcaption><\/figure><\/div>\n\n\n\n<div class=\"wp-block-image\"><figure class=\"aligncenter size-large\"><img loading=\"lazy\" decoding=\"async\" width=\"343\" height=\"161\" src=\"https:\/\/seal.transport-manager.net\/test\/wp-content\/uploads\/sites\/86\/2021\/08\/GeneratePress-7.png\" alt=\"\" class=\"wp-image-906\" srcset=\"https:\/\/seal.transport-manager.net\/test\/wp-content\/uploads\/sites\/86\/2021\/08\/GeneratePress-7.png 343w, https:\/\/seal.transport-manager.net\/test\/wp-content\/uploads\/sites\/86\/2021\/08\/GeneratePress-7-300x141.png 300w\" sizes=\"auto, (max-width: 343px) 100vw, 343px\" \/><figcaption>Personnalisation du <strong>Blog<\/strong><\/figcaption><\/figure><\/div>\n<\/div>\n\n\n\n<div class=\"wp-block-column is-layout-flow wp-block-column-is-layout-flow\">\n<div class=\"wp-block-image\"><figure class=\"aligncenter size-large\"><img loading=\"lazy\" decoding=\"async\" width=\"344\" height=\"367\" src=\"https:\/\/seal.transport-manager.net\/test\/wp-content\/uploads\/sites\/86\/2021\/08\/GeneratePress-3.png\" alt=\"\" class=\"wp-image-902\" srcset=\"https:\/\/seal.transport-manager.net\/test\/wp-content\/uploads\/sites\/86\/2021\/08\/GeneratePress-3.png 344w, https:\/\/seal.transport-manager.net\/test\/wp-content\/uploads\/sites\/86\/2021\/08\/GeneratePress-3-281x300.png 281w\" sizes=\"auto, (max-width: 344px) 100vw, 344px\" \/><figcaption>Personnalisation de l&rsquo;<strong>En-t\u00eate<\/strong><\/figcaption><\/figure><\/div>\n\n\n\n<div class=\"wp-block-image\"><figure class=\"aligncenter size-large\"><img loading=\"lazy\" decoding=\"async\" width=\"344\" height=\"323\" src=\"https:\/\/seal.transport-manager.net\/test\/wp-content\/uploads\/sites\/86\/2021\/08\/GeneratePress-5.png\" alt=\"\" class=\"wp-image-904\" srcset=\"https:\/\/seal.transport-manager.net\/test\/wp-content\/uploads\/sites\/86\/2021\/08\/GeneratePress-5.png 344w, https:\/\/seal.transport-manager.net\/test\/wp-content\/uploads\/sites\/86\/2021\/08\/GeneratePress-5-300x282.png 300w\" sizes=\"auto, (max-width: 344px) 100vw, 344px\" \/><figcaption>Personnalisation des <strong>Colonnes lat\u00e9rales<\/strong><\/figcaption><\/figure><\/div>\n\n\n\n<div class=\"wp-block-image\"><figure class=\"aligncenter size-large\"><img loading=\"lazy\" decoding=\"async\" width=\"344\" height=\"366\" src=\"https:\/\/seal.transport-manager.net\/test\/wp-content\/uploads\/sites\/86\/2021\/08\/GeneratePress-6.png\" alt=\"\" class=\"wp-image-905\" srcset=\"https:\/\/seal.transport-manager.net\/test\/wp-content\/uploads\/sites\/86\/2021\/08\/GeneratePress-6.png 344w, https:\/\/seal.transport-manager.net\/test\/wp-content\/uploads\/sites\/86\/2021\/08\/GeneratePress-6-282x300.png 282w\" sizes=\"auto, (max-width: 344px) 100vw, 344px\" \/><figcaption>Personnalisation du <strong>Pied de page<\/strong><\/figcaption><\/figure><\/div>\n<\/div>\n<\/div>\n\n\n\n<div class=\"wp-block-image\"><figure class=\"aligncenter size-large\"><img loading=\"lazy\" decoding=\"async\" width=\"345\" height=\"614\" src=\"https:\/\/seal.transport-manager.net\/test\/wp-content\/uploads\/sites\/86\/2021\/08\/GeneratePress-1-2.png\" alt=\"\" class=\"wp-image-907\" srcset=\"https:\/\/seal.transport-manager.net\/test\/wp-content\/uploads\/sites\/86\/2021\/08\/GeneratePress-1-2.png 345w, https:\/\/seal.transport-manager.net\/test\/wp-content\/uploads\/sites\/86\/2021\/08\/GeneratePress-1-2-169x300.png 169w\" sizes=\"auto, (max-width: 345px) 100vw, 345px\" \/><figcaption>Personnalisation des <strong>Couleurs<\/strong><\/figcaption><\/figure><\/div>\n\n\n\n<div class=\"wp-block-image\"><figure class=\"aligncenter size-large\"><img loading=\"lazy\" decoding=\"async\" width=\"343\" height=\"835\" src=\"https:\/\/seal.transport-manager.net\/test\/wp-content\/uploads\/sites\/86\/2021\/08\/GeneratePress-2-2.png\" alt=\"\" class=\"wp-image-908\" srcset=\"https:\/\/seal.transport-manager.net\/test\/wp-content\/uploads\/sites\/86\/2021\/08\/GeneratePress-2-2.png 343w, https:\/\/seal.transport-manager.net\/test\/wp-content\/uploads\/sites\/86\/2021\/08\/GeneratePress-2-2-123x300.png 123w\" sizes=\"auto, (max-width: 343px) 100vw, 343px\" \/><\/figure><\/div>\n\n\n\n<div class=\"wp-block-image\"><figure class=\"aligncenter size-large\"><img loading=\"lazy\" decoding=\"async\" width=\"344\" height=\"836\" src=\"https:\/\/seal.transport-manager.net\/test\/wp-content\/uploads\/sites\/86\/2021\/08\/GeneratePress-3-1.png\" alt=\"\" class=\"wp-image-909\" srcset=\"https:\/\/seal.transport-manager.net\/test\/wp-content\/uploads\/sites\/86\/2021\/08\/GeneratePress-3-1.png 344w, https:\/\/seal.transport-manager.net\/test\/wp-content\/uploads\/sites\/86\/2021\/08\/GeneratePress-3-1-123x300.png 123w\" sizes=\"auto, (max-width: 344px) 100vw, 344px\" \/><figcaption>Personnalisation de la <strong>Typographie<\/strong><\/figcaption><\/figure><\/div>\n\n\n\n<div class=\"wp-block-image\"><figure class=\"aligncenter size-large\"><img loading=\"lazy\" decoding=\"async\" width=\"343\" height=\"395\" src=\"https:\/\/seal.transport-manager.net\/test\/wp-content\/uploads\/sites\/86\/2021\/08\/GeneratePress-1-3.png\" alt=\"\" class=\"wp-image-910\" srcset=\"https:\/\/seal.transport-manager.net\/test\/wp-content\/uploads\/sites\/86\/2021\/08\/GeneratePress-1-3.png 343w, https:\/\/seal.transport-manager.net\/test\/wp-content\/uploads\/sites\/86\/2021\/08\/GeneratePress-1-3-261x300.png 261w\" sizes=\"auto, (max-width: 343px) 100vw, 343px\" \/><figcaption>Personnalisation <strong>G\u00e9n\u00e9ral<\/strong><\/figcaption><\/figure><\/div>\n\n\n\n<div class=\"wp-block-image\"><figure class=\"aligncenter size-large\"><img loading=\"lazy\" decoding=\"async\" width=\"342\" height=\"374\" src=\"https:\/\/seal.transport-manager.net\/test\/wp-content\/uploads\/sites\/86\/2021\/08\/GeneratePress-2-3.png\" alt=\"\" class=\"wp-image-911\" srcset=\"https:\/\/seal.transport-manager.net\/test\/wp-content\/uploads\/sites\/86\/2021\/08\/GeneratePress-2-3.png 342w, https:\/\/seal.transport-manager.net\/test\/wp-content\/uploads\/sites\/86\/2021\/08\/GeneratePress-2-3-274x300.png 274w\" sizes=\"auto, (max-width: 342px) 100vw, 342px\" \/><figcaption>Personnalisation des\u00a0<strong>Menus &amp; Emplacements<\/strong><\/figcaption><\/figure><\/div>\n\n\n\n<div class=\"wp-block-image\"><figure class=\"aligncenter size-large\"><img loading=\"lazy\" decoding=\"async\" width=\"345\" height=\"617\" src=\"https:\/\/seal.transport-manager.net\/test\/wp-content\/uploads\/sites\/86\/2021\/08\/GeneratePress-3-2.png\" alt=\"\" class=\"wp-image-912\" srcset=\"https:\/\/seal.transport-manager.net\/test\/wp-content\/uploads\/sites\/86\/2021\/08\/GeneratePress-3-2.png 345w, https:\/\/seal.transport-manager.net\/test\/wp-content\/uploads\/sites\/86\/2021\/08\/GeneratePress-3-2-168x300.png 168w\" sizes=\"auto, (max-width: 345px) 100vw, 345px\" \/><figcaption>Personnalisation des\u00a0<strong>Widgets<\/strong><\/figcaption><\/figure><\/div>\n\n\n\n<div class=\"wp-block-image\"><figure class=\"aligncenter size-large\"><img loading=\"lazy\" decoding=\"async\" width=\"344\" height=\"326\" src=\"https:\/\/seal.transport-manager.net\/test\/wp-content\/uploads\/sites\/86\/2021\/08\/GeneratePress-4-1.png\" alt=\"\" class=\"wp-image-913\" srcset=\"https:\/\/seal.transport-manager.net\/test\/wp-content\/uploads\/sites\/86\/2021\/08\/GeneratePress-4-1.png 344w, https:\/\/seal.transport-manager.net\/test\/wp-content\/uploads\/sites\/86\/2021\/08\/GeneratePress-4-1-300x284.png 300w\" sizes=\"auto, (max-width: 344px) 100vw, 344px\" \/><figcaption><strong>R\u00e9glages de la page d\u2019accueil<\/strong><\/figcaption><\/figure><\/div>\n","protected":false},"excerpt":{"rendered":"<p>Th\u00e8me par Tom Usborne GeneratePress est un th\u00e8me WordPress l\u00e9ger construit avec un accent mis sur la rapidit\u00e9 et la convivialit\u00e9. Les performances sont importantes pour nous. C\u2019est pourquoi une &#8230; <a title=\"GeneratePress\" class=\"read-more\" href=\"https:\/\/seal.transport-manager.net\/test\/generatepress\/\" aria-label=\"En savoir plus sur GeneratePress\">Lire la suite<\/a><\/p>\n","protected":false},"author":140,"featured_media":0,"parent":0,"menu_order":0,"comment_status":"open","ping_status":"closed","template":"","meta":{"_EventAllDay":false,"_EventTimezone":"","_EventStartDate":"","_EventEndDate":"","_EventStartDateUTC":"","_EventEndDateUTC":"","_EventShowMap":false,"_EventShowMapLink":false,"_EventURL":"","_EventCost":"","_EventCostDescription":"","_EventCurrencySymbol":"","_EventCurrencyCode":"","_EventCurrencyPosition":"","_EventDateTimeSeparator":"","_EventTimeRangeSeparator":"","_EventOrganizerID":[],"_EventVenueID":[],"_OrganizerEmail":"","_OrganizerPhone":"","_OrganizerWebsite":"","_VenueAddress":"","_VenueCity":"","_VenueCountry":"","_VenueProvince":"","_VenueState":"","_VenueZip":"","_VenuePhone":"","_VenueURL":"","_VenueStateProvince":"","_VenueLat":"","_VenueLng":"","_VenueShowMap":false,"_VenueShowMapLink":false,"footnotes":""},"class_list":["post-896","page","type-page","status-publish"],"_links":{"self":[{"href":"https:\/\/seal.transport-manager.net\/test\/wp-json\/wp\/v2\/pages\/896","targetHints":{"allow":["GET"]}}],"collection":[{"href":"https:\/\/seal.transport-manager.net\/test\/wp-json\/wp\/v2\/pages"}],"about":[{"href":"https:\/\/seal.transport-manager.net\/test\/wp-json\/wp\/v2\/types\/page"}],"author":[{"embeddable":true,"href":"https:\/\/seal.transport-manager.net\/test\/wp-json\/wp\/v2\/users\/140"}],"replies":[{"embeddable":true,"href":"https:\/\/seal.transport-manager.net\/test\/wp-json\/wp\/v2\/comments?post=896"}],"version-history":[{"count":1,"href":"https:\/\/seal.transport-manager.net\/test\/wp-json\/wp\/v2\/pages\/896\/revisions"}],"predecessor-version":[{"id":914,"href":"https:\/\/seal.transport-manager.net\/test\/wp-json\/wp\/v2\/pages\/896\/revisions\/914"}],"wp:attachment":[{"href":"https:\/\/seal.transport-manager.net\/test\/wp-json\/wp\/v2\/media?parent=896"}],"curies":[{"name":"wp","href":"https:\/\/api.w.org\/{rel}","templated":true}]}}