{"id":107,"date":"2022-05-04T13:36:47","date_gmt":"2022-05-04T11:36:47","guid":{"rendered":"https:\/\/seal.transport-manager.net\/thom1776\/?page_id=107"},"modified":"2022-05-12T18:00:24","modified_gmt":"2022-05-12T16:00:24","slug":"les-tarifs","status":"publish","type":"page","link":"https:\/\/seal.transport-manager.net\/thom1776\/les-tarifs\/","title":{"rendered":"NOS TARIFS"},"content":{"rendered":"\n<p class=\"has-text-color has-medium-font-size\" style=\"color:#e71b1b\"><em>L&rsquo;entreprise <strong>TRANS NET <\/strong>propose \u00e0 ses voyageurs deux titres de transport :<\/em><\/p>\n\n\n\n<p class=\"has-background-color-color has-text-color has-medium-font-size\"><em>Le <strong>Pass&rsquo;Heure<\/strong> :  Pass valable une heure avec seulement 10 renouvellements possible en plus des correspondances.<\/em><\/p>\n\n\n\n<p class=\"has-text-color has-medium-font-size\" style=\"color:#3b8d18\"><em>Le <strong>Pass 24 Heures<\/strong>  : Pass valable toute la journ\u00e9e avec un renouvellement payant illimit\u00e9  <\/em><\/p>\n\n\n\n<div class=\"wp-block-group\"><div class=\"wp-block-group__inner-container is-layout-flow wp-block-group-is-layout-flow\">\n<div class=\"wp-block-columns is-layout-flex wp-container-core-columns-is-layout-28f84493 wp-block-columns-is-layout-flex\">\n<div class=\"wp-block-column is-layout-flow wp-block-column-is-layout-flow\" style=\"flex-basis:50%\">\n<div class=\"wp-block-columns is-layout-flex wp-container-core-columns-is-layout-28f84493 wp-block-columns-is-layout-flex\">\n<div class=\"wp-block-column is-vertically-aligned-top is-layout-flow wp-block-column-is-layout-flow\" style=\"flex-basis:100%\">\n<figure class=\"wp-block-table alignleft is-style-stripes\" style=\"font-size:30px\"><table><tbody><tr><td class=\"has-text-align-left\" data-align=\"left\"><strong>PASS<\/strong><\/td><td><\/td><td><\/td><td><\/td><\/tr><tr><td class=\"has-text-align-left\" data-align=\"left\">Pass&rsquo;Heure<\/td><td><\/td><td><\/td><td>1,60\u20ac<\/td><\/tr><tr><td class=\"has-text-align-left\" data-align=\"left\">Pass 24 Heures<\/td><td><\/td><td><\/td><td>4,80\u20ac<\/td><\/tr><\/tbody><\/table><\/figure>\n<\/div>\n<\/div>\n<\/div>\n\n\n\n<div class=\"wp-block-column is-layout-flow wp-block-column-is-layout-flow\" style=\"flex-basis:50%\">\n<figure class=\"wp-block-image size-large\"><img loading=\"lazy\" decoding=\"async\" width=\"1024\" height=\"660\" src=\"https:\/\/seal.transport-manager.net\/thom1776\/wp-content\/uploads\/sites\/216\/2022\/05\/Reseau-2-1024x660.png\" alt=\"\" class=\"wp-image-112\" srcset=\"https:\/\/seal.transport-manager.net\/thom1776\/wp-content\/uploads\/sites\/216\/2022\/05\/Reseau-2-1024x660.png 1024w, https:\/\/seal.transport-manager.net\/thom1776\/wp-content\/uploads\/sites\/216\/2022\/05\/Reseau-2-300x193.png 300w, https:\/\/seal.transport-manager.net\/thom1776\/wp-content\/uploads\/sites\/216\/2022\/05\/Reseau-2-768x495.png 768w, https:\/\/seal.transport-manager.net\/thom1776\/wp-content\/uploads\/sites\/216\/2022\/05\/Reseau-2-1536x990.png 1536w, https:\/\/seal.transport-manager.net\/thom1776\/wp-content\/uploads\/sites\/216\/2022\/05\/Reseau-2-2048x1320.png 2048w\" sizes=\"auto, (max-width: 1024px) 100vw, 1024px\" \/><\/figure>\n<\/div>\n<\/div>\n<\/div><\/div>\n\n\n\n<div class=\"wp-block-columns is-layout-flex wp-container-core-columns-is-layout-28f84493 wp-block-columns-is-layout-flex\">\n<div class=\"wp-block-column is-layout-flow wp-block-column-is-layout-flow\" style=\"flex-basis:100%\">\n<div class=\"wp-block-columns alignwide is-layout-flex wp-container-core-columns-is-layout-28f84493 wp-block-columns-is-layout-flex\">\n<div class=\"wp-block-column is-vertically-aligned-top is-layout-flow wp-block-column-is-layout-flow\" style=\"flex-basis:100%\">\n<div class=\"wp-block-image\"><figure class=\"alignleft size-full is-resized\"><img loading=\"lazy\" decoding=\"async\" src=\"https:\/\/seal.transport-manager.net\/thom1776\/wp-content\/uploads\/sites\/216\/2022\/05\/pass-1.png\" alt=\"\" class=\"wp-image-192\" width=\"332\" height=\"159\" srcset=\"https:\/\/seal.transport-manager.net\/thom1776\/wp-content\/uploads\/sites\/216\/2022\/05\/pass-1.png 759w, https:\/\/seal.transport-manager.net\/thom1776\/wp-content\/uploads\/sites\/216\/2022\/05\/pass-1-300x143.png 300w\" sizes=\"auto, (max-width: 332px) 100vw, 332px\" \/><\/figure><\/div>\n<\/div>\n\n\n\n<div class=\"wp-block-column is-vertically-aligned-top is-layout-flow wp-block-column-is-layout-flow\" style=\"flex-basis:100%\">\n<div class=\"wp-block-image\"><figure class=\"alignleft size-full is-resized\"><img loading=\"lazy\" decoding=\"async\" src=\"https:\/\/seal.transport-manager.net\/thom1776\/wp-content\/uploads\/sites\/216\/2022\/05\/Pass-2.png\" alt=\"\" class=\"wp-image-194\" width=\"333\" height=\"158\" srcset=\"https:\/\/seal.transport-manager.net\/thom1776\/wp-content\/uploads\/sites\/216\/2022\/05\/Pass-2.png 759w, https:\/\/seal.transport-manager.net\/thom1776\/wp-content\/uploads\/sites\/216\/2022\/05\/Pass-2-300x143.png 300w\" sizes=\"auto, (max-width: 333px) 100vw, 333px\" \/><\/figure><\/div>\n<\/div>\n<\/div>\n<\/div>\n<\/div>\n\n\n\n<p class=\"has-small-font-size\"><em>Les deux pass sont en vente au Si\u00e8ge Social de TRANS NET, 25 Rue Delcour, Praville par inscription mais ils peuvent \u00e9galement \u00eatre vendu directement aux voyageurs dans les bus.<\/em><\/p>\n","protected":false},"excerpt":{"rendered":"<p>L&rsquo;entreprise TRANS NET propose \u00e0 ses voyageurs deux titres de transport : Le Pass&rsquo;Heure : Pass valable une heure avec seulement 10 renouvellements possible en plus des correspondances. Le Pass 24 Heures : Pass valable toute la journ\u00e9e avec un renouvellement payant illimit\u00e9 PASS Pass&rsquo;Heure 1,60\u20ac Pass 24 Heures 4,80\u20ac [&hellip;]<\/p>\n","protected":false},"author":239,"featured_media":0,"parent":0,"menu_order":0,"comment_status":"closed","ping_status":"closed","template":"","meta":{"footnotes":""},"class_list":["post-107","page","type-page","status-publish","hentry"],"_links":{"self":[{"href":"https:\/\/seal.transport-manager.net\/thom1776\/wp-json\/wp\/v2\/pages\/107","targetHints":{"allow":["GET"]}}],"collection":[{"href":"https:\/\/seal.transport-manager.net\/thom1776\/wp-json\/wp\/v2\/pages"}],"about":[{"href":"https:\/\/seal.transport-manager.net\/thom1776\/wp-json\/wp\/v2\/types\/page"}],"author":[{"embeddable":true,"href":"https:\/\/seal.transport-manager.net\/thom1776\/wp-json\/wp\/v2\/users\/239"}],"replies":[{"embeddable":true,"href":"https:\/\/seal.transport-manager.net\/thom1776\/wp-json\/wp\/v2\/comments?post=107"}],"version-history":[{"count":8,"href":"https:\/\/seal.transport-manager.net\/thom1776\/wp-json\/wp\/v2\/pages\/107\/revisions"}],"predecessor-version":[{"id":255,"href":"https:\/\/seal.transport-manager.net\/thom1776\/wp-json\/wp\/v2\/pages\/107\/revisions\/255"}],"wp:attachment":[{"href":"https:\/\/seal.transport-manager.net\/thom1776\/wp-json\/wp\/v2\/media?parent=107"}],"curies":[{"name":"wp","href":"https:\/\/api.w.org\/{rel}","templated":true}]}}