{"id":221,"date":"2022-05-09T20:29:00","date_gmt":"2022-05-09T18:29:00","guid":{"rendered":"https:\/\/seal.transport-manager.net\/thom1776\/?page_id=221"},"modified":"2022-06-10T11:26:16","modified_gmt":"2022-06-10T09:26:16","slug":"info-trafic-actualites","status":"publish","type":"page","link":"https:\/\/seal.transport-manager.net\/thom1776\/info-trafic-actualites\/","title":{"rendered":"INFO TRAFIC &amp; ACTUALIT\u00c9S"},"content":{"rendered":"\n<p class=\"has-text-align-center has-medium-font-size\"><strong><em>D\u00e9couvrez ici en temps r\u00e9el l&rsquo;Info Traffic et l&rsquo;actualit\u00e9 sur le R\u00e9seau TRANS NET<\/em><\/strong><\/p>\n\n\n\n<p class=\"has-text-align-center has-large-font-size\"><strong>CHANGEMENT D&rsquo;HORAIRE<\/strong><\/p>\n\n\n\n<p class=\"has-medium-font-size\"><em>Cher Voyageurs,<\/em><\/p>\n\n\n\n<p class=\"has-medium-font-size\"><em>\u00c0 partir du 21 juin 2022, les p\u00e9riodes horaires sauf celle du Dimanche passeront en Horaire d&rsquo;\u00e9t\u00e9<\/em>.<\/p>\n\n\n\n<p class=\"has-medium-font-size\">Merci de votre attention<em>.<\/em><\/p>\n\n\n\n<p class=\"has-text-align-right has-small-font-size\"><em>Mise en ligne le 10 juin 2022<\/em><\/p>\n\n\n\n<p class=\"has-text-align-center has-large-font-size\"><strong>JOURN\u00c9E SP\u00c9CIALE DIT HEURES SP\u00c9CIALES<\/strong><\/p>\n\n\n\n<p class=\"has-medium-font-size\"><em>En raison de la journ\u00e9e sans voiture du <strong>15 Mai<\/strong>, les heures du Dimanche des quatre lignes principales vont changer exceptionnellement aux heures habituelles.<\/em><\/p>\n\n\n\n<figure class=\"wp-block-table aligncenter is-style-stripes has-medium-font-size\"><table><tbody><tr><td class=\"has-text-align-center\" data-align=\"center\"><em><strong>LIGNES 1, 2, 3 &amp; 4<\/strong> <br><strong>JOURN\u00c9E SANS VOITURE DU 15 MAI<\/strong><\/em><\/td><\/tr><tr><td class=\"has-text-align-center\" data-align=\"center\"><strong>HEURES DU DIMANCHE<\/strong><\/td><\/tr><tr><td class=\"has-text-align-center\" data-align=\"center\">9h \u2013 21h<\/td><\/tr><\/tbody><\/table><\/figure>\n\n\n\n<p class=\"has-text-align-right has-small-font-size\"><em>Mis en ligne le 13 mai<\/em> 2022<\/p>\n\n\n<div class=\"aligncenter wp-block-site-logo\"><a href=\"https:\/\/seal.transport-manager.net\/thom1776\/\" class=\"custom-logo-link\" rel=\"home\"><img loading=\"lazy\" decoding=\"async\" width=\"63\" height=\"47\" src=\"https:\/\/seal.transport-manager.net\/thom1776\/wp-content\/uploads\/sites\/216\/2022\/05\/cropped-Trans-Net-logo-2.png\" class=\"custom-logo\" alt=\"TRANSNET\" \/><\/a><\/div>\n\n\n<p class=\"has-text-align-center has-text-color has-large-font-size\" style=\"color:#e01414\"><strong>JOURN\u00c9E EXCEPTIONNELLE <\/strong><\/p>\n\n\n\n<p class=\"has-background-color-color has-text-color has-medium-font-size\"><em>Le <strong>dimanche 15 Mai 2022<\/strong>, tout v\u00e9hicules \u00e0 moteur seront interdit pendant cette journ\u00e9e dans toute l&rsquo;agglom\u00e9ration de Praville \u00e0 l&rsquo;exception des v\u00e9hicules d&rsquo;urgence et des taxis . <\/em><\/p>\n\n\n\n<p class=\"has-background-color-color has-text-color has-medium-font-size\"><em>Par cons\u00e9quent,<\/em> <em>tous les bus des lignes de l&rsquo;agglom\u00e9ration seront gratuits pendant toute cette journ\u00e9e pour tous voyageurs.<\/em><\/p>\n\n\n\n<p class=\"has-text-align-right has-background-color-color has-text-color has-medium-font-size\">Merci de votre attention.<\/p>\n\n\n\n<p class=\"has-text-color has-medium-font-size\" style=\"color:#2d6a0b\">Entreprise <strong>TRANS NET<\/strong><\/p>\n\n\n\n<p class=\"has-text-align-right has-small-font-size\"><em>Mis en ligne le 09 mai 2022<\/em><\/p>\n\n\n<div class=\"aligncenter wp-block-site-logo\"><a href=\"https:\/\/seal.transport-manager.net\/thom1776\/\" class=\"custom-logo-link\" rel=\"home\"><img loading=\"lazy\" decoding=\"async\" width=\"63\" height=\"47\" src=\"https:\/\/seal.transport-manager.net\/thom1776\/wp-content\/uploads\/sites\/216\/2022\/05\/cropped-Trans-Net-logo-2.png\" class=\"custom-logo\" alt=\"TRANSNET\" \/><\/a><\/div>\n\n","protected":false},"excerpt":{"rendered":"<p>D\u00e9couvrez ici en temps r\u00e9el l&rsquo;Info Traffic et l&rsquo;actualit\u00e9 sur le R\u00e9seau TRANS NET CHANGEMENT D&rsquo;HORAIRE Cher Voyageurs, \u00c0 partir du 21 juin 2022, les p\u00e9riodes horaires sauf celle du Dimanche passeront en Horaire d&rsquo;\u00e9t\u00e9. Merci de votre attention. Mise en ligne le 10 juin 2022 JOURN\u00c9E SP\u00c9CIALE DIT HEURES [&hellip;]<\/p>\n","protected":false},"author":239,"featured_media":0,"parent":0,"menu_order":0,"comment_status":"closed","ping_status":"closed","template":"","meta":{"footnotes":""},"class_list":["post-221","page","type-page","status-publish","hentry"],"_links":{"self":[{"href":"https:\/\/seal.transport-manager.net\/thom1776\/wp-json\/wp\/v2\/pages\/221","targetHints":{"allow":["GET"]}}],"collection":[{"href":"https:\/\/seal.transport-manager.net\/thom1776\/wp-json\/wp\/v2\/pages"}],"about":[{"href":"https:\/\/seal.transport-manager.net\/thom1776\/wp-json\/wp\/v2\/types\/page"}],"author":[{"embeddable":true,"href":"https:\/\/seal.transport-manager.net\/thom1776\/wp-json\/wp\/v2\/users\/239"}],"replies":[{"embeddable":true,"href":"https:\/\/seal.transport-manager.net\/thom1776\/wp-json\/wp\/v2\/comments?post=221"}],"version-history":[{"count":18,"href":"https:\/\/seal.transport-manager.net\/thom1776\/wp-json\/wp\/v2\/pages\/221\/revisions"}],"predecessor-version":[{"id":291,"href":"https:\/\/seal.transport-manager.net\/thom1776\/wp-json\/wp\/v2\/pages\/221\/revisions\/291"}],"wp:attachment":[{"href":"https:\/\/seal.transport-manager.net\/thom1776\/wp-json\/wp\/v2\/media?parent=221"}],"curies":[{"name":"wp","href":"https:\/\/api.w.org\/{rel}","templated":true}]}}