{"id":63,"date":"2022-05-04T00:59:03","date_gmt":"2022-05-03T22:59:03","guid":{"rendered":"https:\/\/seal.transport-manager.net\/thom1776\/?page_id=63"},"modified":"2022-06-17T00:25:04","modified_gmt":"2022-06-16T22:25:04","slug":"les-lignes","status":"publish","type":"page","link":"https:\/\/seal.transport-manager.net\/thom1776\/les-lignes\/","title":{"rendered":"LES LIGNES PRINCIPALES"},"content":{"rendered":"\n<figure class=\"wp-block-image size-large\"><img loading=\"lazy\" decoding=\"async\" width=\"1024\" height=\"246\" src=\"https:\/\/seal.transport-manager.net\/thom1776\/wp-content\/uploads\/sites\/216\/2022\/05\/L1-1024x246.png\" alt=\"\" class=\"wp-image-51\" srcset=\"https:\/\/seal.transport-manager.net\/thom1776\/wp-content\/uploads\/sites\/216\/2022\/05\/L1-1024x246.png 1024w, https:\/\/seal.transport-manager.net\/thom1776\/wp-content\/uploads\/sites\/216\/2022\/05\/L1-300x72.png 300w, https:\/\/seal.transport-manager.net\/thom1776\/wp-content\/uploads\/sites\/216\/2022\/05\/L1-768x184.png 768w, https:\/\/seal.transport-manager.net\/thom1776\/wp-content\/uploads\/sites\/216\/2022\/05\/L1-1536x369.png 1536w, https:\/\/seal.transport-manager.net\/thom1776\/wp-content\/uploads\/sites\/216\/2022\/05\/L1.png 1907w\" sizes=\"auto, (max-width: 1024px) 100vw, 1024px\" \/><figcaption><strong>LIGNE 1 : CAMPUS ALAN TURING &lt;&gt; GARE CENTRALE<\/strong><\/figcaption><\/figure>\n\n\n\n<p class=\"has-medium-font-size\"><strong>ARR\u00caTS<\/strong><\/p>\n\n\n\n<ul class=\"has-medium-font-size wp-block-list\"><li><strong>CAMPUS ALAN TURING<\/strong><\/li><li>LE PRA<\/li><li>CLININQUE SAINTE MARIE<\/li><li>H\u00d4TEL DE R\u00c9GION<\/li><li>SAINTE MARIE<\/li><li>H\u00d4TEL DE VILLE<\/li><li>LA RIVI\u00c8RE<\/li><li>MARQUAND<\/li><li><strong>GARE CENTRALE<\/strong><\/li><\/ul>\n\n\n\n<figure class=\"wp-block-image size-large\"><img loading=\"lazy\" decoding=\"async\" width=\"1024\" height=\"253\" src=\"https:\/\/seal.transport-manager.net\/thom1776\/wp-content\/uploads\/sites\/216\/2022\/05\/L2-1024x253.png\" alt=\"\" class=\"wp-image-52\" srcset=\"https:\/\/seal.transport-manager.net\/thom1776\/wp-content\/uploads\/sites\/216\/2022\/05\/L2-1024x253.png 1024w, https:\/\/seal.transport-manager.net\/thom1776\/wp-content\/uploads\/sites\/216\/2022\/05\/L2-300x74.png 300w, https:\/\/seal.transport-manager.net\/thom1776\/wp-content\/uploads\/sites\/216\/2022\/05\/L2-768x190.png 768w, https:\/\/seal.transport-manager.net\/thom1776\/wp-content\/uploads\/sites\/216\/2022\/05\/L2-1536x379.png 1536w, https:\/\/seal.transport-manager.net\/thom1776\/wp-content\/uploads\/sites\/216\/2022\/05\/L2.png 1896w\" sizes=\"auto, (max-width: 1024px) 100vw, 1024px\" \/><figcaption><strong>LIGNE 2 : A\u00c9ROPORT &lt;&gt; GARE CENTRALE<\/strong><\/figcaption><\/figure>\n\n\n\n<p class=\"has-medium-font-size\"><strong>ARR\u00caTS<\/strong><\/p>\n\n\n\n<ul class=\"has-medium-font-size wp-block-list\"><li><strong>A\u00c9ROPORT<\/strong><\/li><li>CENTRE COMMERCIAL IRIS<\/li><li>POINCARR\u00c9<\/li><li>VICTOIRE-DELCOUR<\/li><li>H\u00d4TEL DE POLICE<\/li><li>PLACE DE L&rsquo;EUROPE<\/li><li>MAR\u00c9CHAL JUIN<\/li><li>COLL\u00c8GE VICTOR HUGO<\/li><li>PALAIS DES BEAUX-ARTS<\/li><li>PLACE DES CORRESPONDANCES<\/li><li><strong>GARE CENTRALE<\/strong><\/li><\/ul>\n\n\n\n<figure class=\"wp-block-image size-large\"><img loading=\"lazy\" decoding=\"async\" width=\"1024\" height=\"260\" src=\"https:\/\/seal.transport-manager.net\/thom1776\/wp-content\/uploads\/sites\/216\/2022\/05\/L3-1024x260.png\" alt=\"\" class=\"wp-image-53\" srcset=\"https:\/\/seal.transport-manager.net\/thom1776\/wp-content\/uploads\/sites\/216\/2022\/05\/L3-1024x260.png 1024w, https:\/\/seal.transport-manager.net\/thom1776\/wp-content\/uploads\/sites\/216\/2022\/05\/L3-300x76.png 300w, https:\/\/seal.transport-manager.net\/thom1776\/wp-content\/uploads\/sites\/216\/2022\/05\/L3-768x195.png 768w, https:\/\/seal.transport-manager.net\/thom1776\/wp-content\/uploads\/sites\/216\/2022\/05\/L3-1536x390.png 1536w, https:\/\/seal.transport-manager.net\/thom1776\/wp-content\/uploads\/sites\/216\/2022\/05\/L3.png 1922w\" sizes=\"auto, (max-width: 1024px) 100vw, 1024px\" \/><figcaption><strong>LIGNE 3 : GARE CENTRALE &lt;&gt; CAMPUS MARTHE GAUTHIER<\/strong><\/figcaption><\/figure>\n\n\n\n<p class=\"has-medium-font-size\"><strong>ARR\u00caTS<\/strong><\/p>\n\n\n\n<ul class=\"has-medium-font-size wp-block-list\"><li><strong>GARE CENTRALE<\/strong><\/li><li>PLACE DES CORRESPONDANCES<\/li><li>PALAIS DES BEAUX-ARTS<\/li><li>DELCOUR<\/li><li>KENNEDY<\/li><li>LYC\u00c9E CAROLINE HERSCHEL<\/li><li>PARC JOLIMONT<\/li><li>CHRU MARTHE GAUTHIER<\/li><li><strong>CAMPUS MARTHE GAUTHIER<\/strong><\/li><\/ul>\n\n\n\n<figure class=\"wp-block-image size-large\"><img loading=\"lazy\" decoding=\"async\" width=\"1024\" height=\"257\" src=\"https:\/\/seal.transport-manager.net\/thom1776\/wp-content\/uploads\/sites\/216\/2022\/05\/L4-1024x257.png\" alt=\"\" class=\"wp-image-54\" srcset=\"https:\/\/seal.transport-manager.net\/thom1776\/wp-content\/uploads\/sites\/216\/2022\/05\/L4-1024x257.png 1024w, https:\/\/seal.transport-manager.net\/thom1776\/wp-content\/uploads\/sites\/216\/2022\/05\/L4-300x75.png 300w, https:\/\/seal.transport-manager.net\/thom1776\/wp-content\/uploads\/sites\/216\/2022\/05\/L4-768x193.png 768w, https:\/\/seal.transport-manager.net\/thom1776\/wp-content\/uploads\/sites\/216\/2022\/05\/L4-1536x386.png 1536w, https:\/\/seal.transport-manager.net\/thom1776\/wp-content\/uploads\/sites\/216\/2022\/05\/L4.png 1912w\" sizes=\"auto, (max-width: 1024px) 100vw, 1024px\" \/><figcaption><strong>LIGNE 4 : GARE CENTRALE &lt;&gt; GARE DE L&rsquo;EST<\/strong><\/figcaption><\/figure>\n\n\n\n<p class=\"has-medium-font-size\"><strong>ARR\u00caTS<\/strong><\/p>\n\n\n\n<ul class=\"has-medium-font-size wp-block-list\"><li><strong>GARE CENTRALE<\/strong><\/li><li>PRAVILLE-BOURG<\/li><li>CENTRE COMMERCIAL TULIPE<\/li><li>SAINTE EULALIE<\/li><li>14 JUILLET<\/li><li>LES 3 \u00c9GLISES<\/li><li>BEAUMONT<\/li><li>ADOUR<\/li><li>CLINIQUE SAINT PAUL<\/li><li>LA ROCHE<\/li><li>CENTRE R\u00c9GIONAL DE TRANSPORT EST<\/li><li>SAINT-DIDIER-DE-PRAVILLE<\/li><li>GARE ROUTI\u00c8RE<\/li><li><strong>GARE DE L&rsquo;EST<\/strong><\/li><\/ul>\n\n\n\n<div class=\"wp-block-buttons is-content-justification-center is-layout-flex wp-container-core-buttons-is-layout-a89b3969 wp-block-buttons-is-layout-flex\">\n<div class=\"wp-block-button is-style-fill\"><a class=\"wp-block-button__link\" href=\"https:\/\/seal.transport-manager.net\/thom1776\/horaires\/\">HORAIRES<\/a><\/div>\n\n\n\n<div class=\"wp-block-button is-style-fill\"><a class=\"wp-block-button__link\" href=\"https:\/\/seal.transport-manager.net\/thom1776\/\">RETOUR \u00c0 L&rsquo;ACCUEIL<\/a><\/div>\n<\/div>\n","protected":false},"excerpt":{"rendered":"<p>ARR\u00caTS CAMPUS ALAN TURING LE PRA CLININQUE SAINTE MARIE H\u00d4TEL DE R\u00c9GION SAINTE MARIE H\u00d4TEL DE VILLE LA RIVI\u00c8RE MARQUAND GARE CENTRALE ARR\u00caTS A\u00c9ROPORT CENTRE COMMERCIAL IRIS POINCARR\u00c9 VICTOIRE-DELCOUR H\u00d4TEL DE POLICE PLACE DE L&rsquo;EUROPE MAR\u00c9CHAL JUIN COLL\u00c8GE VICTOR HUGO PALAIS DES BEAUX-ARTS PLACE DES CORRESPONDANCES GARE CENTRALE ARR\u00caTS GARE [&hellip;]<\/p>\n","protected":false},"author":239,"featured_media":0,"parent":0,"menu_order":0,"comment_status":"closed","ping_status":"closed","template":"","meta":{"footnotes":""},"class_list":["post-63","page","type-page","status-publish","hentry"],"_links":{"self":[{"href":"https:\/\/seal.transport-manager.net\/thom1776\/wp-json\/wp\/v2\/pages\/63","targetHints":{"allow":["GET"]}}],"collection":[{"href":"https:\/\/seal.transport-manager.net\/thom1776\/wp-json\/wp\/v2\/pages"}],"about":[{"href":"https:\/\/seal.transport-manager.net\/thom1776\/wp-json\/wp\/v2\/types\/page"}],"author":[{"embeddable":true,"href":"https:\/\/seal.transport-manager.net\/thom1776\/wp-json\/wp\/v2\/users\/239"}],"replies":[{"embeddable":true,"href":"https:\/\/seal.transport-manager.net\/thom1776\/wp-json\/wp\/v2\/comments?post=63"}],"version-history":[{"count":8,"href":"https:\/\/seal.transport-manager.net\/thom1776\/wp-json\/wp\/v2\/pages\/63\/revisions"}],"predecessor-version":[{"id":259,"href":"https:\/\/seal.transport-manager.net\/thom1776\/wp-json\/wp\/v2\/pages\/63\/revisions\/259"}],"wp:attachment":[{"href":"https:\/\/seal.transport-manager.net\/thom1776\/wp-json\/wp\/v2\/media?parent=63"}],"curies":[{"name":"wp","href":"https:\/\/api.w.org\/{rel}","templated":true}]}}