{"id":86,"date":"2022-05-04T10:40:26","date_gmt":"2022-05-04T08:40:26","guid":{"rendered":"https:\/\/seal.transport-manager.net\/thom1776\/?page_id=86"},"modified":"2022-06-17T00:32:33","modified_gmt":"2022-06-16T22:32:33","slug":"lignes-secondaires","status":"publish","type":"page","link":"https:\/\/seal.transport-manager.net\/thom1776\/lignes-secondaires\/","title":{"rendered":"LES LIGNES SECONDAIRES &amp; SP\u00c9CIALES"},"content":{"rendered":"\n<p><\/p>\n\n\n\n<figure class=\"wp-block-image size-large\"><img loading=\"lazy\" decoding=\"async\" width=\"1024\" height=\"303\" src=\"https:\/\/seal.transport-manager.net\/thom1776\/wp-content\/uploads\/sites\/216\/2022\/06\/ligne-999-1024x303.png\" alt=\"\" class=\"wp-image-300\" srcset=\"https:\/\/seal.transport-manager.net\/thom1776\/wp-content\/uploads\/sites\/216\/2022\/06\/ligne-999-1024x303.png 1024w, https:\/\/seal.transport-manager.net\/thom1776\/wp-content\/uploads\/sites\/216\/2022\/06\/ligne-999-300x89.png 300w, https:\/\/seal.transport-manager.net\/thom1776\/wp-content\/uploads\/sites\/216\/2022\/06\/ligne-999-768x227.png 768w, https:\/\/seal.transport-manager.net\/thom1776\/wp-content\/uploads\/sites\/216\/2022\/06\/ligne-999-1536x454.png 1536w, https:\/\/seal.transport-manager.net\/thom1776\/wp-content\/uploads\/sites\/216\/2022\/06\/ligne-999.png 1981w\" sizes=\"auto, (max-width: 1024px) 100vw, 1024px\" \/><figcaption><strong>LIGNE 999 CANO\u00c9AU : CANO\u00cb D\u00c9PART &lt;&gt; CANO\u00cb ARRIV\u00c9E<\/strong><\/figcaption><\/figure>\n\n\n\n<p><strong>ARR\u00caTS<\/strong><\/p>\n\n\n\n<ul class=\"wp-block-list\"><li><strong>CANO\u00cb D\u00c9PART<\/strong><\/li><li>GARE DE L&rsquo;OUEST<\/li><li>GARE CENTRALE <\/li><li><strong>CANO\u00cb ARRIV\u00c9E<\/strong><\/li><\/ul>\n\n\n\n<div class=\"wp-block-buttons is-content-justification-center is-layout-flex wp-container-core-buttons-is-layout-a89b3969 wp-block-buttons-is-layout-flex\">\n<div class=\"wp-block-button is-style-fill\"><a class=\"wp-block-button__link\" href=\"https:\/\/seal.transport-manager.net\/thom1776\/horaires\/\">HORAIRES<\/a><\/div>\n\n\n\n<div class=\"wp-block-button is-style-fill\"><a class=\"wp-block-button__link\" href=\"https:\/\/seal.transport-manager.net\/thom1776\/\">RETOUR \u00c0 L&rsquo;ACCUEIL<\/a><\/div>\n<\/div>\n","protected":false},"excerpt":{"rendered":"<p>ARR\u00caTS CANO\u00cb D\u00c9PART GARE DE L&rsquo;OUEST GARE CENTRALE CANO\u00cb ARRIV\u00c9E<\/p>\n","protected":false},"author":239,"featured_media":0,"parent":0,"menu_order":0,"comment_status":"closed","ping_status":"closed","template":"","meta":{"footnotes":""},"class_list":["post-86","page","type-page","status-publish","hentry"],"_links":{"self":[{"href":"https:\/\/seal.transport-manager.net\/thom1776\/wp-json\/wp\/v2\/pages\/86","targetHints":{"allow":["GET"]}}],"collection":[{"href":"https:\/\/seal.transport-manager.net\/thom1776\/wp-json\/wp\/v2\/pages"}],"about":[{"href":"https:\/\/seal.transport-manager.net\/thom1776\/wp-json\/wp\/v2\/types\/page"}],"author":[{"embeddable":true,"href":"https:\/\/seal.transport-manager.net\/thom1776\/wp-json\/wp\/v2\/users\/239"}],"replies":[{"embeddable":true,"href":"https:\/\/seal.transport-manager.net\/thom1776\/wp-json\/wp\/v2\/comments?post=86"}],"version-history":[{"count":9,"href":"https:\/\/seal.transport-manager.net\/thom1776\/wp-json\/wp\/v2\/pages\/86\/revisions"}],"predecessor-version":[{"id":304,"href":"https:\/\/seal.transport-manager.net\/thom1776\/wp-json\/wp\/v2\/pages\/86\/revisions\/304"}],"wp:attachment":[{"href":"https:\/\/seal.transport-manager.net\/thom1776\/wp-json\/wp\/v2\/media?parent=86"}],"curies":[{"name":"wp","href":"https:\/\/api.w.org\/{rel}","templated":true}]}}