{"id":1055,"date":"2024-10-29T14:25:43","date_gmt":"2024-10-29T13:25:43","guid":{"rendered":"https:\/\/seal.transport-manager.net\/thomas711\/?page_id=1055"},"modified":"2026-03-15T11:32:57","modified_gmt":"2026-03-15T10:32:57","slug":"ligne-1","status":"publish","type":"page","link":"https:\/\/seal.transport-manager.net\/thomas711\/les-lignes\/ligne-1\/","title":{"rendered":"Ligne 1"},"content":{"rendered":"\n<p class=\"has-text-align-center has-vivid-red-color has-text-color has-link-color has-x-large-font-size wp-elements-6e4b8707facb679a17c589af52c5a123\"><strong>Ligne T1 A\u00e9roport &lt;&gt; Clinique Saint Paul <\/strong><\/p>\n\n\n\n<p class=\"has-text-align-center has-vivid-red-color has-text-color has-link-color has-large-font-size wp-elements-386dd48741330bc5bbb5de9d62220c71\"><strong>via Palais des beaux-Arts et place de l&rsquo;Europe<\/strong><\/p>\n\n\n\n<figure class=\"wp-block-image size-large\"><img decoding=\"async\" src=\"https:\/\/transport-manager.net\/assets\/img\/lignes\/N5_L1_blanc2.png\" alt=\"\" \/><\/figure>\n\n\n\n<figure class=\"wp-block-table aligncenter has-small-font-size\"><table class=\"has-text-color has-background has-link-color has-fixed-layout\" style=\"color:#3e4042;background-color:#038ad1\"><tbody><tr><td class=\"has-text-align-center\" data-align=\"center\"><strong>FR\u00c9QUENCE DU LUNDI AU VENDREDI EN PERIODE R\u00c9GULI\u00c8RE<\/strong><\/td><\/tr><\/tbody><\/table><figcaption class=\"wp-element-caption\">appel\u00e9 aussi les horaires \u00ab\u00a0Normal\u00a0\u00bb<\/figcaption><\/figure>\n\n\n\n<figure class=\"wp-block-table is-style-stripes\"><table class=\"has-text-color has-background has-link-color has-fixed-layout\" style=\"color:#3e4042;background-color:#038ad1\"><thead><tr><th class=\"has-text-align-center\" data-align=\"center\">Horaires<\/th><th class=\"has-text-align-center\" data-align=\"center\">5h30 \u00e0 7h<\/th><th class=\"has-text-align-center\" data-align=\"center\">7h \u00e0 9h<\/th><th class=\"has-text-align-center\" data-align=\"center\">9h \u00e0 12h<\/th><th class=\"has-text-align-center\" data-align=\"center\">12h \u00e0 14h<\/th><th class=\"has-text-align-center\" data-align=\"center\">14h \u00e0 17h<\/th><th class=\"has-text-align-center\" data-align=\"center\">17h \u00e0 19h<\/th><th class=\"has-text-align-center\" data-align=\"center\">19h \u00e0 20h<\/th><th class=\"has-text-align-center\" data-align=\"center\">20h \u00e0 00h45<\/th><\/tr><\/thead><tbody><tr><td class=\"has-text-align-center\" data-align=\"center\">Fr\u00e9quences<\/td><td class=\"has-text-align-center\" data-align=\"center\">Toutes les 10 minutes<\/td><td class=\"has-text-align-center\" data-align=\"center\">Toutes les 7 minutes<\/td><td class=\"has-text-align-center\" data-align=\"center\">Toutes les 10 minutes<\/td><td class=\"has-text-align-center\" data-align=\"center\">Toutes les 7 minutes<\/td><td class=\"has-text-align-center\" data-align=\"center\">Toutes les 10 minutes<\/td><td class=\"has-text-align-center\" data-align=\"center\">Toutes les 7 minutes<\/td><td class=\"has-text-align-center\" data-align=\"center\">Toutes les 10 minutes<\/td><td class=\"has-text-align-center\" data-align=\"center\">Toutes les 15 minutes<\/td><\/tr><\/tbody><\/table><\/figure>\n\n\n\n<figure class=\"wp-block-table aligncenter has-small-font-size\"><table class=\"has-text-color has-background has-link-color has-fixed-layout\" style=\"color:#3e4042;background-color:#038ad1\"><tbody><tr><td class=\"has-text-align-center\" data-align=\"center\"><strong>FR\u00c9QUENCE DU SAMEDI EN PERIODE R\u00c9GULI\u00c8RE<\/strong><\/td><\/tr><\/tbody><\/table><figcaption class=\"wp-element-caption\">appel\u00e9 aussi les horaires \u00ab\u00a0Normal\u00a0\u00bb<\/figcaption><\/figure>\n\n\n\n<figure class=\"wp-block-table is-style-stripes\"><table class=\"has-text-color has-background has-link-color has-fixed-layout\" style=\"color:#3e4042;background-color:#038ad1\"><thead><tr><th class=\"has-text-align-center\" data-align=\"center\">Horaires<\/th><th>5h30 \u00e0 7h<\/th><th>7h \u00e0 9h<\/th><th>9h \u00e0 12h<\/th><th>12h \u00e0 14h<\/th><th>14h \u00e0 17h<\/th><th>17h \u00e0 19h<\/th><th>19h \u00e0 20h<\/th><th>20h \u00e0 00h45<\/th><\/tr><\/thead><tbody><tr><td class=\"has-text-align-center\" data-align=\"center\">Fr\u00e9quences<\/td><td>Toutes les 13 minutes<\/td><td>Toutes les 12 minutes<\/td><td>Toutes les 13 minutes<\/td><td>Toutes les 12 minutes<\/td><td>Toutes les 13 minutes<\/td><td>Toutes les 12 minutes<\/td><td>Toutes les 13 minutes<\/td><td>Toutes les 15 minutes<\/td><\/tr><\/tbody><\/table><\/figure>\n\n\n\n<figure class=\"wp-block-table aligncenter has-small-font-size\"><table class=\"has-text-color has-background has-link-color has-fixed-layout\" style=\"color:#3e4042;background-color:#038ad1\"><tbody><tr><td class=\"has-text-align-center\" data-align=\"center\"><strong>FR\u00c9QUENCE DU DIMANCHE EN PERIODE R\u00c9GULI\u00c8RE<\/strong><\/td><\/tr><\/tbody><\/table><figcaption class=\"wp-element-caption\">appel\u00e9 aussi les horaires \u00ab\u00a0Normal\u00a0\u00bb<\/figcaption><\/figure>\n\n\n\n<figure class=\"wp-block-table aligncenter is-style-stripes\" style=\"font-size:14px\"><table class=\"has-text-color has-background has-link-color has-fixed-layout\" style=\"color:#3e4042;background-color:#038ad1\"><thead><tr><th class=\"has-text-align-center\" data-align=\"center\">Horaires<\/th><th class=\"has-text-align-center\" data-align=\"center\">6h15 \u00e0 7h<\/th><th class=\"has-text-align-center\" data-align=\"center\">7h \u00e0 9h<\/th><th class=\"has-text-align-center\" data-align=\"center\">9h \u00e0 12h<\/th><th class=\"has-text-align-center\" data-align=\"center\">12h \u00e0 14h<\/th><th class=\"has-text-align-center\" data-align=\"center\">14h \u00e0 17h<\/th><th class=\"has-text-align-center\" data-align=\"center\">17h \u00e0 19h<\/th><th class=\"has-text-align-center\" data-align=\"center\">19h \u00e0 22h30<\/th><\/tr><\/thead><tbody><tr><td class=\"has-text-align-center\" data-align=\"center\">Fr\u00e9quence<\/td><td class=\"has-text-align-center\" data-align=\"center\">Toutes les 15 minutes<\/td><td class=\"has-text-align-center\" data-align=\"center\">Toutes les 13 minutes<\/td><td class=\"has-text-align-center\" data-align=\"center\">Toutes les 15 minutes<\/td><td class=\"has-text-align-center\" data-align=\"center\">Toutes les 13 minutes<\/td><td class=\"has-text-align-center\" data-align=\"center\">Toutes les 15 minutes<\/td><td class=\"has-text-align-center\" data-align=\"center\">Toutes les 13 minutes<\/td><td class=\"has-text-align-center\" data-align=\"center\">Toutes les 15 minutes<\/td><\/tr><\/tbody><\/table><\/figure>\n\n\n\n<figure class=\"wp-block-table aligncenter has-small-font-size\"><table class=\"has-luminous-vivid-orange-background-color has-text-color has-background has-link-color has-fixed-layout\" style=\"color:#3e4042\"><tbody><tr><td class=\"has-text-align-center\" data-align=\"center\"><strong>FR\u00c9QUENCE DU LUNDI AU VENDREDI EN PERIODE DES VACANCES SCOLAIRE<\/strong><\/td><\/tr><\/tbody><\/table><figcaption class=\"wp-element-caption\">appel\u00e9 aussi les horaires \u00ab\u00a0Mars\u00a0\u00bb<\/figcaption><\/figure>\n\n\n\n<figure class=\"wp-block-table is-style-stripes\"><table class=\"has-text-color has-background has-link-color has-fixed-layout\" style=\"color:#3e4042;background-color:#038ad1\"><thead><tr><th class=\"has-text-align-center\" data-align=\"center\">Horaires<\/th><th>5h45 \u00e0 7h<\/th><th>7h \u00e0 9h<\/th><th>9h \u00e0 12h<\/th><th>12h \u00e0 14h<\/th><th>14h \u00e0 17h<\/th><th>17h \u00e0 19h<\/th><th>19h \u00e0 20h<\/th><th>20h \u00e0 23h45<\/th><\/tr><\/thead><tbody><tr><td class=\"has-text-align-center\" data-align=\"center\">Fr\u00e9quences<\/td><td>Toutes les 15 minutes<\/td><td>Toutes les 10 minutes<\/td><td>Toutes les 15 minutes<\/td><td>Toutes les 10 minutes<\/td><td>Toutes les 15 minutes<\/td><td>Toutes les10 minutes<\/td><td>Toutes les 15 minutes<\/td><td>Toutes les 23 minutes<\/td><\/tr><\/tbody><\/table><\/figure>\n\n\n\n<figure class=\"wp-block-table aligncenter has-small-font-size\"><table class=\"has-luminous-vivid-orange-background-color has-text-color has-background has-link-color has-fixed-layout\" style=\"color:#3e4042\"><tbody><tr><td class=\"has-text-align-center\" data-align=\"center\"><strong>FR\u00c9QUENCE DU SAMEDI EN PERIODE DES VACANCES SCOLAIRE<\/strong><\/td><\/tr><\/tbody><\/table><figcaption class=\"wp-element-caption\">appel\u00e9 aussi les horaires \u00ab\u00a0Mars\u00a0\u00bb<\/figcaption><\/figure>\n\n\n\n<figure class=\"wp-block-table is-style-stripes\"><table class=\"has-text-color has-background has-link-color has-fixed-layout\" style=\"color:#3e4042;background-color:#038ad1\"><thead><tr><th class=\"has-text-align-center\" data-align=\"center\">Horaires<\/th><th>5h45 \u00e0 7h<\/th><th>7h \u00e0 9h<\/th><th>9h \u00e0 12h<\/th><th>12h \u00e0 14h<\/th><th>14h \u00e0 17h<\/th><th>17h \u00e0 19h<\/th><th>19h \u00e0 20h<\/th><th>20h \u00e0 23h45<\/th><\/tr><\/thead><tbody><tr><td class=\"has-text-align-center\" data-align=\"center\">Fr\u00e9quences<\/td><td>Toutes les 15 minutes<\/td><td>Toutes les 13 minutes<\/td><td>Toutes les 15 minutes<\/td><td>Toutes les 13 minutes<\/td><td>Toutes les 15 minutes<\/td><td>Toutes les 13 minutes<\/td><td>Toutes les 15 minutes<\/td><td>Toutes les 18 minutes<\/td><\/tr><\/tbody><\/table><\/figure>\n\n\n\n<figure class=\"wp-block-table aligncenter has-small-font-size\"><table class=\"has-luminous-vivid-orange-background-color has-text-color has-background has-link-color has-fixed-layout\" style=\"color:#3e4042\"><tbody><tr><td class=\"has-text-align-center\" data-align=\"center\"><strong>FR\u00c9QUENCE DU DIMANCHE EN PERIODE DES VACANCES SCOLAIRE<\/strong><\/td><\/tr><\/tbody><\/table><figcaption class=\"wp-element-caption\">appel\u00e9 aussi les horaires \u00ab\u00a0Mars\u00a0\u00bb<\/figcaption><\/figure>\n\n\n\n<figure class=\"wp-block-table is-style-stripes\"><table class=\"has-text-color has-background has-link-color has-fixed-layout\" style=\"color:#3e4042;background-color:#038ad1\"><thead><tr><th class=\"has-text-align-center\" data-align=\"center\">Horaires<\/th><th>6h15 \u00e0 7h<\/th><th>7h \u00e0 9h<\/th><th>9h \u00e0 12h<\/th><th>12h \u00e0 14h<\/th><th>14h \u00e0 17h<\/th><th>17h \u00e0 19h<\/th><th>19h \u00e0 21h45<\/th><\/tr><\/thead><tbody><tr><td class=\"has-text-align-center\" data-align=\"center\">Fr\u00e9quences<\/td><td>Toutes les 23 minutes<\/td><td>Toutes les 15 minutes<\/td><td>Toutes les 23 minutes<\/td><td>Toutes les 15 minutes<\/td><td>Toutes les 23 minutes<\/td><td>Toutes les 15 minutes<\/td><td>Toutes les 23 minutes<\/td><\/tr><\/tbody><\/table><\/figure>\n\n\n\n<figure class=\"wp-block-table aligncenter has-small-font-size\"><table class=\"has-luminous-vivid-amber-background-color has-text-color has-background has-link-color has-fixed-layout\" style=\"color:#3e4042\"><tbody><tr><td class=\"has-text-align-center\" data-align=\"center\"><strong>FR\u00c9QUENCE DU LUNDI AU VENDREDI EN PERIODE DES VACANCES D&rsquo;\u00c9T\u00c9<\/strong><\/td><\/tr><\/tbody><\/table><figcaption class=\"wp-element-caption\">appel\u00e9 aussi les horaires \u00ab\u00a0Soleil\u00a0\u00bb<\/figcaption><\/figure>\n\n\n\n<figure class=\"wp-block-table is-style-stripes\"><table class=\"has-text-color has-background has-link-color has-fixed-layout\" style=\"color:#3e4042;background-color:#038ad1\"><thead><tr><th class=\"has-text-align-center\" data-align=\"center\">Horaires<\/th><th>5h45 \u00e0 7h<\/th><th>7h \u00e0 9h<\/th><th>9h \u00e0 12h<\/th><th>12h \u00e0 14h<\/th><th>14h \u00e0 17h<\/th><th>17h \u00e0 19h<\/th><th>19h \u00e0 20h<\/th><th>20h \u00e0 00h<\/th><\/tr><\/thead><tbody><tr><td class=\"has-text-align-center\" data-align=\"center\">Fr\u00e9quences<\/td><td>Toutes les 15 minutes<\/td><td>Toutes les 12 minutes<\/td><td>Toutes les 15 minutes<\/td><td>Toutes les 12 minutes<\/td><td>Toutes les 15 minutes<\/td><td>Toutes les 12 minutes<\/td><td>Toutes les 15 minutes<\/td><td>Toutes les 23 minutes<\/td><\/tr><\/tbody><\/table><\/figure>\n\n\n\n<figure class=\"wp-block-table aligncenter has-small-font-size\"><table class=\"has-luminous-vivid-amber-background-color has-text-color has-background has-link-color has-fixed-layout\" style=\"color:#3e4042\"><tbody><tr><td class=\"has-text-align-center\" data-align=\"center\"><strong>FR\u00c9QUENCE DU SAMEDI EN PERIODE DES VACANCES D&rsquo;\u00c9T\u00c9<\/strong><\/td><\/tr><\/tbody><\/table><figcaption class=\"wp-element-caption\">appel\u00e9 aussi les horaires \u00ab\u00a0Soleil\u00a0\u00bb<\/figcaption><\/figure>\n\n\n\n<figure class=\"wp-block-table is-style-stripes\"><table class=\"has-text-color has-background has-link-color\" style=\"color:#3e4042;background-color:#038ad1\"><thead><tr><th class=\"has-text-align-center\" data-align=\"center\">Horaires<\/th><th class=\"has-text-align-center\" data-align=\"center\">5h45 \u00e0 20h<\/th><th class=\"has-text-align-center\" data-align=\"center\">20h \u00e0 00h<\/th><\/tr><\/thead><tbody><tr><td class=\"has-text-align-center\" data-align=\"center\">Fr\u00e9quences<\/td><td class=\"has-text-align-center\" data-align=\"center\">Toutes les 15 minutes<\/td><td class=\"has-text-align-center\" data-align=\"center\">Toutes les 18 minutes<\/td><\/tr><\/tbody><\/table><\/figure>\n\n\n\n<figure class=\"wp-block-table aligncenter has-small-font-size\"><table class=\"has-luminous-vivid-amber-background-color has-text-color has-background has-link-color has-fixed-layout\" style=\"color:#3e4042\"><tbody><tr><td class=\"has-text-align-center\" data-align=\"center\"><strong>FR\u00c9QUENCE DU DIMANCHE EN PERIODE DES VACANCES D&rsquo;\u00c9T\u00c9<\/strong><\/td><\/tr><\/tbody><\/table><figcaption class=\"wp-element-caption\">appel\u00e9 aussi les horaires \u00ab\u00a0Soleil\u00a0\u00bb<\/figcaption><\/figure>\n\n\n\n<figure class=\"wp-block-table is-style-stripes\"><table class=\"has-text-color has-background has-link-color has-fixed-layout\" style=\"color:#3e4042;background-color:#038ad1\"><thead><tr><th class=\"has-text-align-center\" data-align=\"center\">Horaire<\/th><th>6h15 \u00e0 7h<\/th><th>7h \u00e0 9h<\/th><th>9h \u00e0 12h<\/th><th>12h \u00e0 14h<\/th><th>14h \u00e0 17h<\/th><th>17h \u00e0 19h<\/th><th>19h \u00e0 23h30<\/th><\/tr><\/thead><tbody><tr><td class=\"has-text-align-center\" data-align=\"center\">Fr\u00e9quence<\/td><td>Toutes les 23 minutes<\/td><td>Toutes les 18 minutes<\/td><td>Toutes les 23 minutes<\/td><td>Toutes les 18 minutes<\/td><td>Toutes les 23 minutes<\/td><td>Toutes les 18 minutes<\/td><td>Toutes les 23 minutes<\/td><\/tr><\/tbody><\/table><\/figure>\n\n\n\n<p>Cette ligne poss\u00e8des des v\u00e9hicules sp\u00e9cifiques (Alstom Citadis 405) <\/p>\n\n\n\n<figure class=\"wp-block-image size-materialis-full-hd is-resized is-style-default\"><img loading=\"lazy\" decoding=\"async\" width=\"1920\" height=\"212\" src=\"https:\/\/seal.transport-manager.net\/thomas711\/wp-content\/uploads\/sites\/72\/2024\/10\/image-1920x212.png\" alt=\"\" class=\"wp-image-1085\" style=\"width:1305px;height:auto\" srcset=\"https:\/\/seal.transport-manager.net\/thomas711\/wp-content\/uploads\/sites\/72\/2024\/10\/image-1920x212.png 1920w, https:\/\/seal.transport-manager.net\/thomas711\/wp-content\/uploads\/sites\/72\/2024\/10\/image-300x33.png 300w, https:\/\/seal.transport-manager.net\/thomas711\/wp-content\/uploads\/sites\/72\/2024\/10\/image-1024x113.png 1024w, https:\/\/seal.transport-manager.net\/thomas711\/wp-content\/uploads\/sites\/72\/2024\/10\/image-768x85.png 768w, https:\/\/seal.transport-manager.net\/thomas711\/wp-content\/uploads\/sites\/72\/2024\/10\/image-1536x169.png 1536w, https:\/\/seal.transport-manager.net\/thomas711\/wp-content\/uploads\/sites\/72\/2024\/10\/image-2048x226.png 2048w, https:\/\/seal.transport-manager.net\/thomas711\/wp-content\/uploads\/sites\/72\/2024\/10\/image-1232x136.png 1232w\" sizes=\"auto, (max-width: 1920px) 100vw, 1920px\" \/><\/figure>\n","protected":false},"excerpt":{"rendered":"<p>Ligne T1 A\u00e9roport &lt;&gt; Clinique Saint Paul via Palais des beaux-Arts et place de l&rsquo;Europe FR\u00c9QUENCE DU LUNDI AU VENDREDI EN PERIODE R\u00c9GULI\u00c8RE appel\u00e9 aussi les horaires \u00ab\u00a0Normal\u00a0\u00bb Horaires 5h30&nbsp;&hellip;<\/p>\n","protected":false},"author":72,"featured_media":0,"parent":68,"menu_order":0,"comment_status":"closed","ping_status":"closed","template":"","meta":{"_EventAllDay":false,"_EventTimezone":"","_EventStartDate":"","_EventEndDate":"","_EventStartDateUTC":"","_EventEndDateUTC":"","_EventShowMap":false,"_EventShowMapLink":false,"_EventURL":"","_EventCost":"","_EventCostDescription":"","_EventCurrencySymbol":"","_EventCurrencyCode":"","_EventCurrencyPosition":"","_EventDateTimeSeparator":"","_EventTimeRangeSeparator":"","_EventOrganizerID":[],"_EventVenueID":[],"_OrganizerEmail":"","_OrganizerPhone":"","_OrganizerWebsite":"","_VenueAddress":"","_VenueCity":"","_VenueCountry":"","_VenueProvince":"","_VenueState":"","_VenueZip":"","_VenuePhone":"","_VenueURL":"","_VenueStateProvince":"","_VenueLat":"","_VenueLng":"","_VenueShowMap":false,"_VenueShowMapLink":false,"footnotes":""},"class_list":["post-1055","page","type-page","status-publish","hentry"],"_links":{"self":[{"href":"https:\/\/seal.transport-manager.net\/thomas711\/wp-json\/wp\/v2\/pages\/1055","targetHints":{"allow":["GET"]}}],"collection":[{"href":"https:\/\/seal.transport-manager.net\/thomas711\/wp-json\/wp\/v2\/pages"}],"about":[{"href":"https:\/\/seal.transport-manager.net\/thomas711\/wp-json\/wp\/v2\/types\/page"}],"author":[{"embeddable":true,"href":"https:\/\/seal.transport-manager.net\/thomas711\/wp-json\/wp\/v2\/users\/72"}],"replies":[{"embeddable":true,"href":"https:\/\/seal.transport-manager.net\/thomas711\/wp-json\/wp\/v2\/comments?post=1055"}],"version-history":[{"count":52,"href":"https:\/\/seal.transport-manager.net\/thomas711\/wp-json\/wp\/v2\/pages\/1055\/revisions"}],"predecessor-version":[{"id":1436,"href":"https:\/\/seal.transport-manager.net\/thomas711\/wp-json\/wp\/v2\/pages\/1055\/revisions\/1436"}],"up":[{"embeddable":true,"href":"https:\/\/seal.transport-manager.net\/thomas711\/wp-json\/wp\/v2\/pages\/68"}],"wp:attachment":[{"href":"https:\/\/seal.transport-manager.net\/thomas711\/wp-json\/wp\/v2\/media?parent=1055"}],"curies":[{"name":"wp","href":"https:\/\/api.w.org\/{rel}","templated":true}]}}