{"id":1093,"date":"2024-10-29T15:21:29","date_gmt":"2024-10-29T14:21:29","guid":{"rendered":"https:\/\/seal.transport-manager.net\/thomas711\/?page_id=1093"},"modified":"2026-03-15T11:34:41","modified_gmt":"2026-03-15T10:34:41","slug":"ligne-5","status":"publish","type":"page","link":"https:\/\/seal.transport-manager.net\/thomas711\/les-lignes\/ligne-5\/","title":{"rendered":"Ligne 5"},"content":{"rendered":"\n<p class=\"has-text-align-center has-text-color has-link-color has-x-large-font-size wp-elements-b11b70bda38e746b7503141643951408\" style=\"color:#e86a10\"><strong>Ligne 5 Mus\u00e9e d&rsquo;Art Moderne &lt;&gt; P\u00f4le Luca Pacioli<\/strong><\/p>\n\n\n\n<p class=\"has-text-align-center has-text-color has-link-color has-large-font-size wp-elements-4b59d538b8a8b72f523c46bd27b10334\" style=\"color:#e86a10\"><strong>via Gare de l&rsquo;Ouest et Science Po<\/strong><\/p>\n\n\n\n<figure class=\"wp-block-image size-large\"><img decoding=\"async\" src=\"https:\/\/transport-manager.net\/assets\/img\/lignes\/N5_L5_blanc2.png\" alt=\"\" \/><\/figure>\n\n\n\n<figure class=\"wp-block-table aligncenter has-small-font-size\"><table class=\"has-text-color has-background has-link-color has-fixed-layout\" style=\"color:#3e4042;background-color:#038ad1\"><tbody><tr><td class=\"has-text-align-center\" data-align=\"center\"><strong>FR\u00c9QUENCE DU LUNDI AU VENDREDI EN PERIODE R\u00c9GULI\u00c8RE<\/strong><\/td><\/tr><\/tbody><\/table><figcaption class=\"wp-element-caption\">appel\u00e9 aussi les horaires \u00ab\u00a0Normal\u00a0\u00bb<\/figcaption><\/figure>\n\n\n\n<figure class=\"wp-block-table is-style-stripes\"><table class=\"has-text-color has-background has-link-color has-fixed-layout\" style=\"color:#3e4042;background-color:#038ad1\"><thead><tr><th>Horaires<\/th><th class=\"has-text-align-center\" data-align=\"center\">5h30 \u00e0 7h<\/th><th class=\"has-text-align-center\" data-align=\"center\">7h \u00e0 9h<\/th><th class=\"has-text-align-center\" data-align=\"center\">9h \u00e0 12h<\/th><th class=\"has-text-align-center\" data-align=\"center\">12h \u00e0 14h<\/th><th class=\"has-text-align-center\" data-align=\"center\">14h \u00e0 17h<\/th><th class=\"has-text-align-center\" data-align=\"center\">17h \u00e0 19h<\/th><th class=\"has-text-align-center\" data-align=\"center\">19h \u00e0 20h<\/th><th class=\"has-text-align-center\" data-align=\"center\">20h \u00e0 00h30<\/th><\/tr><\/thead><tbody><tr><td>Fr\u00e9quences<\/td><td class=\"has-text-align-center\" data-align=\"center\">Toutes les 7 minutes<\/td><td class=\"has-text-align-center\" data-align=\"center\">Toutes les 5 minutes<\/td><td class=\"has-text-align-center\" data-align=\"center\">Toutes les 7 minutes<\/td><td class=\"has-text-align-center\" data-align=\"center\">Toutes les 5 minutes<\/td><td class=\"has-text-align-center\" data-align=\"center\">Toutes les 7 minutes<\/td><td class=\"has-text-align-center\" data-align=\"center\">Toutes les 5 minutes<\/td><td class=\"has-text-align-center\" data-align=\"center\">Toutes les 7 minutes<\/td><td class=\"has-text-align-center\" data-align=\"center\">Toutes les 12 <br>minutes<\/td><\/tr><\/tbody><\/table><\/figure>\n\n\n\n<figure class=\"wp-block-table aligncenter has-small-font-size\"><table class=\"has-text-color has-background has-link-color has-fixed-layout\" style=\"color:#3e4042;background-color:#038ad1\"><tbody><tr><td class=\"has-text-align-center\" data-align=\"center\"><strong>FR\u00c9QUENCE DU SAMEDI EN PERIODE R\u00c9GULI\u00c8RE<\/strong><\/td><\/tr><\/tbody><\/table><figcaption class=\"wp-element-caption\">appel\u00e9 aussi les horaires \u00ab\u00a0Normal\u00a0\u00bb<\/figcaption><\/figure>\n\n\n\n<figure class=\"wp-block-table is-style-stripes\"><table class=\"has-text-color has-background has-link-color has-fixed-layout\" style=\"color:#3e4042;background-color:#038ad1\"><thead><tr><th>Horaires<\/th><th class=\"has-text-align-center\" data-align=\"center\">5h30 \u00e0 7h<\/th><th class=\"has-text-align-center\" data-align=\"center\">7h \u00e0 9h<\/th><th class=\"has-text-align-center\" data-align=\"center\">9h \u00e0 12h<\/th><th class=\"has-text-align-center\" data-align=\"center\">12h \u00e0 14h<\/th><th class=\"has-text-align-center\" data-align=\"center\">14h \u00e0 17h<\/th><th class=\"has-text-align-center\" data-align=\"center\">17h \u00e0 19h<\/th><th class=\"has-text-align-center\" data-align=\"center\">19h \u00e0 20h<\/th><th class=\"has-text-align-center\" data-align=\"center\">20h \u00e0 00h30<\/th><\/tr><\/thead><tbody><tr><td>Fr\u00e9quences<\/td><td class=\"has-text-align-center\" data-align=\"center\">Toutes les 9 minutes<\/td><td class=\"has-text-align-center\" data-align=\"center\">Toutes les 6 minutes<\/td><td class=\"has-text-align-center\" data-align=\"center\">Toutes les 9 minutes<\/td><td class=\"has-text-align-center\" data-align=\"center\">Toutes les 6 minutes<\/td><td class=\"has-text-align-center\" data-align=\"center\">Toutes les 9 minutes<\/td><td class=\"has-text-align-center\" data-align=\"center\">Toutes les 6 minutes<\/td><td class=\"has-text-align-center\" data-align=\"center\">Toutes les 9 minutes<\/td><td class=\"has-text-align-center\" data-align=\"center\">Toutes les 12 <br>minutes<\/td><\/tr><\/tbody><\/table><\/figure>\n\n\n\n<figure class=\"wp-block-table aligncenter has-small-font-size\"><table class=\"has-text-color has-background has-link-color has-fixed-layout\" style=\"color:#3e4042;background-color:#038ad1\"><tbody><tr><td class=\"has-text-align-center\" data-align=\"center\"><strong>FR\u00c9QUENCE DU DIMANCHE EN PERIODE R\u00c9GULI\u00c8RE<\/strong><\/td><\/tr><\/tbody><\/table><figcaption class=\"wp-element-caption\">appel\u00e9 aussi les horaires \u00ab\u00a0Normal\u00a0\u00bb<\/figcaption><\/figure>\n\n\n\n<figure class=\"wp-block-table is-style-stripes\"><table class=\"has-text-color has-background has-link-color has-fixed-layout\" style=\"color:#3e4042;background-color:#038ad1\"><thead><tr><th>Horaires<\/th><th class=\"has-text-align-center\" data-align=\"center\">6h15 \u00e0 7h<\/th><th class=\"has-text-align-center\" data-align=\"center\">7h \u00e0 9h<\/th><th class=\"has-text-align-center\" data-align=\"center\">9h \u00e0 12h<\/th><th class=\"has-text-align-center\" data-align=\"center\">12h \u00e0 14h<\/th><th class=\"has-text-align-center\" data-align=\"center\">14h \u00e0 17h<\/th><th class=\"has-text-align-center\" data-align=\"center\">17h \u00e0 19h<\/th><th class=\"has-text-align-center\" data-align=\"center\">19h \u00e0 22h30<\/th><\/tr><\/thead><tbody><tr><td>Fr\u00e9quences<\/td><td class=\"has-text-align-center\" data-align=\"center\">Toutes les 15 minutes<\/td><td class=\"has-text-align-center\" data-align=\"center\">Toutes les 11<br> minutes<\/td><td class=\"has-text-align-center\" data-align=\"center\">Toutes les 15 minutes<\/td><td class=\"has-text-align-center\" data-align=\"center\">Toutes les 11<br> minutes<\/td><td class=\"has-text-align-center\" data-align=\"center\">Toutes les 15 minutes<\/td><td class=\"has-text-align-center\" data-align=\"center\">Toutes les 11<br> minutes<\/td><td class=\"has-text-align-center\" data-align=\"center\">Toutes les 15<br>minutes<\/td><\/tr><\/tbody><\/table><\/figure>\n\n\n\n<figure class=\"wp-block-table aligncenter has-small-font-size\"><table class=\"has-luminous-vivid-orange-background-color has-text-color has-background has-link-color has-fixed-layout\" style=\"color:#3e4042\"><tbody><tr><td class=\"has-text-align-center\" data-align=\"center\"><strong>FR\u00c9QUENCE DU LUNDI AU VENDREDI EN PERIODE DES VACANCES SCOLAIRE<\/strong><\/td><\/tr><\/tbody><\/table><figcaption class=\"wp-element-caption\">appel\u00e9 aussi les horaires \u00ab\u00a0Mars\u00a0\u00bb<\/figcaption><\/figure>\n\n\n\n<figure class=\"wp-block-table is-style-stripes\"><table class=\"has-text-color has-background has-link-color has-fixed-layout\" style=\"color:#3e4042;background-color:#038ad1\"><thead><tr><th>Horaires<\/th><th class=\"has-text-align-center\" data-align=\"center\">5h45 \u00e0 7h<\/th><th class=\"has-text-align-center\" data-align=\"center\">7h \u00e0 9h<\/th><th class=\"has-text-align-center\" data-align=\"center\">9h \u00e0 12h<\/th><th class=\"has-text-align-center\" data-align=\"center\">12h \u00e0 14h<\/th><th class=\"has-text-align-center\" data-align=\"center\">14h \u00e0 17h<\/th><th class=\"has-text-align-center\" data-align=\"center\">17h \u00e0 19h<\/th><th class=\"has-text-align-center\" data-align=\"center\">19h \u00e0 20h<\/th><th class=\"has-text-align-center\" data-align=\"center\">20h \u00e0 23h45<\/th><\/tr><\/thead><tbody><tr><td>Fr\u00e9quences<\/td><td class=\"has-text-align-center\" data-align=\"center\">Toutes les 8 minutes<\/td><td class=\"has-text-align-center\" data-align=\"center\">Toutes les 6 minutes<\/td><td class=\"has-text-align-center\" data-align=\"center\">Toutes les 8 minutes<\/td><td class=\"has-text-align-center\" data-align=\"center\">Toutes les 6 minutes<\/td><td class=\"has-text-align-center\" data-align=\"center\">Toutes les 8 minutes<\/td><td class=\"has-text-align-center\" data-align=\"center\">Toutes les 6 minutes<\/td><td class=\"has-text-align-center\" data-align=\"center\">Toutes les 8 minutes<\/td><td class=\"has-text-align-center\" data-align=\"center\">Toutes les 15 <br>minutes<\/td><\/tr><\/tbody><\/table><\/figure>\n\n\n\n<figure class=\"wp-block-table aligncenter has-small-font-size\"><table class=\"has-luminous-vivid-orange-background-color has-text-color has-background has-link-color has-fixed-layout\" style=\"color:#3e4042\"><tbody><tr><td class=\"has-text-align-center\" data-align=\"center\"><strong>FR\u00c9QUENCE DU SAMEDI EN PERIODE DES VACANCES SCOLAIRE<\/strong><\/td><\/tr><\/tbody><\/table><figcaption class=\"wp-element-caption\">appel\u00e9 aussi les horaires \u00ab\u00a0Mars\u00a0\u00bb<\/figcaption><\/figure>\n\n\n\n<figure class=\"wp-block-table is-style-stripes\"><table class=\"has-text-color has-background has-link-color has-fixed-layout\" style=\"color:#3e4042;background-color:#038ad1\"><thead><tr><th>Horaires<\/th><th class=\"has-text-align-center\" data-align=\"center\">5h45 \u00e0 7h<\/th><th class=\"has-text-align-center\" data-align=\"center\">7h \u00e0 9h<\/th><th class=\"has-text-align-center\" data-align=\"center\">9h \u00e0 12h<\/th><th class=\"has-text-align-center\" data-align=\"center\">12h \u00e0 14h<\/th><th class=\"has-text-align-center\" data-align=\"center\">14h \u00e0 17h<\/th><th class=\"has-text-align-center\" data-align=\"center\">17h \u00e0 19h<\/th><th class=\"has-text-align-center\" data-align=\"center\">19h \u00e0 20h<\/th><th class=\"has-text-align-center\" data-align=\"center\">20h \u00e0 23h45<\/th><\/tr><\/thead><tbody><tr><td>Fr\u00e9quences<\/td><td class=\"has-text-align-center\" data-align=\"center\">Toutes les 12 minutes<\/td><td class=\"has-text-align-center\" data-align=\"center\">Toutes les 7 minutes<\/td><td class=\"has-text-align-center\" data-align=\"center\">Toutes les 12 minutes<\/td><td class=\"has-text-align-center\" data-align=\"center\">Toutes les 7 minutes<\/td><td class=\"has-text-align-center\" data-align=\"center\">Toutes les 12 minutes<\/td><td class=\"has-text-align-center\" data-align=\"center\">Toutes les 7 minutes<\/td><td class=\"has-text-align-center\" data-align=\"center\">Toutes les 12 minutes<\/td><td class=\"has-text-align-center\" data-align=\"center\">Toutes les 15 <br>minutes<\/td><\/tr><\/tbody><\/table><\/figure>\n\n\n\n<figure class=\"wp-block-table aligncenter has-small-font-size\"><table class=\"has-luminous-vivid-orange-background-color has-text-color has-background has-link-color has-fixed-layout\" style=\"color:#3e4042\"><tbody><tr><td class=\"has-text-align-center\" data-align=\"center\"><strong>FR\u00c9QUENCE DU DIMANCHE EN PERIODE DES VACANCES SCOLAIRE<\/strong><\/td><\/tr><\/tbody><\/table><figcaption class=\"wp-element-caption\">appel\u00e9 aussi les horaires \u00ab\u00a0Mars\u00a0\u00bb<\/figcaption><\/figure>\n\n\n\n<figure class=\"wp-block-table is-style-stripes\"><table class=\"has-text-color has-background has-link-color has-fixed-layout\" style=\"color:#3e4042;background-color:#038ad1\"><thead><tr><th>Horaires<\/th><th class=\"has-text-align-center\" data-align=\"center\">6h15 \u00e0 7h<\/th><th class=\"has-text-align-center\" data-align=\"center\">7h \u00e0 9h<\/th><th class=\"has-text-align-center\" data-align=\"center\">9h \u00e0 12h<\/th><th class=\"has-text-align-center\" data-align=\"center\">12h \u00e0 14h<\/th><th class=\"has-text-align-center\" data-align=\"center\">14h \u00e0 17h<\/th><th class=\"has-text-align-center\" data-align=\"center\">17h \u00e0 19h<\/th><th class=\"has-text-align-center\" data-align=\"center\">19h \u00e0 22h45<\/th><\/tr><\/thead><tbody><tr><td>Fr\u00e9quences<\/td><td class=\"has-text-align-center\" data-align=\"center\">Toutes les 15 minutes<\/td><td class=\"has-text-align-center\" data-align=\"center\">Toutes les 11 <br>minutes<\/td><td class=\"has-text-align-center\" data-align=\"center\">Toutes les 15 minutes<\/td><td class=\"has-text-align-center\" data-align=\"center\">Toutes les 11<br> minutes<\/td><td class=\"has-text-align-center\" data-align=\"center\">Toutes les 15 minutes<\/td><td class=\"has-text-align-center\" data-align=\"center\">Toutes les 11<br> minutes<\/td><td class=\"has-text-align-center\" data-align=\"center\">Toutes les 15 minutes<\/td><\/tr><\/tbody><\/table><\/figure>\n\n\n\n<figure class=\"wp-block-table aligncenter has-small-font-size\"><table class=\"has-luminous-vivid-amber-background-color has-text-color has-background has-link-color has-fixed-layout\" style=\"color:#3e4042\"><tbody><tr><td class=\"has-text-align-center\" data-align=\"center\"><strong>FR\u00c9QUENCE DU LUNDI AU VENDREDI EN PERIODE DES VACANCES D&rsquo;\u00c9T\u00c9<\/strong><\/td><\/tr><\/tbody><\/table><figcaption class=\"wp-element-caption\">appel\u00e9 aussi les horaires \u00ab\u00a0Soleil\u00a0\u00bb<\/figcaption><\/figure>\n\n\n\n<figure class=\"wp-block-table is-style-stripes\"><table class=\"has-text-color has-background has-link-color has-fixed-layout\" style=\"color:#3e4042;background-color:#038ad1\"><thead><tr><th class=\"has-text-align-center\" data-align=\"center\">Horaires<\/th><th class=\"has-text-align-center\" data-align=\"center\">5h \u00e0 7h<\/th><th class=\"has-text-align-center\" data-align=\"center\">7h \u00e0 9h<\/th><th class=\"has-text-align-center\" data-align=\"center\">9h \u00e0 12h<\/th><th class=\"has-text-align-center\" data-align=\"center\">12h \u00e0 14h<\/th><th class=\"has-text-align-center\" data-align=\"center\">14h \u00e0 17h<\/th><th class=\"has-text-align-center\" data-align=\"center\">17h \u00e0 19h<\/th><th class=\"has-text-align-center\" data-align=\"center\">19h \u00e0 20h<\/th><th class=\"has-text-align-center\" data-align=\"center\">20h \u00e0 00h<\/th><\/tr><\/thead><tbody><tr><td class=\"has-text-align-center\" data-align=\"center\">Fr\u00e9quences<\/td><td class=\"has-text-align-center\" data-align=\"center\">Toutes les 8 minutes<\/td><td class=\"has-text-align-center\" data-align=\"center\">Toutes les 6 minutes<\/td><td class=\"has-text-align-center\" data-align=\"center\">Toutes les 8 minutes<\/td><td class=\"has-text-align-center\" data-align=\"center\">Toutes les 6 minutes<\/td><td class=\"has-text-align-center\" data-align=\"center\">Toutes les 8 minutes<\/td><td class=\"has-text-align-center\" data-align=\"center\">Toutes les 6 minutes<\/td><td class=\"has-text-align-center\" data-align=\"center\">Toutes les 8 minutes<\/td><td class=\"has-text-align-center\" data-align=\"center\">Toutes les 16 minutes<\/td><\/tr><\/tbody><\/table><\/figure>\n\n\n\n<figure class=\"wp-block-table aligncenter has-small-font-size\"><table class=\"has-luminous-vivid-amber-background-color has-text-color has-background has-link-color has-fixed-layout\" style=\"color:#3e4042\"><tbody><tr><td class=\"has-text-align-center\" data-align=\"center\"><strong>FR\u00c9QUENCE DU SAMEDI EN PERIODE DES VACANCES D&rsquo;\u00c9T\u00c9<\/strong><\/td><\/tr><\/tbody><\/table><figcaption class=\"wp-element-caption\">appel\u00e9 aussi les horaires \u00ab\u00a0Soleil\u00a0\u00bb<\/figcaption><\/figure>\n\n\n\n<figure class=\"wp-block-table is-style-stripes\"><table class=\"has-text-color has-background has-link-color has-fixed-layout\" style=\"color:#3e4042;background-color:#038ad1\"><thead><tr><th class=\"has-text-align-center\" data-align=\"center\">Horaires<\/th><th class=\"has-text-align-center\" data-align=\"center\">5h \u00e0 7h<\/th><th class=\"has-text-align-center\" data-align=\"center\">7h \u00e0 9h<\/th><th class=\"has-text-align-center\" data-align=\"center\">9h \u00e0 12h<\/th><th class=\"has-text-align-center\" data-align=\"center\">12h \u00e0 14h<\/th><th class=\"has-text-align-center\" data-align=\"center\">14h \u00e0 17h<\/th><th class=\"has-text-align-center\" data-align=\"center\">17h \u00e0 19h<\/th><th class=\"has-text-align-center\" data-align=\"center\">19h \u00e0 20h<\/th><th class=\"has-text-align-center\" data-align=\"center\">20h \u00e0 00h<\/th><\/tr><\/thead><tbody><tr><td class=\"has-text-align-center\" data-align=\"center\">Fr\u00e9quences<\/td><td class=\"has-text-align-center\" data-align=\"center\">Toutes les 11 minutes<\/td><td class=\"has-text-align-center\" data-align=\"center\">Toutes les 9 minutes<\/td><td class=\"has-text-align-center\" data-align=\"center\">Toutes les 11 minutes<\/td><td class=\"has-text-align-center\" data-align=\"center\">Toutes les 9 minutes<\/td><td class=\"has-text-align-center\" data-align=\"center\">Toutes les 11 minutes<\/td><td class=\"has-text-align-center\" data-align=\"center\">Toutes les 9 minutes<\/td><td class=\"has-text-align-center\" data-align=\"center\">Toutes les 11<br>minutes<\/td><td class=\"has-text-align-center\" data-align=\"center\">Toutes les 13 minutes<\/td><\/tr><\/tbody><\/table><\/figure>\n\n\n\n<figure class=\"wp-block-table aligncenter has-small-font-size\"><table class=\"has-luminous-vivid-amber-background-color has-text-color has-background has-link-color has-fixed-layout\" style=\"color:#3e4042\"><tbody><tr><td class=\"has-text-align-center\" data-align=\"center\"><strong>FR\u00c9QUENCE DU DIMANCHE EN PERIODE DES VACANCES D&rsquo;\u00c9T\u00c9<\/strong><\/td><\/tr><\/tbody><\/table><figcaption class=\"wp-element-caption\">appel\u00e9 aussi les horaires \u00ab\u00a0Soleil\u00a0\u00bb<\/figcaption><\/figure>\n\n\n\n<figure class=\"wp-block-table is-style-stripes\"><table class=\"has-text-color has-background has-link-color has-fixed-layout\" style=\"color:#3e4042;background-color:#038ad1\"><thead><tr><th class=\"has-text-align-center\" data-align=\"center\">Horaires<\/th><th class=\"has-text-align-center\" data-align=\"center\">5h \u00e0 7h<\/th><th class=\"has-text-align-center\" data-align=\"center\">7h \u00e0 9h<\/th><th class=\"has-text-align-center\" data-align=\"center\">9h \u00e0 12h<\/th><th class=\"has-text-align-center\" data-align=\"center\">12h \u00e0 14h<\/th><th class=\"has-text-align-center\" data-align=\"center\">14h \u00e0 17h<\/th><th class=\"has-text-align-center\" data-align=\"center\">17h \u00e0 19h<\/th><th class=\"has-text-align-center\" data-align=\"center\">19h \u00e0 23h45<\/th><\/tr><\/thead><tbody><tr><td class=\"has-text-align-center\" data-align=\"center\">Fr\u00e9quences<\/td><td class=\"has-text-align-center\" data-align=\"center\">Toutes les 16<br>minutes<\/td><td class=\"has-text-align-center\" data-align=\"center\">Toutes les 11<br>minutes<\/td><td class=\"has-text-align-center\" data-align=\"center\">Toutes les 16<br>minutes<\/td><td class=\"has-text-align-center\" data-align=\"center\">Toutes les 11<br>minutes<\/td><td class=\"has-text-align-center\" data-align=\"center\">Toutes les 16<br>minutes<\/td><td class=\"has-text-align-center\" data-align=\"center\">Toutes les 11<br>minutes<\/td><td class=\"has-text-align-center\" data-align=\"center\">Toutes les 16<br>minutes<\/td><\/tr><\/tbody><\/table><\/figure>\n\n\n\n<p><\/p>\n\n\n\n<p>Cette ligne poss\u00e8des des v\u00e9hicules sp\u00e9cifiques (Iveco Cr\u00e9alis 18)<\/p>\n\n\n\n<figure class=\"wp-block-image size-materialis-full-hd\"><img loading=\"lazy\" decoding=\"async\" width=\"1920\" height=\"392\" src=\"https:\/\/seal.transport-manager.net\/thomas711\/wp-content\/uploads\/sites\/72\/2024\/10\/image3-1920x392.png\" alt=\"\" class=\"wp-image-1094\" srcset=\"https:\/\/seal.transport-manager.net\/thomas711\/wp-content\/uploads\/sites\/72\/2024\/10\/image3-1920x392.png 1920w, https:\/\/seal.transport-manager.net\/thomas711\/wp-content\/uploads\/sites\/72\/2024\/10\/image3-300x61.png 300w, https:\/\/seal.transport-manager.net\/thomas711\/wp-content\/uploads\/sites\/72\/2024\/10\/image3-1024x209.png 1024w, https:\/\/seal.transport-manager.net\/thomas711\/wp-content\/uploads\/sites\/72\/2024\/10\/image3-768x157.png 768w, https:\/\/seal.transport-manager.net\/thomas711\/wp-content\/uploads\/sites\/72\/2024\/10\/image3-1536x314.png 1536w, https:\/\/seal.transport-manager.net\/thomas711\/wp-content\/uploads\/sites\/72\/2024\/10\/image3-2048x418.png 2048w, https:\/\/seal.transport-manager.net\/thomas711\/wp-content\/uploads\/sites\/72\/2024\/10\/image3-1232x252.png 1232w\" sizes=\"auto, (max-width: 1920px) 100vw, 1920px\" \/><\/figure>\n","protected":false},"excerpt":{"rendered":"<p>Ligne 5 Mus\u00e9e d&rsquo;Art Moderne &lt;&gt; P\u00f4le Luca Pacioli via Gare de l&rsquo;Ouest et Science Po FR\u00c9QUENCE DU LUNDI AU VENDREDI EN PERIODE R\u00c9GULI\u00c8RE appel\u00e9 aussi les horaires \u00ab\u00a0Normal\u00a0\u00bb Horaires&nbsp;&hellip;<\/p>\n","protected":false},"author":72,"featured_media":0,"parent":68,"menu_order":0,"comment_status":"closed","ping_status":"closed","template":"","meta":{"_EventAllDay":false,"_EventTimezone":"","_EventStartDate":"","_EventEndDate":"","_EventStartDateUTC":"","_EventEndDateUTC":"","_EventShowMap":false,"_EventShowMapLink":false,"_EventURL":"","_EventCost":"","_EventCostDescription":"","_EventCurrencySymbol":"","_EventCurrencyCode":"","_EventCurrencyPosition":"","_EventDateTimeSeparator":"","_EventTimeRangeSeparator":"","_EventOrganizerID":[],"_EventVenueID":[],"_OrganizerEmail":"","_OrganizerPhone":"","_OrganizerWebsite":"","_VenueAddress":"","_VenueCity":"","_VenueCountry":"","_VenueProvince":"","_VenueState":"","_VenueZip":"","_VenuePhone":"","_VenueURL":"","_VenueStateProvince":"","_VenueLat":"","_VenueLng":"","_VenueShowMap":false,"_VenueShowMapLink":false,"footnotes":""},"class_list":["post-1093","page","type-page","status-publish","hentry"],"_links":{"self":[{"href":"https:\/\/seal.transport-manager.net\/thomas711\/wp-json\/wp\/v2\/pages\/1093","targetHints":{"allow":["GET"]}}],"collection":[{"href":"https:\/\/seal.transport-manager.net\/thomas711\/wp-json\/wp\/v2\/pages"}],"about":[{"href":"https:\/\/seal.transport-manager.net\/thomas711\/wp-json\/wp\/v2\/types\/page"}],"author":[{"embeddable":true,"href":"https:\/\/seal.transport-manager.net\/thomas711\/wp-json\/wp\/v2\/users\/72"}],"replies":[{"embeddable":true,"href":"https:\/\/seal.transport-manager.net\/thomas711\/wp-json\/wp\/v2\/comments?post=1093"}],"version-history":[{"count":13,"href":"https:\/\/seal.transport-manager.net\/thomas711\/wp-json\/wp\/v2\/pages\/1093\/revisions"}],"predecessor-version":[{"id":1439,"href":"https:\/\/seal.transport-manager.net\/thomas711\/wp-json\/wp\/v2\/pages\/1093\/revisions\/1439"}],"up":[{"embeddable":true,"href":"https:\/\/seal.transport-manager.net\/thomas711\/wp-json\/wp\/v2\/pages\/68"}],"wp:attachment":[{"href":"https:\/\/seal.transport-manager.net\/thomas711\/wp-json\/wp\/v2\/media?parent=1093"}],"curies":[{"name":"wp","href":"https:\/\/api.w.org\/{rel}","templated":true}]}}