{"id":1109,"date":"2024-10-29T16:06:21","date_gmt":"2024-10-29T15:06:21","guid":{"rendered":"https:\/\/seal.transport-manager.net\/thomas711\/?page_id=1109"},"modified":"2026-03-15T12:23:34","modified_gmt":"2026-03-15T11:23:34","slug":"ligne-11","status":"publish","type":"page","link":"https:\/\/seal.transport-manager.net\/thomas711\/les-lignes\/ligne-11\/","title":{"rendered":"Ligne 11"},"content":{"rendered":"\n<p class=\"has-text-align-center has-text-color has-link-color has-x-large-font-size wp-elements-df1a7e32175baa77a70903dd9357e7d6\" style=\"color:#751056\"><strong>Ligne 11 Clinique Saint Paul &lt;&gt; Campus Marthe Gautier<\/strong><\/p>\n\n\n\n<p class=\"has-text-align-center has-text-color has-link-color has-x-large-font-size wp-elements-f161c28edc43edd3e53752de7370f044\" style=\"color:#751056\"><strong>via Campus Maryse Esterle et Stade<\/strong><\/p>\n\n\n\n<figure class=\"wp-block-image size-large\"><img decoding=\"async\" src=\"https:\/\/transport-manager.net\/assets\/img\/lignes\/N5_L11_blanc2.png\" alt=\"\" \/><\/figure>\n\n\n\n<figure class=\"wp-block-table aligncenter has-small-font-size\"><table class=\"has-text-color has-background has-link-color has-fixed-layout\" style=\"color:#3e4042;background-color:#038ad1\"><tbody><tr><td class=\"has-text-align-center\" data-align=\"center\"><strong>FR\u00c9QUENCE DU LUNDI AU VENDREDI EN PERIODE R\u00c9GULI\u00c8RE<\/strong><\/td><\/tr><\/tbody><\/table><figcaption class=\"wp-element-caption\">appel\u00e9 aussi les horaires \u00ab\u00a0Normal\u00a0\u00bb<\/figcaption><\/figure>\n\n\n\n<figure class=\"wp-block-table is-style-stripes\"><table class=\"has-text-color has-background has-link-color has-fixed-layout\" style=\"color:#3e4042;background-color:#038ad1\"><thead><tr><th class=\"has-text-align-center\" data-align=\"center\">Horaires<\/th><th class=\"has-text-align-center\" data-align=\"center\">6h \u00e0 7h<\/th><th class=\"has-text-align-center\" data-align=\"center\">7h \u00e0 9h<\/th><th class=\"has-text-align-center\" data-align=\"center\">9h \u00e0 12h<\/th><th class=\"has-text-align-center\" data-align=\"center\">12h \u00e0 14h<\/th><th class=\"has-text-align-center\" data-align=\"center\">14h \u00e0 17h<\/th><th class=\"has-text-align-center\" data-align=\"center\">17h \u00e0 19h<\/th><th class=\"has-text-align-center\" data-align=\"center\">19h \u00e0 20h<\/th><th class=\"has-text-align-center\" data-align=\"center\">20h \u00e0 00h<\/th><\/tr><\/thead><tbody><tr><td class=\"has-text-align-center\" data-align=\"center\">Fr\u00e9quences<\/td><td class=\"has-text-align-center\" data-align=\"center\">Toutes les 11 minutes<\/td><td class=\"has-text-align-center\" data-align=\"center\">Toutes les 7 minutes<\/td><td class=\"has-text-align-center\" data-align=\"center\">Toutes les 11 minutes<\/td><td class=\"has-text-align-center\" data-align=\"center\">Toutes les 7 minutes<\/td><td class=\"has-text-align-center\" data-align=\"center\">Toutes les 11 minutes<\/td><td class=\"has-text-align-center\" data-align=\"center\">Toutes les 7 minutes<\/td><td class=\"has-text-align-center\" data-align=\"center\">Toutes les 11 minutes<\/td><td class=\"has-text-align-center\" data-align=\"center\">Toutes les 21 minutes<\/td><\/tr><\/tbody><\/table><\/figure>\n\n\n\n<figure class=\"wp-block-table aligncenter has-small-font-size\"><table class=\"has-text-color has-background has-link-color has-fixed-layout\" style=\"color:#3e4042;background-color:#038ad1\"><tbody><tr><td class=\"has-text-align-center\" data-align=\"center\"><strong>FR\u00c9QUENCE DU SAMEDI EN PERIODE R\u00c9GULI\u00c8RE<\/strong><\/td><\/tr><\/tbody><\/table><figcaption class=\"wp-element-caption\">appel\u00e9 aussi les horaires \u00ab\u00a0Normal\u00a0\u00bb<\/figcaption><\/figure>\n\n\n\n<figure class=\"wp-block-table is-style-stripes\"><table class=\"has-text-color has-background has-link-color has-fixed-layout\" style=\"color:#3e4042;background-color:#038ad1\"><thead><tr><th class=\"has-text-align-center\" data-align=\"center\">Horaires<\/th><th class=\"has-text-align-center\" data-align=\"center\">6h \u00e0 7h<\/th><th class=\"has-text-align-center\" data-align=\"center\">7h \u00e0 10h<\/th><th class=\"has-text-align-center\" data-align=\"center\">10h \u00e0 12h<\/th><th class=\"has-text-align-center\" data-align=\"center\">12h \u00e0 14h<\/th><th class=\"has-text-align-center\" data-align=\"center\">14h \u00e0 16h<\/th><th class=\"has-text-align-center\" data-align=\"center\">16h \u00e0 20h<\/th><th class=\"has-text-align-center\" data-align=\"center\">20h \u00e0 00h<\/th><\/tr><\/thead><tbody><tr><td class=\"has-text-align-center\" data-align=\"center\">Fr\u00e9quences<\/td><td class=\"has-text-align-center\" data-align=\"center\">Toutes les 14 minutes<\/td><td class=\"has-text-align-center\" data-align=\"center\">Toutes les 11 <br>minutes<\/td><td class=\"has-text-align-center\" data-align=\"center\">Toutes les 14 minutes<\/td><td class=\"has-text-align-center\" data-align=\"center\">Toutes les 11 <br>minutes<\/td><td class=\"has-text-align-center\" data-align=\"center\">Toutes les 14 minutes<\/td><td class=\"has-text-align-center\" data-align=\"center\">Toutes les 11 <br>minutes<\/td><td class=\"has-text-align-center\" data-align=\"center\">Toutes les 21<br>minutes<\/td><\/tr><\/tbody><\/table><\/figure>\n\n\n\n<figure class=\"wp-block-table aligncenter has-small-font-size\"><table class=\"has-text-color has-background has-link-color has-fixed-layout\" style=\"color:#3e4042;background-color:#038ad1\"><tbody><tr><td class=\"has-text-align-center\" data-align=\"center\"><strong>FR\u00c9QUENCE DU DIMANCHE EN PERIODE R\u00c9GULI\u00c8RE<\/strong><\/td><\/tr><\/tbody><\/table><figcaption class=\"wp-element-caption\">appel\u00e9 aussi les horaires \u00ab\u00a0Normal\u00a0\u00bb<\/figcaption><\/figure>\n\n\n\n<figure class=\"wp-block-table is-style-stripes\"><table class=\"has-text-color has-background has-link-color has-fixed-layout\" style=\"color:#3e4042;background-color:#038ad1\"><thead><tr><th class=\"has-text-align-center\" data-align=\"center\">Horaires<\/th><th class=\"has-text-align-center\" data-align=\"center\">6h15 \u00e0 22h30<\/th><\/tr><\/thead><tbody><tr><td class=\"has-text-align-center\" data-align=\"center\">Fr\u00e9quences<\/td><td class=\"has-text-align-center\" data-align=\"center\">Toutes les 14<br>minutes<\/td><\/tr><\/tbody><\/table><\/figure>\n\n\n\n<figure class=\"wp-block-table aligncenter has-small-font-size\"><table class=\"has-luminous-vivid-orange-background-color has-text-color has-background has-link-color has-fixed-layout\" style=\"color:#3e4042\"><tbody><tr><td class=\"has-text-align-center\" data-align=\"center\"><strong>FR\u00c9QUENCE DU LUNDI AU VENDREDI EN PERIODE DES VACANCES SCOLAIRE<\/strong><\/td><\/tr><\/tbody><\/table><figcaption class=\"wp-element-caption\">appel\u00e9 aussi les horaires \u00ab\u00a0Mars\u00a0\u00bb<\/figcaption><\/figure>\n\n\n\n<figure class=\"wp-block-table is-style-stripes\"><table class=\"has-text-color has-background has-link-color has-fixed-layout\" style=\"color:#3e4042;background-color:#038ad1\"><thead><tr><th class=\"has-text-align-center\" data-align=\"center\">Horaires<\/th><th class=\"has-text-align-center\" data-align=\"center\">6h \u00e0 7h<\/th><th class=\"has-text-align-center\" data-align=\"center\">7h \u00e0 9h<\/th><th class=\"has-text-align-center\" data-align=\"center\">9h \u00e0 12h<\/th><th class=\"has-text-align-center\" data-align=\"center\">12h \u00e0 14h<\/th><th class=\"has-text-align-center\" data-align=\"center\">14h \u00e0 17h<\/th><th class=\"has-text-align-center\" data-align=\"center\">17h \u00e0 19h<\/th><th class=\"has-text-align-center\" data-align=\"center\">19h \u00e0 20h<\/th><th class=\"has-text-align-center\" data-align=\"center\">20h \u00e0 23h30<\/th><\/tr><\/thead><tbody><tr><td class=\"has-text-align-center\" data-align=\"center\">Fr\u00e9quences<\/td><td class=\"has-text-align-center\" data-align=\"center\">Toutes les 14 minutes<\/td><td class=\"has-text-align-center\" data-align=\"center\">Toutes les 11 minutes<\/td><td class=\"has-text-align-center\" data-align=\"center\">Toutes les 14 minutes<\/td><td class=\"has-text-align-center\" data-align=\"center\">Toutes les 11 minutes<\/td><td class=\"has-text-align-center\" data-align=\"center\">Toutes les 14 minutes<\/td><td class=\"has-text-align-center\" data-align=\"center\">Toutes les 11 minutes<\/td><td class=\"has-text-align-center\" data-align=\"center\">Toutes les 14 minutes<\/td><td class=\"has-text-align-center\" data-align=\"center\">Toutes les 21 minutes<\/td><\/tr><\/tbody><\/table><\/figure>\n\n\n\n<figure class=\"wp-block-table aligncenter has-small-font-size\"><table class=\"has-luminous-vivid-orange-background-color has-text-color has-background has-link-color has-fixed-layout\" style=\"color:#3e4042\"><tbody><tr><td class=\"has-text-align-center\" data-align=\"center\"><strong>FR\u00c9QUENCE DU SAMEDI EN PERIODE DES VACANCES SCOLAIRE<\/strong><\/td><\/tr><\/tbody><\/table><figcaption class=\"wp-element-caption\">appel\u00e9 aussi les horaires \u00ab\u00a0Mars\u00a0\u00bb<\/figcaption><\/figure>\n\n\n\n<figure class=\"wp-block-table is-style-stripes\"><table class=\"has-text-color has-background has-link-color has-fixed-layout\" style=\"color:#3e4042;background-color:#038ad1\"><thead><tr><th class=\"has-text-align-center\" data-align=\"center\">Horaires<\/th><th class=\"has-text-align-center\" data-align=\"center\">6h15 \u00e0 7h<\/th><th class=\"has-text-align-center\" data-align=\"center\">7h \u00e0 9h<\/th><th class=\"has-text-align-center\" data-align=\"center\">9h \u00e0 12h<\/th><th class=\"has-text-align-center\" data-align=\"center\">12h \u00e0 14h<\/th><th class=\"has-text-align-center\" data-align=\"center\">14h \u00e0 17h<\/th><th class=\"has-text-align-center\" data-align=\"center\">17h \u00e0 19h<\/th><th class=\"has-text-align-center\" data-align=\"center\">19h \u00e0 23h30<\/th><\/tr><\/thead><tbody><tr><td class=\"has-text-align-center\" data-align=\"center\">Fr\u00e9quences<\/td><td class=\"has-text-align-center\" data-align=\"center\">Toutes les 21 minutes<\/td><td class=\"has-text-align-center\" data-align=\"center\">Toutes les 11 minutes<\/td><td class=\"has-text-align-center\" data-align=\"center\">Toutes les 21 minutes<\/td><td class=\"has-text-align-center\" data-align=\"center\">Toutes les 11 minutes<\/td><td class=\"has-text-align-center\" data-align=\"center\">Toutes les 21 minutes<\/td><td class=\"has-text-align-center\" data-align=\"center\">Toutes les 11 minutes<\/td><td class=\"has-text-align-center\" data-align=\"center\">Toutes les 21 minutes<\/td><\/tr><\/tbody><\/table><\/figure>\n\n\n\n<figure class=\"wp-block-table aligncenter has-small-font-size\"><table class=\"has-luminous-vivid-orange-background-color has-text-color has-background has-link-color has-fixed-layout\" style=\"color:#3e4042\"><tbody><tr><td class=\"has-text-align-center\" data-align=\"center\"><strong>FR\u00c9QUENCE DU DIMANCHE EN PERIODE DES VACANCES SCOLAIRE<\/strong><\/td><\/tr><\/tbody><\/table><figcaption class=\"wp-element-caption\">appel\u00e9 aussi les horaires \u00ab\u00a0Mars\u00a0\u00bb<\/figcaption><\/figure>\n\n\n\n<figure class=\"wp-block-table is-style-stripes\"><table class=\"has-text-color has-background has-link-color has-fixed-layout\" style=\"color:#3e4042;background-color:#038ad1\"><thead><tr><th>Horaires<\/th><th class=\"has-text-align-center\" data-align=\"center\">6h30 \u00e0 7h<\/th><th class=\"has-text-align-center\" data-align=\"center\">7h \u00e0 10h<\/th><th class=\"has-text-align-center\" data-align=\"center\">10h \u00e0 12h<\/th><th class=\"has-text-align-center\" data-align=\"center\">12h \u00e0 14h<\/th><th class=\"has-text-align-center\" data-align=\"center\">14h \u00e0 16h<\/th><th class=\"has-text-align-center\" data-align=\"center\">16h \u00e0 20h<\/th><th class=\"has-text-align-center\" data-align=\"center\">20h \u00e0 22h45<\/th><\/tr><\/thead><tbody><tr><td>Fr\u00e9quences<\/td><td class=\"has-text-align-center\" data-align=\"center\">Toutes les 21<br>minutes<\/td><td class=\"has-text-align-center\" data-align=\"center\">Toutes les 14 minutes<\/td><td class=\"has-text-align-center\" data-align=\"center\">Toutes les 21 minutes<\/td><td class=\"has-text-align-center\" data-align=\"center\">Toutes les 14 minutes<\/td><td class=\"has-text-align-center\" data-align=\"center\">Toutes les 21 minutes<\/td><td class=\"has-text-align-center\" data-align=\"center\">Toutes les 14 minutes<\/td><td class=\"has-text-align-center\" data-align=\"center\">Toutes les 21 minutes<\/td><\/tr><\/tbody><\/table><\/figure>\n\n\n\n<figure class=\"wp-block-table aligncenter has-small-font-size\"><table class=\"has-luminous-vivid-amber-background-color has-text-color has-background has-link-color has-fixed-layout\" style=\"color:#3e4042\"><tbody><tr><td class=\"has-text-align-center\" data-align=\"center\"><strong>FR\u00c9QUENCE DU LUNDI AU VENDREDI EN PERIODE DES VACANCES D&rsquo;\u00c9T\u00c9<\/strong><\/td><\/tr><\/tbody><\/table><figcaption class=\"wp-element-caption\">appel\u00e9 aussi les horaires \u00ab\u00a0Soleil\u00a0\u00bb<\/figcaption><\/figure>\n\n\n\n<figure class=\"wp-block-table is-style-stripes\"><table class=\"has-text-color has-background has-link-color has-fixed-layout\" style=\"color:#3e4042;background-color:#038ad1\"><thead><tr><th class=\"has-text-align-center\" data-align=\"center\">Horaires<\/th><th class=\"has-text-align-center\" data-align=\"center\">6h \u00e0 7h<\/th><th class=\"has-text-align-center\" data-align=\"center\">7h \u00e0 9h<\/th><th class=\"has-text-align-center\" data-align=\"center\">9h \u00e0 12h<\/th><th class=\"has-text-align-center\" data-align=\"center\">12h \u00e0 14h<\/th><th class=\"has-text-align-center\" data-align=\"center\">14h \u00e0 17h<\/th><th class=\"has-text-align-center\" data-align=\"center\">17h \u00e0 19h<\/th><th class=\"has-text-align-center\" data-align=\"center\">19h \u00e0 20h<\/th><th class=\"has-text-align-center\" data-align=\"center\">20h \u00e0 00h00<\/th><\/tr><\/thead><tbody><tr><td class=\"has-text-align-center\" data-align=\"center\">Fr\u00e9quences<\/td><td class=\"has-text-align-center\" data-align=\"center\">Toutes les 14 minutes<\/td><td class=\"has-text-align-center\" data-align=\"center\">Toutes les 11 minutes<\/td><td class=\"has-text-align-center\" data-align=\"center\">Toutes les 14 minutes<\/td><td class=\"has-text-align-center\" data-align=\"center\">Toutes les 11 minutes<\/td><td class=\"has-text-align-center\" data-align=\"center\">Toutes les 14 minutes<\/td><td class=\"has-text-align-center\" data-align=\"center\">Toutes les 11 minutes<\/td><td class=\"has-text-align-center\" data-align=\"center\">Toutes les 14 minutes<\/td><td class=\"has-text-align-center\" data-align=\"center\">Toutes les 21 minutes<\/td><\/tr><\/tbody><\/table><\/figure>\n\n\n\n<figure class=\"wp-block-table aligncenter has-small-font-size\"><table class=\"has-luminous-vivid-amber-background-color has-text-color has-background has-link-color has-fixed-layout\" style=\"color:#3e4042\"><tbody><tr><td class=\"has-text-align-center\" data-align=\"center\"><strong>FR\u00c9QUENCE DU SAMEDI EN PERIODE DES VACANCES D&rsquo;\u00c9T\u00c9<\/strong><\/td><\/tr><\/tbody><\/table><figcaption class=\"wp-element-caption\">appel\u00e9 aussi les horaires \u00ab\u00a0Soleil\u00a0\u00bb<\/figcaption><\/figure>\n\n\n\n<figure class=\"wp-block-table is-style-stripes\"><table class=\"has-text-color has-background has-link-color has-fixed-layout\" style=\"color:#3e4042;background-color:#038ad1\"><thead><tr><th class=\"has-text-align-center\" data-align=\"center\">Horaires<\/th><th class=\"has-text-align-center\" data-align=\"center\">6h \u00e0 7h<\/th><th class=\"has-text-align-center\" data-align=\"center\">7h \u00e0 9h<\/th><th class=\"has-text-align-center\" data-align=\"center\">9h \u00e0 12h<\/th><th class=\"has-text-align-center\" data-align=\"center\">12h \u00e0 14h<\/th><th class=\"has-text-align-center\" data-align=\"center\">14h \u00e0 17h<\/th><th class=\"has-text-align-center\" data-align=\"center\">17h \u00e0 19h<\/th><th class=\"has-text-align-center\" data-align=\"center\">19h \u00e0 00h00<\/th><\/tr><\/thead><tbody><tr><td class=\"has-text-align-center\" data-align=\"center\">Fr\u00e9quences<\/td><td class=\"has-text-align-center\" data-align=\"center\">Toutes les 21 minutes<\/td><td class=\"has-text-align-center\" data-align=\"center\">Toutes les 14 minutes<\/td><td class=\"has-text-align-center\" data-align=\"center\">Toutes les 21 minutes<\/td><td class=\"has-text-align-center\" data-align=\"center\">Toutes les 14 minutes<\/td><td class=\"has-text-align-center\" data-align=\"center\">Toutes les 21 minutes<\/td><td class=\"has-text-align-center\" data-align=\"center\">Toutes les 14 minutes<\/td><td class=\"has-text-align-center\" data-align=\"center\">Toutes les 21 minutes<\/td><\/tr><\/tbody><\/table><\/figure>\n\n\n\n<figure class=\"wp-block-table aligncenter has-small-font-size\"><table class=\"has-luminous-vivid-amber-background-color has-text-color has-background has-link-color has-fixed-layout\" style=\"color:#3e4042\"><tbody><tr><td class=\"has-text-align-center\" data-align=\"center\"><strong>FR\u00c9QUENCE DU DIMANCHE EN PERIODE DES VACANCES D&rsquo;\u00c9T\u00c9<\/strong><\/td><\/tr><\/tbody><\/table><figcaption class=\"wp-element-caption\">appel\u00e9 aussi les horaires \u00ab\u00a0Soleil\u00a0\u00bb<\/figcaption><\/figure>\n\n\n\n<figure class=\"wp-block-table is-style-stripes\"><table class=\"has-text-color has-background has-link-color has-fixed-layout\" style=\"color:#3e4042;background-color:#038ad1\"><thead><tr><th class=\"has-text-align-center\" data-align=\"center\">Horaires<\/th><th class=\"has-text-align-center\" data-align=\"center\">6h15 \u00e0 22h45<\/th><\/tr><\/thead><tbody><tr><td class=\"has-text-align-center\" data-align=\"center\">Fr\u00e9quences<\/td><td class=\"has-text-align-center\" data-align=\"center\">Toutes les 14<br>minutes<\/td><\/tr><\/tbody><\/table><\/figure>\n\n\n\n<p><\/p>\n","protected":false},"excerpt":{"rendered":"<p>Ligne 11 Clinique Saint Paul &lt;&gt; Campus Marthe Gautier via Campus Maryse Esterle et Stade FR\u00c9QUENCE DU LUNDI AU VENDREDI EN PERIODE R\u00c9GULI\u00c8RE appel\u00e9 aussi les horaires \u00ab\u00a0Normal\u00a0\u00bb Horaires 6h&nbsp;&hellip;<\/p>\n","protected":false},"author":72,"featured_media":0,"parent":68,"menu_order":0,"comment_status":"closed","ping_status":"closed","template":"","meta":{"_EventAllDay":false,"_EventTimezone":"","_EventStartDate":"","_EventEndDate":"","_EventStartDateUTC":"","_EventEndDateUTC":"","_EventShowMap":false,"_EventShowMapLink":false,"_EventURL":"","_EventCost":"","_EventCostDescription":"","_EventCurrencySymbol":"","_EventCurrencyCode":"","_EventCurrencyPosition":"","_EventDateTimeSeparator":"","_EventTimeRangeSeparator":"","_EventOrganizerID":[],"_EventVenueID":[],"_OrganizerEmail":"","_OrganizerPhone":"","_OrganizerWebsite":"","_VenueAddress":"","_VenueCity":"","_VenueCountry":"","_VenueProvince":"","_VenueState":"","_VenueZip":"","_VenuePhone":"","_VenueURL":"","_VenueStateProvince":"","_VenueLat":"","_VenueLng":"","_VenueShowMap":false,"_VenueShowMapLink":false,"footnotes":""},"class_list":["post-1109","page","type-page","status-publish","hentry"],"_links":{"self":[{"href":"https:\/\/seal.transport-manager.net\/thomas711\/wp-json\/wp\/v2\/pages\/1109","targetHints":{"allow":["GET"]}}],"collection":[{"href":"https:\/\/seal.transport-manager.net\/thomas711\/wp-json\/wp\/v2\/pages"}],"about":[{"href":"https:\/\/seal.transport-manager.net\/thomas711\/wp-json\/wp\/v2\/types\/page"}],"author":[{"embeddable":true,"href":"https:\/\/seal.transport-manager.net\/thomas711\/wp-json\/wp\/v2\/users\/72"}],"replies":[{"embeddable":true,"href":"https:\/\/seal.transport-manager.net\/thomas711\/wp-json\/wp\/v2\/comments?post=1109"}],"version-history":[{"count":6,"href":"https:\/\/seal.transport-manager.net\/thomas711\/wp-json\/wp\/v2\/pages\/1109\/revisions"}],"predecessor-version":[{"id":1446,"href":"https:\/\/seal.transport-manager.net\/thomas711\/wp-json\/wp\/v2\/pages\/1109\/revisions\/1446"}],"up":[{"embeddable":true,"href":"https:\/\/seal.transport-manager.net\/thomas711\/wp-json\/wp\/v2\/pages\/68"}],"wp:attachment":[{"href":"https:\/\/seal.transport-manager.net\/thomas711\/wp-json\/wp\/v2\/media?parent=1109"}],"curies":[{"name":"wp","href":"https:\/\/api.w.org\/{rel}","templated":true}]}}