{"id":1111,"date":"2024-10-29T16:08:01","date_gmt":"2024-10-29T15:08:01","guid":{"rendered":"https:\/\/seal.transport-manager.net\/thomas711\/?page_id=1111"},"modified":"2026-03-15T12:26:17","modified_gmt":"2026-03-15T11:26:17","slug":"ligne-12","status":"publish","type":"page","link":"https:\/\/seal.transport-manager.net\/thomas711\/les-lignes\/ligne-12\/","title":{"rendered":"Ligne 12"},"content":{"rendered":"\n<p class=\"has-text-align-center has-text-color has-link-color has-x-large-font-size wp-elements-4cb468f8c95821e512d35986efb0bc7f\" style=\"color:#007229\"><strong>Ligne 12 Gare Centrale &lt;&gt; Parc d&rsquo;attraction<\/strong><\/p>\n\n\n\n<p class=\"has-text-align-center has-text-color has-link-color has-x-large-font-size wp-elements-56fb1be1a6643762563763ad7e7301b3\" style=\"color:#007229\"><strong>via Palais des Beaux-Arts et Stade<\/strong><\/p>\n\n\n\n<figure class=\"wp-block-image size-large is-resized\"><img decoding=\"async\" src=\"https:\/\/transport-manager.net\/assets\/img\/lignes\/N5_L12_blanc2.png\" alt=\"\" style=\"width:840px;height:auto\" \/><\/figure>\n\n\n\n<figure class=\"wp-block-table aligncenter has-small-font-size\"><table class=\"has-text-color has-background has-link-color has-fixed-layout\" style=\"color:#3e4042;background-color:#038ad1\"><tbody><tr><td class=\"has-text-align-center\" data-align=\"center\"><strong>FR\u00c9QUENCE DU LUNDI AU VENDREDI EN PERIODE R\u00c9GULI\u00c8RE<\/strong><\/td><\/tr><\/tbody><\/table><figcaption class=\"wp-element-caption\">appel\u00e9 aussi les horaires \u00ab\u00a0Normal\u00a0\u00bb<\/figcaption><\/figure>\n\n\n\n<figure class=\"wp-block-table is-style-stripes\"><table class=\"has-text-color has-background has-link-color has-fixed-layout\" style=\"color:#3e4042;background-color:#038ad1\"><thead><tr><th class=\"has-text-align-center\" data-align=\"center\">Horaires<\/th><th class=\"has-text-align-center\" data-align=\"center\">6h \u00e0 7h<\/th><th class=\"has-text-align-center\" data-align=\"center\">7h \u00e0 9h<\/th><th class=\"has-text-align-center\" data-align=\"center\">9h \u00e0 12h<\/th><th class=\"has-text-align-center\" data-align=\"center\">12h \u00e0 14h<\/th><th class=\"has-text-align-center\" data-align=\"center\">14h \u00e0 17h<\/th><th class=\"has-text-align-center\" data-align=\"center\">17h \u00e0 19h<\/th><th class=\"has-text-align-center\" data-align=\"center\">19h \u00e0 20h<\/th><th class=\"has-text-align-center\" data-align=\"center\">20h \u00e0 00h<\/th><\/tr><\/thead><tbody><tr><td class=\"has-text-align-center\" data-align=\"center\">Fr\u00e9quences<\/td><td class=\"has-text-align-center\" data-align=\"center\">Toutes les 9 minutes<\/td><td class=\"has-text-align-center\" data-align=\"center\">Toutes les 6 minutes<\/td><td class=\"has-text-align-center\" data-align=\"center\">Toutes les 9 minutes<\/td><td class=\"has-text-align-center\" data-align=\"center\">Toutes les 6 minutes<\/td><td class=\"has-text-align-center\" data-align=\"center\">Toutes les 9 minutes<\/td><td class=\"has-text-align-center\" data-align=\"center\">Toutes les 6 minutes<\/td><td class=\"has-text-align-center\" data-align=\"center\">Toutes les 9 minutes<\/td><td class=\"has-text-align-center\" data-align=\"center\">Toutes les 14 minutes<\/td><\/tr><\/tbody><\/table><\/figure>\n\n\n\n<figure class=\"wp-block-table aligncenter has-small-font-size\"><table class=\"has-text-color has-background has-link-color has-fixed-layout\" style=\"color:#3e4042;background-color:#038ad1\"><tbody><tr><td class=\"has-text-align-center\" data-align=\"center\"><strong>FR\u00c9QUENCE DU SAMEDI EN PERIODE R\u00c9GULI\u00c8RE<\/strong><\/td><\/tr><\/tbody><\/table><figcaption class=\"wp-element-caption\">appel\u00e9 aussi les horaires \u00ab\u00a0Normal\u00a0\u00bb<\/figcaption><\/figure>\n\n\n\n<figure class=\"wp-block-table is-style-stripes\"><table class=\"has-text-color has-background has-link-color has-fixed-layout\" style=\"color:#3e4042;background-color:#038ad1\"><thead><tr><th class=\"has-text-align-center\" data-align=\"center\">Horaires<\/th><th class=\"has-text-align-center\" data-align=\"center\">6h \u00e0 7h<\/th><th class=\"has-text-align-center\" data-align=\"center\">7h \u00e0 10h<\/th><th class=\"has-text-align-center\" data-align=\"center\">10h \u00e0 12h<\/th><th class=\"has-text-align-center\" data-align=\"center\">12h \u00e0 14h<\/th><th class=\"has-text-align-center\" data-align=\"center\">14h \u00e0 16h<\/th><th class=\"has-text-align-center\" data-align=\"center\">16h \u00e0 20h<\/th><th class=\"has-text-align-center\" data-align=\"center\">20h \u00e0 00h<\/th><\/tr><\/thead><tbody><tr><td class=\"has-text-align-center\" data-align=\"center\">Fr\u00e9quences<\/td><td class=\"has-text-align-center\" data-align=\"center\">Toutes les 14 minutes<\/td><td class=\"has-text-align-center\" data-align=\"center\">Toutes les 9 <br>minutes<\/td><td class=\"has-text-align-center\" data-align=\"center\">Toutes les 14 minutes<\/td><td class=\"has-text-align-center\" data-align=\"center\">Toutes les 9 <br>minutes<\/td><td class=\"has-text-align-center\" data-align=\"center\">Toutes les 14 minutes<\/td><td class=\"has-text-align-center\" data-align=\"center\">Toutes les 9 <br>minutes<\/td><td class=\"has-text-align-center\" data-align=\"center\">Toutes les 18<br>minutes<\/td><\/tr><\/tbody><\/table><\/figure>\n\n\n\n<figure class=\"wp-block-table aligncenter has-small-font-size\"><table class=\"has-text-color has-background has-link-color has-fixed-layout\" style=\"color:#3e4042;background-color:#038ad1\"><tbody><tr><td class=\"has-text-align-center\" data-align=\"center\"><strong>FR\u00c9QUENCE DU DIMANCHE EN PERIODE R\u00c9GULI\u00c8RE<\/strong><\/td><\/tr><\/tbody><\/table><figcaption class=\"wp-element-caption\">appel\u00e9 aussi les horaires \u00ab\u00a0Normal\u00a0\u00bb<\/figcaption><\/figure>\n\n\n\n<figure class=\"wp-block-table is-style-stripes\"><table class=\"has-text-color has-background has-link-color has-fixed-layout\" style=\"color:#3e4042;background-color:#038ad1\"><thead><tr><th class=\"has-text-align-center\" data-align=\"center\">Horaires<\/th><th class=\"has-text-align-center\" data-align=\"center\">6h15 \u00e0 7h<\/th><th class=\"has-text-align-center\" data-align=\"center\">7h \u00e0 10h<\/th><th class=\"has-text-align-center\" data-align=\"center\">10h \u00e0 12h<\/th><th class=\"has-text-align-center\" data-align=\"center\">12h \u00e0 14h<\/th><th class=\"has-text-align-center\" data-align=\"center\">14h \u00e0 16h<\/th><th class=\"has-text-align-center\" data-align=\"center\">16h \u00e0 20h<\/th><th class=\"has-text-align-center\" data-align=\"center\">20h \u00e0 22h45<\/th><\/tr><\/thead><tbody><tr><td class=\"has-text-align-center\" data-align=\"center\">Fr\u00e9quences<\/td><td class=\"has-text-align-center\" data-align=\"center\">Toutes les 14<br>minutes<\/td><td class=\"has-text-align-center\" data-align=\"center\">Toutes les 9 <br>minutes<\/td><td class=\"has-text-align-center\" data-align=\"center\">Toutes les 14 minutes<\/td><td class=\"has-text-align-center\" data-align=\"center\">Toutes les 9 <br>minutes<\/td><td class=\"has-text-align-center\" data-align=\"center\">Toutes les 14 minutes<\/td><td class=\"has-text-align-center\" data-align=\"center\">Toutes les 9 <br>minutes<\/td><td class=\"has-text-align-center\" data-align=\"center\">Toutes les 14 minutes<\/td><\/tr><\/tbody><\/table><\/figure>\n\n\n\n<figure class=\"wp-block-table aligncenter has-small-font-size\"><table class=\"has-luminous-vivid-orange-background-color has-text-color has-background has-link-color has-fixed-layout\" style=\"color:#3e4042\"><tbody><tr><td class=\"has-text-align-center\" data-align=\"center\"><strong>FR\u00c9QUENCE DU LUNDI AU VENDREDI EN PERIODE DES VACANCES SCOLAIRE<\/strong><\/td><\/tr><\/tbody><\/table><figcaption class=\"wp-element-caption\">appel\u00e9 aussi les horaires \u00ab\u00a0Mars\u00a0\u00bb<\/figcaption><\/figure>\n\n\n\n<figure class=\"wp-block-table is-style-stripes\"><table class=\"has-text-color has-background has-link-color has-fixed-layout\" style=\"color:#3e4042;background-color:#038ad1\"><thead><tr><th class=\"has-text-align-center\" data-align=\"center\">Horaires<\/th><th class=\"has-text-align-center\" data-align=\"center\">6h \u00e0 7h<\/th><th class=\"has-text-align-center\" data-align=\"center\">7h \u00e0 9h<\/th><th class=\"has-text-align-center\" data-align=\"center\">9h \u00e0 12h<\/th><th class=\"has-text-align-center\" data-align=\"center\">12h \u00e0 14h<\/th><th class=\"has-text-align-center\" data-align=\"center\">14h \u00e0 17h<\/th><th class=\"has-text-align-center\" data-align=\"center\">17h \u00e0 19h<\/th><th class=\"has-text-align-center\" data-align=\"center\">19h \u00e0 20h<\/th><th class=\"has-text-align-center\" data-align=\"center\">20h \u00e0 23h30<\/th><\/tr><\/thead><tbody><tr><td class=\"has-text-align-center\" data-align=\"center\">Fr\u00e9quences<\/td><td class=\"has-text-align-center\" data-align=\"center\">Toutes les 13 minutes<\/td><td class=\"has-text-align-center\" data-align=\"center\">Toutes les 9 minutes<\/td><td class=\"has-text-align-center\" data-align=\"center\">Toutes les 13 minutes<\/td><td class=\"has-text-align-center\" data-align=\"center\">Toutes les 9 minutes<\/td><td class=\"has-text-align-center\" data-align=\"center\">Toutes les 13 minutes<\/td><td class=\"has-text-align-center\" data-align=\"center\">Toutes les 9 minutes<\/td><td class=\"has-text-align-center\" data-align=\"center\">Toutes les 13 minutes<\/td><td class=\"has-text-align-center\" data-align=\"center\">Toutes les 22 minutes<\/td><\/tr><\/tbody><\/table><\/figure>\n\n\n\n<figure class=\"wp-block-table aligncenter has-small-font-size\"><table class=\"has-luminous-vivid-orange-background-color has-text-color has-background has-link-color has-fixed-layout\" style=\"color:#3e4042\"><tbody><tr><td class=\"has-text-align-center\" data-align=\"center\"><strong>FR\u00c9QUENCE DU SAMEDI EN PERIODE DES VACANCES SCOLAIRE<\/strong><\/td><\/tr><\/tbody><\/table><figcaption class=\"wp-element-caption\">appel\u00e9 aussi les horaires \u00ab\u00a0Mars\u00a0\u00bb<\/figcaption><\/figure>\n\n\n\n<figure class=\"wp-block-table is-style-stripes\"><table class=\"has-text-color has-background has-link-color has-fixed-layout\" style=\"color:#3e4042;background-color:#038ad1\"><thead><tr><th class=\"has-text-align-center\" data-align=\"center\">Horaires<\/th><th class=\"has-text-align-center\" data-align=\"center\">6h15 \u00e0 7h<\/th><th class=\"has-text-align-center\" data-align=\"center\">7h \u00e0 9h<\/th><th class=\"has-text-align-center\" data-align=\"center\">9h \u00e0 12h<\/th><th class=\"has-text-align-center\" data-align=\"center\">12h \u00e0 14h<\/th><th class=\"has-text-align-center\" data-align=\"center\">14h \u00e0 17h<\/th><th class=\"has-text-align-center\" data-align=\"center\">17h \u00e0 19h<\/th><th class=\"has-text-align-center\" data-align=\"center\">19h \u00e0 20h<\/th><th class=\"has-text-align-center\" data-align=\"center\">20h \u00e0 23h30<\/th><\/tr><\/thead><tbody><tr><td class=\"has-text-align-center\" data-align=\"center\">Fr\u00e9quences<\/td><td class=\"has-text-align-center\" data-align=\"center\">Toutes les 17 minutes<\/td><td class=\"has-text-align-center\" data-align=\"center\">Toutes les 11 minutes<\/td><td class=\"has-text-align-center\" data-align=\"center\">Toutes les 17 minutes<\/td><td class=\"has-text-align-center\" data-align=\"center\">Toutes les 11 minutes<\/td><td class=\"has-text-align-center\" data-align=\"center\">Toutes les 17 minutes<\/td><td class=\"has-text-align-center\" data-align=\"center\">Toutes les 11 minutes<\/td><td class=\"has-text-align-center\" data-align=\"center\">Toutes les 17 minutes<\/td><td class=\"has-text-align-center\" data-align=\"center\">Toutes les 22 minutes<\/td><\/tr><\/tbody><\/table><\/figure>\n\n\n\n<figure class=\"wp-block-table aligncenter has-small-font-size\"><table class=\"has-luminous-vivid-orange-background-color has-text-color has-background has-link-color has-fixed-layout\" style=\"color:#3e4042\"><tbody><tr><td class=\"has-text-align-center\" data-align=\"center\"><strong>FR\u00c9QUENCE DU DIMANCHE EN PERIODE DES VACANCES SCOLAIRE<\/strong><\/td><\/tr><\/tbody><\/table><figcaption class=\"wp-element-caption\">appel\u00e9 aussi les horaires \u00ab\u00a0Mars\u00a0\u00bb<\/figcaption><\/figure>\n\n\n\n<figure class=\"wp-block-table is-style-stripes\"><table class=\"has-text-color has-background has-link-color has-fixed-layout\" style=\"color:#3e4042;background-color:#038ad1\"><thead><tr><th class=\"has-text-align-center\" data-align=\"center\">Horaires<\/th><th class=\"has-text-align-center\" data-align=\"center\">6h30 \u00e0 7h<\/th><th class=\"has-text-align-center\" data-align=\"center\">7h \u00e0 10h<\/th><th class=\"has-text-align-center\" data-align=\"center\">10h \u00e0 12h<\/th><th class=\"has-text-align-center\" data-align=\"center\">12h \u00e0 14h<\/th><th class=\"has-text-align-center\" data-align=\"center\">14h \u00e0 16h<\/th><th class=\"has-text-align-center\" data-align=\"center\">16h \u00e0 20h<\/th><th class=\"has-text-align-center\" data-align=\"center\">20h \u00e0 22h45<\/th><\/tr><\/thead><tbody><tr><td class=\"has-text-align-center\" data-align=\"center\">Fr\u00e9quences<\/td><td class=\"has-text-align-center\" data-align=\"center\">Toutes les 22<br>minutes<\/td><td class=\"has-text-align-center\" data-align=\"center\">Toutes les 17 minutes<\/td><td class=\"has-text-align-center\" data-align=\"center\">Toutes les 22 minutes<\/td><td class=\"has-text-align-center\" data-align=\"center\">Toutes les 17 minutes<\/td><td class=\"has-text-align-center\" data-align=\"center\">Toutes les 22 minutes<\/td><td class=\"has-text-align-center\" data-align=\"center\">Toutes les 17 minutes<\/td><td class=\"has-text-align-center\" data-align=\"center\">Toutes les 22 minutes<\/td><\/tr><\/tbody><\/table><\/figure>\n\n\n\n<figure class=\"wp-block-table aligncenter has-small-font-size\"><table class=\"has-luminous-vivid-amber-background-color has-text-color has-background has-link-color has-fixed-layout\" style=\"color:#3e4042\"><tbody><tr><td class=\"has-text-align-center\" data-align=\"center\"><strong>FR\u00c9QUENCE DU LUNDI AU VENDREDI EN PERIODE DES VACANCES D&rsquo;\u00c9T\u00c9<\/strong><\/td><\/tr><\/tbody><\/table><figcaption class=\"wp-element-caption\">appel\u00e9 aussi les horaires \u00ab\u00a0Soleil\u00a0\u00bb<\/figcaption><\/figure>\n\n\n\n<figure class=\"wp-block-table is-style-stripes\"><table class=\"has-text-color has-background has-link-color has-fixed-layout\" style=\"color:#3e4042;background-color:#038ad1\"><thead><tr><th class=\"has-text-align-center\" data-align=\"center\">Horaires<\/th><th class=\"has-text-align-center\" data-align=\"center\">6h \u00e0 7h<\/th><th class=\"has-text-align-center\" data-align=\"center\">7h \u00e0 9h<\/th><th class=\"has-text-align-center\" data-align=\"center\">9h \u00e0 12h<\/th><th class=\"has-text-align-center\" data-align=\"center\">12h \u00e0 14h<\/th><th class=\"has-text-align-center\" data-align=\"center\">14h \u00e0 17h<\/th><th class=\"has-text-align-center\" data-align=\"center\">17h \u00e0 19h<\/th><th class=\"has-text-align-center\" data-align=\"center\">19h \u00e0 20h<\/th><th class=\"has-text-align-center\" data-align=\"center\">20h \u00e0 00h<\/th><\/tr><\/thead><tbody><tr><td class=\"has-text-align-center\" data-align=\"center\">Fr\u00e9quences<\/td><td class=\"has-text-align-center\" data-align=\"center\">Toutes les 17 minutes<\/td><td class=\"has-text-align-center\" data-align=\"center\">Toutes les 11 minutes<\/td><td class=\"has-text-align-center\" data-align=\"center\">Toutes les 17 minutes<\/td><td class=\"has-text-align-center\" data-align=\"center\">Toutes les 11 minutes<\/td><td class=\"has-text-align-center\" data-align=\"center\">Toutes les 17 minutes<\/td><td class=\"has-text-align-center\" data-align=\"center\">Toutes les 11 minutes<\/td><td class=\"has-text-align-center\" data-align=\"center\">Toutes les 17 minutes<\/td><td class=\"has-text-align-center\" data-align=\"center\">Toutes les 22 minutes<\/td><\/tr><\/tbody><\/table><\/figure>\n\n\n\n<figure class=\"wp-block-table aligncenter has-small-font-size\"><table class=\"has-luminous-vivid-amber-background-color has-text-color has-background has-link-color has-fixed-layout\" style=\"color:#3e4042\"><tbody><tr><td class=\"has-text-align-center\" data-align=\"center\"><strong>FR\u00c9QUENCE DU SAMEDI EN PERIODE DES VACANCES D&rsquo;\u00c9T\u00c9<\/strong><\/td><\/tr><\/tbody><\/table><figcaption class=\"wp-element-caption\">appel\u00e9 aussi les horaires \u00ab\u00a0Soleil\u00a0\u00bb<\/figcaption><\/figure>\n\n\n\n<figure class=\"wp-block-table is-style-stripes\"><table class=\"has-text-color has-background has-link-color has-fixed-layout\" style=\"color:#3e4042;background-color:#038ad1\"><thead><tr><th class=\"has-text-align-center\" data-align=\"center\">Horaires<\/th><th class=\"has-text-align-center\" data-align=\"center\">6h \u00e0 7h<\/th><th class=\"has-text-align-center\" data-align=\"center\">7h \u00e0 9h<\/th><th class=\"has-text-align-center\" data-align=\"center\">9h \u00e0 12h<\/th><th class=\"has-text-align-center\" data-align=\"center\">12h \u00e0 14h<\/th><th class=\"has-text-align-center\" data-align=\"center\">14h \u00e0 17h<\/th><th class=\"has-text-align-center\" data-align=\"center\">17h \u00e0 19h<\/th><th class=\"has-text-align-center\" data-align=\"center\">19h \u00e0 20h<\/th><th class=\"has-text-align-center\" data-align=\"center\">20h \u00e0 00h<\/th><\/tr><\/thead><tbody><tr><td class=\"has-text-align-center\" data-align=\"center\">Fr\u00e9quences<\/td><td class=\"has-text-align-center\" data-align=\"center\">Toutes les 17 minutes<\/td><td class=\"has-text-align-center\" data-align=\"center\">Toutes les 13 minutes<\/td><td class=\"has-text-align-center\" data-align=\"center\">Toutes les 17 minutes<\/td><td class=\"has-text-align-center\" data-align=\"center\">Toutes les 13 minutes<\/td><td class=\"has-text-align-center\" data-align=\"center\">Toutes les 17 minutes<\/td><td class=\"has-text-align-center\" data-align=\"center\">Toutes les 13 minutes<\/td><td class=\"has-text-align-center\" data-align=\"center\">Toutes les 17 minutes<\/td><td class=\"has-text-align-center\" data-align=\"center\">Toutes les 22 minutes<\/td><\/tr><\/tbody><\/table><\/figure>\n\n\n\n<figure class=\"wp-block-table aligncenter has-small-font-size\"><table class=\"has-luminous-vivid-amber-background-color has-text-color has-background has-link-color has-fixed-layout\" style=\"color:#3e4042\"><tbody><tr><td class=\"has-text-align-center\" data-align=\"center\"><strong>FR\u00c9QUENCE DU DIMANCHE EN PERIODE DES VACANCES D&rsquo;\u00c9T\u00c9<\/strong><\/td><\/tr><\/tbody><\/table><figcaption class=\"wp-element-caption\">appel\u00e9 aussi les horaires \u00ab\u00a0Soleil\u00a0\u00bb<\/figcaption><\/figure>\n\n\n\n<figure class=\"wp-block-table is-style-stripes\"><table class=\"has-text-color has-background has-link-color has-fixed-layout\" style=\"color:#3e4042;background-color:#038ad1\"><thead><tr><th class=\"has-text-align-center\" data-align=\"center\">Horaires<\/th><th class=\"has-text-align-center\" data-align=\"center\">6h15 \u00e0 7h<\/th><th class=\"has-text-align-center\" data-align=\"center\">7h \u00e0 10h<\/th><th class=\"has-text-align-center\" data-align=\"center\">10h \u00e0 12h<\/th><th class=\"has-text-align-center\" data-align=\"center\">12h \u00e0 14h<\/th><th class=\"has-text-align-center\" data-align=\"center\">14h \u00e0 16h<\/th><th class=\"has-text-align-center\" data-align=\"center\">16h \u00e0 20h<\/th><th class=\"has-text-align-center\" data-align=\"center\">20h \u00e0 22h45<\/th><\/tr><\/thead><tbody><tr><td class=\"has-text-align-center\" data-align=\"center\">Fr\u00e9quences<\/td><td class=\"has-text-align-center\" data-align=\"center\">Toutes les 22<br>minutes<\/td><td class=\"has-text-align-center\" data-align=\"center\">Toutes les 17 minutes<\/td><td class=\"has-text-align-center\" data-align=\"center\">Toutes les 22 minutes<\/td><td class=\"has-text-align-center\" data-align=\"center\">Toutes les 17 minutes<\/td><td class=\"has-text-align-center\" data-align=\"center\">Toutes les 22 minutes<\/td><td class=\"has-text-align-center\" data-align=\"center\">Toutes les 17 minutes<\/td><td class=\"has-text-align-center\" data-align=\"center\">Toutes les 22 minutes<\/td><\/tr><\/tbody><\/table><\/figure>\n","protected":false},"excerpt":{"rendered":"<p>Ligne 12 Gare Centrale &lt;&gt; Parc d&rsquo;attraction via Palais des Beaux-Arts et Stade FR\u00c9QUENCE DU LUNDI AU VENDREDI EN PERIODE R\u00c9GULI\u00c8RE appel\u00e9 aussi les horaires \u00ab\u00a0Normal\u00a0\u00bb Horaires 6h \u00e0 7h&nbsp;&hellip;<\/p>\n","protected":false},"author":72,"featured_media":0,"parent":68,"menu_order":0,"comment_status":"closed","ping_status":"closed","template":"","meta":{"_EventAllDay":false,"_EventTimezone":"","_EventStartDate":"","_EventEndDate":"","_EventStartDateUTC":"","_EventEndDateUTC":"","_EventShowMap":false,"_EventShowMapLink":false,"_EventURL":"","_EventCost":"","_EventCostDescription":"","_EventCurrencySymbol":"","_EventCurrencyCode":"","_EventCurrencyPosition":"","_EventDateTimeSeparator":"","_EventTimeRangeSeparator":"","_EventOrganizerID":[],"_EventVenueID":[],"_OrganizerEmail":"","_OrganizerPhone":"","_OrganizerWebsite":"","_VenueAddress":"","_VenueCity":"","_VenueCountry":"","_VenueProvince":"","_VenueState":"","_VenueZip":"","_VenuePhone":"","_VenueURL":"","_VenueStateProvince":"","_VenueLat":"","_VenueLng":"","_VenueShowMap":false,"_VenueShowMapLink":false,"footnotes":""},"class_list":["post-1111","page","type-page","status-publish","hentry"],"_links":{"self":[{"href":"https:\/\/seal.transport-manager.net\/thomas711\/wp-json\/wp\/v2\/pages\/1111","targetHints":{"allow":["GET"]}}],"collection":[{"href":"https:\/\/seal.transport-manager.net\/thomas711\/wp-json\/wp\/v2\/pages"}],"about":[{"href":"https:\/\/seal.transport-manager.net\/thomas711\/wp-json\/wp\/v2\/types\/page"}],"author":[{"embeddable":true,"href":"https:\/\/seal.transport-manager.net\/thomas711\/wp-json\/wp\/v2\/users\/72"}],"replies":[{"embeddable":true,"href":"https:\/\/seal.transport-manager.net\/thomas711\/wp-json\/wp\/v2\/comments?post=1111"}],"version-history":[{"count":7,"href":"https:\/\/seal.transport-manager.net\/thomas711\/wp-json\/wp\/v2\/pages\/1111\/revisions"}],"predecessor-version":[{"id":1448,"href":"https:\/\/seal.transport-manager.net\/thomas711\/wp-json\/wp\/v2\/pages\/1111\/revisions\/1448"}],"up":[{"embeddable":true,"href":"https:\/\/seal.transport-manager.net\/thomas711\/wp-json\/wp\/v2\/pages\/68"}],"wp:attachment":[{"href":"https:\/\/seal.transport-manager.net\/thomas711\/wp-json\/wp\/v2\/media?parent=1111"}],"curies":[{"name":"wp","href":"https:\/\/api.w.org\/{rel}","templated":true}]}}