{"id":1115,"date":"2024-10-29T16:10:35","date_gmt":"2024-10-29T15:10:35","guid":{"rendered":"https:\/\/seal.transport-manager.net\/thomas711\/?page_id=1115"},"modified":"2026-03-15T12:28:19","modified_gmt":"2026-03-15T11:28:19","slug":"ligne-14","status":"publish","type":"page","link":"https:\/\/seal.transport-manager.net\/thomas711\/les-lignes\/ligne-14\/","title":{"rendered":"Ligne 14"},"content":{"rendered":"\n<p class=\"has-text-align-center has-text-color has-link-color has-x-large-font-size wp-elements-814d0c7ad339a5c18b0d5692c2b97e2a\" style=\"color:#dc241f\"><strong>Ligne 14 Trinit\u00e9 &lt;&gt; H\u00f4tel de R\u00e9gion<\/strong><\/p>\n\n\n\n<p class=\"has-text-align-center has-text-color has-link-color has-x-large-font-size wp-elements-cf1b9032ada984ae341b1a1594d8f5e5\" style=\"color:#dc241f\"><strong>via Science Po et Place de France<\/strong><\/p>\n\n\n\n<figure class=\"wp-block-image size-large\"><img decoding=\"async\" src=\"https:\/\/transport-manager.net\/assets\/img\/lignes\/N5_L14_blanc2.png\" alt=\"\" \/><\/figure>\n\n\n\n<figure class=\"wp-block-table aligncenter has-small-font-size\"><table class=\"has-text-color has-background has-link-color has-fixed-layout\" style=\"color:#3e4042;background-color:#038ad1\"><tbody><tr><td class=\"has-text-align-center\" data-align=\"center\"><strong>FR\u00c9QUENCE DU LUNDI AU VENDREDI EN PERIODE R\u00c9GULI\u00c8RE<\/strong><\/td><\/tr><\/tbody><\/table><figcaption class=\"wp-element-caption\">appel\u00e9 aussi les horaires \u00ab\u00a0Normal\u00a0\u00bb<\/figcaption><\/figure>\n\n\n\n<figure class=\"wp-block-table is-style-stripes\"><table class=\"has-text-color has-background has-link-color has-fixed-layout\" style=\"color:#3e4042;background-color:#038ad1\"><thead><tr><th class=\"has-text-align-center\" data-align=\"center\">Horaires<\/th><th class=\"has-text-align-center\" data-align=\"center\">6h \u00e0 7h<\/th><th class=\"has-text-align-center\" data-align=\"center\">7h \u00e0 9h<\/th><th class=\"has-text-align-center\" data-align=\"center\">9h \u00e0 12h<\/th><th class=\"has-text-align-center\" data-align=\"center\">12h \u00e0 14h<\/th><th class=\"has-text-align-center\" data-align=\"center\">14h \u00e0 17h<\/th><th class=\"has-text-align-center\" data-align=\"center\">17h \u00e0 19h<\/th><th class=\"has-text-align-center\" data-align=\"center\">19h \u00e0 20h<\/th><th class=\"has-text-align-center\" data-align=\"center\">20h \u00e0 00h<\/th><\/tr><\/thead><tbody><tr><td class=\"has-text-align-center\" data-align=\"center\">Fr\u00e9quences<\/td><td class=\"has-text-align-center\" data-align=\"center\">Toutes les 12 minutes<\/td><td class=\"has-text-align-center\" data-align=\"center\">Toutes les 10 minutes<\/td><td class=\"has-text-align-center\" data-align=\"center\">Toutes les 11 minutes<\/td><td class=\"has-text-align-center\" data-align=\"center\">Toutes les 10<br>minutes<\/td><td class=\"has-text-align-center\" data-align=\"center\">Toutes les 12 minutes<\/td><td class=\"has-text-align-center\" data-align=\"center\">Toutes les 10 minutes<\/td><td class=\"has-text-align-center\" data-align=\"center\">Toutes les 12 minutes<\/td><td class=\"has-text-align-center\" data-align=\"center\">Toutes les 24 minutes<\/td><\/tr><\/tbody><\/table><\/figure>\n\n\n\n<figure class=\"wp-block-table aligncenter has-small-font-size\"><table class=\"has-text-color has-background has-link-color has-fixed-layout\" style=\"color:#3e4042;background-color:#038ad1\"><tbody><tr><td class=\"has-text-align-center\" data-align=\"center\"><strong>FR\u00c9QUENCE DU SAMEDI EN PERIODE R\u00c9GULI\u00c8RE<\/strong><\/td><\/tr><\/tbody><\/table><figcaption class=\"wp-element-caption\">appel\u00e9 aussi les horaires \u00ab\u00a0Normal\u00a0\u00bb<\/figcaption><\/figure>\n\n\n\n<figure class=\"wp-block-table is-style-stripes\"><table class=\"has-text-color has-background has-link-color has-fixed-layout\" style=\"color:#3e4042;background-color:#038ad1\"><thead><tr><th class=\"has-text-align-center\" data-align=\"center\">Horaires<\/th><th class=\"has-text-align-center\" data-align=\"center\">6h \u00e0 7h<\/th><th class=\"has-text-align-center\" data-align=\"center\">7h \u00e0 10h<\/th><th class=\"has-text-align-center\" data-align=\"center\">10h \u00e0 12h<\/th><th class=\"has-text-align-center\" data-align=\"center\">12h \u00e0 14h<\/th><th class=\"has-text-align-center\" data-align=\"center\">14h \u00e0 16h<\/th><th class=\"has-text-align-center\" data-align=\"center\">16h \u00e0 20h<\/th><th class=\"has-text-align-center\" data-align=\"center\">20h \u00e0 00h<\/th><\/tr><\/thead><tbody><tr><td class=\"has-text-align-center\" data-align=\"center\">Fr\u00e9quences<\/td><td class=\"has-text-align-center\" data-align=\"center\">Toutes les 16 minutes<\/td><td class=\"has-text-align-center\" data-align=\"center\">Toutes les 12 <br>minutes<\/td><td class=\"has-text-align-center\" data-align=\"center\">Toutes les 16<br>minutes<\/td><td class=\"has-text-align-center\" data-align=\"center\">Toutes les 12 <br>minutes<\/td><td class=\"has-text-align-center\" data-align=\"center\">Toutes les 16 minutes<\/td><td class=\"has-text-align-center\" data-align=\"center\">Toutes les 12 <br>minutes<\/td><td class=\"has-text-align-center\" data-align=\"center\">Toutes les 24<br>minutes<\/td><\/tr><\/tbody><\/table><\/figure>\n\n\n\n<figure class=\"wp-block-table aligncenter has-small-font-size\"><table class=\"has-text-color has-background has-link-color has-fixed-layout\" style=\"color:#3e4042;background-color:#038ad1\"><tbody><tr><td class=\"has-text-align-center\" data-align=\"center\"><strong>FR\u00c9QUENCE DU DIMANCHE EN PERIODE R\u00c9GULI\u00c8RE<\/strong><\/td><\/tr><\/tbody><\/table><figcaption class=\"wp-element-caption\">appel\u00e9 aussi les horaires \u00ab\u00a0Normal\u00a0\u00bb<\/figcaption><\/figure>\n\n\n\n<figure class=\"wp-block-table is-style-stripes\"><table class=\"has-text-color has-background has-link-color has-fixed-layout\" style=\"color:#3e4042;background-color:#038ad1\"><thead><tr><th class=\"has-text-align-center\" data-align=\"center\">Horaires<\/th><th class=\"has-text-align-center\" data-align=\"center\">6h15 \u00e0 7h<\/th><th class=\"has-text-align-center\" data-align=\"center\">7h \u00e0 10h<\/th><th class=\"has-text-align-center\" data-align=\"center\">10h \u00e0 12h<\/th><th class=\"has-text-align-center\" data-align=\"center\">12h \u00e0 14h<\/th><th class=\"has-text-align-center\" data-align=\"center\">14h \u00e0 16h<\/th><th class=\"has-text-align-center\" data-align=\"center\">16h \u00e0 20h<\/th><th class=\"has-text-align-center\" data-align=\"center\">20h \u00e0 22h30<\/th><\/tr><\/thead><tbody><tr><td class=\"has-text-align-center\" data-align=\"center\">Fr\u00e9quences<\/td><td class=\"has-text-align-center\" data-align=\"center\">Toutes les 24<br>minutes<\/td><td class=\"has-text-align-center\" data-align=\"center\">Toutes les 16 minutes<\/td><td class=\"has-text-align-center\" data-align=\"center\">Toutes les 24 minutes<\/td><td class=\"has-text-align-center\" data-align=\"center\">Toutes les 16 minutes<\/td><td class=\"has-text-align-center\" data-align=\"center\">Toutes les 24 minutes<\/td><td class=\"has-text-align-center\" data-align=\"center\">Toutes les 16 minutes<\/td><td class=\"has-text-align-center\" data-align=\"center\">Toutes les 24 minutes<\/td><\/tr><\/tbody><\/table><\/figure>\n\n\n\n<figure class=\"wp-block-table aligncenter has-small-font-size\"><table class=\"has-luminous-vivid-orange-background-color has-text-color has-background has-link-color has-fixed-layout\" style=\"color:#3e4042\"><tbody><tr><td class=\"has-text-align-center\" data-align=\"center\"><strong>FR\u00c9QUENCE DU LUNDI AU VENDREDI EN PERIODE DES VACANCES SCOLAIRE<\/strong><\/td><\/tr><\/tbody><\/table><figcaption class=\"wp-element-caption\">appel\u00e9 aussi les horaires \u00ab\u00a0Mars\u00a0\u00bb<\/figcaption><\/figure>\n\n\n\n<figure class=\"wp-block-table is-style-stripes\"><table class=\"has-text-color has-background has-link-color has-fixed-layout\" style=\"color:#3e4042;background-color:#038ad1\"><thead><tr><th class=\"has-text-align-center\" data-align=\"center\">Horaires<\/th><th class=\"has-text-align-center\" data-align=\"center\">6h \u00e0 7h<\/th><th class=\"has-text-align-center\" data-align=\"center\">7h \u00e0 9h<\/th><th class=\"has-text-align-center\" data-align=\"center\">9h \u00e0 12h<\/th><th class=\"has-text-align-center\" data-align=\"center\">12h \u00e0 14h<\/th><th class=\"has-text-align-center\" data-align=\"center\">14h \u00e0 17h<\/th><th class=\"has-text-align-center\" data-align=\"center\">17h \u00e0 19h<\/th><th class=\"has-text-align-center\" data-align=\"center\">19h \u00e0 20h<\/th><th class=\"has-text-align-center\" data-align=\"center\">20h \u00e0 23h30<\/th><\/tr><\/thead><tbody><tr><td class=\"has-text-align-center\" data-align=\"center\">Fr\u00e9quences<\/td><td class=\"has-text-align-center\" data-align=\"center\">Toutes les 16 minutes<\/td><td class=\"has-text-align-center\" data-align=\"center\">Toutes les 10<br>minutes<\/td><td class=\"has-text-align-center\" data-align=\"center\">Toutes les 16 minutes<\/td><td class=\"has-text-align-center\" data-align=\"center\">Toutes les 10 minutes<\/td><td class=\"has-text-align-center\" data-align=\"center\">Toutes les 16<br>minutes<\/td><td class=\"has-text-align-center\" data-align=\"center\">Toutes les 10 minutes<\/td><td class=\"has-text-align-center\" data-align=\"center\">Toutes les 16<br>minutes<\/td><td class=\"has-text-align-center\" data-align=\"center\">Toutes les 24 minutes<\/td><\/tr><\/tbody><\/table><\/figure>\n\n\n\n<figure class=\"wp-block-table aligncenter has-small-font-size\"><table class=\"has-luminous-vivid-orange-background-color has-text-color has-background has-link-color has-fixed-layout\" style=\"color:#3e4042\"><tbody><tr><td class=\"has-text-align-center\" data-align=\"center\"><strong>FR\u00c9QUENCE DU SAMEDI EN PERIODE DES VACANCES SCOLAIRE<\/strong><\/td><\/tr><\/tbody><\/table><figcaption class=\"wp-element-caption\">appel\u00e9 aussi les horaires \u00ab\u00a0Mars\u00a0\u00bb<\/figcaption><\/figure>\n\n\n\n<figure class=\"wp-block-table is-style-stripes\"><table class=\"has-text-color has-background has-link-color has-fixed-layout\" style=\"color:#3e4042;background-color:#038ad1\"><thead><tr><th class=\"has-text-align-center\" data-align=\"center\">Horaires<\/th><th class=\"has-text-align-center\" data-align=\"center\">6h15 \u00e0 7h<\/th><th class=\"has-text-align-center\" data-align=\"center\">7h \u00e0 9h<\/th><th class=\"has-text-align-center\" data-align=\"center\">9h \u00e0 12h<\/th><th class=\"has-text-align-center\" data-align=\"center\">12h \u00e0 14h<\/th><th class=\"has-text-align-center\" data-align=\"center\">14h \u00e0 17h<\/th><th class=\"has-text-align-center\" data-align=\"center\">17h \u00e0 19h<\/th><th class=\"has-text-align-center\" data-align=\"center\">19h \u00e0 20h<\/th><th class=\"has-text-align-center\" data-align=\"center\">20h \u00e0 23h30<\/th><\/tr><\/thead><tbody><tr><td class=\"has-text-align-center\" data-align=\"center\">Fr\u00e9quences<\/td><td class=\"has-text-align-center\" data-align=\"center\">Toutes les 16 minutes<\/td><td class=\"has-text-align-center\" data-align=\"center\">Toutes les 12 minutes<\/td><td class=\"has-text-align-center\" data-align=\"center\">Toutes les 16 minutes<\/td><td class=\"has-text-align-center\" data-align=\"center\">Toutes les 12 minutes<\/td><td class=\"has-text-align-center\" data-align=\"center\">Toutes les 16 minutes<\/td><td class=\"has-text-align-center\" data-align=\"center\">Toutes les 12 minutes<\/td><td class=\"has-text-align-center\" data-align=\"center\">Toutes les 16 minutes<\/td><td class=\"has-text-align-center\" data-align=\"center\">Toutes les 24 minutes<\/td><\/tr><\/tbody><\/table><\/figure>\n\n\n\n<figure class=\"wp-block-table aligncenter has-small-font-size\"><table class=\"has-luminous-vivid-orange-background-color has-text-color has-background has-link-color has-fixed-layout\" style=\"color:#3e4042\"><tbody><tr><td class=\"has-text-align-center\" data-align=\"center\"><strong>FR\u00c9QUENCE DU DIMANCHE EN PERIODE DES VACANCES SCOLAIRE<\/strong><\/td><\/tr><\/tbody><\/table><figcaption class=\"wp-element-caption\">appel\u00e9 aussi les horaires \u00ab\u00a0Mars\u00a0\u00bb<\/figcaption><\/figure>\n\n\n\n<figure class=\"wp-block-table is-style-stripes\"><table class=\"has-text-color has-background has-link-color has-fixed-layout\" style=\"color:#3e4042;background-color:#038ad1\"><thead><tr><th class=\"has-text-align-center\" data-align=\"center\">Horaires<\/th><th class=\"has-text-align-center\" data-align=\"center\">7h \u00e0 10h<\/th><th class=\"has-text-align-center\" data-align=\"center\">12h \u00e0 14h<\/th><th class=\"has-text-align-center\" data-align=\"center\">16h \u00e0 20h<\/th><\/tr><\/thead><tbody><tr><td class=\"has-text-align-center\" data-align=\"center\">Fr\u00e9quences<\/td><td class=\"has-text-align-center\" data-align=\"center\">Toutes les 24 minutes<\/td><td class=\"has-text-align-center\" data-align=\"center\">Toutes les 24 minutes<\/td><td class=\"has-text-align-center\" data-align=\"center\">Toutes les 24 minutes<\/td><\/tr><\/tbody><\/table><figcaption class=\"wp-element-caption\"><sub>Attention circule uniquement <strong>entre les heures inscrites<\/strong> ci-dessus<\/sub><\/figcaption><\/figure>\n\n\n\n<figure class=\"wp-block-table aligncenter has-small-font-size\"><table class=\"has-luminous-vivid-amber-background-color has-text-color has-background has-link-color has-fixed-layout\" style=\"color:#3e4042\"><tbody><tr><td class=\"has-text-align-center\" data-align=\"center\"><strong>FR\u00c9QUENCE DU LUNDI AU VENDREDI EN PERIODE DES VACANCES D&rsquo;\u00c9T\u00c9<\/strong><\/td><\/tr><\/tbody><\/table><figcaption class=\"wp-element-caption\">appel\u00e9 aussi les horaires \u00ab\u00a0Soleil\u00a0\u00bb<\/figcaption><\/figure>\n\n\n\n<figure class=\"wp-block-table is-style-stripes\"><table class=\"has-text-color has-background has-link-color has-fixed-layout\" style=\"color:#3e4042;background-color:#038ad1\"><thead><tr><th class=\"has-text-align-center\" data-align=\"center\">Horaires<\/th><th class=\"has-text-align-center\" data-align=\"center\">6h \u00e0 20h<\/th><th class=\"has-text-align-center\" data-align=\"center\">20h \u00e0 00h<\/th><\/tr><\/thead><tbody><tr><td class=\"has-text-align-center\" data-align=\"center\">Fr\u00e9quences<\/td><td class=\"has-text-align-center\" data-align=\"center\">Toutes les 16 minutes<\/td><td class=\"has-text-align-center\" data-align=\"center\">Toutes les 24 minutes<\/td><\/tr><\/tbody><\/table><\/figure>\n\n\n\n<figure class=\"wp-block-table aligncenter has-small-font-size\"><table class=\"has-luminous-vivid-amber-background-color has-text-color has-background has-link-color has-fixed-layout\" style=\"color:#3e4042\"><tbody><tr><td class=\"has-text-align-center\" data-align=\"center\"><strong>FR\u00c9QUENCE DU SAMEDI EN PERIODE DES VACANCES D&rsquo;\u00c9T\u00c9<\/strong><\/td><\/tr><\/tbody><\/table><figcaption class=\"wp-element-caption\">appel\u00e9 aussi les horaires \u00ab\u00a0Soleil\u00a0\u00bb<\/figcaption><\/figure>\n\n\n\n<figure class=\"wp-block-table is-style-stripes\"><table class=\"has-text-color has-background has-link-color has-fixed-layout\" style=\"color:#3e4042;background-color:#038ad1\"><thead><tr><th class=\"has-text-align-center\" data-align=\"center\">Horaires<\/th><th class=\"has-text-align-center\" data-align=\"center\">6h \u00e0 7h<\/th><th class=\"has-text-align-center\" data-align=\"center\">7h \u00e0 9h<\/th><th class=\"has-text-align-center\" data-align=\"center\">9h \u00e0 12h<\/th><th class=\"has-text-align-center\" data-align=\"center\">12h \u00e0 14h<\/th><th class=\"has-text-align-center\" data-align=\"center\">14h \u00e0 17h<\/th><th class=\"has-text-align-center\" data-align=\"center\">17h \u00e0 19h<\/th><th class=\"has-text-align-center\" data-align=\"center\">19h \u00e0 00h<\/th><\/tr><\/thead><tbody><tr><td class=\"has-text-align-center\" data-align=\"center\">Fr\u00e9quences<\/td><td class=\"has-text-align-center\" data-align=\"center\">Toutes les 24 minutes<\/td><td class=\"has-text-align-center\" data-align=\"center\">Toutes les 16 minutes<\/td><td class=\"has-text-align-center\" data-align=\"center\">Toutes les 24 minutes<\/td><td class=\"has-text-align-center\" data-align=\"center\">Toutes les 16 minutes<\/td><td class=\"has-text-align-center\" data-align=\"center\">Toutes les 24 minutes<\/td><td class=\"has-text-align-center\" data-align=\"center\">Toutes les 16 minutes<\/td><td class=\"has-text-align-center\" data-align=\"center\">Toutes les 24 minutes<\/td><\/tr><\/tbody><\/table><\/figure>\n\n\n\n<figure class=\"wp-block-table aligncenter has-small-font-size\"><table class=\"has-luminous-vivid-amber-background-color has-text-color has-background has-link-color has-fixed-layout\" style=\"color:#3e4042\"><tbody><tr><td class=\"has-text-align-center\" data-align=\"center\"><strong>FR\u00c9QUENCE DU DIMANCHE EN PERIODE DES VACANCES D&rsquo;\u00c9T\u00c9<\/strong><\/td><\/tr><\/tbody><\/table><figcaption class=\"wp-element-caption\">appel\u00e9 aussi les horaires \u00ab\u00a0Soleil\u00a0\u00bb<\/figcaption><\/figure>\n\n\n\n<figure class=\"wp-block-table is-style-stripes\"><table class=\"has-text-color has-background has-link-color has-fixed-layout\" style=\"color:#3e4042;background-color:#038ad1\"><thead><tr><th>Horaires<\/th><th class=\"has-text-align-center\" data-align=\"center\">7h \u00e0 10h<\/th><th class=\"has-text-align-center\" data-align=\"center\">12h \u00e0 14h<\/th><th class=\"has-text-align-center\" data-align=\"center\">16h \u00e0 20h<\/th><\/tr><\/thead><tbody><tr><td>Fr\u00e9quences<\/td><td class=\"has-text-align-center\" data-align=\"center\">Toutes les 16 minutes<\/td><td class=\"has-text-align-center\" data-align=\"center\">Toutes les 16 minutes<\/td><td class=\"has-text-align-center\" data-align=\"center\">Toutes les 16 minutes<\/td><\/tr><\/tbody><\/table><figcaption class=\"wp-element-caption\"><sub>Attention circule uniquement <strong>entre les heures inscrites<\/strong> ci-dessus<\/sub><\/figcaption><\/figure>\n","protected":false},"excerpt":{"rendered":"<p>Ligne 14 Trinit\u00e9 &lt;&gt; H\u00f4tel de R\u00e9gion via Science Po et Place de France FR\u00c9QUENCE DU LUNDI AU VENDREDI EN PERIODE R\u00c9GULI\u00c8RE appel\u00e9 aussi les horaires \u00ab\u00a0Normal\u00a0\u00bb Horaires 6h \u00e0&nbsp;&hellip;<\/p>\n","protected":false},"author":72,"featured_media":0,"parent":68,"menu_order":0,"comment_status":"closed","ping_status":"closed","template":"","meta":{"_EventAllDay":false,"_EventTimezone":"","_EventStartDate":"","_EventEndDate":"","_EventStartDateUTC":"","_EventEndDateUTC":"","_EventShowMap":false,"_EventShowMapLink":false,"_EventURL":"","_EventCost":"","_EventCostDescription":"","_EventCurrencySymbol":"","_EventCurrencyCode":"","_EventCurrencyPosition":"","_EventDateTimeSeparator":"","_EventTimeRangeSeparator":"","_EventOrganizerID":[],"_EventVenueID":[],"_OrganizerEmail":"","_OrganizerPhone":"","_OrganizerWebsite":"","_VenueAddress":"","_VenueCity":"","_VenueCountry":"","_VenueProvince":"","_VenueState":"","_VenueZip":"","_VenuePhone":"","_VenueURL":"","_VenueStateProvince":"","_VenueLat":"","_VenueLng":"","_VenueShowMap":false,"_VenueShowMapLink":false,"footnotes":""},"class_list":["post-1115","page","type-page","status-publish","hentry"],"_links":{"self":[{"href":"https:\/\/seal.transport-manager.net\/thomas711\/wp-json\/wp\/v2\/pages\/1115","targetHints":{"allow":["GET"]}}],"collection":[{"href":"https:\/\/seal.transport-manager.net\/thomas711\/wp-json\/wp\/v2\/pages"}],"about":[{"href":"https:\/\/seal.transport-manager.net\/thomas711\/wp-json\/wp\/v2\/types\/page"}],"author":[{"embeddable":true,"href":"https:\/\/seal.transport-manager.net\/thomas711\/wp-json\/wp\/v2\/users\/72"}],"replies":[{"embeddable":true,"href":"https:\/\/seal.transport-manager.net\/thomas711\/wp-json\/wp\/v2\/comments?post=1115"}],"version-history":[{"count":7,"href":"https:\/\/seal.transport-manager.net\/thomas711\/wp-json\/wp\/v2\/pages\/1115\/revisions"}],"predecessor-version":[{"id":1450,"href":"https:\/\/seal.transport-manager.net\/thomas711\/wp-json\/wp\/v2\/pages\/1115\/revisions\/1450"}],"up":[{"embeddable":true,"href":"https:\/\/seal.transport-manager.net\/thomas711\/wp-json\/wp\/v2\/pages\/68"}],"wp:attachment":[{"href":"https:\/\/seal.transport-manager.net\/thomas711\/wp-json\/wp\/v2\/media?parent=1115"}],"curies":[{"name":"wp","href":"https:\/\/api.w.org\/{rel}","templated":true}]}}