{"id":1155,"date":"2024-10-29T16:44:41","date_gmt":"2024-10-29T15:44:41","guid":{"rendered":"https:\/\/seal.transport-manager.net\/thomas711\/?page_id=1155"},"modified":"2024-10-29T16:59:08","modified_gmt":"2024-10-29T15:59:08","slug":"ligne-203","status":"publish","type":"page","link":"https:\/\/seal.transport-manager.net\/thomas711\/les-lignes\/ligne-203\/","title":{"rendered":"Ligne 203"},"content":{"rendered":"\n<p class=\"has-text-align-center has-text-color has-link-color has-x-large-font-size wp-elements-ed5ca498deb5f5060228ecc96d8c9d1f\" style=\"color:#00afad\"><strong>Ligne 203 Gare de l&rsquo;Ouest &lt;&gt; LUDORGUE- Mont Ludorgue <\/strong><\/p>\n\n\n\n<figure class=\"wp-block-image size-large\"><img decoding=\"async\" src=\"https:\/\/transport-manager.net\/assets\/img\/lignes\/N5_L203_blanc2.png\" alt=\"\" \/><\/figure>\n\n\n\n<figure class=\"wp-block-table aligncenter has-small-font-size\"><table class=\"has-text-color has-background has-link-color has-fixed-layout\" style=\"color:#3e4042;background-color:#038ad1\"><tbody><tr><td class=\"has-text-align-center\" data-align=\"center\"><strong>FR\u00c9QUENCE DU LUNDI AU VENDREDI EN PERIODE R\u00c9GULI\u00c8RE<\/strong><\/td><\/tr><\/tbody><\/table><figcaption class=\"wp-element-caption\">appel\u00e9 aussi les horaires \u00ab\u00a0Normal\u00a0\u00bb<\/figcaption><\/figure>\n\n\n\n<figure class=\"wp-block-table is-style-stripes\"><table class=\"has-text-color has-background has-link-color has-fixed-layout\" style=\"color:#3e4042;background-color:#038ad1\"><thead><tr><th>Horaire<\/th><th>5h \u00e0 7h<\/th><th>7h \u00e0 9h<\/th><th>9h \u00e0 12h<\/th><th>12h \u00e0 14h<\/th><th>14h \u00e0 17h<\/th><th>17h \u00e0 19h<\/th><th>19h \u00e0 20h<\/th><th>20h \u00e0 01h<\/th><\/tr><\/thead><tbody><tr><td>Fr\u00e9quence<\/td><td>Toute les x minutes <\/td><td>Toute les x minutes <\/td><td>Toute les x minutes <\/td><td>Toute les x minutes <\/td><td>Toute les x minutes <\/td><td>Toute les x minutes <\/td><td>Toute les x minutes <\/td><td>Toute les x minutes <\/td><\/tr><\/tbody><\/table><\/figure>\n\n\n\n<figure class=\"wp-block-table aligncenter has-small-font-size\"><table class=\"has-luminous-vivid-orange-background-color has-text-color has-background has-link-color has-fixed-layout\" style=\"color:#3e4042\"><tbody><tr><td class=\"has-text-align-center\" data-align=\"center\"><strong>FR\u00c9QUENCE DU LUNDI AU VENDREDI EN PERIODE DES VACANCES SCOLAIRE<\/strong><\/td><\/tr><\/tbody><\/table><figcaption class=\"wp-element-caption\">appel\u00e9 aussi les horaires \u00ab\u00a0Mars\u00a0\u00bb<\/figcaption><\/figure>\n\n\n\n<figure class=\"wp-block-table is-style-stripes\"><table class=\"has-text-color has-background has-link-color has-fixed-layout\" style=\"color:#3e4042;background-color:#038ad1\"><thead><tr><th>Horaire<\/th><th>5h \u00e0 7h<\/th><th>7h \u00e0 9h<\/th><th>9h \u00e0 12h<\/th><th>12h \u00e0 14h<\/th><th>14h \u00e0 17h<\/th><th>17h \u00e0 19h<\/th><th>19h \u00e0 20h<\/th><th>20h \u00e0 01h<\/th><\/tr><\/thead><tbody><tr><td>Fr\u00e9quence<\/td><td>Toute les x minutes <\/td><td>Toute les x minutes <\/td><td>Toute les x minutes <\/td><td>Toute les x minutes <\/td><td>Toute les x minutes <\/td><td>Toute les x minutes <\/td><td>Toute les x minutes <\/td><td>Toute les x minutes <\/td><\/tr><\/tbody><\/table><\/figure>\n\n\n\n<figure class=\"wp-block-table aligncenter has-small-font-size\"><table class=\"has-luminous-vivid-amber-background-color has-text-color has-background has-link-color has-fixed-layout\" style=\"color:#3e4042\"><tbody><tr><td class=\"has-text-align-center\" data-align=\"center\"><strong>FR\u00c9QUENCE DU LUNDI AU VENDREDI EN PERIODE DES VACANCES D&rsquo;\u00c9T\u00c9<\/strong><\/td><\/tr><\/tbody><\/table><figcaption class=\"wp-element-caption\">appel\u00e9 aussi les horaires \u00ab\u00a0Soleil\u00a0\u00bb<\/figcaption><\/figure>\n\n\n\n<figure class=\"wp-block-table is-style-stripes\"><table class=\"has-text-color has-background has-link-color has-fixed-layout\" style=\"color:#3e4042;background-color:#038ad1\"><thead><tr><th>Horaire<\/th><th>5h \u00e0 7h<\/th><th>7h \u00e0 9h<\/th><th>9h \u00e0 12h<\/th><th>12h \u00e0 14h<\/th><th>14h \u00e0 17h<\/th><th>17h \u00e0 19h<\/th><th>19h \u00e0 20h<\/th><th>20h \u00e0 01h<\/th><\/tr><\/thead><tbody><tr><td>Fr\u00e9quence<\/td><td>Toute les x minutes <\/td><td>Toute les x minutes <\/td><td>Toute les x minutes <\/td><td>Toute les x minutes <\/td><td>Toute les x minutes <\/td><td>Toute les x minutes <\/td><td>Toute les x minutes <\/td><td>Toute les x minutes <\/td><\/tr><\/tbody><\/table><\/figure>\n\n\n\n<p><\/p>\n\n\n\n<p><\/p>\n","protected":false},"excerpt":{"rendered":"<p>Ligne 203 Gare de l&rsquo;Ouest &lt;&gt; LUDORGUE- Mont Ludorgue FR\u00c9QUENCE DU LUNDI AU VENDREDI EN PERIODE R\u00c9GULI\u00c8RE appel\u00e9 aussi les horaires \u00ab\u00a0Normal\u00a0\u00bb Horaire 5h \u00e0 7h 7h \u00e0 9h 9h&nbsp;&hellip;<\/p>\n","protected":false},"author":72,"featured_media":0,"parent":68,"menu_order":0,"comment_status":"closed","ping_status":"closed","template":"","meta":{"_EventAllDay":false,"_EventTimezone":"","_EventStartDate":"","_EventEndDate":"","_EventStartDateUTC":"","_EventEndDateUTC":"","_EventShowMap":false,"_EventShowMapLink":false,"_EventURL":"","_EventCost":"","_EventCostDescription":"","_EventCurrencySymbol":"","_EventCurrencyCode":"","_EventCurrencyPosition":"","_EventDateTimeSeparator":"","_EventTimeRangeSeparator":"","_EventOrganizerID":[],"_EventVenueID":[],"_OrganizerEmail":"","_OrganizerPhone":"","_OrganizerWebsite":"","_VenueAddress":"","_VenueCity":"","_VenueCountry":"","_VenueProvince":"","_VenueState":"","_VenueZip":"","_VenuePhone":"","_VenueURL":"","_VenueStateProvince":"","_VenueLat":"","_VenueLng":"","_VenueShowMap":false,"_VenueShowMapLink":false,"footnotes":""},"class_list":["post-1155","page","type-page","status-publish","hentry"],"_links":{"self":[{"href":"https:\/\/seal.transport-manager.net\/thomas711\/wp-json\/wp\/v2\/pages\/1155","targetHints":{"allow":["GET"]}}],"collection":[{"href":"https:\/\/seal.transport-manager.net\/thomas711\/wp-json\/wp\/v2\/pages"}],"about":[{"href":"https:\/\/seal.transport-manager.net\/thomas711\/wp-json\/wp\/v2\/types\/page"}],"author":[{"embeddable":true,"href":"https:\/\/seal.transport-manager.net\/thomas711\/wp-json\/wp\/v2\/users\/72"}],"replies":[{"embeddable":true,"href":"https:\/\/seal.transport-manager.net\/thomas711\/wp-json\/wp\/v2\/comments?post=1155"}],"version-history":[{"count":1,"href":"https:\/\/seal.transport-manager.net\/thomas711\/wp-json\/wp\/v2\/pages\/1155\/revisions"}],"predecessor-version":[{"id":1156,"href":"https:\/\/seal.transport-manager.net\/thomas711\/wp-json\/wp\/v2\/pages\/1155\/revisions\/1156"}],"up":[{"embeddable":true,"href":"https:\/\/seal.transport-manager.net\/thomas711\/wp-json\/wp\/v2\/pages\/68"}],"wp:attachment":[{"href":"https:\/\/seal.transport-manager.net\/thomas711\/wp-json\/wp\/v2\/media?parent=1155"}],"curies":[{"name":"wp","href":"https:\/\/api.w.org\/{rel}","templated":true}]}}