{"id":1290,"date":"2024-11-14T09:11:22","date_gmt":"2024-11-14T08:11:22","guid":{"rendered":"https:\/\/seal.transport-manager.net\/thomas711\/?page_id=1290"},"modified":"2024-11-14T09:11:52","modified_gmt":"2024-11-14T08:11:52","slug":"ligne-713","status":"publish","type":"page","link":"https:\/\/seal.transport-manager.net\/thomas711\/les-lignes\/ligne-713\/","title":{"rendered":"Ligne 713"},"content":{"rendered":"\n<p class=\"has-text-align-center has-light-green-cyan-color has-text-color has-link-color has-x-large-font-size wp-elements-63590cada04b86c4e3dbeac29662679c\"><strong>Ligne 713 Gare de l&rsquo;ouest\/A\u00e9roport &lt;&gt; Arena<\/strong><\/p>\n\n\n\n<figure class=\"wp-block-image size-large\"><img decoding=\"async\" src=\"https:\/\/transport-manager.net\/assets\/img\/lignes\/N4_L713_blanc2.png\" alt=\"\" \/><\/figure>\n\n\n\n<p>La descente est <strong><span style=\"text-decoration: underline\">obligatoire<\/span><\/strong> et ce fait <span style=\"text-decoration: underline\"><strong>uniquement<\/strong><\/span> \u00e0 l&rsquo;arr\u00eat Arena<\/p>\n\n\n\n<figure class=\"wp-block-table aligncenter has-small-font-size\"><table class=\"has-text-color has-background has-link-color has-fixed-layout\" style=\"color:#3e4042;background-color:#038ad1\"><tbody><tr><td class=\"has-text-align-center\" data-align=\"center\"><strong>FR\u00c9QUENCE DE CIRCULATION<\/strong><\/td><\/tr><\/tbody><\/table><\/figure>\n\n\n\n<figure class=\"wp-block-table is-style-stripes\"><table class=\"has-text-color has-background has-link-color has-fixed-layout\" style=\"color:#3e4042;background-color:#038ad1\"><thead><tr><th>Horaire<\/th><th>5h \u00e0 7h<\/th><th>7h \u00e0 9h<\/th><th>9h \u00e0 12h<\/th><th>12h \u00e0 14h<\/th><th>14h \u00e0 17h<\/th><th>17h \u00e0 19h<\/th><th>19h \u00e0 20h<\/th><th>20h \u00e0 00h<\/th><\/tr><\/thead><tbody><tr><td>Fr\u00e9quence<\/td><td>Toute les 0 minutes<\/td><td>Toute les x minutes <\/td><td>Toute les <br>0 minutes<\/td><td>Toute les x minutes <\/td><td>Toute les 0 minutes<\/td><td>Toute les x minutes <\/td><td>Toute les 0 minutes<\/td><td>Toute les x minutes <\/td><\/tr><\/tbody><\/table><\/figure>\n\n\n\n<p>Cette ligne poss\u00e8des un v\u00e9hicules sp\u00e9cifiques <\/p>\n\n\n\n<figure class=\"wp-block-image size-materialis-full-hd is-resized is-style-default\"><img loading=\"lazy\" decoding=\"async\" width=\"1920\" height=\"362\" src=\"https:\/\/seal.transport-manager.net\/thomas711\/wp-content\/uploads\/sites\/72\/2024\/11\/image-1920x362.png\" alt=\"\" class=\"wp-image-1286\" style=\"width:1305px;height:auto\" srcset=\"https:\/\/seal.transport-manager.net\/thomas711\/wp-content\/uploads\/sites\/72\/2024\/11\/image-1920x362.png 1920w, https:\/\/seal.transport-manager.net\/thomas711\/wp-content\/uploads\/sites\/72\/2024\/11\/image-300x57.png 300w, https:\/\/seal.transport-manager.net\/thomas711\/wp-content\/uploads\/sites\/72\/2024\/11\/image-1024x193.png 1024w, https:\/\/seal.transport-manager.net\/thomas711\/wp-content\/uploads\/sites\/72\/2024\/11\/image-768x145.png 768w, https:\/\/seal.transport-manager.net\/thomas711\/wp-content\/uploads\/sites\/72\/2024\/11\/image-1536x290.png 1536w, https:\/\/seal.transport-manager.net\/thomas711\/wp-content\/uploads\/sites\/72\/2024\/11\/image-2048x386.png 2048w, https:\/\/seal.transport-manager.net\/thomas711\/wp-content\/uploads\/sites\/72\/2024\/11\/image-1232x232.png 1232w\" sizes=\"auto, (max-width: 1920px) 100vw, 1920px\" \/><\/figure>\n","protected":false},"excerpt":{"rendered":"<p>Ligne 713 Gare de l&rsquo;ouest\/A\u00e9roport &lt;&gt; Arena La descente est obligatoire et ce fait uniquement \u00e0 l&rsquo;arr\u00eat Arena FR\u00c9QUENCE DE CIRCULATION Horaire 5h \u00e0 7h 7h \u00e0 9h 9h \u00e0&nbsp;&hellip;<\/p>\n","protected":false},"author":72,"featured_media":0,"parent":68,"menu_order":0,"comment_status":"closed","ping_status":"closed","template":"","meta":{"_EventAllDay":false,"_EventTimezone":"","_EventStartDate":"","_EventEndDate":"","_EventStartDateUTC":"","_EventEndDateUTC":"","_EventShowMap":false,"_EventShowMapLink":false,"_EventURL":"","_EventCost":"","_EventCostDescription":"","_EventCurrencySymbol":"","_EventCurrencyCode":"","_EventCurrencyPosition":"","_EventDateTimeSeparator":"","_EventTimeRangeSeparator":"","_EventOrganizerID":[],"_EventVenueID":[],"_OrganizerEmail":"","_OrganizerPhone":"","_OrganizerWebsite":"","_VenueAddress":"","_VenueCity":"","_VenueCountry":"","_VenueProvince":"","_VenueState":"","_VenueZip":"","_VenuePhone":"","_VenueURL":"","_VenueStateProvince":"","_VenueLat":"","_VenueLng":"","_VenueShowMap":false,"_VenueShowMapLink":false,"footnotes":""},"class_list":["post-1290","page","type-page","status-publish","hentry"],"_links":{"self":[{"href":"https:\/\/seal.transport-manager.net\/thomas711\/wp-json\/wp\/v2\/pages\/1290","targetHints":{"allow":["GET"]}}],"collection":[{"href":"https:\/\/seal.transport-manager.net\/thomas711\/wp-json\/wp\/v2\/pages"}],"about":[{"href":"https:\/\/seal.transport-manager.net\/thomas711\/wp-json\/wp\/v2\/types\/page"}],"author":[{"embeddable":true,"href":"https:\/\/seal.transport-manager.net\/thomas711\/wp-json\/wp\/v2\/users\/72"}],"replies":[{"embeddable":true,"href":"https:\/\/seal.transport-manager.net\/thomas711\/wp-json\/wp\/v2\/comments?post=1290"}],"version-history":[{"count":1,"href":"https:\/\/seal.transport-manager.net\/thomas711\/wp-json\/wp\/v2\/pages\/1290\/revisions"}],"predecessor-version":[{"id":1291,"href":"https:\/\/seal.transport-manager.net\/thomas711\/wp-json\/wp\/v2\/pages\/1290\/revisions\/1291"}],"up":[{"embeddable":true,"href":"https:\/\/seal.transport-manager.net\/thomas711\/wp-json\/wp\/v2\/pages\/68"}],"wp:attachment":[{"href":"https:\/\/seal.transport-manager.net\/thomas711\/wp-json\/wp\/v2\/media?parent=1290"}],"curies":[{"name":"wp","href":"https:\/\/api.w.org\/{rel}","templated":true}]}}