{"id":14,"date":"2021-08-01T09:16:18","date_gmt":"2021-08-01T07:16:18","guid":{"rendered":"https:\/\/seal.transport-manager.net\/thomas711\/?page_id=14"},"modified":"2024-10-29T17:34:25","modified_gmt":"2024-10-29T16:34:25","slug":"info-trafic-en-temps-reelle","status":"publish","type":"page","link":"https:\/\/seal.transport-manager.net\/thomas711\/info-trafic-en-temps-reelle\/","title":{"rendered":"Information voyageur"},"content":{"rendered":"\n<p class=\"has-text-align-center\">\u26a0 Information Voyageur \u26a0<\/p>\n\n\n\n<p class=\"has-text-align-center\"><\/p>\n\n\n\n<p class=\"has-text-align-center\"><s>Nous nous excusons de ce d\u00e9sagr\u00e9ment <\/s>.<\/p>\n\n\n\n<p>Tarifs des offres commerciales :<\/p>\n\n\n\n<figure class=\"wp-block-table is-style-stripes\" style=\"font-size:25px\"><table class=\"has-background has-fixed-layout\" style=\"background-color:#ffffff00\"><tbody><tr><td>Aglo&rsquo;one <em>valable 1 voyage<\/em><\/td><td>1,80\u20ac<\/td><\/tr><tr><td>Aglo&rsquo;24h <em>valable 24h   <\/em><\/td><td>5,30\u20ac<\/td><\/tr><tr><td>Aglo&rsquo;mois<em> Abonnement mensuel <\/em><\/td><td>62,00\u20ac<\/td><\/tr><tr><td>Aglo&rsquo;jeune <em>Abonnement Mensuel Scolaire<\/em><\/td><td>37,00\u20ac<\/td><\/tr><tr><td>Aglo&rsquo;s\u00e9nior <em>Abonnement Mensuel pour les + de 65 ans<\/em><\/td><td>28,00\u20ac<\/td><\/tr><\/tbody><\/table><\/figure>\n\n\n\n<p>Les prix des tickets sont fix\u00e9s par l&rsquo;autorit\u00e9 organisatrice nous ne d\u00e9cidons des tarifs donc merci de ne pas nous adresser de lettres de r\u00e9clamation \u00e0 ce sujet.<\/p>\n\n\n\n<p>Amendes:<\/p>\n\n\n\n<figure class=\"wp-block-table is-style-stripes\" style=\"font-size:26px\"><table class=\"has-fixed-layout\"><tbody><tr><td class=\"has-text-align-center\" data-align=\"center\">Titre non valid\u00e9<\/td><td class=\"has-text-align-center\" data-align=\"center\">25,00\u20ac (5,00\u20ac si paiement imm\u00e9diat)<\/td><\/tr><tr><td class=\"has-text-align-center\" data-align=\"center\">Titre de transport non valable ou absent<\/td><td class=\"has-text-align-center\" data-align=\"center\">51.90\u20ac (25,00\u20ac si paiement imm\u00e9diat)<\/td><\/tr><tr><td class=\"has-text-align-center\" data-align=\"center\">D\u00e9gradation (des bus ou des am\u00e9nagements du r\u00e9seau)<\/td><td class=\"has-text-align-center\" data-align=\"center\">150,00\u20ac (90,00\u20ac si paiement imm\u00e9diat)<\/td><\/tr><tr><td class=\"has-text-align-center\" data-align=\"center\">Incivilit\u00e9 (non respect des r\u00e8gles en vigueurs sur notre r\u00e9seau)<\/td><td class=\"has-text-align-center\" data-align=\"center\">300,00\u20ac (150,00\u20ac si paiement imm\u00e9diat)<\/td><\/tr><tr><td class=\"has-text-align-center\" data-align=\"center\">Agression envers un de nos employ\u00e9s<\/td><td class=\"has-text-align-center\" data-align=\"center\">300,00\u20ac (suivi d&rsquo;un d\u00e9p\u00f4t de plainte)<\/td><\/tr><\/tbody><\/table><figcaption class=\"wp-element-caption\"><sup>Le r\u00e8glement des amendes se fait par ch\u00e8que par voie postale ou dans nos agences<\/sup><\/figcaption><\/figure>\n\n\n\n<p><\/p>\n\n\n\n<p>Ces offres commerciales sont disponibles \u00e0 l&rsquo;achat dans nos bus (hormis les abonnements) ainsi que dans nos agences:<\/p>\n\n\n\n<ul class=\"wp-block-list\">\n<li>Gare Centrale ouverte du Lundi au Samedi de 7h30 \u00e0 20h45 et le Dimanche de 8h30 \u00e0 16h45<\/li>\n\n\n\n<li>Campus Marthe Gautier ouverte du Lundi au Samedi de 7h30 \u00e0 20h45<\/li>\n\n\n\n<li>A\u00e9roport ouverte du Lundi au Samedi de 7h30 \u00e0 20h45<\/li>\n\n\n\n<li>Campus Alan Turing ouverte du Lundi au Samedi de 7h30 \u00e0 20h45<\/li>\n\n\n\n<li>Gare routi\u00e8re de la Gare de l&rsquo;Ouest ouverte du Lundi au Samedi de 5h30 \u00e0 22h30<\/li>\n\n\n\n<li>Place de l&rsquo;Europe ouverte du Lundi au Samedi de 7h30 \u00e0 20h45<\/li>\n\n\n\n<li>Agence de Clorent &#8211; Place du march\u00e9 ouverte du Lundi au Vendredi de 7h45 \u00e0 20h30<\/li>\n\n\n\n<li>Agence de Lusignol &#8211; Gare ouverte du Lundi au Vendredi de 7h20 \u00e0 20h30<\/li>\n<\/ul>\n\n\n\n<p><\/p>\n","protected":false},"excerpt":{"rendered":"<p>\u26a0 Information Voyageur \u26a0 Nous nous excusons de ce d\u00e9sagr\u00e9ment . Tarifs des offres commerciales : Aglo&rsquo;one valable 1 voyage 1,80\u20ac Aglo&rsquo;24h valable 24h 5,30\u20ac Aglo&rsquo;mois Abonnement mensuel 62,00\u20ac Aglo&rsquo;jeune&nbsp;&hellip;<\/p>\n","protected":false},"author":72,"featured_media":0,"parent":0,"menu_order":0,"comment_status":"closed","ping_status":"closed","template":"","meta":{"_EventAllDay":false,"_EventTimezone":"","_EventStartDate":"","_EventEndDate":"","_EventStartDateUTC":"","_EventEndDateUTC":"","_EventShowMap":false,"_EventShowMapLink":false,"_EventURL":"","_EventCost":"","_EventCostDescription":"","_EventCurrencySymbol":"","_EventCurrencyCode":"","_EventCurrencyPosition":"","_EventDateTimeSeparator":"","_EventTimeRangeSeparator":"","_EventOrganizerID":[],"_EventVenueID":[],"_OrganizerEmail":"","_OrganizerPhone":"","_OrganizerWebsite":"","_VenueAddress":"","_VenueCity":"","_VenueCountry":"","_VenueProvince":"","_VenueState":"","_VenueZip":"","_VenuePhone":"","_VenueURL":"","_VenueStateProvince":"","_VenueLat":"","_VenueLng":"","_VenueShowMap":false,"_VenueShowMapLink":false,"footnotes":""},"class_list":["post-14","page","type-page","status-publish","hentry"],"_links":{"self":[{"href":"https:\/\/seal.transport-manager.net\/thomas711\/wp-json\/wp\/v2\/pages\/14","targetHints":{"allow":["GET"]}}],"collection":[{"href":"https:\/\/seal.transport-manager.net\/thomas711\/wp-json\/wp\/v2\/pages"}],"about":[{"href":"https:\/\/seal.transport-manager.net\/thomas711\/wp-json\/wp\/v2\/types\/page"}],"author":[{"embeddable":true,"href":"https:\/\/seal.transport-manager.net\/thomas711\/wp-json\/wp\/v2\/users\/72"}],"replies":[{"embeddable":true,"href":"https:\/\/seal.transport-manager.net\/thomas711\/wp-json\/wp\/v2\/comments?post=14"}],"version-history":[{"count":60,"href":"https:\/\/seal.transport-manager.net\/thomas711\/wp-json\/wp\/v2\/pages\/14\/revisions"}],"predecessor-version":[{"id":1184,"href":"https:\/\/seal.transport-manager.net\/thomas711\/wp-json\/wp\/v2\/pages\/14\/revisions\/1184"}],"wp:attachment":[{"href":"https:\/\/seal.transport-manager.net\/thomas711\/wp-json\/wp\/v2\/media?parent=14"}],"curies":[{"name":"wp","href":"https:\/\/api.w.org\/{rel}","templated":true}]}}