{"id":50,"date":"2021-08-01T10:04:46","date_gmt":"2021-08-01T08:04:46","guid":{"rendered":"https:\/\/seal.transport-manager.net\/thomas711\/?page_id=50"},"modified":"2023-08-19T15:55:49","modified_gmt":"2023-08-19T13:55:49","slug":"information-reseau","status":"publish","type":"page","link":"https:\/\/seal.transport-manager.net\/thomas711\/information-reseau\/","title":{"rendered":"Information R\u00e9seau"},"content":{"rendered":"\n<p class=\"has-text-align-center\">\u26a0Information usagers\u26a0<\/p>\n\n\n\n<p><\/p>\n\n\n\n<p>Pour votre confort:<\/p>\n\n\n\n<p>Nos bus sont r\u00e9vis\u00e9s tous les 6 mois pour plus de fiabilit\u00e9. Ce qui entrainera une perturbation momentan\u00e9e sur le r\u00e9seau<\/p>\n\n\n\n<p>En savoir plus les jours concern\u00e9 sur: info trafic<\/p>\n\n\n\n<p>Tous les bus sont lav\u00e9s une fois par semaine<\/p>\n\n\n\n<p>Cette ann\u00e9e une exp\u00e9rimentation sera men\u00e9e sur notre r\u00e9seau sur la gestion des Contr\u00f4les Techniques de nos bus. Ainsi sur les jours les moins fr\u00e9quent\u00e9s, d&rsquo;apr\u00e8s les relev\u00e9s de l&rsquo;ann\u00e9e pass\u00e9e, les bus ne circuleront pas. Voir les jour marqu\u00e9 d&rsquo;un bandeau rouge sur le calendrier ci-dessous.<\/p>\n\n\n\n<figure class=\"wp-block-image size-large\"><img loading=\"lazy\" decoding=\"async\" width=\"1024\" height=\"576\" src=\"https:\/\/seal.transport-manager.net\/thomas711\/wp-content\/uploads\/sites\/72\/2023\/08\/Calendrier-20232024-Aglobus-1024x576.png\" alt=\"\" class=\"wp-image-839\" srcset=\"https:\/\/seal.transport-manager.net\/thomas711\/wp-content\/uploads\/sites\/72\/2023\/08\/Calendrier-20232024-Aglobus-1024x576.png 1024w, https:\/\/seal.transport-manager.net\/thomas711\/wp-content\/uploads\/sites\/72\/2023\/08\/Calendrier-20232024-Aglobus-300x169.png 300w, https:\/\/seal.transport-manager.net\/thomas711\/wp-content\/uploads\/sites\/72\/2023\/08\/Calendrier-20232024-Aglobus-768x432.png 768w, https:\/\/seal.transport-manager.net\/thomas711\/wp-content\/uploads\/sites\/72\/2023\/08\/Calendrier-20232024-Aglobus-1536x864.png 1536w, https:\/\/seal.transport-manager.net\/thomas711\/wp-content\/uploads\/sites\/72\/2023\/08\/Calendrier-20232024-Aglobus-1232x693.png 1232w, https:\/\/seal.transport-manager.net\/thomas711\/wp-content\/uploads\/sites\/72\/2023\/08\/Calendrier-20232024-Aglobus.png 1920w\" sizes=\"auto, (max-width: 1024px) 100vw, 1024px\" \/><\/figure>\n","protected":false},"excerpt":{"rendered":"<p>\u26a0Information usagers\u26a0 Pour votre confort: Nos bus sont r\u00e9vis\u00e9s tous les 6 mois pour plus de fiabilit\u00e9. Ce qui entrainera une perturbation momentan\u00e9e sur le r\u00e9seau En savoir plus les&nbsp;&hellip;<\/p>\n","protected":false},"author":72,"featured_media":0,"parent":0,"menu_order":0,"comment_status":"closed","ping_status":"closed","template":"","meta":{"_EventAllDay":false,"_EventTimezone":"","_EventStartDate":"","_EventEndDate":"","_EventStartDateUTC":"","_EventEndDateUTC":"","_EventShowMap":false,"_EventShowMapLink":false,"_EventURL":"","_EventCost":"","_EventCostDescription":"","_EventCurrencySymbol":"","_EventCurrencyCode":"","_EventCurrencyPosition":"","_EventDateTimeSeparator":"","_EventTimeRangeSeparator":"","_EventOrganizerID":[],"_EventVenueID":[],"_OrganizerEmail":"","_OrganizerPhone":"","_OrganizerWebsite":"","_VenueAddress":"","_VenueCity":"","_VenueCountry":"","_VenueProvince":"","_VenueState":"","_VenueZip":"","_VenuePhone":"","_VenueURL":"","_VenueStateProvince":"","_VenueLat":"","_VenueLng":"","_VenueShowMap":false,"_VenueShowMapLink":false,"footnotes":""},"class_list":["post-50","page","type-page","status-publish","hentry"],"_links":{"self":[{"href":"https:\/\/seal.transport-manager.net\/thomas711\/wp-json\/wp\/v2\/pages\/50","targetHints":{"allow":["GET"]}}],"collection":[{"href":"https:\/\/seal.transport-manager.net\/thomas711\/wp-json\/wp\/v2\/pages"}],"about":[{"href":"https:\/\/seal.transport-manager.net\/thomas711\/wp-json\/wp\/v2\/types\/page"}],"author":[{"embeddable":true,"href":"https:\/\/seal.transport-manager.net\/thomas711\/wp-json\/wp\/v2\/users\/72"}],"replies":[{"embeddable":true,"href":"https:\/\/seal.transport-manager.net\/thomas711\/wp-json\/wp\/v2\/comments?post=50"}],"version-history":[{"count":20,"href":"https:\/\/seal.transport-manager.net\/thomas711\/wp-json\/wp\/v2\/pages\/50\/revisions"}],"predecessor-version":[{"id":840,"href":"https:\/\/seal.transport-manager.net\/thomas711\/wp-json\/wp\/v2\/pages\/50\/revisions\/840"}],"wp:attachment":[{"href":"https:\/\/seal.transport-manager.net\/thomas711\/wp-json\/wp\/v2\/media?parent=50"}],"curies":[{"name":"wp","href":"https:\/\/api.w.org\/{rel}","templated":true}]}}