{"id":68,"date":"2021-08-01T11:54:14","date_gmt":"2021-08-01T09:54:14","guid":{"rendered":"https:\/\/seal.transport-manager.net\/thomas711\/?page_id=68"},"modified":"2025-08-31T13:08:58","modified_gmt":"2025-08-31T11:08:58","slug":"les-lignes","status":"publish","type":"page","link":"https:\/\/seal.transport-manager.net\/thomas711\/les-lignes\/","title":{"rendered":"Les Lignes"},"content":{"rendered":"\n<p>plans d\u00e9taill\u00e9 :<\/p>\n\n\n\n<figure class=\"wp-block-image size-large\"><img decoding=\"async\" src=\"https:\/\/transport-manager.net\/assets\/img\/lignes\/Plan_N5.png\" alt=\"\" \/><figcaption class=\"wp-element-caption\">Plan du r\u00e9seau Urbain<\/figcaption><\/figure>\n\n\n\n<figure class=\"wp-block-image size-large\"><img decoding=\"async\" src=\"https:\/\/transport-manager.net\/assets\/img\/lignes\/Plan_N5_suburbain.png\" alt=\"\" \/><figcaption class=\"wp-element-caption\">Plan du r\u00e9seau Suburbain<\/figcaption><\/figure>\n\n\n\n<figure class=\"wp-block-image size-large\"><img decoding=\"async\" src=\"https:\/\/transport-manager.net\/assets\/img\/lignes\/Plan_N5_interurbain.png\" alt=\"\" \/><figcaption class=\"wp-element-caption\">Plan du r\u00e9seau Intreurbain<\/figcaption><\/figure>\n\n\n\n<figure class=\"wp-block-table has-x-large-font-size\"><table class=\"has-white-color has-vivid-red-background-color has-text-color has-background has-fixed-layout\"><tbody><tr><td class=\"has-text-align-center\" data-align=\"center\"><strong>Ligne de Tramway<\/strong><\/td><\/tr><\/tbody><\/table><\/figure>\n\n\n\n<figure class=\"wp-block-image size-large\"><a href=\"https:\/\/seal.transport-manager.net\/thomas711\/les-lignes\/ligne-1\/\"><img decoding=\"async\" src=\"https:\/\/transport-manager.net\/assets\/img\/lignes\/N5_L1_blanc2.png\" alt=\"\" \/><\/a><figcaption class=\"wp-element-caption\"><mark style=\"background-color:#ffffff;color:#dc241f\" class=\"has-inline-color\">Ligne T1 A\u00e9roport &lt;&gt; Clinique Saint Paul via Palais des beaux arts et place de l&rsquo;Europe<\/mark><\/figcaption><\/figure>\n\n\n\n<figure class=\"wp-block-table has-x-large-font-size\"><table class=\"has-white-color has-luminous-vivid-amber-background-color has-text-color has-background has-fixed-layout\"><tbody><tr><td class=\"has-text-align-center\" data-align=\"center\"><strong>Lignes \u00e0 Haut Niveau de Service<\/strong><\/td><\/tr><\/tbody><\/table><\/figure>\n\n\n<div class=\"wp-block-image\">\n<figure class=\"aligncenter size-large\"><a href=\"https:\/\/seal.transport-manager.net\/thomas711\/les-lignes\/ligne-2\/\"><img decoding=\"async\" src=\"https:\/\/transport-manager.net\/assets\/img\/lignes\/N5_L2_blanc2.png\" alt=\"\" \/><\/a><figcaption class=\"wp-element-caption\"><mark style=\"background-color:#ffffff;color:#9364cc\" class=\"has-inline-color\">Ligne 2 Campus Alan Turing sciences et technologique&lt;&gt;Gare centrale via H\u00f4tel de ville et Clinique St Marie<\/mark><\/figcaption><\/figure>\n<\/div>\n\n<div class=\"wp-block-image\">\n<figure class=\"aligncenter size-large\"><a href=\"https:\/\/seal.transport-manager.net\/thomas711\/les-lignes\/ligne-3\/\"><img decoding=\"async\" src=\"https:\/\/transport-manager.net\/assets\/img\/lignes\/N5_L3_blanc2.png\" alt=\"\" \/><\/a><figcaption class=\"wp-element-caption\"><mark style=\"background-color:#ffffff;color:#f1ab00\" class=\"has-inline-color\">Ligne 3 Campus Marthe sant\u00e9 Gautier&lt;&gt;Gare centrale via CHRU Marthe Gautier et Parc Jolimont<\/mark><\/figcaption><\/figure>\n<\/div>\n\n<div class=\"wp-block-image\">\n<figure class=\"aligncenter size-large\"><a href=\"https:\/\/seal.transport-manager.net\/thomas711\/les-lignes\/ligne-5\/\"><img decoding=\"async\" src=\"https:\/\/transport-manager.net\/assets\/img\/lignes\/N5_L5_blanc2.png\" alt=\"\" \/><\/a><figcaption class=\"wp-element-caption\"><mark style=\"background-color:#ffffff;color:#e86a10\" class=\"has-inline-color\"> Ligne 5 Mus\u00e9e d&rsquo;Art Moderne &lt;&gt; P\u00f4le Luca Pacioli via Science Po et Gare de l&rsquo;Ouest <\/mark><\/figcaption><\/figure>\n<\/div>\n\n\n<figure class=\"wp-block-table has-x-large-font-size\"><table class=\"has-white-color has-vivid-green-cyan-background-color has-text-color has-background has-fixed-layout\"><tbody><tr><td class=\"has-text-align-center\" data-align=\"center\"><strong>Lignes Principales<\/strong><\/td><\/tr><\/tbody><\/table><\/figure>\n\n\n<div class=\"wp-block-image\">\n<figure class=\"aligncenter size-large\"><a href=\"https:\/\/seal.transport-manager.net\/thomas711\/les-lignes\/ligne-4\/\"><img decoding=\"async\" src=\"https:\/\/transport-manager.net\/assets\/img\/lignes\/N5_L4_blanc2.png\" alt=\"\" \/><\/a><figcaption class=\"wp-element-caption\"><mark style=\"background-color:#ffffff;color:#00afad\" class=\"has-inline-color\">Ligne 4 Gare de L\u2019Est marchandise&lt;&gt; Abbaye via Clinique St Paul et Peuplier<\/mark><\/figcaption><\/figure>\n<\/div>\n\n<div class=\"wp-block-image\">\n<figure class=\"aligncenter size-large\"><a href=\"https:\/\/seal.transport-manager.net\/thomas711\/les-lignes\/ligne-6\/\"><img decoding=\"async\" src=\"https:\/\/transport-manager.net\/assets\/img\/lignes\/N5_L6_blanc2.png\" alt=\"\" \/><\/a><figcaption class=\"wp-element-caption\"><mark style=\"background-color:#ffffff;color:#894e24\" class=\"has-inline-color\">Ligne 6 Grand Palais &lt;&gt; Campus Maryse Esterle via les centres commerciaux tulipe et Lilas<\/mark><\/figcaption><\/figure>\n<\/div>\n\n<div class=\"wp-block-image\">\n<figure class=\"aligncenter size-large\"><a href=\"https:\/\/seal.transport-manager.net\/thomas711\/les-lignes\/ligne-7\/\"><img decoding=\"async\" src=\"https:\/\/transport-manager.net\/assets\/img\/lignes\/N5_L7_blanc2.png\" alt=\"\" \/><\/a><figcaption class=\"wp-element-caption\"><mark style=\"background-color:#ffffff;color:#007229\" class=\"has-inline-color\"> Ligne 7 Port fluvial&lt;&gt; Grand Palais via Pr\u00e9fecture et h\u00f4tel de ville <\/mark><\/figcaption><\/figure>\n<\/div>\n\n<div class=\"wp-block-image\">\n<figure class=\"aligncenter size-large\"><a href=\"https:\/\/seal.transport-manager.net\/thomas711\/les-lignes\/ligne-8\/\"><img decoding=\"async\" src=\"https:\/\/transport-manager.net\/assets\/img\/lignes\/N5_L8_blanc2.png\" alt=\"\" \/><\/a><figcaption class=\"wp-element-caption\"><mark style=\"background-color:#ffffff;color:#d799af\" class=\"has-inline-color\"> Ligne 8 Place de l&rsquo;Europe&lt;&gt; Campus Marthe Gauthier(sant\u00e9)  via P\u00f4le Luca Pocioli<\/mark><\/figcaption><\/figure>\n<\/div>\n\n<div class=\"wp-block-image\">\n<figure class=\"aligncenter size-large\"><a href=\"https:\/\/seal.transport-manager.net\/thomas711\/les-lignes\/ligne-9\/\"><img decoding=\"async\" src=\"https:\/\/transport-manager.net\/assets\/img\/lignes\/N5_L9_blanc2.png\" alt=\"\" \/><\/a><figcaption class=\"wp-element-caption\"><mark style=\"background-color:#ffffff;color:#0019a8\" class=\"has-inline-color\"> Ligne 9 Haute-ville&lt;&gt; Campus Alan Turing  via Mus\u00e9e d&rsquo;Art Moderne<\/mark><\/figcaption><\/figure>\n<\/div>\n\n<div class=\"wp-block-image\">\n<figure class=\"aligncenter size-large\"><a href=\"https:\/\/seal.transport-manager.net\/thomas711\/les-lignes\/ligne-10\/\"><img decoding=\"async\" src=\"https:\/\/transport-manager.net\/assets\/img\/lignes\/N5_L10_blanc2.png\" alt=\"\" \/><\/a><figcaption class=\"wp-element-caption\"><mark style=\"background-color:#ffffff;color:#ffce00\" class=\"has-inline-color\"> Ligne 10 Campus Alan Turing&lt;&gt; Clinique saint Paul via Parc de l&rsquo;Etang et CRT Es<\/mark><\/figcaption><\/figure>\n<\/div>\n\n<div class=\"wp-block-image\">\n<figure class=\"aligncenter size-large\"><a href=\"https:\/\/seal.transport-manager.net\/thomas711\/les-lignes\/ligne-11\/\"><img decoding=\"async\" src=\"https:\/\/transport-manager.net\/assets\/img\/lignes\/N5_L11_blanc2.png\" alt=\"\" \/><\/a><figcaption class=\"wp-element-caption\"><mark style=\"background-color:#ffffff;color:#751056\" class=\"has-inline-color\"> Ligne 11 Campus Marthe Gauthier(sant\u00e9) &lt;&gt; Clinique Saint Paul via Stade<\/mark><\/figcaption><\/figure>\n<\/div>\n\n<div class=\"wp-block-image\">\n<figure class=\"aligncenter size-large\"><a href=\"https:\/\/seal.transport-manager.net\/thomas711\/les-lignes\/ligne-12\/\"><img decoding=\"async\" src=\"https:\/\/transport-manager.net\/assets\/img\/lignes\/N5_L12_blanc2.png\" alt=\"\" \/><\/a><figcaption class=\"wp-element-caption\"><mark style=\"background-color:#ffffff;color:#007229\" class=\"has-inline-color\"> Ligne 12 Gare centrale &lt;&gt; Parc d&rsquo;attraction via Stade<\/mark><\/figcaption><\/figure>\n<\/div>\n\n<div class=\"wp-block-image\">\n<figure class=\"aligncenter size-large\"><a href=\"https:\/\/seal.transport-manager.net\/thomas711\/les-lignes\/ligne-13\/\"><img decoding=\"async\" src=\"https:\/\/transport-manager.net\/assets\/img\/lignes\/N5_L13_blanc2.png\" alt=\"\" \/><\/a><figcaption class=\"wp-element-caption\"><mark style=\"background-color:#ffffff;color:#76d0bd\" class=\"has-inline-color\"> Ligne 13 Haute-Ville&lt;&gt; A\u00e9roport via Coll\u00e8ge St Paul et Port Fluvial<\/mark><\/figcaption><\/figure>\n<\/div>\n\n<div class=\"wp-block-image\">\n<figure class=\"aligncenter size-large\"><a href=\"https:\/\/seal.transport-manager.net\/thomas711\/les-lignes\/ligne-14\/\"><img decoding=\"async\" src=\"https:\/\/transport-manager.net\/assets\/img\/lignes\/N5_L14_blanc2.png\" alt=\"\" style=\"object-fit:cover\" \/><\/a><figcaption class=\"wp-element-caption\"><mark style=\"background-color:#ffffff;color:#dc241f\" class=\"has-inline-color\"> Ligne 14 Trinit\u00e9 &lt;&gt; H\u00f4tel de R\u00e9gion via Clinique st Marie et Place de France<\/mark><\/figcaption><\/figure>\n<\/div>\n\n<div class=\"wp-block-image\">\n<figure class=\"aligncenter size-large\"><a href=\"https:\/\/seal.transport-manager.net\/thomas711\/les-lignes\/ligne-15\/\"><img decoding=\"async\" src=\"https:\/\/transport-manager.net\/assets\/img\/lignes\/N5_L15_blanc2.png\" alt=\"\" style=\"object-fit:cover\" \/><\/a><figcaption class=\"wp-element-caption\"><mark style=\"background-color:#ffffff;color:#751056\" class=\"has-inline-color\"> Ligne 15 P\u00f4le Luca Pacioli &lt;&gt; Cath\u00e9rale via Gare centrale et Place de l&rsquo;Europe<\/mark><\/figcaption><\/figure>\n<\/div>\n\n<div class=\"wp-block-image\">\n<figure class=\"aligncenter size-large\"><a href=\"https:\/\/seal.transport-manager.net\/thomas711\/les-lignes\/ligne-16\/\"><img decoding=\"async\" src=\"https:\/\/transport-manager.net\/assets\/img\/lignes\/N5_L16_blanc2.png\" alt=\"\" \/><\/a><figcaption class=\"wp-element-caption\"><mark style=\"background-color:#ffffff;color:#ffce00\" class=\"has-inline-color\"> Ligne 16 A\u00e9roport &lt;&gt; Gare de l&rsquo;Ouest via Chapelle et Brasserie<\/mark><\/figcaption><\/figure>\n<\/div>\n\n<div class=\"wp-block-image\">\n<figure class=\"aligncenter size-large\"><a href=\"https:\/\/seal.transport-manager.net\/thomas711\/les-lignes\/ligne-17\/\"><img decoding=\"async\" src=\"https:\/\/transport-manager.net\/assets\/img\/lignes\/N5_L17_blanc2.png\" alt=\"\" style=\"object-fit:cover\" \/><\/a><figcaption class=\"wp-element-caption\"><mark style=\"background-color:#ffffff;color:#00afad\" class=\"has-inline-color\"> Ligne 17 Gare de l&rsquo;Ouest &lt;&gt; Moulin \u00e0 vent via Campus Alan Turing et Place de France<\/mark><\/figcaption><\/figure>\n<\/div>\n\n<div class=\"wp-block-image\">\n<figure class=\"aligncenter size-large\"><a href=\"https:\/\/seal.transport-manager.net\/thomas711\/les-lignes\/ligne-18\/\"><img decoding=\"async\" src=\"https:\/\/transport-manager.net\/assets\/img\/lignes\/N5_L18_blanc2.png\" alt=\"\" \/><\/a><figcaption class=\"wp-element-caption\"><mark style=\"background-color:#ffffff;color:#868f98\" class=\"has-inline-color\"> Ligne 18 Bellevue &lt;&gt; H\u00f4tel de R\u00e9gion via Coll\u00e8ge St Paul et Pr\u00e9fecture<\/mark><\/figcaption><\/figure>\n<\/div>\n\n\n<figure class=\"wp-block-table has-x-large-font-size\"><table class=\"has-white-color has-light-green-cyan-background-color has-text-color has-background has-fixed-layout\"><tbody><tr><td class=\"has-text-align-center\" data-align=\"center\"><strong>Lignes Secondaires<\/strong><\/td><\/tr><\/tbody><\/table><\/figure>\n\n\n<div class=\"wp-block-image\">\n<figure class=\"aligncenter size-large\"><a href=\"https:\/\/seal.transport-manager.net\/thomas711\/les-lignes\/ligne-60\/\"><img decoding=\"async\" src=\"https:\/\/transport-manager.net\/assets\/img\/lignes\/N5_L60_blanc2.png\" alt=\"\" \/><\/a><figcaption class=\"wp-element-caption\"><mark style=\"background-color:#ffffff;color:#76d0bd\" class=\"has-inline-color\">Ligne 60 Pr\u00e9fecture &lt;&gt; Lyc\u00e9e Karl Marx via Clinique Sainte Marie<\/mark><\/figcaption><\/figure>\n<\/div>\n\n<div class=\"wp-block-image\">\n<figure class=\"aligncenter size-large\"><a href=\"https:\/\/seal.transport-manager.net\/thomas711\/les-lignes\/ligne-61\/\"><img decoding=\"async\" src=\"https:\/\/transport-manager.net\/assets\/img\/lignes\/N5_L61_blanc2.png\" alt=\"\" \/><\/a><figcaption class=\"wp-element-caption\"><mark style=\"background-color:#ffffff;color:#0019a8\" class=\"has-inline-color\"> Ligne 61 Gare de l&rsquo;Ouest &lt;&gt; Parc Joliment via Place de l&rsquo;Europe<\/mark><\/figcaption><\/figure>\n<\/div>\n\n<div class=\"wp-block-image\">\n<figure class=\"aligncenter size-large\"><a href=\"https:\/\/seal.transport-manager.net\/thomas711\/les-lignes\/ligne-62\/\"><img decoding=\"async\" src=\"https:\/\/transport-manager.net\/assets\/img\/lignes\/N5_L62_blanc2.png\" alt=\"\" \/><\/a><figcaption class=\"wp-element-caption\"><mark style=\"background-color:#ffffff;color:#b727bf\" class=\"has-inline-color\"> Ligne 62 Parc de l&rsquo;\u00c9tang &lt;&gt; Parc de l&rsquo;\u00c9tang via H\u00f4tel de ville  Parc rive droite et Cath\u00e9drale<\/mark><\/figcaption><\/figure>\n<\/div>\n\n<div class=\"wp-block-image\">\n<figure class=\"aligncenter size-large\"><a href=\"https:\/\/seal.transport-manager.net\/thomas711\/les-lignes\/ligne-63\/\"><img decoding=\"async\" src=\"https:\/\/transport-manager.net\/assets\/img\/lignes\/N5_L63_blanc2.png\" alt=\"\" \/><\/a><figcaption class=\"wp-element-caption\"><mark style=\"background-color:#ffffff;color:#e86a10\" class=\"has-inline-color\"> Ligne 63 Place de l&rsquo;Europe &lt;&gt; Parc d&rsquo;attraction via Campus Maryse Esterle et Lyc\u00e9e Caroline Herschel<\/mark><\/figcaption><\/figure>\n<\/div>\n\n<div class=\"wp-block-image is-resized\">\n<figure class=\"aligncenter size-large\"><a href=\"https:\/\/seal.transport-manager.net\/thomas711\/les-lignes\/ligne-64\/\"><img decoding=\"async\" src=\"https:\/\/transport-manager.net\/assets\/img\/lignes\/N5_L64_blanc2.png\" alt=\"\" \/><\/a><figcaption class=\"wp-element-caption\"><mark style=\"background-color:#ffffff;color:#ffce00\" class=\"has-inline-color\"> Ligne 64 Place de l&rsquo;Europe &lt;&gt; H\u00f4tel de r\u00e9gion via Pont des Arts, Coll\u00e8ge Rosa Parks et l&rsquo;institut Simon Weil<\/mark><\/figcaption><\/figure>\n<\/div>\n\n<div class=\"wp-block-image is-resized\">\n<figure class=\"aligncenter size-large\"><a href=\"https:\/\/seal.transport-manager.net\/thomas711\/les-lignes\/ligne-65\/\"><img decoding=\"async\" src=\"https:\/\/transport-manager.net\/assets\/img\/lignes\/N5_L65_blanc2.png\" alt=\"\" \/><\/a><figcaption class=\"wp-element-caption\"><mark style=\"background-color:#ffffff;color:#9364cc\" class=\"has-inline-color\"> Ligne 64 Pr\u00e9fecture &lt;&gt; P\u00f4le Luca Pacioli via Place de verdun<\/mark><\/figcaption><\/figure>\n<\/div>\n\n\n<figure class=\"wp-block-table has-x-large-font-size\"><table class=\"has-white-color has-pale-cyan-blue-background-color has-text-color has-background has-fixed-layout\"><tbody><tr><td class=\"has-text-align-center\" data-align=\"center\"><strong>Lignes Suburbaines<\/strong><\/td><\/tr><\/tbody><\/table><\/figure>\n\n\n<div class=\"wp-block-image\">\n<figure class=\"aligncenter size-large\"><a href=\"https:\/\/seal.transport-manager.net\/thomas711\/les-lignes\/ligne-101\/\"><img decoding=\"async\" src=\"https:\/\/transport-manager.net\/assets\/img\/lignes\/N5_L101_blanc2.png\" alt=\"\" \/><\/a><figcaption class=\"wp-element-caption\"><mark style=\"background-color:#ffffff;color:#751056\" class=\"has-inline-color\">Ligne 101 H\u00f4tel de R\u00e9gion &lt;&gt; ARRONAY Etangs<\/mark><\/figcaption><\/figure>\n<\/div>\n\n<div class=\"wp-block-image\">\n<figure class=\"aligncenter size-large\"><a href=\"https:\/\/seal.transport-manager.net\/thomas711\/les-lignes\/ligne-102\/\"><img decoding=\"async\" src=\"https:\/\/transport-manager.net\/assets\/img\/lignes\/N5_L102_blanc2.png\" alt=\"\" \/><\/a><figcaption class=\"wp-element-caption\"><mark style=\"background-color:#ffffff;color:#007229\" class=\"has-inline-color\">Ligne 102 Stade &lt;&gt; BRINTE Avenue de la Libert\u00e9<\/mark><\/figcaption><\/figure>\n<\/div>\n\n<div class=\"wp-block-image\">\n<figure class=\"aligncenter size-large\"><a href=\"https:\/\/seal.transport-manager.net\/thomas711\/les-lignes\/ligne-103\/\"><img decoding=\"async\" src=\"https:\/\/transport-manager.net\/assets\/img\/lignes\/N5_L103_blanc2.png\" alt=\"\" \/><\/a><figcaption class=\"wp-element-caption\"><mark style=\"background-color:#ffffff;color:#ffce00\" class=\"has-inline-color\">Ligne 103 Place de l&rsquo;Europe &lt;&gt; CLORENT Centre de recyclage<\/mark><\/figcaption><\/figure>\n<\/div>\n\n<div class=\"wp-block-image\">\n<figure class=\"aligncenter size-large\"><a href=\"https:\/\/seal.transport-manager.net\/thomas711\/les-lignes\/ligne-104\/\"><img decoding=\"async\" src=\"https:\/\/transport-manager.net\/assets\/img\/lignes\/N5_L104_blanc2.png\" alt=\"\" \/><\/a><figcaption class=\"wp-element-caption\"><mark style=\"background-color:#ffffff;color:#9364cc\" class=\"has-inline-color\">Ligne 104 Science Po &lt;&gt; LACANAC Place du march\u00e9<\/mark><\/figcaption><\/figure>\n<\/div>\n\n\n<figure class=\"wp-block-table has-x-large-font-size\"><table class=\"has-white-color has-vivid-red-background-color has-text-color has-background has-fixed-layout\"><tbody><tr><td class=\"has-text-align-center\" data-align=\"center\"><strong>Lignes Interurbaines<\/strong><\/td><\/tr><\/tbody><\/table><\/figure>\n\n\n<div class=\"wp-block-image\">\n<figure class=\"aligncenter size-large\"><a href=\"https:\/\/seal.transport-manager.net\/thomas711\/les-lignes\/ligne-201\/\"><img decoding=\"async\" src=\"https:\/\/transport-manager.net\/assets\/img\/lignes\/N5_L201_blanc2.png\" alt=\"\" \/><\/a><figcaption class=\"wp-element-caption\"><mark style=\"background-color:#ffffff;color:#894e24\" class=\"has-inline-color\">Ligne 201 Campus Alan Turing &lt;&gt; Lusignol &#8211; Gare via Arronay<\/mark><\/figcaption><\/figure>\n<\/div>\n\n<div class=\"wp-block-image\">\n<figure class=\"aligncenter size-large\"><a href=\"https:\/\/seal.transport-manager.net\/thomas711\/les-lignes\/ligne-202\/\"><img decoding=\"async\" src=\"https:\/\/transport-manager.net\/assets\/img\/lignes\/N5_L202_blanc2.png\" alt=\"\" \/><\/a><figcaption class=\"wp-element-caption\"><mark style=\"background-color:#ffffff;color:#dc241f\" class=\"has-inline-color\">Ligne 202 Campus Alan Turing &lt;&gt; Minia &#8211; Gare routi\u00e8re<\/mark><\/figcaption><\/figure>\n<\/div>\n\n<div class=\"wp-block-image\">\n<figure class=\"aligncenter size-large\"><a href=\"https:\/\/seal.transport-manager.net\/thomas711\/les-lignes\/ligne-203\/\"><img decoding=\"async\" src=\"https:\/\/transport-manager.net\/assets\/img\/lignes\/N5_L203_blanc2.png\" alt=\"\" \/><\/a><figcaption class=\"wp-element-caption\"><mark style=\"background-color:#ffffff;color:#00afad\" class=\"has-inline-color\">Ligne 203 &nbsp;Gare de l&rsquo;Ouest &lt;&gt; LUDORGUE Mont Ludorgue<\/mark><\/figcaption><\/figure>\n<\/div>\n\n\n<figure class=\"wp-block-table has-x-large-font-size\"><table class=\"has-white-color has-text-color has-background has-fixed-layout\" style=\"background-color:#e051df\"><tbody><tr><td class=\"has-text-align-center\" data-align=\"center\"><strong>Lignes de Transport \u00e0 la Demande<\/strong><\/td><\/tr><\/tbody><\/table><\/figure>\n\n\n<div class=\"wp-block-image\">\n<figure class=\"aligncenter size-large\"><img decoding=\"async\" src=\"https:\/\/transport-manager.net\/assets\/img\/lignes\/N5_L901_blanc2.png\" alt=\"\" \/><figcaption class=\"wp-element-caption\"><mark style=\"background-color:#ffffff;color:#b727bf\" class=\"has-inline-color\">Ligne 901 Bellevue &lt;&gt; Haute-Ville(TAD)<\/mark><\/figcaption><\/figure>\n<\/div>\n\n<div class=\"wp-block-image\">\n<figure class=\"aligncenter size-large\"><img decoding=\"async\" src=\"https:\/\/transport-manager.net\/assets\/img\/lignes\/N5_L902_blanc2.png\" alt=\"\" \/><figcaption class=\"wp-element-caption\"><mark style=\"background-color:#ffffff;color:#868f98\" class=\"has-inline-color\">Ligne 902 Parc de l&rsquo;\u00c9tang &lt;&gt; Observatoire(TAD)&nbsp;<\/mark><\/figcaption><\/figure>\n<\/div>\n\n<div class=\"wp-block-image\">\n<figure class=\"aligncenter size-large\"><img decoding=\"async\" src=\"https:\/\/transport-manager.net\/assets\/img\/lignes\/N5_L903_blanc2.png\" alt=\"\" style=\"object-fit:cover\" \/><figcaption class=\"wp-element-caption\"><mark style=\"background-color:#ffffff;color:#fab114\" class=\"has-inline-color\">Ligne 903 H\u00f4tel de <\/mark><mark style=\"background-color:#ffffff;color:#f1ab00\" class=\"has-inline-color\">Police<\/mark><mark style=\"background-color:#ffffff;color:#fab114\" class=\"has-inline-color\"> &lt;&gt; Globe (TAD)&nbsp;<\/mark><\/figcaption><\/figure>\n<\/div>\n\n<div class=\"wp-block-image\">\n<figure class=\"aligncenter size-large\"><img decoding=\"async\" src=\"https:\/\/transport-manager.net\/assets\/img\/lignes\/N5_L941_blanc2.png\" alt=\"\" \/><figcaption class=\"wp-element-caption\"><mark style=\"background-color:#ffffff;color:#e86a10\" class=\"has-inline-color\">Ligne 941 Gare de l&rsquo;Ouest &lt;&gt; NAUBOURG- Grand-Place(TAD)&nbsp;<\/mark><\/figcaption><\/figure>\n<\/div>\n\n\n<figure class=\"wp-block-table is-style-regular has-x-large-font-size\"><table class=\"has-white-color has-vivid-purple-background-color has-text-color has-background\"><tbody><tr><td class=\"has-text-align-center\" data-align=\"center\"><strong>Lignes Sp\u00e9ciales<\/strong><\/td><\/tr><\/tbody><\/table><\/figure>\n\n\n<div class=\"wp-block-image\">\n<figure class=\"aligncenter size-large\"><a href=\"https:\/\/seal.transport-manager.net\/thomas711\/2024\/11\/14\/ligne-713\/\"><img decoding=\"async\" src=\"https:\/\/transport-manager.net\/assets\/img\/lignes\/N4_L713_blanc2.png\" alt=\"\" \/><\/a><figcaption class=\"wp-element-caption\"><mark style=\"background-color:#ffffff;color:#3ba173\" class=\"has-inline-color\">Ligne 713 A\u00e9roport \/ Gare de l&rsquo;ouest&lt;&gt; Arena <\/mark><\/figcaption><\/figure>\n<\/div>\n\n<div class=\"wp-block-image\">\n<figure class=\"aligncenter size-large\"><img decoding=\"async\" src=\"https:\/\/transport-manager.net\/assets\/img\/lignes\/N4_L813_blanc2.png\" alt=\"\" \/><figcaption class=\"wp-element-caption\"><mark style=\"background-color:#ffffff;color:#751056\" class=\"has-inline-color\">Ligne 813 Gare Central &lt;&gt; Cath\u00e9drale <\/mark><\/figcaption><\/figure>\n<\/div>\n\n\n<p><\/p>\n","protected":false},"excerpt":{"rendered":"<p>plans d\u00e9taill\u00e9 : Ligne de Tramway Lignes \u00e0 Haut Niveau de Service Lignes Principales Lignes Secondaires Lignes Suburbaines Lignes Interurbaines Lignes de Transport \u00e0 la Demande Lignes Sp\u00e9ciales<\/p>\n","protected":false},"author":72,"featured_media":0,"parent":0,"menu_order":0,"comment_status":"closed","ping_status":"closed","template":"","meta":{"_EventAllDay":false,"_EventTimezone":"","_EventStartDate":"","_EventEndDate":"","_EventStartDateUTC":"","_EventEndDateUTC":"","_EventShowMap":false,"_EventShowMapLink":false,"_EventURL":"","_EventCost":"","_EventCostDescription":"","_EventCurrencySymbol":"","_EventCurrencyCode":"","_EventCurrencyPosition":"","_EventDateTimeSeparator":"","_EventTimeRangeSeparator":"","_EventOrganizerID":[],"_EventVenueID":[],"_OrganizerEmail":"","_OrganizerPhone":"","_OrganizerWebsite":"","_VenueAddress":"","_VenueCity":"","_VenueCountry":"","_VenueProvince":"","_VenueState":"","_VenueZip":"","_VenuePhone":"","_VenueURL":"","_VenueStateProvince":"","_VenueLat":"","_VenueLng":"","_VenueShowMap":false,"_VenueShowMapLink":false,"footnotes":""},"class_list":["post-68","page","type-page","status-publish","hentry"],"_links":{"self":[{"href":"https:\/\/seal.transport-manager.net\/thomas711\/wp-json\/wp\/v2\/pages\/68","targetHints":{"allow":["GET"]}}],"collection":[{"href":"https:\/\/seal.transport-manager.net\/thomas711\/wp-json\/wp\/v2\/pages"}],"about":[{"href":"https:\/\/seal.transport-manager.net\/thomas711\/wp-json\/wp\/v2\/types\/page"}],"author":[{"embeddable":true,"href":"https:\/\/seal.transport-manager.net\/thomas711\/wp-json\/wp\/v2\/users\/72"}],"replies":[{"embeddable":true,"href":"https:\/\/seal.transport-manager.net\/thomas711\/wp-json\/wp\/v2\/comments?post=68"}],"version-history":[{"count":71,"href":"https:\/\/seal.transport-manager.net\/thomas711\/wp-json\/wp\/v2\/pages\/68\/revisions"}],"predecessor-version":[{"id":1425,"href":"https:\/\/seal.transport-manager.net\/thomas711\/wp-json\/wp\/v2\/pages\/68\/revisions\/1425"}],"wp:attachment":[{"href":"https:\/\/seal.transport-manager.net\/thomas711\/wp-json\/wp\/v2\/media?parent=68"}],"curies":[{"name":"wp","href":"https:\/\/api.w.org\/{rel}","templated":true}]}}