{"id":841,"date":"2023-08-19T17:43:42","date_gmt":"2023-08-19T15:43:42","guid":{"rendered":"https:\/\/seal.transport-manager.net\/thomas711\/?page_id=841"},"modified":"2023-08-19T22:30:01","modified_gmt":"2023-08-19T20:30:01","slug":"espace-employe","status":"publish","type":"page","link":"https:\/\/seal.transport-manager.net\/thomas711\/espace-employe\/","title":{"rendered":"Espace Employ\u00e9"},"content":{"rendered":"<div class=\"wpforms-container wpforms-container-full wpforms-block wpforms-block-a9f7be0e-4489-4441-a700-16f0568743f3 wpforms-render-modern\" id=\"wpforms-842\"><form id=\"wpforms-form-842\" class=\"wpforms-validate wpforms-form wpforms-ajax-form\" data-formid=\"842\" method=\"post\" enctype=\"multipart\/form-data\" action=\"\/thomas711\/wp-json\/wp\/v2\/pages\/841\" data-token=\"02ecd11acef974df6822e6cf21fbea21\" data-token-time=\"1776854732\"><noscript class=\"wpforms-error-noscript\">Veuillez activer JavaScript dans votre navigateur pour remplir ce formulaire.<\/noscript><div id=\"wpforms-error-noscript\" style=\"display: none;\">Veuillez activer JavaScript dans votre navigateur pour remplir ce formulaire.<\/div><div class=\"wpforms-field-container\"><div id=\"wpforms-842-field_1-container\" class=\"wpforms-field wpforms-field-name\" data-field-id=\"1\"><fieldset><legend class=\"wpforms-field-label\">Nom <span class=\"wpforms-required-label\" aria-hidden=\"true\">*<\/span><\/legend><div class=\"wpforms-field-row wpforms-field-medium\"><div class=\"wpforms-field-row-block wpforms-first wpforms-one-half\"><input type=\"text\" id=\"wpforms-842-field_1\" class=\"wpforms-field-name-first wpforms-field-required\" name=\"wpforms[fields][1][first]\" aria-errormessage=\"wpforms-842-field_1-error\" required><label for=\"wpforms-842-field_1\" class=\"wpforms-field-sublabel after\">Pr\u00e9nom<\/label><\/div><div class=\"wpforms-field-row-block wpforms-one-half\"><input type=\"text\" id=\"wpforms-842-field_1-last\" class=\"wpforms-field-name-last wpforms-field-required\" name=\"wpforms[fields][1][last]\" aria-errormessage=\"wpforms-842-field_1-last-error\" required><label for=\"wpforms-842-field_1-last\" class=\"wpforms-field-sublabel after\">Nom<\/label><\/div><\/div><\/fieldset><\/div><div id=\"wpforms-842-field_3-container\" class=\"wpforms-field wpforms-field-number\" data-field-id=\"3\"><label class=\"wpforms-field-label\" for=\"wpforms-842-field_3\">Num\u00e9ro personnel <span class=\"wpforms-required-label\" aria-hidden=\"true\">*<\/span><\/label><input type=\"number\" id=\"wpforms-842-field_3\" class=\"wpforms-field-medium wpforms-field-required\" name=\"wpforms[fields][3]\" step=\"any\" aria-errormessage=\"wpforms-842-field_3-error\" aria-describedby=\"wpforms-842-field_3-description\" required><div id=\"wpforms-842-field_3-description\" class=\"wpforms-field-description\">Num\u00e9ro qui vous a \u00e9t\u00e9 attribu\u00e9 lors de votre  embauche. Il figure sur votre badge ou votre fiche de paie ou de service (C-R et contr\u00f4leur uniquement)<\/div><\/div><\/div><!-- .wpforms-field-container --><div class=\"wpforms-submit-container\" ><input type=\"hidden\" name=\"wpforms[id]\" value=\"842\"><input type=\"hidden\" name=\"page_title\" value=\"\"><input type=\"hidden\" name=\"page_url\" value=\"https:\/\/seal.transport-manager.net\/thomas711\/wp-json\/wp\/v2\/pages\/841\"><input type=\"hidden\" name=\"url_referer\" value=\"\"><button type=\"submit\" name=\"wpforms[submit]\" id=\"wpforms-submit-842\" class=\"wpforms-submit\" data-alt-text=\"Connexion...\" data-submit-text=\"Connexion\" aria-live=\"assertive\" value=\"wpforms-submit\">Connexion<\/button><img loading=\"lazy\" decoding=\"async\" src=\"https:\/\/seal.transport-manager.net\/thomas711\/wp-content\/plugins\/wpforms-lite\/assets\/images\/submit-spin.svg\" class=\"wpforms-submit-spinner\" style=\"display: none;\" width=\"26\" height=\"26\" alt=\"Chargement en cours\"><\/div><\/form><\/div>  <!-- .wpforms-container -->\n\n\n<p>L&rsquo;espace employ\u00e9 est fonctionnel vous pouvez y acc\u00e9der avec les r\u00e9ponses suivantes:<\/p>\n\n\n\n<p>Pr\u00e9nom: Solange<\/p>\n\n\n\n<p>Nom :Craiyance<\/p>\n\n\n\n<p>Num\u00e9ro: 30044642<\/p>\n\n\n\n<p>(en r\u00e9alit\u00e9 sa marche avec n&rsquo;importe quoi mais vous allez arriver sur la page de cette employ\u00e9e)<\/p>\n","protected":false},"excerpt":{"rendered":"<p>L&rsquo;espace employ\u00e9 est fonctionnel vous pouvez y acc\u00e9der avec les r\u00e9ponses suivantes: Pr\u00e9nom: Solange Nom :Craiyance Num\u00e9ro: 30044642 (en r\u00e9alit\u00e9 sa marche avec n&rsquo;importe quoi mais vous allez arriver sur&nbsp;&hellip;<\/p>\n","protected":false},"author":72,"featured_media":0,"parent":0,"menu_order":0,"comment_status":"closed","ping_status":"closed","template":"","meta":{"_EventAllDay":false,"_EventTimezone":"","_EventStartDate":"","_EventEndDate":"","_EventStartDateUTC":"","_EventEndDateUTC":"","_EventShowMap":false,"_EventShowMapLink":false,"_EventURL":"","_EventCost":"","_EventCostDescription":"","_EventCurrencySymbol":"","_EventCurrencyCode":"","_EventCurrencyPosition":"","_EventDateTimeSeparator":"","_EventTimeRangeSeparator":"","_EventOrganizerID":[],"_EventVenueID":[],"_OrganizerEmail":"","_OrganizerPhone":"","_OrganizerWebsite":"","_VenueAddress":"","_VenueCity":"","_VenueCountry":"","_VenueProvince":"","_VenueState":"","_VenueZip":"","_VenuePhone":"","_VenueURL":"","_VenueStateProvince":"","_VenueLat":"","_VenueLng":"","_VenueShowMap":false,"_VenueShowMapLink":false,"footnotes":""},"class_list":["post-841","page","type-page","status-publish","hentry"],"_links":{"self":[{"href":"https:\/\/seal.transport-manager.net\/thomas711\/wp-json\/wp\/v2\/pages\/841","targetHints":{"allow":["GET"]}}],"collection":[{"href":"https:\/\/seal.transport-manager.net\/thomas711\/wp-json\/wp\/v2\/pages"}],"about":[{"href":"https:\/\/seal.transport-manager.net\/thomas711\/wp-json\/wp\/v2\/types\/page"}],"author":[{"embeddable":true,"href":"https:\/\/seal.transport-manager.net\/thomas711\/wp-json\/wp\/v2\/users\/72"}],"replies":[{"embeddable":true,"href":"https:\/\/seal.transport-manager.net\/thomas711\/wp-json\/wp\/v2\/comments?post=841"}],"version-history":[{"count":6,"href":"https:\/\/seal.transport-manager.net\/thomas711\/wp-json\/wp\/v2\/pages\/841\/revisions"}],"predecessor-version":[{"id":967,"href":"https:\/\/seal.transport-manager.net\/thomas711\/wp-json\/wp\/v2\/pages\/841\/revisions\/967"}],"wp:attachment":[{"href":"https:\/\/seal.transport-manager.net\/thomas711\/wp-json\/wp\/v2\/media?parent=841"}],"curies":[{"name":"wp","href":"https:\/\/api.w.org\/{rel}","templated":true}]}}