{"id":887,"date":"2023-08-19T19:23:10","date_gmt":"2023-08-19T17:23:10","guid":{"rendered":"https:\/\/seal.transport-manager.net\/thomas711\/?page_id=887"},"modified":"2023-08-19T20:40:24","modified_gmt":"2023-08-19T18:40:24","slug":"preference-de-planning","status":"publish","type":"page","link":"https:\/\/seal.transport-manager.net\/thomas711\/espace-employe\/votre-espace-personnel\/relation-avec-le-siege-social\/preference-de-planning\/","title":{"rendered":"Pr\u00e9f\u00e9rence de Planning"},"content":{"rendered":"\n<p>Vous \u00eates <strong>conducteur <\/strong>voici le formulaire <\/p>\n\n\n<div class=\"wpforms-container wpforms-container-full wpforms-block wpforms-block-30ddef75-515b-4313-90b5-88ecd7700310 wpforms-render-modern\" id=\"wpforms-888\"><form id=\"wpforms-form-888\" class=\"wpforms-validate wpforms-form wpforms-ajax-form\" data-formid=\"888\" method=\"post\" enctype=\"multipart\/form-data\" action=\"\/thomas711\/wp-json\/wp\/v2\/pages\/887\" data-token=\"965033c629aac141f514f4ad8a577fa7\" data-token-time=\"1776882311\"><noscript class=\"wpforms-error-noscript\">Veuillez activer JavaScript dans votre navigateur pour remplir ce formulaire.<\/noscript><div id=\"wpforms-error-noscript\" style=\"display: none;\">Veuillez activer JavaScript dans votre navigateur pour remplir ce formulaire.<\/div><div class=\"wpforms-field-container\"><div id=\"wpforms-888-field_0-container\" class=\"wpforms-field wpforms-field-name\" data-field-id=\"0\"><fieldset><legend class=\"wpforms-field-label\">Nom <span class=\"wpforms-required-label\" aria-hidden=\"true\">*<\/span><\/legend><div class=\"wpforms-field-row wpforms-field-medium\"><div class=\"wpforms-field-row-block wpforms-first wpforms-one-half\"><input type=\"text\" id=\"wpforms-888-field_0\" class=\"wpforms-field-name-first wpforms-field-required\" name=\"wpforms[fields][0][first]\" aria-errormessage=\"wpforms-888-field_0-error\" required><label for=\"wpforms-888-field_0\" class=\"wpforms-field-sublabel after\">Pr\u00e9nom<\/label><\/div><div class=\"wpforms-field-row-block wpforms-one-half\"><input type=\"text\" id=\"wpforms-888-field_0-last\" class=\"wpforms-field-name-last wpforms-field-required\" name=\"wpforms[fields][0][last]\" aria-errormessage=\"wpforms-888-field_0-last-error\" required><label for=\"wpforms-888-field_0-last\" class=\"wpforms-field-sublabel after\">Nom<\/label><\/div><\/div><\/fieldset><\/div><div id=\"wpforms-888-field_3-container\" class=\"wpforms-field wpforms-field-number\" data-field-id=\"3\"><label class=\"wpforms-field-label\" for=\"wpforms-888-field_3\">Num\u00e9ro personnel <span class=\"wpforms-required-label\" aria-hidden=\"true\">*<\/span><\/label><input type=\"number\" id=\"wpforms-888-field_3\" class=\"wpforms-field-medium wpforms-field-required\" name=\"wpforms[fields][3]\" step=\"any\" aria-errormessage=\"wpforms-888-field_3-error\" aria-describedby=\"wpforms-888-field_3-description\" required><div id=\"wpforms-888-field_3-description\" class=\"wpforms-field-description\">Num\u00e9ro qui vous a \u00e9t\u00e9 attribu\u00e9 lors de votre  embauche. Il figure sur votre badge ou votre fiche de paie ou de service (C-R et contr\u00f4leur uniquement)<\/div><\/div><div id=\"wpforms-888-field_4-container\" class=\"wpforms-field wpforms-field-select wpforms-field-select-style-classic\" data-field-id=\"4\"><label class=\"wpforms-field-label\" for=\"wpforms-888-field_4\">Vos pr\u00e9f\u00e9rences<\/label><select id=\"wpforms-888-field_4\" class=\"wpforms-field-medium\" name=\"wpforms[fields][4]\"><option value=\"Heure Creuse semaine\"  class=\"choice-1 depth-1\"  >Heure Creuse semaine<\/option><option value=\"Heure Pointe semaine\"  class=\"choice-2 depth-1\"  >Heure Pointe semaine<\/option><option value=\"Heure Soir semaine\"  class=\"choice-3 depth-1\"  >Heure Soir semaine<\/option><option value=\"Heure Creuse Samedi\"  class=\"choice-4 depth-1\"  >Heure Creuse Samedi<\/option><option value=\"Heure Pointe Samedi\"  class=\"choice-5 depth-1\"  >Heure Pointe Samedi<\/option><option value=\"Heure Soir Samedi\"  class=\"choice-6 depth-1\"  >Heure Soir Samedi<\/option><option value=\"Heure Creuse Dimanche\"  class=\"choice-7 depth-1\"  >Heure Creuse Dimanche<\/option><option value=\"Heure Pointe Dimanche\"  class=\"choice-8 depth-1\"  >Heure Pointe Dimanche<\/option><\/select><div id=\"wpforms-888-field_4-description\" class=\"wpforms-field-description\">S\u00e9lectionnez les horaires que vous souhaiter avoir pour votre prochain planning.\r\nPour pouvoir avoir ce cr\u00e9neau merci de remplir ce formulaire 2 semaine ou plus avant la fin du mois. Nous nous r\u00e9servons la possibilit\u00e9 de ne pas vous donn\u00e9es vos pr\u00e9f\u00e9rence si nous n&rsquo;avons pas la possibilit\u00e9 mais nous annonceront cela 1 semaine avant la fin du mois pour trouver une solution. Si vous souhaiter une affectation particuli\u00e8re merci de l&rsquo;\u00e9crire dans Commentaire ou message.<\/div><\/div><div id=\"wpforms-888-field_6-container\" class=\"wpforms-field wpforms-field-select wpforms-field-select-style-classic\" data-field-id=\"6\"><label class=\"wpforms-field-label\" for=\"wpforms-888-field_6\">Vos pr\u00e9f\u00e9rences 2<\/label><select id=\"wpforms-888-field_6\" class=\"wpforms-field-medium\" name=\"wpforms[fields][6]\"><option value=\"R\u00e9seaux Urbain\"  class=\"choice-1 depth-1\"  >R\u00e9seaux Urbain<\/option><option value=\"R\u00e9seaux InterUrbain\"  class=\"choice-2 depth-1\"  >R\u00e9seaux InterUrbain<\/option><option value=\"R\u00e9seaux SubUrbain\"  class=\"choice-3 depth-1\"  >R\u00e9seaux SubUrbain<\/option><option value=\"R\u00e9seaux SubUrbain et InterUrbain\"  class=\"choice-5 depth-1\"  >R\u00e9seaux SubUrbain et InterUrbain<\/option><option value=\"R\u00e9seaux Urbain et InterUrbain\"  class=\"choice-6 depth-1\"  >R\u00e9seaux Urbain et InterUrbain<\/option><option value=\"R\u00e9seaux Urbain et SubUrbain\"  class=\"choice-7 depth-1\"  >R\u00e9seaux Urbain et SubUrbain<\/option><option value=\"Les trois peut m&#039;importe\"  class=\"choice-4 depth-1\"  >Les trois peut m&rsquo;importe<\/option><\/select><div id=\"wpforms-888-field_6-description\" class=\"wpforms-field-description\">S\u00e9lectionnez le r\u00e9seaux que vous souhaiter avoir pour votre prochain planning.\r\nSi vous souhaiter faire un nouveau r\u00e9seau merci de le pr\u00e9ciser dans commentaire pour pr\u00e9voir des services avec un second conducteur afin d&rsquo;apprendre les nouvelle lignes.<\/div><\/div><div id=\"wpforms-888-field_2-container\" class=\"wpforms-field wpforms-field-textarea\" data-field-id=\"2\"><label class=\"wpforms-field-label\" for=\"wpforms-888-field_2\">Commentaire ou message<\/label><textarea id=\"wpforms-888-field_2\" class=\"wpforms-field-medium\" name=\"wpforms[fields][2]\" aria-errormessage=\"wpforms-888-field_2-error\" aria-describedby=\"wpforms-888-field_2-description\" ><\/textarea><div id=\"wpforms-888-field_2-description\" class=\"wpforms-field-description\">Votre demande va \u00eatre \u00e9tudier et si nous ne sommes pas en mesure d&rsquo;y r\u00e9pondre nous vous recontacteront durant la derni\u00e8re semaine du mois ! Retour au relation avec le si\u00e8ge social<\/div><\/div><\/div><!-- .wpforms-field-container --><div class=\"wpforms-submit-container\" ><input type=\"hidden\" name=\"wpforms[id]\" value=\"888\"><input type=\"hidden\" name=\"page_title\" value=\"\"><input type=\"hidden\" name=\"page_url\" value=\"https:\/\/seal.transport-manager.net\/thomas711\/wp-json\/wp\/v2\/pages\/887\"><input type=\"hidden\" name=\"url_referer\" value=\"\"><button type=\"submit\" name=\"wpforms[submit]\" id=\"wpforms-submit-888\" class=\"wpforms-submit\" data-alt-text=\"Envoi...\" data-submit-text=\"Envoyer\" aria-live=\"assertive\" value=\"wpforms-submit\">Envoyer<\/button><img loading=\"lazy\" decoding=\"async\" src=\"https:\/\/seal.transport-manager.net\/thomas711\/wp-content\/plugins\/wpforms-lite\/assets\/images\/submit-spin.svg\" class=\"wpforms-submit-spinner\" style=\"display: none;\" width=\"26\" height=\"26\" alt=\"Chargement en cours\"><\/div><\/form><\/div>  <!-- .wpforms-container -->\n\n\n<p class=\"has-text-align-center\">Vous serai automatiquement rediriger si vous envoyer un formulaire<\/p>\n\n\n\n<div class=\"wp-block-buttons is-content-justification-center is-layout-flex wp-container-core-buttons-is-layout-16018d1d wp-block-buttons-is-layout-flex\">\n<div class=\"wp-block-button has-custom-width wp-block-button__width-75 is-style-fill\"><a class=\"wp-block-button__link has-text-align-center wp-element-button\" href=\"https:\/\/seal.transport-manager.net\/thomas711\/votre-espace-personnel\">Retour \u00e0 votre espace personnel<\/a><\/div>\n<\/div>\n","protected":false},"excerpt":{"rendered":"<p>Vous \u00eates conducteur voici le formulaire Vous serai automatiquement rediriger si vous envoyer un formulaire<\/p>\n","protected":false},"author":72,"featured_media":0,"parent":875,"menu_order":0,"comment_status":"closed","ping_status":"closed","template":"","meta":{"_EventAllDay":false,"_EventTimezone":"","_EventStartDate":"","_EventEndDate":"","_EventStartDateUTC":"","_EventEndDateUTC":"","_EventShowMap":false,"_EventShowMapLink":false,"_EventURL":"","_EventCost":"","_EventCostDescription":"","_EventCurrencySymbol":"","_EventCurrencyCode":"","_EventCurrencyPosition":"","_EventDateTimeSeparator":"","_EventTimeRangeSeparator":"","_EventOrganizerID":[],"_EventVenueID":[],"_OrganizerEmail":"","_OrganizerPhone":"","_OrganizerWebsite":"","_VenueAddress":"","_VenueCity":"","_VenueCountry":"","_VenueProvince":"","_VenueState":"","_VenueZip":"","_VenuePhone":"","_VenueURL":"","_VenueStateProvince":"","_VenueLat":"","_VenueLng":"","_VenueShowMap":false,"_VenueShowMapLink":false,"footnotes":""},"class_list":["post-887","page","type-page","status-publish","hentry"],"_links":{"self":[{"href":"https:\/\/seal.transport-manager.net\/thomas711\/wp-json\/wp\/v2\/pages\/887","targetHints":{"allow":["GET"]}}],"collection":[{"href":"https:\/\/seal.transport-manager.net\/thomas711\/wp-json\/wp\/v2\/pages"}],"about":[{"href":"https:\/\/seal.transport-manager.net\/thomas711\/wp-json\/wp\/v2\/types\/page"}],"author":[{"embeddable":true,"href":"https:\/\/seal.transport-manager.net\/thomas711\/wp-json\/wp\/v2\/users\/72"}],"replies":[{"embeddable":true,"href":"https:\/\/seal.transport-manager.net\/thomas711\/wp-json\/wp\/v2\/comments?post=887"}],"version-history":[{"count":3,"href":"https:\/\/seal.transport-manager.net\/thomas711\/wp-json\/wp\/v2\/pages\/887\/revisions"}],"predecessor-version":[{"id":922,"href":"https:\/\/seal.transport-manager.net\/thomas711\/wp-json\/wp\/v2\/pages\/887\/revisions\/922"}],"up":[{"embeddable":true,"href":"https:\/\/seal.transport-manager.net\/thomas711\/wp-json\/wp\/v2\/pages\/875"}],"wp:attachment":[{"href":"https:\/\/seal.transport-manager.net\/thomas711\/wp-json\/wp\/v2\/media?parent=887"}],"curies":[{"name":"wp","href":"https:\/\/api.w.org\/{rel}","templated":true}]}}