{"id":901,"date":"2023-08-19T20:26:59","date_gmt":"2023-08-19T18:26:59","guid":{"rendered":"https:\/\/seal.transport-manager.net\/thomas711\/?page_id=901"},"modified":"2023-08-19T20:40:23","modified_gmt":"2023-08-19T18:40:23","slug":"prise-de-rendez-vous","status":"publish","type":"page","link":"https:\/\/seal.transport-manager.net\/thomas711\/espace-employe\/votre-espace-personnel\/relation-avec-le-siege-social\/prise-de-rendez-vous\/","title":{"rendered":"Prise de Rendez-vous"},"content":{"rendered":"<div class=\"wpforms-container wpforms-container-full wpforms-block wpforms-block-3439a29e-4b56-492b-b075-bb1a7b1e74aa wpforms-render-modern\" id=\"wpforms-902\"><form id=\"wpforms-form-902\" class=\"wpforms-validate wpforms-form wpforms-ajax-form\" data-formid=\"902\" method=\"post\" enctype=\"multipart\/form-data\" action=\"\/thomas711\/wp-json\/wp\/v2\/pages\/901\" data-token=\"13cf783c1d1776b0a6e631ece2a9ce7d\" data-token-time=\"1776881758\"><noscript class=\"wpforms-error-noscript\">Veuillez activer JavaScript dans votre navigateur pour remplir ce formulaire.<\/noscript><div id=\"wpforms-error-noscript\" style=\"display: none;\">Veuillez activer JavaScript dans votre navigateur pour remplir ce formulaire.<\/div><div class=\"wpforms-field-container\"><div id=\"wpforms-902-field_1-container\" class=\"wpforms-field wpforms-field-name\" data-field-id=\"1\"><fieldset><legend class=\"wpforms-field-label\">Nom <span class=\"wpforms-required-label\" aria-hidden=\"true\">*<\/span><\/legend><div class=\"wpforms-field-row wpforms-field-medium\"><div class=\"wpforms-field-row-block wpforms-first wpforms-one-half\"><input type=\"text\" id=\"wpforms-902-field_1\" class=\"wpforms-field-name-first wpforms-field-required\" name=\"wpforms[fields][1][first]\" aria-errormessage=\"wpforms-902-field_1-error\" required><label for=\"wpforms-902-field_1\" class=\"wpforms-field-sublabel after\">Pr\u00e9nom<\/label><\/div><div class=\"wpforms-field-row-block wpforms-one-half\"><input type=\"text\" id=\"wpforms-902-field_1-last\" class=\"wpforms-field-name-last wpforms-field-required\" name=\"wpforms[fields][1][last]\" aria-errormessage=\"wpforms-902-field_1-last-error\" required><label for=\"wpforms-902-field_1-last\" class=\"wpforms-field-sublabel after\">Nom<\/label><\/div><\/div><\/fieldset><\/div><div id=\"wpforms-902-field_2-container\" class=\"wpforms-field wpforms-field-number\" data-field-id=\"2\"><label class=\"wpforms-field-label\" for=\"wpforms-902-field_2\">Num\u00e9ro personnel <span class=\"wpforms-required-label\" aria-hidden=\"true\">*<\/span><\/label><input type=\"number\" id=\"wpforms-902-field_2\" class=\"wpforms-field-medium wpforms-field-required\" name=\"wpforms[fields][2]\" step=\"any\" aria-errormessage=\"wpforms-902-field_2-error\" aria-describedby=\"wpforms-902-field_2-description\" required><div id=\"wpforms-902-field_2-description\" class=\"wpforms-field-description\">Num\u00e9ro qui vous a \u00e9t\u00e9 attribu\u00e9 lors de votre  embauche. Il figure sur votre badge ou votre fiche de paie ou de service (C-R et contr\u00f4leur uniquement)<\/div><\/div><div id=\"wpforms-902-field_3-container\" class=\"wpforms-field wpforms-field-text\" data-field-id=\"3\"><label class=\"wpforms-field-label\" for=\"wpforms-902-field_3\">Objet du souhait de rendez-vous<\/label><input type=\"text\" id=\"wpforms-902-field_3\" class=\"wpforms-field-medium\" name=\"wpforms[fields][3]\" aria-errormessage=\"wpforms-902-field_3-error\" aria-describedby=\"wpforms-902-field_3-description\" ><div id=\"wpforms-902-field_3-description\" class=\"wpforms-field-description\">Si cet objet doit selon vous rester confidentielle vous \u00eates libre de laisser ce champs vide. Il aide juste a juger l&rsquo;urgence du rendez-vous<\/div><\/div><div id=\"wpforms-902-field_4-container\" class=\"wpforms-field wpforms-field-select wpforms-field-select-style-classic\" data-field-id=\"4\"><label class=\"wpforms-field-label\" for=\"wpforms-902-field_4\">Personnel \u00e9ligible au rendez-vous<\/label><select id=\"wpforms-902-field_4\" class=\"wpforms-field-medium\" name=\"wpforms[fields][4]\"><option value=\"--\"  class=\"choice-8 depth-1\"  >&#8212;<\/option><option value=\"C\u00e9line Loune (Responsable Conducteur-Receveur)\"  class=\"choice-1 depth-1\"  >C\u00e9line Loune (Responsable Conducteur-Receveur)<\/option><option value=\"Michelle Marience (Responsable des Atelier\/M\u00e9canicien)\"  class=\"choice-2 depth-1\"  >Michelle Marience (Responsable des Atelier\/M\u00e9canicien)<\/option><option value=\"Andr\u00e9e Jongue (Responsable des commerciaux)\"  class=\"choice-3 depth-1\"  >Andr\u00e9e Jongue (Responsable des commerciaux)<\/option><option value=\"Emma Soller (Responsable des Contr\u00f4leurs)\"  class=\"choice-4 depth-1\"  >Emma Soller (Responsable des Contr\u00f4leurs)<\/option><option value=\"Margot Vivezer (Responsable des Vendeurs et des Agences)\"  class=\"choice-5 depth-1\"  >Margot Vivezer (Responsable des Vendeurs et des Agences)<\/option><option value=\"Xavier Vobert (Responsable des Agents d&#039;entretient et des Infrastructure du r\u00e9seau)\"  class=\"choice-6 depth-1\"  >Xavier Vobert (Responsable des Agents d&rsquo;entretient et des Infrastructure du r\u00e9seau)<\/option><option value=\"Thomas711 (Directeur d&#039;Aglobus et d&#039;Aglovoyage)\/(votre boss quoi ;) si vous me connaissait c&#039;est le bon rdv a prendre)\"  class=\"choice-7 depth-1\"  >Thomas711 (Directeur d&rsquo;Aglobus et d&rsquo;Aglovoyage)\/(votre boss quoi \ud83d\ude09 si vous me connaissait c&rsquo;est le bon rdv a prendre)<\/option><\/select><\/div><div id=\"wpforms-902-field_5-container\" class=\"wpforms-field wpforms-field-text\" data-field-id=\"5\"><label class=\"wpforms-field-label\" for=\"wpforms-902-field_5\">Vous souhaitez un rendez-vous avec un autre personnel<\/label><input type=\"text\" id=\"wpforms-902-field_5\" class=\"wpforms-field-medium\" name=\"wpforms[fields][5]\" aria-errormessage=\"wpforms-902-field_5-error\" aria-describedby=\"wpforms-902-field_5-description\" ><div id=\"wpforms-902-field_5-description\" class=\"wpforms-field-description\">Si vous souhaitez un rendez-vous avec une autre personne marquer le ici.<\/div><\/div><div id=\"wpforms-902-field_6-container\" class=\"wpforms-field wpforms-field-textarea\" data-field-id=\"6\"><label class=\"wpforms-field-label\" for=\"wpforms-902-field_6\">Commentaire\/Pr\u00e9f\u00e9rence d&#039;horaire<\/label><textarea id=\"wpforms-902-field_6\" class=\"wpforms-field-medium\" name=\"wpforms[fields][6]\" aria-errormessage=\"wpforms-902-field_6-error\" aria-describedby=\"wpforms-902-field_6-description\" ><\/textarea><div id=\"wpforms-902-field_6-description\" class=\"wpforms-field-description\">Vous serait contacter par mail et\/ou par courrier fourni avec votre feuille de service d\u00e8s que le rendez-vous sera pos\u00e9. Si vous avez souhaite un rendez-vous avez un personnel non marqu\u00e9 comme \u00e9ligible vous pourrais ne pas forcement choisir de d\u00e9placer le RDV.\r\nUn retour vers la page d&rsquo;avant confirme que votre demande est prise en compte.<\/div><\/div><\/div><!-- .wpforms-field-container --><div class=\"wpforms-submit-container\" ><input type=\"hidden\" name=\"wpforms[id]\" value=\"902\"><input type=\"hidden\" name=\"page_title\" value=\"\"><input type=\"hidden\" name=\"page_url\" value=\"https:\/\/seal.transport-manager.net\/thomas711\/wp-json\/wp\/v2\/pages\/901\"><input type=\"hidden\" name=\"url_referer\" value=\"\"><button type=\"submit\" name=\"wpforms[submit]\" id=\"wpforms-submit-902\" class=\"wpforms-submit\" data-alt-text=\"Envoi...\" data-submit-text=\"Envoyer\" aria-live=\"assertive\" value=\"wpforms-submit\">Envoyer<\/button><img loading=\"lazy\" decoding=\"async\" src=\"https:\/\/seal.transport-manager.net\/thomas711\/wp-content\/plugins\/wpforms-lite\/assets\/images\/submit-spin.svg\" class=\"wpforms-submit-spinner\" style=\"display: none;\" width=\"26\" height=\"26\" alt=\"Chargement en cours\"><\/div><\/form><\/div>  <!-- .wpforms-container -->\n\n\n<p class=\"has-text-align-center\">Vous serai automatiquement rediriger si vous envoyer un formulaire<\/p>\n\n\n\n<div class=\"wp-block-buttons is-content-justification-center is-layout-flex wp-container-core-buttons-is-layout-16018d1d wp-block-buttons-is-layout-flex\">\n<div class=\"wp-block-button has-custom-width wp-block-button__width-75 is-style-fill\"><a class=\"wp-block-button__link has-text-align-center wp-element-button\" href=\"https:\/\/seal.transport-manager.net\/thomas711\/votre-espace-personnel\">Retour \u00e0 votre espace personnel<\/a><\/div>\n<\/div>\n","protected":false},"excerpt":{"rendered":"<p>Vous serai automatiquement rediriger si vous envoyer un formulaire<\/p>\n","protected":false},"author":72,"featured_media":0,"parent":875,"menu_order":0,"comment_status":"closed","ping_status":"closed","template":"","meta":{"_EventAllDay":false,"_EventTimezone":"","_EventStartDate":"","_EventEndDate":"","_EventStartDateUTC":"","_EventEndDateUTC":"","_EventShowMap":false,"_EventShowMapLink":false,"_EventURL":"","_EventCost":"","_EventCostDescription":"","_EventCurrencySymbol":"","_EventCurrencyCode":"","_EventCurrencyPosition":"","_EventDateTimeSeparator":"","_EventTimeRangeSeparator":"","_EventOrganizerID":[],"_EventVenueID":[],"_OrganizerEmail":"","_OrganizerPhone":"","_OrganizerWebsite":"","_VenueAddress":"","_VenueCity":"","_VenueCountry":"","_VenueProvince":"","_VenueState":"","_VenueZip":"","_VenuePhone":"","_VenueURL":"","_VenueStateProvince":"","_VenueLat":"","_VenueLng":"","_VenueShowMap":false,"_VenueShowMapLink":false,"footnotes":""},"class_list":["post-901","page","type-page","status-publish","hentry"],"_links":{"self":[{"href":"https:\/\/seal.transport-manager.net\/thomas711\/wp-json\/wp\/v2\/pages\/901","targetHints":{"allow":["GET"]}}],"collection":[{"href":"https:\/\/seal.transport-manager.net\/thomas711\/wp-json\/wp\/v2\/pages"}],"about":[{"href":"https:\/\/seal.transport-manager.net\/thomas711\/wp-json\/wp\/v2\/types\/page"}],"author":[{"embeddable":true,"href":"https:\/\/seal.transport-manager.net\/thomas711\/wp-json\/wp\/v2\/users\/72"}],"replies":[{"embeddable":true,"href":"https:\/\/seal.transport-manager.net\/thomas711\/wp-json\/wp\/v2\/comments?post=901"}],"version-history":[{"count":2,"href":"https:\/\/seal.transport-manager.net\/thomas711\/wp-json\/wp\/v2\/pages\/901\/revisions"}],"predecessor-version":[{"id":921,"href":"https:\/\/seal.transport-manager.net\/thomas711\/wp-json\/wp\/v2\/pages\/901\/revisions\/921"}],"up":[{"embeddable":true,"href":"https:\/\/seal.transport-manager.net\/thomas711\/wp-json\/wp\/v2\/pages\/875"}],"wp:attachment":[{"href":"https:\/\/seal.transport-manager.net\/thomas711\/wp-json\/wp\/v2\/media?parent=901"}],"curies":[{"name":"wp","href":"https:\/\/api.w.org\/{rel}","templated":true}]}}