{"id":935,"date":"2023-08-19T21:18:22","date_gmt":"2023-08-19T19:18:22","guid":{"rendered":"https:\/\/seal.transport-manager.net\/thomas711\/?page_id=935"},"modified":"2025-02-07T08:34:48","modified_gmt":"2025-02-07T07:34:48","slug":"la-vie-de-la-societe","status":"publish","type":"page","link":"https:\/\/seal.transport-manager.net\/thomas711\/espace-employe\/votre-espace-personnel\/la-vie-de-la-societe\/","title":{"rendered":"La vie de la soci\u00e9t\u00e9"},"content":{"rendered":"\n<div class=\"wp-block-group is-content-justification-left is-nowrap is-layout-flex wp-container-core-group-is-layout-f56a869c wp-block-group-is-layout-flex\">\n<figure class=\"wp-block-image size-materialis-full-hd\"><a href=\"https:\/\/seal.transport-manager.net\/thomas711\/espace-employe\/votre-espace-personnel\/la-vie-de-la-societe\/reglement-du-reseau-tramway\/\"><img loading=\"lazy\" decoding=\"async\" width=\"720\" height=\"1080\" src=\"https:\/\/seal.transport-manager.net\/thomas711\/wp-content\/uploads\/sites\/72\/2024\/11\/Test-esc-pers-720x1080.png\" alt=\"\" class=\"wp-image-1263\" style=\"object-fit:cover\" srcset=\"https:\/\/seal.transport-manager.net\/thomas711\/wp-content\/uploads\/sites\/72\/2024\/11\/Test-esc-pers-720x1080.png 720w, https:\/\/seal.transport-manager.net\/thomas711\/wp-content\/uploads\/sites\/72\/2024\/11\/Test-esc-pers-200x300.png 200w, https:\/\/seal.transport-manager.net\/thomas711\/wp-content\/uploads\/sites\/72\/2024\/11\/Test-esc-pers-682x1024.png 682w, https:\/\/seal.transport-manager.net\/thomas711\/wp-content\/uploads\/sites\/72\/2024\/11\/Test-esc-pers-768x1152.png 768w, https:\/\/seal.transport-manager.net\/thomas711\/wp-content\/uploads\/sites\/72\/2024\/11\/Test-esc-pers-1024x1536.png 1024w, https:\/\/seal.transport-manager.net\/thomas711\/wp-content\/uploads\/sites\/72\/2024\/11\/Test-esc-pers.png 1181w\" sizes=\"auto, (max-width: 720px) 100vw, 720px\" \/><\/a><\/figure>\n\n\n\n<p class=\"has-x-large-font-size\">IMPORTANT cliquer avoir le r\u00e8glement tram<\/p>\n<\/div>\n\n\n\n<div class=\"wp-block-group is-nowrap is-layout-flex wp-container-core-group-is-layout-ad2f72ca wp-block-group-is-layout-flex\">\n<figure class=\"wp-block-image size-materialis-full-hd\"><a href=\"https:\/\/seal.transport-manager.net\/thomas711\/espace-employe\/votre-espace-personnel\/la-vie-de-la-societe\/repas-de-noel\/\"><img loading=\"lazy\" decoding=\"async\" width=\"720\" height=\"1080\" src=\"https:\/\/seal.transport-manager.net\/thomas711\/wp-content\/uploads\/sites\/72\/2023\/08\/Test-esc-pers-10-720x1080.png\" alt=\"\" class=\"wp-image-938\" style=\"object-fit:cover\" srcset=\"https:\/\/seal.transport-manager.net\/thomas711\/wp-content\/uploads\/sites\/72\/2023\/08\/Test-esc-pers-10-720x1080.png 720w, https:\/\/seal.transport-manager.net\/thomas711\/wp-content\/uploads\/sites\/72\/2023\/08\/Test-esc-pers-10-200x300.png 200w, https:\/\/seal.transport-manager.net\/thomas711\/wp-content\/uploads\/sites\/72\/2023\/08\/Test-esc-pers-10-682x1024.png 682w, https:\/\/seal.transport-manager.net\/thomas711\/wp-content\/uploads\/sites\/72\/2023\/08\/Test-esc-pers-10-768x1152.png 768w, https:\/\/seal.transport-manager.net\/thomas711\/wp-content\/uploads\/sites\/72\/2023\/08\/Test-esc-pers-10-1024x1536.png 1024w, https:\/\/seal.transport-manager.net\/thomas711\/wp-content\/uploads\/sites\/72\/2023\/08\/Test-esc-pers-10.png 1181w\" sizes=\"auto, (max-width: 720px) 100vw, 720px\" \/><\/a><\/figure>\n\n\n\n<p class=\"has-x-large-font-size\">le repas de no\u00ebl du groupe est placer cliquer pour en savoir plus<\/p>\n<\/div>\n\n\n\n<div class=\"wp-block-group is-nowrap is-layout-flex wp-container-core-group-is-layout-ad2f72ca wp-block-group-is-layout-flex\">\n<figure class=\"wp-block-image size-materialis-full-hd\"><a href=\"https:\/\/seal.transport-manager.net\/thomas711\/espace-employe\/votre-espace-personnel\/la-vie-de-la-societe\/reunion-de-rentree\/\"><img loading=\"lazy\" decoding=\"async\" width=\"720\" height=\"1080\" src=\"https:\/\/seal.transport-manager.net\/thomas711\/wp-content\/uploads\/sites\/72\/2023\/08\/Test-esc-pers-8-720x1080.png\" alt=\"\" class=\"wp-image-937\" style=\"object-fit:cover\" srcset=\"https:\/\/seal.transport-manager.net\/thomas711\/wp-content\/uploads\/sites\/72\/2023\/08\/Test-esc-pers-8-720x1080.png 720w, https:\/\/seal.transport-manager.net\/thomas711\/wp-content\/uploads\/sites\/72\/2023\/08\/Test-esc-pers-8-200x300.png 200w, https:\/\/seal.transport-manager.net\/thomas711\/wp-content\/uploads\/sites\/72\/2023\/08\/Test-esc-pers-8-682x1024.png 682w, https:\/\/seal.transport-manager.net\/thomas711\/wp-content\/uploads\/sites\/72\/2023\/08\/Test-esc-pers-8-768x1152.png 768w, https:\/\/seal.transport-manager.net\/thomas711\/wp-content\/uploads\/sites\/72\/2023\/08\/Test-esc-pers-8-1024x1536.png 1024w, https:\/\/seal.transport-manager.net\/thomas711\/wp-content\/uploads\/sites\/72\/2023\/08\/Test-esc-pers-8.png 1181w\" sizes=\"auto, (max-width: 720px) 100vw, 720px\" \/><\/a><\/figure>\n\n\n\n<p class=\"has-x-large-font-size\">IMPORTANT la r\u00e9union de rentr\u00e9e est programmer cliquer pour en savoir plus<\/p>\n<\/div>\n\n\n\n<div class=\"wp-block-buttons is-content-justification-center is-layout-flex wp-container-core-buttons-is-layout-16018d1d wp-block-buttons-is-layout-flex\">\n<div class=\"wp-block-button has-custom-width wp-block-button__width-75 is-style-fill\"><a class=\"wp-block-button__link has-text-align-center wp-element-button\" href=\"https:\/\/seal.transport-manager.net\/thomas711\/votre-espace-personnel\">Retour \u00e0 votre espace personnel<\/a><\/div>\n<\/div>\n","protected":false},"excerpt":{"rendered":"<p>IMPORTANT cliquer avoir le r\u00e8glement tram le repas de no\u00ebl du groupe est placer cliquer pour en savoir plus IMPORTANT la r\u00e9union de rentr\u00e9e est programmer cliquer pour en savoir&nbsp;&hellip;<\/p>\n","protected":false},"author":72,"featured_media":0,"parent":851,"menu_order":0,"comment_status":"closed","ping_status":"closed","template":"","meta":{"_EventAllDay":false,"_EventTimezone":"","_EventStartDate":"","_EventEndDate":"","_EventStartDateUTC":"","_EventEndDateUTC":"","_EventShowMap":false,"_EventShowMapLink":false,"_EventURL":"","_EventCost":"","_EventCostDescription":"","_EventCurrencySymbol":"","_EventCurrencyCode":"","_EventCurrencyPosition":"","_EventDateTimeSeparator":"","_EventTimeRangeSeparator":"","_EventOrganizerID":[],"_EventVenueID":[],"_OrganizerEmail":"","_OrganizerPhone":"","_OrganizerWebsite":"","_VenueAddress":"","_VenueCity":"","_VenueCountry":"","_VenueProvince":"","_VenueState":"","_VenueZip":"","_VenuePhone":"","_VenueURL":"","_VenueStateProvince":"","_VenueLat":"","_VenueLng":"","_VenueShowMap":false,"_VenueShowMapLink":false,"footnotes":""},"class_list":["post-935","page","type-page","status-publish","hentry"],"_links":{"self":[{"href":"https:\/\/seal.transport-manager.net\/thomas711\/wp-json\/wp\/v2\/pages\/935","targetHints":{"allow":["GET"]}}],"collection":[{"href":"https:\/\/seal.transport-manager.net\/thomas711\/wp-json\/wp\/v2\/pages"}],"about":[{"href":"https:\/\/seal.transport-manager.net\/thomas711\/wp-json\/wp\/v2\/types\/page"}],"author":[{"embeddable":true,"href":"https:\/\/seal.transport-manager.net\/thomas711\/wp-json\/wp\/v2\/users\/72"}],"replies":[{"embeddable":true,"href":"https:\/\/seal.transport-manager.net\/thomas711\/wp-json\/wp\/v2\/comments?post=935"}],"version-history":[{"count":12,"href":"https:\/\/seal.transport-manager.net\/thomas711\/wp-json\/wp\/v2\/pages\/935\/revisions"}],"predecessor-version":[{"id":1325,"href":"https:\/\/seal.transport-manager.net\/thomas711\/wp-json\/wp\/v2\/pages\/935\/revisions\/1325"}],"up":[{"embeddable":true,"href":"https:\/\/seal.transport-manager.net\/thomas711\/wp-json\/wp\/v2\/pages\/851"}],"wp:attachment":[{"href":"https:\/\/seal.transport-manager.net\/thomas711\/wp-json\/wp\/v2\/media?parent=935"}],"curies":[{"name":"wp","href":"https:\/\/api.w.org\/{rel}","templated":true}]}}