{"id":945,"date":"2023-08-19T21:41:29","date_gmt":"2023-08-19T19:41:29","guid":{"rendered":"https:\/\/seal.transport-manager.net\/thomas711\/?page_id=945"},"modified":"2023-08-19T22:14:20","modified_gmt":"2023-08-19T20:14:20","slug":"reunion-de-rentree","status":"publish","type":"page","link":"https:\/\/seal.transport-manager.net\/thomas711\/espace-employe\/votre-espace-personnel\/la-vie-de-la-societe\/reunion-de-rentree\/","title":{"rendered":"R\u00e9union de rentr\u00e9e"},"content":{"rendered":"\n<p>Les r\u00e9union de rentr\u00e9e sont plac\u00e9es voir les horaire ci-dessous<\/p>\n\n\n\n<ul class=\"wp-block-list\">\n<li>La r\u00e9union de rentr\u00e9e pour <em><strong><mark style=\"background-color:#ffffff\" class=\"has-inline-color has-vivid-green-cyan-color\">Aglobus <\/mark><\/strong><\/em>sera le dimanche 27 Ao\u00fbt 2023 \u00e0 21h00. Cette r\u00e9union ce passera dans la salle de conf\u00e9rence du si\u00e8ge social. Comme chaque ann\u00e9e cette r\u00e9union sera mener par Thomas711 elle durera 1h00. <strong><mark class=\"has-inline-color has-vivid-red-color\">La pr\u00e9sence<\/mark><\/strong> de tous les employ\u00e9s<strong><mark class=\"has-inline-color has-vivid-red-color\"> est obligatoire <\/mark><\/strong>elle sera suivit dans la foul\u00e9e d&rsquo;une session de question r\u00e9ponses entre les employ\u00e9es et Thomas711. La pr\u00e9sence \u00e0 cette session de question r\u00e9ponse n&rsquo;est pas obligatoire vous pourrais donc partir apr\u00e8s la fin de la r\u00e9union men\u00e9e.  Avant le d\u00e9but de la r\u00e9union vous aurait le droit \u00e0 un buffet. Durant cette r\u00e9union les directive de l&rsquo;ann\u00e9e scolaire 2023\/2024 sera donn\u00e9e.<\/li>\n\n\n\n<li>La r\u00e9union de rentr\u00e9e pour <strong><em><mark style=\"background-color:#ffffff\" class=\"has-inline-color has-vivid-green-cyan-color\">Aglovoyage <\/mark><\/em><\/strong>sera le dimanche 27 Ao\u00fbt 2023 \u00e0 11h00. Cette r\u00e9union ce passera dans la salle de conf\u00e9rence du si\u00e8ge social. Comme chaque ann\u00e9e cette r\u00e9union sera mener par Thomas711 elle durera 2h00. <strong><mark class=\"has-inline-color has-vivid-red-color\">La pr\u00e9sence<\/mark><\/strong> de tous les acteurs travaillant pour l&rsquo;activit\u00e9 d&rsquo;Aglovoyage<strong><mark class=\"has-inline-color has-vivid-red-color\"> est obligatoire <\/mark><\/strong>elle sera suivit dans la foul\u00e9e d&rsquo;une session de question r\u00e9ponses entre les employ\u00e9es et Thomas711.  Avant le d\u00e9but de la r\u00e9union vous aurait le droit \u00e0 un buffet. Durant cette r\u00e9union les directive de l&rsquo;ann\u00e9e scolaire 2023\/2024 sera donn\u00e9e.<\/li>\n\n\n\n<li>La r\u00e9union de rentr\u00e9e pour <strong><em><mark style=\"background-color:#ffffff\" class=\"has-inline-color has-vivid-green-cyan-color\">Thomas Voyage<\/mark><\/em><\/strong> sera le dimanche 27 Ao\u00fbt 2023 \u00e0 07h30. Cette r\u00e9union ce passera dans la salle de conf\u00e9rence du si\u00e8ge social. Comme chaque ann\u00e9e cette r\u00e9union sera mener par Thomas711 elle durera ~2h30. <strong><mark class=\"has-inline-color has-vivid-red-color\">La pr\u00e9sence<\/mark><\/strong> de tous les employ\u00e9s<mark class=\"has-inline-color has-vivid-red-color\"><b> n&rsquo;est pas obligatoire \u00e0 l&rsquo;<\/b><\/mark><strong><mark class=\"has-inline-color has-vivid-red-color\">exception des vendeurs et du comit\u00e9 directif <\/mark><\/strong>elle sera suivit dans la foul\u00e9e d&rsquo;une session de question r\u00e9ponses entre les employ\u00e9es et le comit\u00e9 directif. Avant le d\u00e9but de la r\u00e9union vous aurait le droit \u00e0 un petit d\u00e9jeuner et des caf\u00e9s lors de la r\u00e9union. Durant cette r\u00e9union les directive de l&rsquo;ann\u00e9e scolaire 2023\/2024 sera donn\u00e9e.<\/li>\n<\/ul>\n\n\n\n<div class=\"wp-block-buttons is-content-justification-center is-layout-flex wp-container-core-buttons-is-layout-16018d1d wp-block-buttons-is-layout-flex\">\n<div class=\"wp-block-button has-custom-width wp-block-button__width-75 is-style-fill\"><a class=\"wp-block-button__link has-text-align-center wp-element-button\" href=\"https:\/\/seal.transport-manager.net\/thomas711\/espace-employe\/votre-espace-personnel\">Retour \u00e0 votre espace personnel<\/a><\/div>\n<\/div>\n","protected":false},"excerpt":{"rendered":"<p>Les r\u00e9union de rentr\u00e9e sont plac\u00e9es voir les horaire ci-dessous<\/p>\n","protected":false},"author":72,"featured_media":937,"parent":935,"menu_order":0,"comment_status":"closed","ping_status":"closed","template":"","meta":{"_EventAllDay":false,"_EventTimezone":"","_EventStartDate":"","_EventEndDate":"","_EventStartDateUTC":"","_EventEndDateUTC":"","_EventShowMap":false,"_EventShowMapLink":false,"_EventURL":"","_EventCost":"","_EventCostDescription":"","_EventCurrencySymbol":"","_EventCurrencyCode":"","_EventCurrencyPosition":"","_EventDateTimeSeparator":"","_EventTimeRangeSeparator":"","_EventOrganizerID":[],"_EventVenueID":[],"_OrganizerEmail":"","_OrganizerPhone":"","_OrganizerWebsite":"","_VenueAddress":"","_VenueCity":"","_VenueCountry":"","_VenueProvince":"","_VenueState":"","_VenueZip":"","_VenuePhone":"","_VenueURL":"","_VenueStateProvince":"","_VenueLat":"","_VenueLng":"","_VenueShowMap":false,"_VenueShowMapLink":false,"footnotes":""},"class_list":["post-945","page","type-page","status-publish","has-post-thumbnail","hentry"],"_links":{"self":[{"href":"https:\/\/seal.transport-manager.net\/thomas711\/wp-json\/wp\/v2\/pages\/945","targetHints":{"allow":["GET"]}}],"collection":[{"href":"https:\/\/seal.transport-manager.net\/thomas711\/wp-json\/wp\/v2\/pages"}],"about":[{"href":"https:\/\/seal.transport-manager.net\/thomas711\/wp-json\/wp\/v2\/types\/page"}],"author":[{"embeddable":true,"href":"https:\/\/seal.transport-manager.net\/thomas711\/wp-json\/wp\/v2\/users\/72"}],"replies":[{"embeddable":true,"href":"https:\/\/seal.transport-manager.net\/thomas711\/wp-json\/wp\/v2\/comments?post=945"}],"version-history":[{"count":4,"href":"https:\/\/seal.transport-manager.net\/thomas711\/wp-json\/wp\/v2\/pages\/945\/revisions"}],"predecessor-version":[{"id":960,"href":"https:\/\/seal.transport-manager.net\/thomas711\/wp-json\/wp\/v2\/pages\/945\/revisions\/960"}],"up":[{"embeddable":true,"href":"https:\/\/seal.transport-manager.net\/thomas711\/wp-json\/wp\/v2\/pages\/935"}],"wp:featuredmedia":[{"embeddable":true,"href":"https:\/\/seal.transport-manager.net\/thomas711\/wp-json\/wp\/v2\/media\/937"}],"wp:attachment":[{"href":"https:\/\/seal.transport-manager.net\/thomas711\/wp-json\/wp\/v2\/media?parent=945"}],"curies":[{"name":"wp","href":"https:\/\/api.w.org\/{rel}","templated":true}]}}